{"id":37266,"date":"2020-06-11T18:29:04","date_gmt":"2021-05-14T09:52:48","guid":{"rendered":"https:\/\/seacare.com\/ru\/?post_type=product&#038;p=37266"},"modified":"2021-05-14T19:08:16","modified_gmt":"2021-05-14T16:08:16","slug":"huile-dargan-organique-pour-le-visage-et-les-levres-30-ml-seasare","status":"publish","type":"product","link":"https:\/\/seacare.com\/fr\/produit\/huile-dargan-organique-pour-le-visage-et-les-levres-30-ml-seasare\/","title":{"rendered":"Huile d\u2019argan organique pour le visage et les l\u00e8vres, 30 ml, Sea\u0421are"},"content":{"rendered":"<p>L\u2019huile d\u2019argan organique pour le visage et les l\u00e8vres SeaCare, certifi\u00e9e par ECOCERT COSMOS ORGANIQUE, hydrate instantan\u00e9ment et restaure une peau saine, lisse et \u00e9clatante. L\u2019huile d\u2019argan, riche en vitamine E et en acides gras, est facilement absorb\u00e9e et non irritante, ce qui en fait un excellent hydratant naturel. L\u2019huile d\u2019argan donne \u00e0 la peau un \u00e9clat de jeunesse et r\u00e9duit l\u2019apparence des rides, restaure l\u2019\u00e9lasticit\u00e9 et rend la peau plus ferme et plus douce. La vitamine E et les acides gras contenus dans l\u2019huile d\u2019argan sont id\u00e9ales pour r\u00e9parer la peau endommag\u00e9e et lui fournir des nutriments pour pr\u00e9venir la s\u00e9cheresse et l\u2019irritation suppl\u00e9mentaires. Quand il fait froid ou sec, les l\u00e8vres peuvent facilement devenir enflamm\u00e9es, s\u00e8ches et gerc\u00e9es. L\u2019huile d\u2019argan organique SeaCare est le produit id\u00e9al pour garder les l\u00e8vres molles, douces et souples. L\u2019huile d\u2019argan organique pour le visage et les l\u00e8vres SeaCare est extr\u00eamement universelle. Cette huile merveilleuse va changer votre style de vie!<\/p>\n<p><strong>Les produits de beaut\u00e9 organiques SeaCare sont fabriqu\u00e9s conform\u00e9ment aux normes strictes de COSMOS et sont certifi\u00e9s par ECOCERT.<\/strong><\/p>\n<p><strong>Mode d&#8217;emploi: <\/strong>Pour le visage et le cou: appliquer quelques gouttes sur les paumes de vos mains et, en massant d\u00e9licatement, appliquer sur le visage et le cou. Pour des r\u00e9sultats optimaux, utiliser matin et soir. Pour les l\u00e8vres : Frotter une ou deux gouttes sur les l\u00e8vres s\u00e8ches. Essuyer l\u2019exc\u00e9dent.<\/p>\n<p>&nbsp;<\/p>\n<h3>Ingr\u00e9dients cl\u00e9s<\/h3>\n<hr \/>\n<div class=\"row\"  id=\"row-1021178017\">\n<div class=\"col medium-6 small-12 large-6\"  ><div class=\"col-inner\"  >\n<div class=\"row\"  id=\"row-2077427102\">\n<div class=\"col medium-3 small-12 large-3\"  ><div class=\"col-inner\"  >\n    <div class=\"img has-hover x md-x lg-x y md-y lg-y\" id=\"image_131609605\">\n                <div class=\"img-inner dark\" >\n        <img loading=\"lazy\" decoding=\"async\" width=\"500\" height=\"500\" src=\"https:\/\/seacare.com\/wp-content\/uploads\/2017\/03\/argana.png\" class=\"attachment-large size-large\" alt=\"\" srcset=\"https:\/\/seacare.com\/wp-content\/uploads\/2017\/03\/argana.png 500w, https:\/\/seacare.com\/wp-content\/uploads\/2017\/03\/argana-280x280.png 280w, https:\/\/seacare.com\/wp-content\/uploads\/2017\/03\/argana-400x400.png 400w, https:\/\/seacare.com\/wp-content\/uploads\/2017\/03\/argana-180x180.png 180w, https:\/\/seacare.com\/wp-content\/uploads\/2017\/03\/argana-300x300.png 300w\" sizes=\"(max-width: 500px) 100vw, 500px\" \/>                \n            <\/div>\n                   \n<style scope=\"scope\">\n\n<\/style>\n    <\/div>\n    \n<\/div><\/div>\n<div class=\"col medium-9 small-12 large-9\"  ><div class=\"col-inner\"  >\n<h4 class=\"text-head\">Huile d\u2019argan<\/h4>\n<p>Souvent appel\u00e9e \u00ab or liquide \u00bb, l\u2019huile d\u2019argan est un produit biologique extrait des noyaux des fruits de l\u2019arganier, un arbre originaire du Maroc. Elle est extr\u00eamement riche en nutriments <a href=\"\/fr\/huile-dargan\/\">En d\u00e9tail&#8230;<\/a><\/p>\n<\/div><\/div>\n<\/div>\n<\/div><\/div>\n<\/div>\n<h3>Autres produits de cette gamme<\/h3>\n\n  \n    <div class=\"row large-columns-4 medium-columns- small-columns-2 row-small slider row-slider slider-nav-reveal slider-nav-push\"  data-flickity-options='{\"imagesLoaded\": true, \"groupCells\": \"100%\", \"dragThreshold\" : 5, \"cellAlign\": \"left\",\"wrapAround\": true,\"prevNextButtons\": true,\"percentPosition\": true,\"pageDots\": false, \"rightToLeft\": false, \"autoPlay\" : false}'>\n\n  \t\n\t            \t\t\t\t\t\n<div class=\"product-small col has-hover post-37267 product type-product status-publish has-post-thumbnail product_cat-huiles-naturelles-organiques product_cat-huiles-pour-le-visage product_cat-ligne product_cat-soins-du-visage product_cat-soins-organiques first instock shipping-taxable purchasable product-type-simple\">\n\t<div class=\"col-inner\">\t\n\t\n<div class=\"badge-container absolute left top z-1\">\n<\/div>\t<div class=\"product-small box \">\n\t\t<div class=\"box-image\">\n\t\t\t<div class=\"image-none\">\n\t\t\t\t<a href=\"https:\/\/seacare.com\/fr\/produit\/huile-de-jojoba-organique-pour-le-visage-30-ml-seasare\/\">\n\t\t\t\t\t<img loading=\"lazy\" decoding=\"async\" width=\"247\" height=\"300\" src=\"https:\/\/seacare.com\/wp-content\/uploads\/2020\/06\/Organic-Care-Jojoba-Face-Oil-SC-1-copy-247x300.jpg\" class=\"attachment-shop_catalog size-shop_catalog wp-post-image\" alt=\"Organic Care Jojoba Face Oil \u041b\u0435\u0442\u0443\u0430\u043b\u044c\" title=\"Organic Care Jojoba Face Oil \u041b\u0435\u0442\u0443\u0430\u043b\u044c\" \/>\t\t\t\t<\/a>\n\t\t\t<\/div>\n\t\t\t<div class=\"image-tools is-small top right show-on-hover\">\n\t\t\t\t\t\t\t<\/div>\n\t\t\t<div class=\"image-tools is-small hide-for-small bottom left show-on-hover\">\n\t\t\t\t\t\t\t<\/div>\n\t\t\t<div class=\"image-tools grid-tools text-center hide-for-small bottom hover-slide-in show-on-hover\">\n\t\t\t\t  <a class=\"quick-view\" data-prod=\"37267\" href=\"#quick-view\">Aper\u00e7u<\/a>\t\t\t<\/div>\n\t\t\t\t\t<\/div><!-- box-image -->\n\n\t\t<div class=\"box-text box-text-products\">\n\t\t\t<div class=\"title-wrapper\">  <p class=\"category uppercase is-smaller no-text-overflow product-cat op-7\">\n        Huiles naturelles organiques   <\/p> <p class=\"name product-title\"><a href=\"https:\/\/seacare.com\/fr\/produit\/huile-de-jojoba-organique-pour-le-visage-30-ml-seasare\/\">Huile de jojoba organique pour le visage, 30 ml, Sea\u0421are<\/a><\/p><\/div><div class=\"price-wrapper\">\n\t<span class=\"price\"><span class=\"woocommerce-Price-amount amount\"><span class=\"woocommerce-Price-currencySymbol\">&#36;<\/span>&nbsp;49.90<\/span><\/span>\n<\/div>\t\t<\/div><!-- box-text -->\n\t<\/div><!-- box -->\n\t\t<\/div><!-- .col-inner -->\n<\/div><!-- col -->\t            \n\t        <\/div>\n<h3>Produits similaires d\u2019autres gammes<\/h3>\n\n  \n    <div class=\"row large-columns-4 medium-columns- small-columns-2 row-small slider row-slider slider-nav-reveal slider-nav-push\"  data-flickity-options='{\"imagesLoaded\": true, \"groupCells\": \"100%\", \"dragThreshold\" : 5, \"cellAlign\": \"left\",\"wrapAround\": true,\"prevNextButtons\": true,\"percentPosition\": true,\"pageDots\": false, \"rightToLeft\": false, \"autoPlay\" : false}'>\n\n  \t\n\t            \t\t\t\t\t\n<div class=\"product-small col has-hover post-37117 product type-product status-publish has-post-thumbnail product_cat-cremes-pour-le-visage-et-le-contour-des-yeux product_cat-gamme-anti-acne product_cat-soins-anti-acne product_cat-soins-du-visage first instock shipping-taxable purchasable product-type-simple\">\n\t<div class=\"col-inner\">\t\n\t\n<div class=\"badge-container absolute left top z-1\">\n<\/div>\t<div class=\"product-small box \">\n\t\t<div class=\"box-image\">\n\t\t\t<div class=\"image-none\">\n\t\t\t\t<a href=\"https:\/\/seacare.com\/fr\/produit\/creme-anti-acne-contre-lacne-et-les-boutons-50-ml-seacare\/\">\n\t\t\t\t\t<img loading=\"lazy\" decoding=\"async\" width=\"247\" height=\"300\" src=\"https:\/\/seacare.com\/wp-content\/uploads\/2019\/11\/1-2-247x300.jpg\" class=\"attachment-shop_catalog size-shop_catalog wp-post-image\" alt=\"1\" title=\"1\" \/>\t\t\t\t<\/a>\n\t\t\t<\/div>\n\t\t\t<div class=\"image-tools is-small top right show-on-hover\">\n\t\t\t\t\t\t\t<\/div>\n\t\t\t<div class=\"image-tools is-small hide-for-small bottom left show-on-hover\">\n\t\t\t\t\t\t\t<\/div>\n\t\t\t<div class=\"image-tools grid-tools text-center hide-for-small bottom hover-slide-in show-on-hover\">\n\t\t\t\t  <a class=\"quick-view\" data-prod=\"37117\" href=\"#quick-view\">Aper\u00e7u<\/a>\t\t\t<\/div>\n\t\t\t\t\t<\/div><!-- box-image -->\n\n\t\t<div class=\"box-text box-text-products\">\n\t\t\t<div class=\"title-wrapper\">  <p class=\"category uppercase is-smaller no-text-overflow product-cat op-7\">\n        Cr\u00e8mes pour le visage et le contour des yeux   <\/p> <p class=\"name product-title\"><a href=\"https:\/\/seacare.com\/fr\/produit\/creme-anti-acne-contre-lacne-et-les-boutons-50-ml-seacare\/\">Cr\u00e8me anti-acn\u00e9 contre l\u2019acn\u00e9 et les boutons, 50 ml, SeaCare<\/a><\/p><\/div><div class=\"price-wrapper\">\n\t<span class=\"price\"><span class=\"woocommerce-Price-amount amount\"><span class=\"woocommerce-Price-currencySymbol\">&#36;<\/span>&nbsp;58.90<\/span><\/span>\n<\/div>\t\t<\/div><!-- box-text -->\n\t<\/div><!-- box -->\n\t\t<\/div><!-- .col-inner -->\n<\/div><!-- col -->\t            \t\t\t\t\t\n<div class=\"product-small col has-hover post-36923 product type-product status-publish has-post-thumbnail product_cat-cremes-pour-le-visage-et-le-contour-des-yeux product_cat-gamme-rajeunissante-organique product_cat-soins-anti-age product_cat-soins-du-visage product_cat-soins-organiques product_tag-creme-pour-la-nuit product_tag-jeunesse-de-la-peau-du-visage product_tag-peau-du-visage-lisse product_tag-rajeunissement  instock shipping-taxable purchasable product-type-simple\">\n\t<div class=\"col-inner\">\t\n\t\n<div class=\"badge-container absolute left top z-1\">\n<\/div>\t<div class=\"product-small box \">\n\t\t<div class=\"box-image\">\n\t\t\t<div class=\"image-none\">\n\t\t\t\t<a href=\"https:\/\/seacare.com\/fr\/produit\/creme-de-nuit-rajeunissante-organique-50-ml-seacare\/\">\n\t\t\t\t\t<img loading=\"lazy\" decoding=\"async\" width=\"247\" height=\"247\" src=\"https:\/\/seacare.com\/wp-content\/uploads\/2019\/10\/11-\u043a\u043e\u043f\u0438\u044f.jpg\" class=\"attachment-shop_catalog size-shop_catalog wp-post-image\" alt=\"11 \u043a\u043e\u043f\u0438\u044f\" title=\"11 \u043a\u043e\u043f\u0438\u044f\" \/>\t\t\t\t<\/a>\n\t\t\t<\/div>\n\t\t\t<div class=\"image-tools is-small top right show-on-hover\">\n\t\t\t\t\t\t\t<\/div>\n\t\t\t<div class=\"image-tools is-small hide-for-small bottom left show-on-hover\">\n\t\t\t\t\t\t\t<\/div>\n\t\t\t<div class=\"image-tools grid-tools text-center hide-for-small bottom hover-slide-in show-on-hover\">\n\t\t\t\t  <a class=\"quick-view\" data-prod=\"36923\" href=\"#quick-view\">Aper\u00e7u<\/a>\t\t\t<\/div>\n\t\t\t\t\t<\/div><!-- box-image -->\n\n\t\t<div class=\"box-text box-text-products\">\n\t\t\t<div class=\"title-wrapper\">  <p class=\"category uppercase is-smaller no-text-overflow product-cat op-7\">\n        Cr\u00e8mes pour le visage et le contour des yeux   <\/p> <p class=\"name product-title\"><a href=\"https:\/\/seacare.com\/fr\/produit\/creme-de-nuit-rajeunissante-organique-50-ml-seacare\/\">Cr\u00e8me de nuit rajeunissante organique, 50 ml, SeaCare<\/a><\/p><\/div><div class=\"price-wrapper\">\n\t<span class=\"price\"><span class=\"woocommerce-Price-amount amount\"><span class=\"woocommerce-Price-currencySymbol\">&#36;<\/span>&nbsp;44.90<\/span><\/span>\n<\/div>\t\t<\/div><!-- box-text -->\n\t<\/div><!-- box -->\n\t\t<\/div><!-- .col-inner -->\n<\/div><!-- col -->\t            \t\t\t\t\t\n<div class=\"product-small col has-hover post-4863 product type-product status-publish has-post-thumbnail product_cat-cremes-pour-le-visage-et-le-contour-des-yeux product_cat-gamme-multivitaminee product_cat-soins-anti-age product_cat-soins-du-visage product_tag-belle-peau product_tag-peau-lisse product_tag-vitamines  instock shipping-taxable purchasable product-type-simple\">\n\t<div class=\"col-inner\">\t\n\t\n<div class=\"badge-container absolute left top z-1\">\n<\/div>\t<div class=\"product-small box \">\n\t\t<div class=\"box-image\">\n\t\t\t<div class=\"image-none\">\n\t\t\t\t<a href=\"https:\/\/seacare.com\/fr\/produit\/creme-de-jour-50-ml-seacare\/\">\n\t\t\t\t\t<img loading=\"lazy\" decoding=\"async\" width=\"247\" height=\"300\" src=\"https:\/\/seacare.com\/wp-content\/uploads\/2017\/03\/\u0412\u0438\u0442\u0430\u043c\u0438\u043d_\u0414\u043d\u0435\u0432\u043d\u043e\u0439-107-247x300.jpg\" class=\"attachment-shop_catalog size-shop_catalog wp-post-image\" alt=\"\u0412\u0438\u0442\u0430\u043c\u0438\u043d_\u0414\u043d\u0435\u0432\u043d\u043e\u0439 107\" title=\"\u0412\u0438\u0442\u0430\u043c\u0438\u043d_\u0414\u043d\u0435\u0432\u043d\u043e\u0439 107\" \/>\t\t\t\t<\/a>\n\t\t\t<\/div>\n\t\t\t<div class=\"image-tools is-small top right show-on-hover\">\n\t\t\t\t\t\t\t<\/div>\n\t\t\t<div class=\"image-tools is-small hide-for-small bottom left show-on-hover\">\n\t\t\t\t\t\t\t<\/div>\n\t\t\t<div class=\"image-tools grid-tools text-center hide-for-small bottom hover-slide-in show-on-hover\">\n\t\t\t\t  <a class=\"quick-view\" data-prod=\"4863\" href=\"#quick-view\">Aper\u00e7u<\/a>\t\t\t<\/div>\n\t\t\t\t\t<\/div><!-- box-image -->\n\n\t\t<div class=\"box-text box-text-products\">\n\t\t\t<div class=\"title-wrapper\">  <p class=\"category uppercase is-smaller no-text-overflow product-cat op-7\">\n        Cr\u00e8mes pour le visage et le contour des yeux   <\/p> <p class=\"name product-title\"><a href=\"https:\/\/seacare.com\/fr\/produit\/creme-de-jour-50-ml-seacare\/\">Cr\u00e8me de jour, 50 ml, SeaCare<\/a><\/p><\/div><div class=\"price-wrapper\">\n\t<span class=\"price\"><span class=\"woocommerce-Price-amount amount\"><span class=\"woocommerce-Price-currencySymbol\">&#36;<\/span>&nbsp;45.90<\/span><\/span>\n<\/div>\t\t<\/div><!-- box-text -->\n\t<\/div><!-- box -->\n\t\t<\/div><!-- .col-inner -->\n<\/div><!-- col -->\t            \t\t\t\t\t\n<div class=\"product-small col has-hover post-4763 product type-product status-publish has-post-thumbnail product_cat-gamme-anti-age product_cat-serums-pour-le-visage-et-le-contour-des-yeux product_cat-soins-anti-age product_cat-soins-du-visage product_tag-belle-peau product_tag-jeunesse-de-la-peau-du-visage product_tag-peau-du-visage-lisse product_tag-rajeunissement last instock shipping-taxable purchasable product-type-simple\">\n\t<div class=\"col-inner\">\t\n\t\n<div class=\"badge-container absolute left top z-1\">\n<\/div>\t<div class=\"product-small box \">\n\t\t<div class=\"box-image\">\n\t\t\t<div class=\"image-none\">\n\t\t\t\t<a href=\"https:\/\/seacare.com\/fr\/produit\/serum-anti-age-pour-le-visage-50-ml-seacare\/\">\n\t\t\t\t\t<img loading=\"lazy\" decoding=\"async\" width=\"247\" height=\"300\" src=\"https:\/\/seacare.com\/wp-content\/uploads\/2017\/03\/1-20-247x300.jpg\" class=\"attachment-shop_catalog size-shop_catalog wp-post-image\" alt=\"1\" title=\"1\" \/>\t\t\t\t<\/a>\n\t\t\t<\/div>\n\t\t\t<div class=\"image-tools is-small top right show-on-hover\">\n\t\t\t\t\t\t\t<\/div>\n\t\t\t<div class=\"image-tools is-small hide-for-small bottom left show-on-hover\">\n\t\t\t\t\t\t\t<\/div>\n\t\t\t<div class=\"image-tools grid-tools text-center hide-for-small bottom hover-slide-in show-on-hover\">\n\t\t\t\t  <a class=\"quick-view\" data-prod=\"4763\" href=\"#quick-view\">Aper\u00e7u<\/a>\t\t\t<\/div>\n\t\t\t\t\t<\/div><!-- box-image -->\n\n\t\t<div class=\"box-text box-text-products\">\n\t\t\t<div class=\"title-wrapper\">  <p class=\"category uppercase is-smaller no-text-overflow product-cat op-7\">\n        Gamme Anti-\u00c2ge   <\/p> <p class=\"name product-title\"><a href=\"https:\/\/seacare.com\/fr\/produit\/serum-anti-age-pour-le-visage-50-ml-seacare\/\">S\u00e9rum anti-\u00e2ge pour le visage, 50 ml, SeaCare<\/a><\/p><\/div><div class=\"price-wrapper\">\n\t<span class=\"price\"><span class=\"woocommerce-Price-amount amount\"><span class=\"woocommerce-Price-currencySymbol\">&#36;<\/span>&nbsp;56.90<\/span><\/span>\n<\/div>\t\t<\/div><!-- box-text -->\n\t<\/div><!-- box -->\n\t\t<\/div><!-- .col-inner -->\n<\/div><!-- col -->\t            \t\t\t\t\t\n<div class=\"product-small col has-hover post-36850 product type-product status-publish has-post-thumbnail product_cat-gamme-24-k-gold product_cat-serums-pour-le-visage-et-le-contour-des-yeux product_cat-soins-anti-age product_cat-soins-du-visage product_tag-belle-peau product_tag-jeunesse-de-la-peau-du-visage product_tag-rajeunissement first instock shipping-taxable purchasable product-type-simple\">\n\t<div class=\"col-inner\">\t\n\t\n<div class=\"badge-container absolute left top z-1\">\n<\/div>\t<div class=\"product-small box \">\n\t\t<div class=\"box-image\">\n\t\t\t<div class=\"image-none\">\n\t\t\t\t<a href=\"https:\/\/seacare.com\/fr\/produit\/serum-liftant-et-raffermissant-anti-age-50-ml-seacare\/\">\n\t\t\t\t\t<img loading=\"lazy\" decoding=\"async\" width=\"247\" height=\"300\" src=\"https:\/\/seacare.com\/wp-content\/uploads\/2018\/10\/1-3-247x300.jpg\" class=\"attachment-shop_catalog size-shop_catalog wp-post-image\" alt=\"1\" title=\"1\" \/>\t\t\t\t<\/a>\n\t\t\t<\/div>\n\t\t\t<div class=\"image-tools is-small top right show-on-hover\">\n\t\t\t\t\t\t\t<\/div>\n\t\t\t<div class=\"image-tools is-small hide-for-small bottom left show-on-hover\">\n\t\t\t\t\t\t\t<\/div>\n\t\t\t<div class=\"image-tools grid-tools text-center hide-for-small bottom hover-slide-in show-on-hover\">\n\t\t\t\t  <a class=\"quick-view\" data-prod=\"36850\" href=\"#quick-view\">Aper\u00e7u<\/a>\t\t\t<\/div>\n\t\t\t\t\t<\/div><!-- box-image -->\n\n\t\t<div class=\"box-text box-text-products\">\n\t\t\t<div class=\"title-wrapper\">  <p class=\"category uppercase is-smaller no-text-overflow product-cat op-7\">\n        Gamme 24 K Gold   <\/p> <p class=\"name product-title\"><a href=\"https:\/\/seacare.com\/fr\/produit\/serum-liftant-et-raffermissant-anti-age-50-ml-seacare\/\">S\u00e9rum liftant et raffermissant anti-\u00e2ge, 50 ml, SeaCare<\/a><\/p><\/div><div class=\"price-wrapper\">\n\t<span class=\"price\"><span class=\"woocommerce-Price-amount amount\"><span class=\"woocommerce-Price-currencySymbol\">&#36;<\/span>&nbsp;64.90<\/span><\/span>\n<\/div>\t\t<\/div><!-- box-text -->\n\t<\/div><!-- box -->\n\t\t<\/div><!-- .col-inner -->\n<\/div><!-- col -->\t            \t\t\t\t\t\n<div class=\"product-small col has-hover post-36852 product type-product status-publish has-post-thumbnail product_cat-gamme-rajeunissante-organique product_cat-serums-pour-le-visage-et-le-contour-des-yeux product_cat-soins-anti-age product_cat-soins-du-visage product_cat-soins-organiques product_tag-jeunesse-de-la-peau-du-visage product_tag-peau-du-visage-lisse product_tag-peau-lisse product_tag-rajeunissement  instock shipping-taxable purchasable product-type-simple\">\n\t<div class=\"col-inner\">\t\n\t\n<div class=\"badge-container absolute left top z-1\">\n<\/div>\t<div class=\"product-small box \">\n\t\t<div class=\"box-image\">\n\t\t\t<div class=\"image-none\">\n\t\t\t\t<a href=\"https:\/\/seacare.com\/fr\/produit\/serum-rajeunissant-organique-pour-le-visage-50-ml-seacare\/\">\n\t\t\t\t\t<img loading=\"lazy\" decoding=\"async\" width=\"247\" height=\"300\" src=\"https:\/\/seacare.com\/wp-content\/uploads\/2019\/10\/1-4-247x300.jpg\" class=\"attachment-shop_catalog size-shop_catalog wp-post-image\" alt=\"1\" title=\"1\" \/>\t\t\t\t<\/a>\n\t\t\t<\/div>\n\t\t\t<div class=\"image-tools is-small top right show-on-hover\">\n\t\t\t\t\t\t\t<\/div>\n\t\t\t<div class=\"image-tools is-small hide-for-small bottom left show-on-hover\">\n\t\t\t\t\t\t\t<\/div>\n\t\t\t<div class=\"image-tools grid-tools text-center hide-for-small bottom hover-slide-in show-on-hover\">\n\t\t\t\t  <a class=\"quick-view\" data-prod=\"36852\" href=\"#quick-view\">Aper\u00e7u<\/a>\t\t\t<\/div>\n\t\t\t\t\t<\/div><!-- box-image -->\n\n\t\t<div class=\"box-text box-text-products\">\n\t\t\t<div class=\"title-wrapper\">  <p class=\"category uppercase is-smaller no-text-overflow product-cat op-7\">\n        Gamme rajeunissante organique   <\/p> <p class=\"name product-title\"><a href=\"https:\/\/seacare.com\/fr\/produit\/serum-rajeunissant-organique-pour-le-visage-50-ml-seacare\/\">S\u00e9rum rajeunissant organique pour le visage, 50 ml, SeaCare<\/a><\/p><\/div><div class=\"price-wrapper\">\n\t<span class=\"price\"><span class=\"woocommerce-Price-amount amount\"><span class=\"woocommerce-Price-currencySymbol\">&#36;<\/span>&nbsp;48.90<\/span><\/span>\n<\/div>\t\t<\/div><!-- box-text -->\n\t<\/div><!-- box -->\n\t\t<\/div><!-- .col-inner -->\n<\/div><!-- col -->\t            \n\t        <\/div>\n","protected":false},"excerpt":{"rendered":"<p>pour tous les types de peau<br \/>\n30\u00a0ml &#8211; 1,0 fl.oz.<\/p>\n","protected":false},"featured_media":59492,"comment_status":"open","ping_status":"closed","template":"","meta":[],"_links":{"self":[{"href":"https:\/\/seacare.com\/fr\/wp-json\/wp\/v2\/product\/37266"}],"collection":[{"href":"https:\/\/seacare.com\/fr\/wp-json\/wp\/v2\/product"}],"about":[{"href":"https:\/\/seacare.com\/fr\/wp-json\/wp\/v2\/types\/product"}],"replies":[{"embeddable":true,"href":"https:\/\/seacare.com\/fr\/wp-json\/wp\/v2\/comments?post=37266"}],"wp:featuredmedia":[{"embeddable":true,"href":"https:\/\/seacare.com\/fr\/wp-json\/wp\/v2\/media\/59492"}],"wp:attachment":[{"href":"https:\/\/seacare.com\/fr\/wp-json\/wp\/v2\/media?parent=37266"}],"curies":[{"name":"wp","href":"https:\/\/api.w.org\/{rel}","templated":true}]}}