{"id":4748,"date":"2017-03-01T19:56:15","date_gmt":"2017-03-01T16:56:15","guid":{"rendered":"http:\/\/800forlady.com\/fr\/product\/serum-raffermissant-anti-age-pour-les-yeux\/"},"modified":"2021-05-17T13:22:33","modified_gmt":"2021-05-17T10:22:33","slug":"serum-raffermissant-anti-age-pour-les-yeux-30-ml-seacare","status":"publish","type":"product","link":"https:\/\/seacare.com\/fr\/produit\/serum-raffermissant-anti-age-pour-les-yeux-30-ml-seacare\/","title":{"rendered":"S\u00e9rum raffermissant anti-\u00e2ge pour les yeux, 30 ml, SeaCare"},"content":{"rendered":"<p>Le s\u00e9rum liftant anti-\u00e2ge pour les yeux SeaCare est con\u00e7u pour offrir un effet raffermissant imm\u00e9diat et durable, une action de r\u00e9g\u00e9n\u00e9ration de la peau, une diminution des rides et une apparence plus jeune. Cette formule l\u00e9g\u00e8re et \u00e0 absorption rapide est enrichie en min\u00e9raux de la Mer Morte et cr\u00e9\u00e9e selon les normes de l\u2019Association des industries cosm\u00e9tiques d\u2019Isra\u00ebl. Ce s\u00e9rum s\u2019appuie sur l\u2019EasylianceMC, un ingr\u00e9dient actif ultra-perfectionn\u00e9 qui forme une pellicule extensible sur la surface de la peau pour un effet tenseur imm\u00e9diat et durable. Il contient \u00e9galement du Matrixyl\u00ae Synthe&#8217;6MC, l\u2019ingr\u00e9dient actif r\u00e9ducteur de rides unique qui uniformise le teint et att\u00e9nue les rides. Le s\u00e9rum contient aussi de l\u2019huile d\u2019Inca Inchi \u2013 l\u2019huile la plus riche en Om\u00e9ga 3, 6 et 9 \u2013 et de l\u2019huile d\u2019argan, extraite des noyaux des fruits de l\u2019arganier, une des plus anciennes esp\u00e8ces d\u2019arbre dans le monde, pour prot\u00e9ger et nourrir la peau.<\/p>\n<p>Sans parab\u00e8ne, sans propyl\u00e8neglycol, sans silicone, sans huile min\u00e9rale, sans p\u00e9trolatum, sans SLS<\/p>\n<p><strong>Mode d&#8217;emploi:<\/strong> Appliquer quelques gouttes sur la zone autour des yeux. Tapoter d\u00e9licatement jusqu\u2019\u00e0 absorption.<\/p>\n<h3 style=\"color: #555;\">Ingr\u00e9dients cl\u00e9s<\/h3>\n<hr \/>\n<div class=\"row\"  id=\"row-672620843\">\n<div class=\"col medium-6 small-12 large-6\"  ><div class=\"col-inner\"  >\n<div class=\"row\"  id=\"row-1989345238\">\n<div class=\"col medium-3 small-12 large-3\"  ><div class=\"col-inner\"  >\n    <div class=\"img has-hover x md-x lg-x y md-y lg-y\" id=\"image_1103854760\">\n                <div class=\"img-inner dark\" >\n        <img loading=\"lazy\" decoding=\"async\" width=\"500\" height=\"500\" src=\"https:\/\/seacare.com\/wp-content\/uploads\/2017\/03\/minerals-1.png\" class=\"attachment-large size-large\" alt=\"\" srcset=\"https:\/\/seacare.com\/wp-content\/uploads\/2017\/03\/minerals-1.png 500w, https:\/\/seacare.com\/wp-content\/uploads\/2017\/03\/minerals-1-280x280.png 280w, https:\/\/seacare.com\/wp-content\/uploads\/2017\/03\/minerals-1-400x400.png 400w, https:\/\/seacare.com\/wp-content\/uploads\/2017\/03\/minerals-1-180x180.png 180w, https:\/\/seacare.com\/wp-content\/uploads\/2017\/03\/minerals-1-300x300.png 300w\" sizes=\"(max-width: 500px) 100vw, 500px\" \/>                \n            <\/div>\n                   \n<style scope=\"scope\">\n\n<\/style>\n    <\/div>\n    \n<\/div><\/div>\n<div class=\"col medium-9 small-12 large-9\"  ><div class=\"col-inner\"  >\n<h4>Les min\u00e9raux de la Mer Morte<\/h4>\n<p>En tout, la Mer Morte contient plus de 20 min\u00e9raux reconnus pour sublimer la peau et la garder saine et jeune. M\u00eame les plantes qui poussent sur les rives de la Mer Morte pr\u00e9sentent <a href=\"\/fr\/les-mineraux-de-la-mer-morte\/\">En d\u00e9tail&#8230;<\/a><\/p>\n<\/div><\/div>\n<\/div>\n<\/div><\/div>\n<div class=\"col medium-6 small-12 large-6\"  ><div class=\"col-inner\"  >\n<div class=\"row\"  id=\"row-736889281\">\n<div class=\"col medium-3 small-12 large-3\"  ><div class=\"col-inner\"  >\n    <div class=\"img has-hover x md-x lg-x y md-y lg-y\" id=\"image_879245762\">\n                <div class=\"img-inner dark\" >\n        <img loading=\"lazy\" decoding=\"async\" width=\"500\" height=\"500\" src=\"https:\/\/seacare.com\/wp-content\/uploads\/2017\/03\/easyliance.png\" class=\"attachment-large size-large\" alt=\"\" srcset=\"https:\/\/seacare.com\/wp-content\/uploads\/2017\/03\/easyliance.png 500w, https:\/\/seacare.com\/wp-content\/uploads\/2017\/03\/easyliance-280x280.png 280w, https:\/\/seacare.com\/wp-content\/uploads\/2017\/03\/easyliance-400x400.png 400w, https:\/\/seacare.com\/wp-content\/uploads\/2017\/03\/easyliance-180x180.png 180w, https:\/\/seacare.com\/wp-content\/uploads\/2017\/03\/easyliance-300x300.png 300w\" sizes=\"(max-width: 500px) 100vw, 500px\" \/>                \n            <\/div>\n                   \n<style scope=\"scope\">\n\n<\/style>\n    <\/div>\n    \n<\/div><\/div>\n<div class=\"col medium-9 small-12 large-9\"  ><div class=\"col-inner\"  >\n<h4 class=\"text-head\">Easyliance<\/h4>\n<p class=\"text-head\">Easyliance est un agent tenseur innovant que l\u2019on trouve dans la nature, un nouvel ingr\u00e9dient tenseur cosm\u00e9tique actif dont les effets sont imm\u00e9diatement visibles sur la peau <a href=\"\/fr\/easyliance\/\">En d\u00e9tail&#8230;<\/a><\/p>\n<\/div><\/div>\n<\/div>\n<\/div><\/div>\n<\/div>\n<div class=\"row\"  id=\"row-367403366\">\n<div class=\"col medium-6 small-12 large-6\"  ><div class=\"col-inner\"  >\n<div class=\"row\"  id=\"row-1331010583\">\n<div class=\"col medium-3 small-12 large-3\"  ><div class=\"col-inner\"  >\n    <div class=\"img has-hover x md-x lg-x y md-y lg-y\" id=\"image_2018851309\">\n                <div class=\"img-inner dark\" >\n        <img loading=\"lazy\" decoding=\"async\" width=\"500\" height=\"500\" src=\"https:\/\/seacare.com\/wp-content\/uploads\/2017\/03\/matrixil.png\" class=\"attachment-large size-large\" alt=\"\" srcset=\"https:\/\/seacare.com\/wp-content\/uploads\/2017\/03\/matrixil.png 500w, https:\/\/seacare.com\/wp-content\/uploads\/2017\/03\/matrixil-280x280.png 280w, https:\/\/seacare.com\/wp-content\/uploads\/2017\/03\/matrixil-400x400.png 400w, https:\/\/seacare.com\/wp-content\/uploads\/2017\/03\/matrixil-180x180.png 180w, https:\/\/seacare.com\/wp-content\/uploads\/2017\/03\/matrixil-300x300.png 300w\" sizes=\"(max-width: 500px) 100vw, 500px\" \/>                \n            <\/div>\n                   \n<style scope=\"scope\">\n\n<\/style>\n    <\/div>\n    \n<\/div><\/div>\n<div class=\"col medium-9 small-12 large-9\"  ><div class=\"col-inner\"  >\n<h4>Matrixyl\u00ae<\/h4>\n<p>Sederma pr\u00e9sente le Matrixyl\u00ae synthe\u20196\u00ae qui r\u00e9pond \u00e0 toutes les attentes des femmes : il comble, de l\u2019int\u00e9rieur, les rides du front et les pattes d\u2019oie pour une peau visiblement<a href=\"\/fr\/matrixyl\/\"> En d\u00e9tail&#8230;<\/a><\/p>\n<\/div><\/div>\n<\/div>\n<\/div><\/div>\n<div class=\"col medium-6 small-12 large-6\"  ><div class=\"col-inner\"  >\n<div class=\"row\"  id=\"row-231612857\">\n<div class=\"col medium-3 small-12 large-3\"  ><div class=\"col-inner\"  >\n    <div class=\"img has-hover x md-x lg-x y md-y lg-y\" id=\"image_1354085755\">\n                <div class=\"img-inner dark\" >\n        <img loading=\"lazy\" decoding=\"async\" width=\"500\" height=\"500\" src=\"https:\/\/seacare.com\/wp-content\/uploads\/2017\/03\/inka.png\" class=\"attachment-large size-large\" alt=\"\" srcset=\"https:\/\/seacare.com\/wp-content\/uploads\/2017\/03\/inka.png 500w, https:\/\/seacare.com\/wp-content\/uploads\/2017\/03\/inka-280x280.png 280w, https:\/\/seacare.com\/wp-content\/uploads\/2017\/03\/inka-400x400.png 400w, https:\/\/seacare.com\/wp-content\/uploads\/2017\/03\/inka-180x180.png 180w, https:\/\/seacare.com\/wp-content\/uploads\/2017\/03\/inka-300x300.png 300w\" sizes=\"(max-width: 500px) 100vw, 500px\" \/>                \n            <\/div>\n                   \n<style scope=\"scope\">\n\n<\/style>\n    <\/div>\n    \n<\/div><\/div>\n<div class=\"col medium-9 small-12 large-9\"  ><div class=\"col-inner\"  >\n<h4>Huile d\u2019Inca Inchi<\/h4>\n<p>L\u2019huile d\u2019Inca Inchi (amande des Incas) est consid\u00e9r\u00e9e comme la source v\u00e9g\u00e9tale la plus riche en acides gras essentiels, y compris l\u2019acide linol\u00e9ique Om\u00e9ga 6 et l\u2019acide alpha-linol\u00e9ique Om\u00e9ga 3. <a href=\"\/fr\/huile-dinca-inchi\/\">En d\u00e9tail&#8230;<\/a><\/p>\n<\/div><\/div>\n<\/div>\n<\/div><\/div>\n<\/div>\n<div class=\"row\"  id=\"row-259240499\">\n<div class=\"col medium-6 small-12 large-6\"  ><div class=\"col-inner\"  >\n<div class=\"row\"  id=\"row-693702794\">\n<div class=\"col medium-3 small-12 large-3\"  ><div class=\"col-inner\"  >\n    <div class=\"img has-hover x md-x lg-x y md-y lg-y\" id=\"image_1550626054\">\n                <div class=\"img-inner dark\" >\n        <img loading=\"lazy\" decoding=\"async\" width=\"500\" height=\"500\" src=\"https:\/\/seacare.com\/wp-content\/uploads\/2017\/03\/argana.png\" class=\"attachment-large size-large\" alt=\"\" srcset=\"https:\/\/seacare.com\/wp-content\/uploads\/2017\/03\/argana.png 500w, https:\/\/seacare.com\/wp-content\/uploads\/2017\/03\/argana-280x280.png 280w, https:\/\/seacare.com\/wp-content\/uploads\/2017\/03\/argana-400x400.png 400w, https:\/\/seacare.com\/wp-content\/uploads\/2017\/03\/argana-180x180.png 180w, https:\/\/seacare.com\/wp-content\/uploads\/2017\/03\/argana-300x300.png 300w\" sizes=\"(max-width: 500px) 100vw, 500px\" \/>                \n            <\/div>\n                   \n<style scope=\"scope\">\n\n<\/style>\n    <\/div>\n    \n<\/div><\/div>\n<div class=\"col medium-9 small-12 large-9\"  ><div class=\"col-inner\"  >\n<h4 class=\"text-head\">Huile d\u2019argan<\/h4>\n<p>Souvent appel\u00e9e \u00ab or liquide \u00bb, l\u2019huile d\u2019argan est un produit biologique extrait des noyaux des fruits de l\u2019arganier, un arbre originaire du Maroc. Elle est extr\u00eamement riche en nutriments <a href=\"\/fr\/huile-dargan\/\">En d\u00e9tail&#8230;<\/a><\/p>\n<\/div><\/div>\n<\/div>\n<\/div><\/div>\n<\/div>\n<h3>Autres produits de cette gamme<\/h3>\n\n  \n    <div class=\"row large-columns-4 medium-columns- small-columns-2 row-small slider row-slider slider-nav-reveal slider-nav-push\"  data-flickity-options='{\"imagesLoaded\": true, \"groupCells\": \"100%\", \"dragThreshold\" : 5, \"cellAlign\": \"left\",\"wrapAround\": true,\"prevNextButtons\": true,\"percentPosition\": true,\"pageDots\": false, \"rightToLeft\": false, \"autoPlay\" : false}'>\n\n  \t\n\t            \t\t\t\t\t\n<div class=\"product-small col has-hover post-4743 product type-product status-publish has-post-thumbnail product_cat-cremes-pour-le-visage-et-le-contour-des-yeux product_cat-gamme-anti-age product_cat-soins-anti-age product_cat-soins-du-visage product_tag-creme-pour-la-nuit first instock shipping-taxable purchasable product-type-simple\">\n\t<div class=\"col-inner\">\t\n\t\n<div class=\"badge-container absolute left top z-1\">\n<\/div>\t<div class=\"product-small box \">\n\t\t<div class=\"box-image\">\n\t\t\t<div class=\"image-none\">\n\t\t\t\t<a href=\"https:\/\/seacare.com\/fr\/produit\/creme-de-nuit-anti-age-50-ml-seacare\/\">\n\t\t\t\t\t<img loading=\"lazy\" decoding=\"async\" width=\"247\" height=\"300\" src=\"https:\/\/seacare.com\/wp-content\/uploads\/2017\/03\/\u0414\u043b\u044f-SCNight-Cream_Face-sc-\u043a\u043e\u043f\u0438\u044f-247x300.jpg\" class=\"attachment-shop_catalog size-shop_catalog wp-post-image\" alt=\"\u0414\u043b\u044f SCNight Cream_Face sc \u043a\u043e\u043f\u0438\u044f\" title=\"\u0414\u043b\u044f SCNight Cream_Face sc \u043a\u043e\u043f\u0438\u044f\" \/>\t\t\t\t<\/a>\n\t\t\t<\/div>\n\t\t\t<div class=\"image-tools is-small top right show-on-hover\">\n\t\t\t\t\t\t\t<\/div>\n\t\t\t<div class=\"image-tools is-small hide-for-small bottom left show-on-hover\">\n\t\t\t\t\t\t\t<\/div>\n\t\t\t<div class=\"image-tools grid-tools text-center hide-for-small bottom hover-slide-in show-on-hover\">\n\t\t\t\t  <a class=\"quick-view\" data-prod=\"4743\" href=\"#quick-view\">Aper\u00e7u<\/a>\t\t\t<\/div>\n\t\t\t\t\t<\/div><!-- box-image -->\n\n\t\t<div class=\"box-text box-text-products\">\n\t\t\t<div class=\"title-wrapper\">  <p class=\"category uppercase is-smaller no-text-overflow product-cat op-7\">\n        Cr\u00e8mes pour le visage et le contour des yeux   <\/p> <p class=\"name product-title\"><a href=\"https:\/\/seacare.com\/fr\/produit\/creme-de-nuit-anti-age-50-ml-seacare\/\">Cr\u00e8me de nuit anti-\u00e2ge, 50 ml, SeaCare<\/a><\/p><\/div><div class=\"price-wrapper\">\n\t<span class=\"price\"><span class=\"woocommerce-Price-amount amount\"><span class=\"woocommerce-Price-currencySymbol\">&#36;<\/span>&nbsp;52.90<\/span><\/span>\n<\/div>\t\t<\/div><!-- box-text -->\n\t<\/div><!-- box -->\n\t\t<\/div><!-- .col-inner -->\n<\/div><!-- col -->\t            \t\t\t\t\t\n<div class=\"product-small col has-hover post-4748 product type-product status-publish has-post-thumbnail product_cat-gamme-anti-age product_cat-serums-pour-le-visage-et-le-contour-des-yeux product_cat-soins-anti-age product_cat-soins-des-yeux product_tag-belle-peau-autour-des-yeux product_tag-rajeunissement  instock shipping-taxable purchasable product-type-simple\">\n\t<div class=\"col-inner\">\t\n\t\n<div class=\"badge-container absolute left top z-1\">\n<\/div>\t<div class=\"product-small box \">\n\t\t<div class=\"box-image\">\n\t\t\t<div class=\"image-none\">\n\t\t\t\t<a href=\"https:\/\/seacare.com\/fr\/produit\/serum-raffermissant-anti-age-pour-les-yeux-30-ml-seacare\/\">\n\t\t\t\t\t<img loading=\"lazy\" decoding=\"async\" width=\"247\" height=\"300\" src=\"https:\/\/seacare.com\/wp-content\/uploads\/2017\/03\/\u0414\u043b\u044f-SCEye-Lifting-Serum_Face-\u043a\u043e\u043f\u0438\u044f-247x300.jpg\" class=\"attachment-shop_catalog size-shop_catalog wp-post-image\" alt=\"\u0414\u043b\u044f SCEye Lifting Serum_Face \u043a\u043e\u043f\u0438\u044f\" title=\"\u0414\u043b\u044f SCEye Lifting Serum_Face \u043a\u043e\u043f\u0438\u044f\" \/>\t\t\t\t<\/a>\n\t\t\t<\/div>\n\t\t\t<div class=\"image-tools is-small top right show-on-hover\">\n\t\t\t\t\t\t\t<\/div>\n\t\t\t<div class=\"image-tools is-small hide-for-small bottom left show-on-hover\">\n\t\t\t\t\t\t\t<\/div>\n\t\t\t<div class=\"image-tools grid-tools text-center hide-for-small bottom hover-slide-in show-on-hover\">\n\t\t\t\t  <a class=\"quick-view\" data-prod=\"4748\" href=\"#quick-view\">Aper\u00e7u<\/a>\t\t\t<\/div>\n\t\t\t\t\t<\/div><!-- box-image -->\n\n\t\t<div class=\"box-text box-text-products\">\n\t\t\t<div class=\"title-wrapper\">  <p class=\"category uppercase is-smaller no-text-overflow product-cat op-7\">\n        Gamme Anti-\u00c2ge   <\/p> <p class=\"name product-title\"><a href=\"https:\/\/seacare.com\/fr\/produit\/serum-raffermissant-anti-age-pour-les-yeux-30-ml-seacare\/\">S\u00e9rum raffermissant anti-\u00e2ge pour les yeux, 30 ml, SeaCare<\/a><\/p><\/div><div class=\"price-wrapper\">\n\t<span class=\"price\"><span class=\"woocommerce-Price-amount amount\"><span class=\"woocommerce-Price-currencySymbol\">&#36;<\/span>&nbsp;56.90<\/span><\/span>\n<\/div>\t\t<\/div><!-- box-text -->\n\t<\/div><!-- box -->\n\t\t<\/div><!-- .col-inner -->\n<\/div><!-- col -->\t            \t\t\t\t\t\n<div class=\"product-small col has-hover post-4753 product type-product status-publish has-post-thumbnail product_cat-cremes-pour-le-visage-et-le-contour-des-yeux product_cat-gamme-anti-age product_cat-soins-anti-age product_cat-soins-des-yeux product_tag-belle-peau-autour-des-yeux product_tag-rajeunissement  instock shipping-taxable purchasable product-type-simple\">\n\t<div class=\"col-inner\">\t\n\t\n<div class=\"badge-container absolute left top z-1\">\n<\/div>\t<div class=\"product-small box \">\n\t\t<div class=\"box-image\">\n\t\t\t<div class=\"image-none\">\n\t\t\t\t<a href=\"https:\/\/seacare.com\/fr\/produit\/creme-anti-age-pour-les-yeux-30-ml-seacare\/\">\n\t\t\t\t\t<img loading=\"lazy\" decoding=\"async\" width=\"247\" height=\"300\" src=\"https:\/\/seacare.com\/wp-content\/uploads\/2017\/03\/\u0414\u043b\u044f-SCEye-Cream_Face-\u043a\u043e\u043f\u0438\u044f-247x300.jpg\" class=\"attachment-shop_catalog size-shop_catalog wp-post-image\" alt=\"\u0414\u043b\u044f SCEye Cream_Face \u043a\u043e\u043f\u0438\u044f\" title=\"\u0414\u043b\u044f SCEye Cream_Face \u043a\u043e\u043f\u0438\u044f\" \/>\t\t\t\t<\/a>\n\t\t\t<\/div>\n\t\t\t<div class=\"image-tools is-small top right show-on-hover\">\n\t\t\t\t\t\t\t<\/div>\n\t\t\t<div class=\"image-tools is-small hide-for-small bottom left show-on-hover\">\n\t\t\t\t\t\t\t<\/div>\n\t\t\t<div class=\"image-tools grid-tools text-center hide-for-small bottom hover-slide-in show-on-hover\">\n\t\t\t\t  <a class=\"quick-view\" data-prod=\"4753\" href=\"#quick-view\">Aper\u00e7u<\/a>\t\t\t<\/div>\n\t\t\t\t\t<\/div><!-- box-image -->\n\n\t\t<div class=\"box-text box-text-products\">\n\t\t\t<div class=\"title-wrapper\">  <p class=\"category uppercase is-smaller no-text-overflow product-cat op-7\">\n        Cr\u00e8mes pour le visage et le contour des yeux   <\/p> <p class=\"name product-title\"><a href=\"https:\/\/seacare.com\/fr\/produit\/creme-anti-age-pour-les-yeux-30-ml-seacare\/\">Cr\u00e8me anti-\u00e2ge  pour les yeux, 30 ml, SeaCare<\/a><\/p><\/div><div class=\"price-wrapper\">\n\t<span class=\"price\"><span class=\"woocommerce-Price-amount amount\"><span class=\"woocommerce-Price-currencySymbol\">&#36;<\/span>&nbsp;54.90<\/span><\/span>\n<\/div>\t\t<\/div><!-- box-text -->\n\t<\/div><!-- box -->\n\t\t<\/div><!-- .col-inner -->\n<\/div><!-- col -->\t            \t\t\t\t\t\n<div class=\"product-small col has-hover post-4758 product type-product status-publish has-post-thumbnail product_cat-cremes-pour-le-visage-et-le-contour-des-yeux product_cat-gamme-anti-age product_cat-soins-anti-age product_cat-soins-du-visage last instock shipping-taxable purchasable product-type-simple\">\n\t<div class=\"col-inner\">\t\n\t\n<div class=\"badge-container absolute left top z-1\">\n<\/div>\t<div class=\"product-small box \">\n\t\t<div class=\"box-image\">\n\t\t\t<div class=\"image-none\">\n\t\t\t\t<a href=\"https:\/\/seacare.com\/fr\/produit\/creme-de-jour-anti-age-50-ml-seacare\/\">\n\t\t\t\t\t<img loading=\"lazy\" decoding=\"async\" width=\"247\" height=\"300\" src=\"https:\/\/seacare.com\/wp-content\/uploads\/2017\/03\/\u0414\u043b\u044f-SCDay-Cream_Face-\u043a\u043e\u043f\u0438\u044f-247x300.jpg\" class=\"attachment-shop_catalog size-shop_catalog wp-post-image\" alt=\"\u0414\u043b\u044f SCDay Cream_Face \u043a\u043e\u043f\u0438\u044f\" title=\"\u0414\u043b\u044f SCDay Cream_Face \u043a\u043e\u043f\u0438\u044f\" \/>\t\t\t\t<\/a>\n\t\t\t<\/div>\n\t\t\t<div class=\"image-tools is-small top right show-on-hover\">\n\t\t\t\t\t\t\t<\/div>\n\t\t\t<div class=\"image-tools is-small hide-for-small bottom left show-on-hover\">\n\t\t\t\t\t\t\t<\/div>\n\t\t\t<div class=\"image-tools grid-tools text-center hide-for-small bottom hover-slide-in show-on-hover\">\n\t\t\t\t  <a class=\"quick-view\" data-prod=\"4758\" href=\"#quick-view\">Aper\u00e7u<\/a>\t\t\t<\/div>\n\t\t\t\t\t<\/div><!-- box-image -->\n\n\t\t<div class=\"box-text box-text-products\">\n\t\t\t<div class=\"title-wrapper\">  <p class=\"category uppercase is-smaller no-text-overflow product-cat op-7\">\n        Cr\u00e8mes pour le visage et le contour des yeux   <\/p> <p class=\"name product-title\"><a href=\"https:\/\/seacare.com\/fr\/produit\/creme-de-jour-anti-age-50-ml-seacare\/\">Cr\u00e8me de  jour anti-\u00e2ge, 50 ml, SeaCare<\/a><\/p><\/div><div class=\"price-wrapper\">\n\t<span class=\"price\"><span class=\"woocommerce-Price-amount amount\"><span class=\"woocommerce-Price-currencySymbol\">&#36;<\/span>&nbsp;52.90<\/span><\/span>\n<\/div>\t\t<\/div><!-- box-text -->\n\t<\/div><!-- box -->\n\t\t<\/div><!-- .col-inner -->\n<\/div><!-- col -->\t            \t\t\t\t\t\n<div class=\"product-small col has-hover post-4763 product type-product status-publish has-post-thumbnail product_cat-gamme-anti-age product_cat-serums-pour-le-visage-et-le-contour-des-yeux product_cat-soins-anti-age product_cat-soins-du-visage product_tag-belle-peau product_tag-jeunesse-de-la-peau-du-visage product_tag-peau-du-visage-lisse product_tag-rajeunissement first instock shipping-taxable purchasable product-type-simple\">\n\t<div class=\"col-inner\">\t\n\t\n<div class=\"badge-container absolute left top z-1\">\n<\/div>\t<div class=\"product-small box \">\n\t\t<div class=\"box-image\">\n\t\t\t<div class=\"image-none\">\n\t\t\t\t<a href=\"https:\/\/seacare.com\/fr\/produit\/serum-anti-age-pour-le-visage-50-ml-seacare\/\">\n\t\t\t\t\t<img loading=\"lazy\" decoding=\"async\" width=\"247\" height=\"300\" src=\"https:\/\/seacare.com\/wp-content\/uploads\/2017\/03\/1-20-247x300.jpg\" class=\"attachment-shop_catalog size-shop_catalog wp-post-image\" alt=\"1\" title=\"1\" \/>\t\t\t\t<\/a>\n\t\t\t<\/div>\n\t\t\t<div class=\"image-tools is-small top right show-on-hover\">\n\t\t\t\t\t\t\t<\/div>\n\t\t\t<div class=\"image-tools is-small hide-for-small bottom left show-on-hover\">\n\t\t\t\t\t\t\t<\/div>\n\t\t\t<div class=\"image-tools grid-tools text-center hide-for-small bottom hover-slide-in show-on-hover\">\n\t\t\t\t  <a class=\"quick-view\" data-prod=\"4763\" href=\"#quick-view\">Aper\u00e7u<\/a>\t\t\t<\/div>\n\t\t\t\t\t<\/div><!-- box-image -->\n\n\t\t<div class=\"box-text box-text-products\">\n\t\t\t<div class=\"title-wrapper\">  <p class=\"category uppercase is-smaller no-text-overflow product-cat op-7\">\n        Gamme Anti-\u00c2ge   <\/p> <p class=\"name product-title\"><a href=\"https:\/\/seacare.com\/fr\/produit\/serum-anti-age-pour-le-visage-50-ml-seacare\/\">S\u00e9rum anti-\u00e2ge pour le visage, 50 ml, SeaCare<\/a><\/p><\/div><div class=\"price-wrapper\">\n\t<span class=\"price\"><span class=\"woocommerce-Price-amount amount\"><span class=\"woocommerce-Price-currencySymbol\">&#36;<\/span>&nbsp;56.90<\/span><\/span>\n<\/div>\t\t<\/div><!-- box-text -->\n\t<\/div><!-- box -->\n\t\t<\/div><!-- .col-inner -->\n<\/div><!-- col -->\t            \n\t        <\/div>\n<h3>Produits similaires d\u2019autres gammes<\/h3>\n\n  \n    <div class=\"row large-columns-4 medium-columns- small-columns-2 row-small slider row-slider slider-nav-reveal slider-nav-push\"  data-flickity-options='{\"imagesLoaded\": true, \"groupCells\": \"100%\", \"dragThreshold\" : 5, \"cellAlign\": \"left\",\"wrapAround\": true,\"prevNextButtons\": true,\"percentPosition\": true,\"pageDots\": false, \"rightToLeft\": false, \"autoPlay\" : false}'>\n\n  \t\n\t            \t\t\t\t\t\n<div class=\"product-small col has-hover post-4853 product type-product status-publish has-post-thumbnail product_cat-gamme-multivitaminee product_cat-serums-pour-le-visage-et-le-contour-des-yeux product_cat-soins-anti-age product_cat-soins-des-yeux product_tag-belle-peau-autour-des-yeux product_tag-vitamines first instock shipping-taxable purchasable product-type-simple\">\n\t<div class=\"col-inner\">\t\n\t\n<div class=\"badge-container absolute left top z-1\">\n<\/div>\t<div class=\"product-small box \">\n\t\t<div class=\"box-image\">\n\t\t\t<div class=\"image-none\">\n\t\t\t\t<a href=\"https:\/\/seacare.com\/fr\/produit\/serum-raffermissant-pour-les-yeux-30-ml-seacare\/\">\n\t\t\t\t\t<img loading=\"lazy\" decoding=\"async\" width=\"247\" height=\"300\" src=\"https:\/\/seacare.com\/wp-content\/uploads\/2017\/03\/1.-Eye-Lifting-Serum_Face-247x300.jpg\" class=\"attachment-shop_catalog size-shop_catalog wp-post-image\" alt=\"1. Eye-Lifting-Serum_Face\" title=\"1. Eye-Lifting-Serum_Face\" \/>\t\t\t\t<\/a>\n\t\t\t<\/div>\n\t\t\t<div class=\"image-tools is-small top right show-on-hover\">\n\t\t\t\t\t\t\t<\/div>\n\t\t\t<div class=\"image-tools is-small hide-for-small bottom left show-on-hover\">\n\t\t\t\t\t\t\t<\/div>\n\t\t\t<div class=\"image-tools grid-tools text-center hide-for-small bottom hover-slide-in show-on-hover\">\n\t\t\t\t  <a class=\"quick-view\" data-prod=\"4853\" href=\"#quick-view\">Aper\u00e7u<\/a>\t\t\t<\/div>\n\t\t\t\t\t<\/div><!-- box-image -->\n\n\t\t<div class=\"box-text box-text-products\">\n\t\t\t<div class=\"title-wrapper\">  <p class=\"category uppercase is-smaller no-text-overflow product-cat op-7\">\n        Gamme Multivitamin\u00e9e   <\/p> <p class=\"name product-title\"><a href=\"https:\/\/seacare.com\/fr\/produit\/serum-raffermissant-pour-les-yeux-30-ml-seacare\/\">S\u00e9rum raffermissant pour les yeux, 30 ml, SeaCare<\/a><\/p><\/div><div class=\"price-wrapper\">\n\t<span class=\"price\"><span class=\"woocommerce-Price-amount amount\"><span class=\"woocommerce-Price-currencySymbol\">&#36;<\/span>&nbsp;49.90<\/span><\/span>\n<\/div>\t\t<\/div><!-- box-text -->\n\t<\/div><!-- box -->\n\t\t<\/div><!-- .col-inner -->\n<\/div><!-- col -->\t            \t\t\t\t\t\n<div class=\"product-small col has-hover post-4848 product type-product status-publish has-post-thumbnail product_cat-cremes-pour-le-visage-et-le-contour-des-yeux product_cat-gamme-multivitaminee product_cat-soins-anti-age product_cat-soins-des-yeux product_tag-belle-peau-autour-des-yeux product_tag-vitamines  instock shipping-taxable purchasable product-type-simple\">\n\t<div class=\"col-inner\">\t\n\t\n<div class=\"badge-container absolute left top z-1\">\n<\/div>\t<div class=\"product-small box \">\n\t\t<div class=\"box-image\">\n\t\t\t<div class=\"image-none\">\n\t\t\t\t<a href=\"https:\/\/seacare.com\/fr\/produit\/creme-protectrice-pour-les-yeux-30-ml-seacare\/\">\n\t\t\t\t\t<img loading=\"lazy\" decoding=\"async\" width=\"247\" height=\"300\" src=\"https:\/\/seacare.com\/wp-content\/uploads\/2017\/03\/1.-Eye-Cream_Face-247x300.jpg\" class=\"attachment-shop_catalog size-shop_catalog wp-post-image\" alt=\"1. Eye-Cream_Face\" title=\"1. Eye-Cream_Face\" \/>\t\t\t\t<\/a>\n\t\t\t<\/div>\n\t\t\t<div class=\"image-tools is-small top right show-on-hover\">\n\t\t\t\t\t\t\t<\/div>\n\t\t\t<div class=\"image-tools is-small hide-for-small bottom left show-on-hover\">\n\t\t\t\t\t\t\t<\/div>\n\t\t\t<div class=\"image-tools grid-tools text-center hide-for-small bottom hover-slide-in show-on-hover\">\n\t\t\t\t  <a class=\"quick-view\" data-prod=\"4848\" href=\"#quick-view\">Aper\u00e7u<\/a>\t\t\t<\/div>\n\t\t\t\t\t<\/div><!-- box-image -->\n\n\t\t<div class=\"box-text box-text-products\">\n\t\t\t<div class=\"title-wrapper\">  <p class=\"category uppercase is-smaller no-text-overflow product-cat op-7\">\n        Cr\u00e8mes pour le visage et le contour des yeux   <\/p> <p class=\"name product-title\"><a href=\"https:\/\/seacare.com\/fr\/produit\/creme-protectrice-pour-les-yeux-30-ml-seacare\/\">Cr\u00e8me protectrice pour les yeux, 30 ml, SeaCare<\/a><\/p><\/div><div class=\"price-wrapper\">\n\t<span class=\"price\"><span class=\"woocommerce-Price-amount amount\"><span class=\"woocommerce-Price-currencySymbol\">&#36;<\/span>&nbsp;47.90<\/span><\/span>\n<\/div>\t\t<\/div><!-- box-text -->\n\t<\/div><!-- box -->\n\t\t<\/div><!-- .col-inner -->\n<\/div><!-- col -->\t            \n\t        <\/div>\n","protected":false},"excerpt":{"rendered":"<p>pour tous les<br \/>\ntypes de peau<br \/>\n30 ml &#8211; 1.0 fl.oz.<\/p>\n","protected":false},"featured_media":26157,"comment_status":"open","ping_status":"closed","template":"","meta":[],"_links":{"self":[{"href":"https:\/\/seacare.com\/fr\/wp-json\/wp\/v2\/product\/4748"}],"collection":[{"href":"https:\/\/seacare.com\/fr\/wp-json\/wp\/v2\/product"}],"about":[{"href":"https:\/\/seacare.com\/fr\/wp-json\/wp\/v2\/types\/product"}],"replies":[{"embeddable":true,"href":"https:\/\/seacare.com\/fr\/wp-json\/wp\/v2\/comments?post=4748"}],"wp:featuredmedia":[{"embeddable":true,"href":"https:\/\/seacare.com\/fr\/wp-json\/wp\/v2\/media\/26157"}],"wp:attachment":[{"href":"https:\/\/seacare.com\/fr\/wp-json\/wp\/v2\/media?parent=4748"}],"curies":[{"name":"wp","href":"https:\/\/api.w.org\/{rel}","templated":true}]}}