{"id":34202,"date":"2021-04-27T12:39:59","date_gmt":"2021-04-27T09:39:59","guid":{"rendered":"https:\/\/seacare.com\/it\/?page_id=34202"},"modified":"2021-05-03T14:49:11","modified_gmt":"2021-05-03T11:49:11","slug":"renovage","status":"publish","type":"page","link":"https:\/\/seacare.com\/it\/renovage\/","title":{"rendered":"Renovage\u2122"},"content":{"rendered":"<h1 style=\"text-align: center;\"><span data-text-color=\"primary\">Renovage\u2122<\/span><\/h1>\n<p>Renovage \u2122 \u00e8 un complesso anti-et\u00e0 della societ\u00e0 francese Sederma, il produttore di Matrixyl e di altri eccellenti ingredienti per la cura della pelle. In studi clinici scientificamente hanno dimostrato che Renovage pu\u00f2 ridurre sorprendentemente la comparsa dei segni dell&#8217;invecchiamento cutaneo. Producendo questo effetto Renovage aumenta la durata effettiva della vita delle cellule!<\/p>\n","protected":false},"excerpt":{"rendered":"<p>Renovage\u2122 Renovage \u2122 \u00e8 un complesso anti-et\u00e0 della societ\u00e0 francese Sederma, il produttore di Matrixyl e di altri eccellenti ingredienti per la cura della pelle. In studi clinici scientificamente hanno dimostrato che Renovage pu\u00f2 ridurre sorprendentemente la comparsa dei segni dell&#8217;invecchiamento cutaneo. Producendo questo effetto Renovage aumenta la durata effettiva della vita delle cellule!<\/p>\n","protected":false},"author":1,"featured_media":0,"parent":0,"menu_order":0,"comment_status":"closed","ping_status":"closed","template":"","meta":{"footnotes":""},"_links":{"self":[{"href":"https:\/\/seacare.com\/it\/wp-json\/wp\/v2\/pages\/34202"}],"collection":[{"href":"https:\/\/seacare.com\/it\/wp-json\/wp\/v2\/pages"}],"about":[{"href":"https:\/\/seacare.com\/it\/wp-json\/wp\/v2\/types\/page"}],"author":[{"embeddable":true,"href":"https:\/\/seacare.com\/it\/wp-json\/wp\/v2\/users\/1"}],"replies":[{"embeddable":true,"href":"https:\/\/seacare.com\/it\/wp-json\/wp\/v2\/comments?post=34202"}],"version-history":[{"count":2,"href":"https:\/\/seacare.com\/it\/wp-json\/wp\/v2\/pages\/34202\/revisions"}],"predecessor-version":[{"id":34725,"href":"https:\/\/seacare.com\/it\/wp-json\/wp\/v2\/pages\/34202\/revisions\/34725"}],"wp:attachment":[{"href":"https:\/\/seacare.com\/it\/wp-json\/wp\/v2\/media?parent=34202"}],"curies":[{"name":"wp","href":"https:\/\/api.w.org\/{rel}","templated":true}]}}