{"id":34220,"date":"2021-04-27T13:35:41","date_gmt":"2021-04-27T10:35:41","guid":{"rendered":"https:\/\/seacare.com\/it\/?page_id=34220"},"modified":"2021-05-03T14:48:05","modified_gmt":"2021-05-03T11:48:05","slug":"evermat","status":"publish","type":"page","link":"https:\/\/seacare.com\/it\/evermat\/","title":{"rendered":"Evermat \u2122"},"content":{"rendered":"<h1 style=\"text-align: center;\"><span data-text-color=\"primary\">Evermat \u2122<\/span><\/h1>\n<p>Evermat \u2122 &#8211; un attivo ed efficace ingrediente per la cura della pelle grassa: possiede le eccellenti propriet\u00e0 opacizzanti, aiuta a stringere e ridurre le dimensioni dei pori, leviga la pelle. Questo componente \u00e8 a base di acido oleico, estratto vegetale e glicole butilenico. Evermat \u00e8 un ingrediente che possiede le propriet\u00e0 antinfiammatorie.<\/p>\n","protected":false},"excerpt":{"rendered":"<p>Evermat \u2122 Evermat \u2122 &#8211; un attivo ed efficace ingrediente per la cura della pelle grassa: possiede le eccellenti propriet\u00e0 opacizzanti, aiuta a stringere e ridurre le dimensioni dei pori, leviga la pelle. Questo componente \u00e8 a base di acido oleico, estratto vegetale e glicole butilenico. Evermat \u00e8 un ingrediente che possiede le propriet\u00e0 antinfiammatorie.<\/p>\n","protected":false},"author":1,"featured_media":0,"parent":0,"menu_order":0,"comment_status":"closed","ping_status":"closed","template":"","meta":{"footnotes":""},"_links":{"self":[{"href":"https:\/\/seacare.com\/it\/wp-json\/wp\/v2\/pages\/34220"}],"collection":[{"href":"https:\/\/seacare.com\/it\/wp-json\/wp\/v2\/pages"}],"about":[{"href":"https:\/\/seacare.com\/it\/wp-json\/wp\/v2\/types\/page"}],"author":[{"embeddable":true,"href":"https:\/\/seacare.com\/it\/wp-json\/wp\/v2\/users\/1"}],"replies":[{"embeddable":true,"href":"https:\/\/seacare.com\/it\/wp-json\/wp\/v2\/comments?post=34220"}],"version-history":[{"count":2,"href":"https:\/\/seacare.com\/it\/wp-json\/wp\/v2\/pages\/34220\/revisions"}],"predecessor-version":[{"id":34711,"href":"https:\/\/seacare.com\/it\/wp-json\/wp\/v2\/pages\/34220\/revisions\/34711"}],"wp:attachment":[{"href":"https:\/\/seacare.com\/it\/wp-json\/wp\/v2\/media?parent=34220"}],"curies":[{"name":"wp","href":"https:\/\/api.w.org\/{rel}","templated":true}]}}