{"id":34230,"date":"2021-04-27T13:39:10","date_gmt":"2021-04-27T10:39:10","guid":{"rendered":"https:\/\/seacare.com\/it\/?page_id=34230"},"modified":"2021-05-03T14:49:15","modified_gmt":"2021-05-03T11:49:15","slug":"sesaflash","status":"publish","type":"page","link":"https:\/\/seacare.com\/it\/sesaflash\/","title":{"rendered":"SesaFlash\u00ae"},"content":{"rendered":"<h1 style=\"text-align: center;\"><span data-text-color=\"primary\">SesaFlash\u00ae<\/span><\/h1>\n<p>SesaFlash\u00ae \u00e8 un potente ingrediente naturale a base di sesamo utilizzato nei prodotti per la cura della pelle. CesaFlash \u00e8 noto per le sue capacit\u00e0 di nascondere quasi subito le rughe e le borse sotto gli occhi. \u00c8 capace di creare un effetto visibile entro 5-10 minuti, rendendolo un prodotto ideale per la cura della pelle da applicare prima del trucco.<\/p>\n","protected":false},"excerpt":{"rendered":"<p>SesaFlash\u00ae SesaFlash\u00ae \u00e8 un potente ingrediente naturale a base di sesamo utilizzato nei prodotti per la cura della pelle. CesaFlash \u00e8 noto per le sue capacit\u00e0 di nascondere quasi subito le rughe e le borse sotto gli occhi. \u00c8 capace di creare un effetto visibile entro 5-10 minuti, rendendolo un prodotto ideale per la cura [&hellip;]\n","protected":false},"author":1,"featured_media":0,"parent":0,"menu_order":0,"comment_status":"closed","ping_status":"closed","template":"","meta":{"footnotes":""},"_links":{"self":[{"href":"https:\/\/seacare.com\/it\/wp-json\/wp\/v2\/pages\/34230"}],"collection":[{"href":"https:\/\/seacare.com\/it\/wp-json\/wp\/v2\/pages"}],"about":[{"href":"https:\/\/seacare.com\/it\/wp-json\/wp\/v2\/types\/page"}],"author":[{"embeddable":true,"href":"https:\/\/seacare.com\/it\/wp-json\/wp\/v2\/users\/1"}],"replies":[{"embeddable":true,"href":"https:\/\/seacare.com\/it\/wp-json\/wp\/v2\/comments?post=34230"}],"version-history":[{"count":2,"href":"https:\/\/seacare.com\/it\/wp-json\/wp\/v2\/pages\/34230\/revisions"}],"predecessor-version":[{"id":34733,"href":"https:\/\/seacare.com\/it\/wp-json\/wp\/v2\/pages\/34230\/revisions\/34733"}],"wp:attachment":[{"href":"https:\/\/seacare.com\/it\/wp-json\/wp\/v2\/media?parent=34230"}],"curies":[{"name":"wp","href":"https:\/\/api.w.org\/{rel}","templated":true}]}}