{"id":34247,"date":"2021-04-27T13:50:27","date_gmt":"2021-04-27T10:50:27","guid":{"rendered":"https:\/\/seacare.com\/it\/?page_id=34247"},"modified":"2021-05-03T14:47:51","modified_gmt":"2021-05-03T11:47:51","slug":"dermosoft-omp","status":"publish","type":"page","link":"https:\/\/seacare.com\/it\/dermosoft-omp\/","title":{"rendered":"Dermosoft\u00ae OMP"},"content":{"rendered":"<h1 style=\"text-align: center;\"><span data-text-color=\"primary\">Dermosoft\u00ae OMP<\/span><\/h1>\n<p>Dermosoft\u00ae OMP \u00e8 un ingrediente cosmetico multifunzionale con forte azione antimicrobica, possiede delle propriet\u00e0 idratanti e rigeneranti. Dermosoft OMP \u00e8 composto da una miscela di ingredienti che aiutano a trattenere l&#8217;umidit\u00e0 nella pelle e possono trasformare la maggior parte delle formulazioni cosmetiche in prodotti autoconservanti.<\/p>\n","protected":false},"excerpt":{"rendered":"<p>Dermosoft\u00ae OMP Dermosoft\u00ae OMP \u00e8 un ingrediente cosmetico multifunzionale con forte azione antimicrobica, possiede delle propriet\u00e0 idratanti e rigeneranti. Dermosoft OMP \u00e8 composto da una miscela di ingredienti che aiutano a trattenere l&#8217;umidit\u00e0 nella pelle e possono trasformare la maggior parte delle formulazioni cosmetiche in prodotti autoconservanti.<\/p>\n","protected":false},"author":1,"featured_media":0,"parent":0,"menu_order":0,"comment_status":"closed","ping_status":"closed","template":"","meta":{"footnotes":""},"_links":{"self":[{"href":"https:\/\/seacare.com\/it\/wp-json\/wp\/v2\/pages\/34247"}],"collection":[{"href":"https:\/\/seacare.com\/it\/wp-json\/wp\/v2\/pages"}],"about":[{"href":"https:\/\/seacare.com\/it\/wp-json\/wp\/v2\/types\/page"}],"author":[{"embeddable":true,"href":"https:\/\/seacare.com\/it\/wp-json\/wp\/v2\/users\/1"}],"replies":[{"embeddable":true,"href":"https:\/\/seacare.com\/it\/wp-json\/wp\/v2\/comments?post=34247"}],"version-history":[{"count":2,"href":"https:\/\/seacare.com\/it\/wp-json\/wp\/v2\/pages\/34247\/revisions"}],"predecessor-version":[{"id":34699,"href":"https:\/\/seacare.com\/it\/wp-json\/wp\/v2\/pages\/34247\/revisions\/34699"}],"wp:attachment":[{"href":"https:\/\/seacare.com\/it\/wp-json\/wp\/v2\/media?parent=34247"}],"curies":[{"name":"wp","href":"https:\/\/api.w.org\/{rel}","templated":true}]}}