{"id":34251,"date":"2021-04-27T14:00:07","date_gmt":"2021-04-27T11:00:07","guid":{"rendered":"https:\/\/seacare.com\/it\/?page_id=34251"},"modified":"2021-05-03T14:48:15","modified_gmt":"2021-05-03T11:48:15","slug":"minerali-del-mar-morto","status":"publish","type":"page","link":"https:\/\/seacare.com\/it\/minerali-del-mar-morto\/","title":{"rendered":"Minerali del Mar Morto"},"content":{"rendered":"<h1 style=\"text-align: center;\"><span data-text-color=\"primary\">Minerali del Mar Morto<\/span><\/h1>\n<p style=\"text-align: center;\">Il Mar Morto contiene oltre 20 minerali i quali come \u00e8 stato provato migliorano l&#8217;aspetto della pelle e aiutano a mantenerla sana e giovane. Anche le piante che crescono lungo le rive del Mar Morto hanno un&#8217;alta concentrazione di vitamine, minerali e oli curativi che vengono utilizzati in dermatologia, cosmetica e medicina. I minerali essenziali trovati nel Mar Morto sono importanti per il corretto funzionamento delle cellule della pelle apportando un contributo significativo al mantenimento della salute e della bellezza della pelle.<\/p>\n    <div class=\"img has-hover x md-x lg-x y md-y lg-y\" id=\"image_2033955319\">\n                <div class=\"img-inner dark\" style=\"margin:-15px 0px 0px 0px;\">\n        <img loading=\"lazy\" decoding=\"async\" width=\"994\" height=\"145\" src=\"https:\/\/seacare.com\/wp-content\/uploads\/2020\/10\/\u041c\u0438\u043d\u0435\u0440\u0430\u043b\u044b.png\" class=\"attachment-large size-large\" alt=\"Minerals\" srcset=\"https:\/\/seacare.com\/wp-content\/uploads\/2020\/10\/\u041c\u0438\u043d\u0435\u0440\u0430\u043b\u044b.png 994w, https:\/\/seacare.com\/wp-content\/uploads\/2020\/10\/\u041c\u0438\u043d\u0435\u0440\u0430\u043b\u044b-800x117.png 800w, https:\/\/seacare.com\/wp-content\/uploads\/2020\/10\/\u041c\u0438\u043d\u0435\u0440\u0430\u043b\u044b-768x112.png 768w\" sizes=\"(max-width: 994px) 100vw, 994px\" \/>                \n            <\/div>\n                   \n<style scope=\"scope\">\n\n<\/style>\n    <\/div>\n    \n<div class=\"row\"  id=\"row-850493026\">\n<div class=\"col medium-6 small-12 large-6\"  ><div class=\"col-inner\" style=\"padding:6px 0px 0px 0px;\" >\n<p><strong>Magnesio<\/strong> \u00e8 un minerale curativo che aiuta la guarigione dei tessuti della pelle, agisce come un agente antiallergico, migliora il metabolismo cellulare e stimola la sintesi proteica e la produzione di energia.<\/p>\n<p><strong>Iodio<\/strong> &#8211; contribuisce al corretto funzionamento della ghiandola tiroidea e migliora l&#8217;attivit\u00e0 metabolica delle cellule presenti nella pelle.<\/p>\n<p><strong>Zolfo<\/strong> \u00e8 un noto minerale curativo. Contiene vitamine essenziali ed \u00e8 un agente naturale disinfettante e antibatterico che lo rende efficace contro l&#8217;acne. Inoltre \u00e8 stato provato che lo zolfo allevia i sintomi di malattie della pelle come la psoriasi e l&#8217;eczema.<\/p>\n<p><strong>Potassio<\/strong> \u00e8 un regolatore chiave dell&#8217;umidit\u00e0 e aiuta a mantenere un ambiente neutro della pelle. I segni della carenza di potassio includono la pelle secca e acne nonch\u00e9 riacutizzazioni della psoriasi.<\/p>\n<p><strong>Calcio<\/strong> \u00e8 un elemento costruttivo per il tessuto connettivo sotto la superficie della pelle e svolge un ruolo importante nella protezione delle cellule della pelle. Il calcio regola la permeabilit\u00e0 delle membrane cellulari (assorbimento e produzione dei grassi) e normalizza la differenziazione delle cellule della pelle.<\/p>\n<p><strong>Sodio<\/strong> \u00e8 un minerale del Mar Morto che migliora l\u2019azione metabolica delle cellule della pelle. Il sodio allevia gli spasmi muscolari e la rigidit\u00e0, mantiene un ambiente neutro nelle cellule della pelle.<\/p>\n<\/div><\/div>\n<div class=\"col hide-for-small medium-6 small-12 large-6\"  ><div class=\"col-inner\" style=\"margin:6px 0px 0px 0px;\" >\n<p><strong>Zinco<\/strong> \u00e8 un minerale essenziale per la regolazione naturale della crescita e della rigenerazione cellulare, migliora il rinnovamento cellulare e stimola la sintesi di collagene ed elastina (rinnova la pelle). Lo zinco \u00e8 un ottimo antiossidante. Lo zinco migliora la regolazione del sebo (le propriet\u00e0 anti-acne), propriet\u00e0 antinfiammatorie ed \u00e8 un bloccante naturale dei raggi ultravioletti.<\/p>\n<p><strong>Stronzio<\/strong> \u00e8 efficace contro il prurito, riduce i segni della dermatite da contatto (un problema comune per le persone con la pelle sensibile che usano regolarmente i cosmetici).<\/p>\n<p><strong>Bromo<\/strong> &#8211; ha un effetto antinfiammatorio e calmante, rilassa i muscoli e calma i nervi della pelle.<\/p>\n<p><strong>Manganese<\/strong> \u00e8 un elemento ben noto per le sue propriet\u00e0 antiossidanti. Il manganese aumenta la microcircolazione cutanea (fornisce un effetto ringiovanente) e migliora le condizioni dei tessuti connettivi.<\/p>\n<p><strong>Litio<\/strong> \u00e8 un minerale del Mar Morto che aumenta l&#8217;efficacia del bagno di sale nel trattamento della psoriasi.<\/p>\n<p><strong>Boro<\/strong> \u00e8 un minerale che aiuta ad alleviare i sintomi della psoriasi e dell&#8217;artrite psoriasica.<\/p>\n<\/div><\/div>\n<div class=\"col show-for-small medium-6 small-12 large-6\"  ><div class=\"col-inner\" style=\"margin:-36px 0px 0px 0px;\" >\n<p><strong>Zinco<\/strong> \u00e8 un minerale essenziale per la regolazione naturale della crescita e della rigenerazione cellulare, migliora il rinnovamento cellulare e stimola la sintesi di collagene ed elastina (rinnova la pelle). Lo zinco \u00e8 un ottimo antiossidante. Lo zinco migliora la regolazione del sebo (le propriet\u00e0 anti-acne), propriet\u00e0 antinfiammatorie ed \u00e8 un bloccante naturale dei raggi ultravioletti.<\/p>\n<p><strong>Stronzio<\/strong> \u00e8 efficace contro il prurito, riduce i segni della dermatite da contatto (un problema comune per le persone con la pelle sensibile che usano regolarmente i cosmetici).<\/p>\n<p><strong>Bromo<\/strong> &#8211; ha un effetto antinfiammatorio e calmante, rilassa i muscoli e calma i nervi della pelle.<\/p>\n<p><strong>Manganese<\/strong> \u00e8 un elemento ben noto per le sue propriet\u00e0 antiossidanti. Il manganese aumenta la microcircolazione cutanea (fornisce un effetto ringiovanente) e migliora le condizioni dei tessuti connettivi.<\/p>\n<p><strong>Litio<\/strong> \u00e8 un minerale del Mar Morto che aumenta l&#8217;efficacia del bagno di sale nel trattamento della psoriasi.<\/p>\n<p><strong>Boro<\/strong> \u00e8 un minerale che aiuta ad alleviare i sintomi della psoriasi e dell&#8217;artrite psoriasica.<\/p>\n<\/div><\/div>\n<\/div>\n    <div class=\"img has-hover x md-x lg-x y md-y lg-y\" id=\"image_1419181709\">\n                <div class=\"img-inner dark\" >\n        <img loading=\"lazy\" decoding=\"async\" width=\"1020\" height=\"95\" src=\"https:\/\/seacare.com\/wp-content\/uploads\/2020\/10\/\u041b\u043e\u0433\u043e\u0442\u0438\u043f-\u0434\u043b\u044f-\u0421\u0430\u0438\u0306\u0442\u0430-SeaCare-\u043a\u043e\u043f\u0438\u044f-1400x130.png\" class=\"attachment-large size-large\" alt=\"Logo for the SeaCare Website\" srcset=\"https:\/\/seacare.com\/wp-content\/uploads\/2020\/10\/\u041b\u043e\u0433\u043e\u0442\u0438\u043f-\u0434\u043b\u044f-\u0421\u0430\u0438\u0306\u0442\u0430-SeaCare-\u043a\u043e\u043f\u0438\u044f-1400x130.png 1400w, https:\/\/seacare.com\/wp-content\/uploads\/2020\/10\/\u041b\u043e\u0433\u043e\u0442\u0438\u043f-\u0434\u043b\u044f-\u0421\u0430\u0438\u0306\u0442\u0430-SeaCare-\u043a\u043e\u043f\u0438\u044f-800x74.png 800w, https:\/\/seacare.com\/wp-content\/uploads\/2020\/10\/\u041b\u043e\u0433\u043e\u0442\u0438\u043f-\u0434\u043b\u044f-\u0421\u0430\u0438\u0306\u0442\u0430-SeaCare-\u043a\u043e\u043f\u0438\u044f-768x71.png 768w\" sizes=\"(max-width: 1020px) 100vw, 1020px\" \/>                \n            <\/div>\n                   \n<style scope=\"scope\">\n\n<\/style>\n    <\/div>\n    \n    <div class=\"img has-hover x md-x lg-x y md-y lg-y\" id=\"image_2107844533\">\n                <div class=\"img-inner dark\" >\n                        \n            <\/div>\n                   \n<style scope=\"scope\">\n\n<\/style>\n    <\/div>\n    \n","protected":false},"excerpt":{"rendered":"<p>Minerali del Mar Morto Il Mar Morto contiene oltre 20 minerali i quali come \u00e8 stato provato migliorano l&#8217;aspetto della pelle e aiutano a mantenerla sana e giovane. Anche le piante che crescono lungo le rive del Mar Morto hanno un&#8217;alta concentrazione di vitamine, minerali e oli curativi che vengono utilizzati in dermatologia, cosmetica e [&hellip;]\n","protected":false},"author":1,"featured_media":0,"parent":0,"menu_order":0,"comment_status":"closed","ping_status":"closed","template":"","meta":{"footnotes":""},"_links":{"self":[{"href":"https:\/\/seacare.com\/it\/wp-json\/wp\/v2\/pages\/34251"}],"collection":[{"href":"https:\/\/seacare.com\/it\/wp-json\/wp\/v2\/pages"}],"about":[{"href":"https:\/\/seacare.com\/it\/wp-json\/wp\/v2\/types\/page"}],"author":[{"embeddable":true,"href":"https:\/\/seacare.com\/it\/wp-json\/wp\/v2\/users\/1"}],"replies":[{"embeddable":true,"href":"https:\/\/seacare.com\/it\/wp-json\/wp\/v2\/comments?post=34251"}],"version-history":[{"count":4,"href":"https:\/\/seacare.com\/it\/wp-json\/wp\/v2\/pages\/34251\/revisions"}],"predecessor-version":[{"id":34255,"href":"https:\/\/seacare.com\/it\/wp-json\/wp\/v2\/pages\/34251\/revisions\/34255"}],"wp:attachment":[{"href":"https:\/\/seacare.com\/it\/wp-json\/wp\/v2\/media?parent=34251"}],"curies":[{"name":"wp","href":"https:\/\/api.w.org\/{rel}","templated":true}]}}