{"id":34256,"date":"2021-04-27T14:22:11","date_gmt":"2021-04-27T11:22:11","guid":{"rendered":"https:\/\/seacare.com\/it\/?page_id=34256"},"modified":"2021-07-07T15:29:40","modified_gmt":"2021-07-07T12:29:40","slug":"sale-del-mar-morto","status":"publish","type":"page","link":"https:\/\/seacare.com\/it\/sale-del-mar-morto\/","title":{"rendered":"Sale del Mar Morto"},"content":{"rendered":"<h1 style=\"text-align: center;\"><span data-text-color=\"primary\">Sale del Mar Morto<\/span><\/h1>\n<p>Il Sale del Mar Morto \u00e8 ricco di minerali essenziali, il sale del Mar Morto pu\u00f2 essere proprio ci\u00f2 di cui abbiamo bisogno per la nostra salute e benessere. Il sale del Mar Morto contiene una variet\u00e0 di minerali, tra cui potassio, calcio, magnesio, sodio e tracce di zolfo, che svolgono un ruolo importante per la nostra salute. Grazie alle sue propriet\u00e0 antibatteriche il contenuto di zolfo \u00e8 ottimo per pulire la superficie della pelle.<\/p>\n","protected":false},"excerpt":{"rendered":"<p>Sale del Mar Morto Il Sale del Mar Morto \u00e8 ricco di minerali essenziali, il sale del Mar Morto pu\u00f2 essere proprio ci\u00f2 di cui abbiamo bisogno per la nostra salute e benessere. Il sale del Mar Morto contiene una variet\u00e0 di minerali, tra cui potassio, calcio, magnesio, sodio e tracce di zolfo, che svolgono [&hellip;]\n","protected":false},"author":1,"featured_media":0,"parent":0,"menu_order":0,"comment_status":"closed","ping_status":"closed","template":"","meta":{"footnotes":""},"_links":{"self":[{"href":"https:\/\/seacare.com\/it\/wp-json\/wp\/v2\/pages\/34256"}],"collection":[{"href":"https:\/\/seacare.com\/it\/wp-json\/wp\/v2\/pages"}],"about":[{"href":"https:\/\/seacare.com\/it\/wp-json\/wp\/v2\/types\/page"}],"author":[{"embeddable":true,"href":"https:\/\/seacare.com\/it\/wp-json\/wp\/v2\/users\/1"}],"replies":[{"embeddable":true,"href":"https:\/\/seacare.com\/it\/wp-json\/wp\/v2\/comments?post=34256"}],"version-history":[{"count":3,"href":"https:\/\/seacare.com\/it\/wp-json\/wp\/v2\/pages\/34256\/revisions"}],"predecessor-version":[{"id":34731,"href":"https:\/\/seacare.com\/it\/wp-json\/wp\/v2\/pages\/34256\/revisions\/34731"}],"wp:attachment":[{"href":"https:\/\/seacare.com\/it\/wp-json\/wp\/v2\/media?parent=34256"}],"curies":[{"name":"wp","href":"https:\/\/api.w.org\/{rel}","templated":true}]}}