{"id":34266,"date":"2021-04-27T14:39:43","date_gmt":"2021-04-27T11:39:43","guid":{"rendered":"https:\/\/seacare.com\/it\/?page_id=34266"},"modified":"2021-05-03T14:47:39","modified_gmt":"2021-05-03T11:47:39","slug":"aloe-vera","status":"publish","type":"page","link":"https:\/\/seacare.com\/it\/aloe-vera\/","title":{"rendered":"Aloe Vera"},"content":{"rendered":"<h1 style=\"text-align: center;\"><span data-text-color=\"primary\">Aloe Vera<\/span><\/h1>\n<p>L&#8217;aloe vera aiuta a idratare e nutrire la pelle del corpo, favorisce la sua guarigione, ripristino e ringiovanimento dello strato superiore dell&#8217;epitelio. Inoltre l&#8217;Aloe vera \u00e8 utile per combattere l&#8217;invecchiamento cutaneo, la perdita di elasticit\u00e0 e idratazione, \u00e8 un buon rimedio contro le smagliature e aiuta a combatterle nella fase iniziale.<\/p>\n","protected":false},"excerpt":{"rendered":"<p>Aloe Vera L&#8217;aloe vera aiuta a idratare e nutrire la pelle del corpo, favorisce la sua guarigione, ripristino e ringiovanimento dello strato superiore dell&#8217;epitelio. Inoltre l&#8217;Aloe vera \u00e8 utile per combattere l&#8217;invecchiamento cutaneo, la perdita di elasticit\u00e0 e idratazione, \u00e8 un buon rimedio contro le smagliature e aiuta a combatterle nella fase iniziale.<\/p>\n","protected":false},"author":1,"featured_media":0,"parent":0,"menu_order":0,"comment_status":"closed","ping_status":"closed","template":"","meta":{"footnotes":""},"_links":{"self":[{"href":"https:\/\/seacare.com\/it\/wp-json\/wp\/v2\/pages\/34266"}],"collection":[{"href":"https:\/\/seacare.com\/it\/wp-json\/wp\/v2\/pages"}],"about":[{"href":"https:\/\/seacare.com\/it\/wp-json\/wp\/v2\/types\/page"}],"author":[{"embeddable":true,"href":"https:\/\/seacare.com\/it\/wp-json\/wp\/v2\/users\/1"}],"replies":[{"embeddable":true,"href":"https:\/\/seacare.com\/it\/wp-json\/wp\/v2\/comments?post=34266"}],"version-history":[{"count":3,"href":"https:\/\/seacare.com\/it\/wp-json\/wp\/v2\/pages\/34266\/revisions"}],"predecessor-version":[{"id":34269,"href":"https:\/\/seacare.com\/it\/wp-json\/wp\/v2\/pages\/34266\/revisions\/34269"}],"wp:attachment":[{"href":"https:\/\/seacare.com\/it\/wp-json\/wp\/v2\/media?parent=34266"}],"curies":[{"name":"wp","href":"https:\/\/api.w.org\/{rel}","templated":true}]}}