{"id":34270,"date":"2021-04-27T14:42:30","date_gmt":"2021-04-27T11:42:30","guid":{"rendered":"https:\/\/seacare.com\/it\/?page_id=34270"},"modified":"2021-05-03T14:47:44","modified_gmt":"2021-05-03T11:47:44","slug":"burro-di-karite","status":"publish","type":"page","link":"https:\/\/seacare.com\/it\/burro-di-karite\/","title":{"rendered":"Burro Di Karit\u00e8"},"content":{"rendered":"<h1 style=\"text-align: center;\"><span data-text-color=\"primary\">Burro Di Karit\u00e8<\/span><\/h1>\n<p>Il Burro di Karit\u00e8 \u00e8 l\u2019importante per il trattamento dei vari problemi della pelle come le macchie, rughe, eczemi e dermatiti. Il Burro di Karit\u00e8 possiede anche le propriet\u00e0 che favoriscono al trattamento di allergie, punture di insetti, ustioni, congelamenti e una serie di altri disturbi della pelle. Aumenta la microcircolazione nella pelle e favorisce a migliorare l\u2019afflusso di sangue alla pelle.<\/p>\n","protected":false},"excerpt":{"rendered":"<p>Burro Di Karit\u00e8 Il Burro di Karit\u00e8 \u00e8 l\u2019importante per il trattamento dei vari problemi della pelle come le macchie, rughe, eczemi e dermatiti. Il Burro di Karit\u00e8 possiede anche le propriet\u00e0 che favoriscono al trattamento di allergie, punture di insetti, ustioni, congelamenti e una serie di altri disturbi della pelle. Aumenta la microcircolazione nella [&hellip;]\n","protected":false},"author":1,"featured_media":0,"parent":0,"menu_order":0,"comment_status":"closed","ping_status":"closed","template":"","meta":{"footnotes":""},"_links":{"self":[{"href":"https:\/\/seacare.com\/it\/wp-json\/wp\/v2\/pages\/34270"}],"collection":[{"href":"https:\/\/seacare.com\/it\/wp-json\/wp\/v2\/pages"}],"about":[{"href":"https:\/\/seacare.com\/it\/wp-json\/wp\/v2\/types\/page"}],"author":[{"embeddable":true,"href":"https:\/\/seacare.com\/it\/wp-json\/wp\/v2\/users\/1"}],"replies":[{"embeddable":true,"href":"https:\/\/seacare.com\/it\/wp-json\/wp\/v2\/comments?post=34270"}],"version-history":[{"count":2,"href":"https:\/\/seacare.com\/it\/wp-json\/wp\/v2\/pages\/34270\/revisions"}],"predecessor-version":[{"id":34272,"href":"https:\/\/seacare.com\/it\/wp-json\/wp\/v2\/pages\/34270\/revisions\/34272"}],"wp:attachment":[{"href":"https:\/\/seacare.com\/it\/wp-json\/wp\/v2\/media?parent=34270"}],"curies":[{"name":"wp","href":"https:\/\/api.w.org\/{rel}","templated":true}]}}