{"id":34277,"date":"2021-04-27T14:46:12","date_gmt":"2021-04-27T11:46:12","guid":{"rendered":"https:\/\/seacare.com\/it\/?page_id=34277"},"modified":"2021-05-03T14:48:22","modified_gmt":"2021-05-03T11:48:22","slug":"olio-di-canape","status":"publish","type":"page","link":"https:\/\/seacare.com\/it\/olio-di-canape\/","title":{"rendered":"Olio di canap\u00e9"},"content":{"rendered":"<h1 style=\"text-align: center;\"><span data-text-color=\"primary\">Olio di canap\u00e9<\/span><\/h1>\n<p>L&#8217;olio di canapa pu\u00f2 essere utilizzato a qualsiasi et\u00e0 e con qualsiasi tipo di pelle. L&#8217;olio di canapa per il viso \u00e8 considerato uno dei pi\u00f9 profondi idratanti cellulari, ripristina l&#8217;elasticit\u00e0, nutre, ammorbidisce, leviga le rughe e possiede anche le propriet\u00e0 antibatteriche. Aiuta a trattenere le molecole d&#8217;acqua nella pelle.<\/p>\n","protected":false},"excerpt":{"rendered":"<p>Olio di canap\u00e9 L&#8217;olio di canapa pu\u00f2 essere utilizzato a qualsiasi et\u00e0 e con qualsiasi tipo di pelle. L&#8217;olio di canapa per il viso \u00e8 considerato uno dei pi\u00f9 profondi idratanti cellulari, ripristina l&#8217;elasticit\u00e0, nutre, ammorbidisce, leviga le rughe e possiede anche le propriet\u00e0 antibatteriche. Aiuta a trattenere le molecole d&#8217;acqua nella pelle.<\/p>\n","protected":false},"author":1,"featured_media":0,"parent":0,"menu_order":0,"comment_status":"closed","ping_status":"closed","template":"","meta":{"footnotes":""},"_links":{"self":[{"href":"https:\/\/seacare.com\/it\/wp-json\/wp\/v2\/pages\/34277"}],"collection":[{"href":"https:\/\/seacare.com\/it\/wp-json\/wp\/v2\/pages"}],"about":[{"href":"https:\/\/seacare.com\/it\/wp-json\/wp\/v2\/types\/page"}],"author":[{"embeddable":true,"href":"https:\/\/seacare.com\/it\/wp-json\/wp\/v2\/users\/1"}],"replies":[{"embeddable":true,"href":"https:\/\/seacare.com\/it\/wp-json\/wp\/v2\/comments?post=34277"}],"version-history":[{"count":1,"href":"https:\/\/seacare.com\/it\/wp-json\/wp\/v2\/pages\/34277\/revisions"}],"predecessor-version":[{"id":34278,"href":"https:\/\/seacare.com\/it\/wp-json\/wp\/v2\/pages\/34277\/revisions\/34278"}],"wp:attachment":[{"href":"https:\/\/seacare.com\/it\/wp-json\/wp\/v2\/media?parent=34277"}],"curies":[{"name":"wp","href":"https:\/\/api.w.org\/{rel}","templated":true}]}}