{"id":34289,"date":"2021-04-27T14:56:04","date_gmt":"2021-04-27T11:56:04","guid":{"rendered":"https:\/\/seacare.com\/it\/?page_id=34289"},"modified":"2021-05-03T14:48:27","modified_gmt":"2021-05-03T11:48:27","slug":"olio-di-noci-di-macadamia","status":"publish","type":"page","link":"https:\/\/seacare.com\/it\/olio-di-noci-di-macadamia\/","title":{"rendered":"Olio di noci di macadamia"},"content":{"rendered":"<h1 style=\"text-align: center;\"><span data-text-color=\"primary\">Olio di noci di macadamia<\/span><\/h1>\n<p>L&#8217;olio di noci di macadamia \u00e8 un olio vegetale molto insolito che ha notevoli propriet\u00e0 simili alla pelle. Grazie ad alto contenuto di una variet\u00e0 di acidi grassi, l&#8217;olio di macadamia \u00e8 molto utile per la pelle secca e matura. Gli Acidi Oleico e Linoleico conferiscono all&#8217;Olio di Macadamia fantastiche propriet\u00e0 rigeneranti e idratanti.<\/p>\n","protected":false},"excerpt":{"rendered":"<p>Olio di noci di macadamia L&#8217;olio di noci di macadamia \u00e8 un olio vegetale molto insolito che ha notevoli propriet\u00e0 simili alla pelle. Grazie ad alto contenuto di una variet\u00e0 di acidi grassi, l&#8217;olio di macadamia \u00e8 molto utile per la pelle secca e matura. Gli Acidi Oleico e Linoleico conferiscono all&#8217;Olio di Macadamia fantastiche [&hellip;]\n","protected":false},"author":1,"featured_media":0,"parent":0,"menu_order":0,"comment_status":"closed","ping_status":"closed","template":"","meta":{"footnotes":""},"_links":{"self":[{"href":"https:\/\/seacare.com\/it\/wp-json\/wp\/v2\/pages\/34289"}],"collection":[{"href":"https:\/\/seacare.com\/it\/wp-json\/wp\/v2\/pages"}],"about":[{"href":"https:\/\/seacare.com\/it\/wp-json\/wp\/v2\/types\/page"}],"author":[{"embeddable":true,"href":"https:\/\/seacare.com\/it\/wp-json\/wp\/v2\/users\/1"}],"replies":[{"embeddable":true,"href":"https:\/\/seacare.com\/it\/wp-json\/wp\/v2\/comments?post=34289"}],"version-history":[{"count":1,"href":"https:\/\/seacare.com\/it\/wp-json\/wp\/v2\/pages\/34289\/revisions"}],"predecessor-version":[{"id":34290,"href":"https:\/\/seacare.com\/it\/wp-json\/wp\/v2\/pages\/34289\/revisions\/34290"}],"wp:attachment":[{"href":"https:\/\/seacare.com\/it\/wp-json\/wp\/v2\/media?parent=34289"}],"curies":[{"name":"wp","href":"https:\/\/api.w.org\/{rel}","templated":true}]}}