{"id":34293,"date":"2021-04-27T14:57:37","date_gmt":"2021-04-27T11:57:37","guid":{"rendered":"https:\/\/seacare.com\/it\/?page_id=34293"},"modified":"2021-05-03T14:47:46","modified_gmt":"2021-05-03T11:47:46","slug":"caolino","status":"publish","type":"page","link":"https:\/\/seacare.com\/it\/caolino\/","title":{"rendered":"Caolino"},"content":{"rendered":"<h1 style=\"text-align: center;\"><span data-text-color=\"primary\">Caolino<\/span><\/h1>\n<p>Caolino olino nei cosmetici \u00e8 l&#8217;argilla pi\u00f9 morbida. L&#8217;argilla bianca non secca la pelle e non assorbe l&#8217;umidit\u00e0 o la lubrificazione naturale della pelle rispetto all&#8217;argilla bentonitica o all&#8217;argilla verde illite. Potete usare la maschera all&#8217;argilla bianca settimanalmente e la vostra pelle non sar\u00e0 mai troppo secca e irritata.<\/p>\n","protected":false},"excerpt":{"rendered":"<p>Caolino Caolino olino nei cosmetici \u00e8 l&#8217;argilla pi\u00f9 morbida. L&#8217;argilla bianca non secca la pelle e non assorbe l&#8217;umidit\u00e0 o la lubrificazione naturale della pelle rispetto all&#8217;argilla bentonitica o all&#8217;argilla verde illite. Potete usare la maschera all&#8217;argilla bianca settimanalmente e la vostra pelle non sar\u00e0 mai troppo secca e irritata.<\/p>\n","protected":false},"author":1,"featured_media":0,"parent":0,"menu_order":0,"comment_status":"closed","ping_status":"closed","template":"","meta":{"footnotes":""},"_links":{"self":[{"href":"https:\/\/seacare.com\/it\/wp-json\/wp\/v2\/pages\/34293"}],"collection":[{"href":"https:\/\/seacare.com\/it\/wp-json\/wp\/v2\/pages"}],"about":[{"href":"https:\/\/seacare.com\/it\/wp-json\/wp\/v2\/types\/page"}],"author":[{"embeddable":true,"href":"https:\/\/seacare.com\/it\/wp-json\/wp\/v2\/users\/1"}],"replies":[{"embeddable":true,"href":"https:\/\/seacare.com\/it\/wp-json\/wp\/v2\/comments?post=34293"}],"version-history":[{"count":1,"href":"https:\/\/seacare.com\/it\/wp-json\/wp\/v2\/pages\/34293\/revisions"}],"predecessor-version":[{"id":34294,"href":"https:\/\/seacare.com\/it\/wp-json\/wp\/v2\/pages\/34293\/revisions\/34294"}],"wp:attachment":[{"href":"https:\/\/seacare.com\/it\/wp-json\/wp\/v2\/media?parent=34293"}],"curies":[{"name":"wp","href":"https:\/\/api.w.org\/{rel}","templated":true}]}}