{"id":34297,"date":"2021-04-27T14:59:20","date_gmt":"2021-04-27T11:59:20","guid":{"rendered":"https:\/\/seacare.com\/it\/?page_id=34297"},"modified":"2021-05-03T14:48:25","modified_gmt":"2021-05-03T11:48:25","slug":"olio-di-limone","status":"publish","type":"page","link":"https:\/\/seacare.com\/it\/olio-di-limone\/","title":{"rendered":"Olio di limone"},"content":{"rendered":"<h1 style=\"text-align: center;\"><span data-text-color=\"primary\">Olio di limone<\/span><\/h1>\n<p>L&#8217;olio di limone applicato sulla pelle pu\u00f2 migliorare significativamente il suo aspetto e renderlo pi\u00f9 giovane. Possiede delle capacit\u00e0 di riparare la pelle cedevole o opaca grazie al suo effetto astringente e antisettico. L&#8217;olio di limone uccide vari agenti patogeni che vivono sulla pelle, trattando varie malattie della pelle e l&#8217;acne.<\/p>\n","protected":false},"excerpt":{"rendered":"<p>Olio di limone L&#8217;olio di limone applicato sulla pelle pu\u00f2 migliorare significativamente il suo aspetto e renderlo pi\u00f9 giovane. Possiede delle capacit\u00e0 di riparare la pelle cedevole o opaca grazie al suo effetto astringente e antisettico. L&#8217;olio di limone uccide vari agenti patogeni che vivono sulla pelle, trattando varie malattie della pelle e l&#8217;acne.<\/p>\n","protected":false},"author":1,"featured_media":0,"parent":0,"menu_order":0,"comment_status":"closed","ping_status":"closed","template":"","meta":{"footnotes":""},"_links":{"self":[{"href":"https:\/\/seacare.com\/it\/wp-json\/wp\/v2\/pages\/34297"}],"collection":[{"href":"https:\/\/seacare.com\/it\/wp-json\/wp\/v2\/pages"}],"about":[{"href":"https:\/\/seacare.com\/it\/wp-json\/wp\/v2\/types\/page"}],"author":[{"embeddable":true,"href":"https:\/\/seacare.com\/it\/wp-json\/wp\/v2\/users\/1"}],"replies":[{"embeddable":true,"href":"https:\/\/seacare.com\/it\/wp-json\/wp\/v2\/comments?post=34297"}],"version-history":[{"count":1,"href":"https:\/\/seacare.com\/it\/wp-json\/wp\/v2\/pages\/34297\/revisions"}],"predecessor-version":[{"id":34298,"href":"https:\/\/seacare.com\/it\/wp-json\/wp\/v2\/pages\/34297\/revisions\/34298"}],"wp:attachment":[{"href":"https:\/\/seacare.com\/it\/wp-json\/wp\/v2\/media?parent=34297"}],"curies":[{"name":"wp","href":"https:\/\/api.w.org\/{rel}","templated":true}]}}