{"id":34303,"date":"2021-04-27T15:01:34","date_gmt":"2021-04-27T12:01:34","guid":{"rendered":"https:\/\/seacare.com\/it\/?page_id=34303"},"modified":"2021-05-03T14:49:10","modified_gmt":"2021-05-03T11:49:10","slug":"polvere-di-riso","status":"publish","type":"page","link":"https:\/\/seacare.com\/it\/polvere-di-riso\/","title":{"rendered":"Polvere di riso"},"content":{"rendered":"<h1 style=\"text-align: center;\"><span data-text-color=\"primary\">Polvere di riso<\/span><\/h1>\n<p>La polvere di riso contiene molte vitamine e minerali per aiutano a ottenere una pelle chiara e impeccabile. La polvere di riso \u00e8 una sostanza granulosa di natura e quindi \u00e8 in grado di esfoliare la pelle lasciandola cos\u00ec morbida ed elastica al tatto. Pu\u00f2 essere utilizzato per la schiaritura della pelle soprattutto se si soffre di scolorimento o iperpigmentazione.<\/p>\n","protected":false},"excerpt":{"rendered":"<p>Polvere di riso La polvere di riso contiene molte vitamine e minerali per aiutano a ottenere una pelle chiara e impeccabile. La polvere di riso \u00e8 una sostanza granulosa di natura e quindi \u00e8 in grado di esfoliare la pelle lasciandola cos\u00ec morbida ed elastica al tatto. Pu\u00f2 essere utilizzato per la schiaritura della pelle [&hellip;]\n","protected":false},"author":1,"featured_media":0,"parent":0,"menu_order":0,"comment_status":"closed","ping_status":"closed","template":"","meta":{"footnotes":""},"_links":{"self":[{"href":"https:\/\/seacare.com\/it\/wp-json\/wp\/v2\/pages\/34303"}],"collection":[{"href":"https:\/\/seacare.com\/it\/wp-json\/wp\/v2\/pages"}],"about":[{"href":"https:\/\/seacare.com\/it\/wp-json\/wp\/v2\/types\/page"}],"author":[{"embeddable":true,"href":"https:\/\/seacare.com\/it\/wp-json\/wp\/v2\/users\/1"}],"replies":[{"embeddable":true,"href":"https:\/\/seacare.com\/it\/wp-json\/wp\/v2\/comments?post=34303"}],"version-history":[{"count":1,"href":"https:\/\/seacare.com\/it\/wp-json\/wp\/v2\/pages\/34303\/revisions"}],"predecessor-version":[{"id":34304,"href":"https:\/\/seacare.com\/it\/wp-json\/wp\/v2\/pages\/34303\/revisions\/34304"}],"wp:attachment":[{"href":"https:\/\/seacare.com\/it\/wp-json\/wp\/v2\/media?parent=34303"}],"curies":[{"name":"wp","href":"https:\/\/api.w.org\/{rel}","templated":true}]}}