{"id":36350,"date":"2021-05-02T22:27:09","date_gmt":"2021-05-02T19:27:09","guid":{"rendered":"https:\/\/seacare.com\/it\/?page_id=36350"},"modified":"2021-05-03T14:47:52","modified_gmt":"2021-05-03T11:47:52","slug":"diventare-un-rivenditore-dei-prodotti-cosmetici-seacare","status":"publish","type":"page","link":"https:\/\/seacare.com\/it\/diventare-un-rivenditore-dei-prodotti-cosmetici-seacare\/","title":{"rendered":"Diventare un rivenditore dei prodotti cosmetici SeaCare"},"content":{"rendered":"<h1 class=\"text-head\"><span data-text-color=\"primary\">Diventare un rivenditore dei prodotti cosmetici SeaCare<\/span><\/h1>\n<p>Prova a trovare almeno una persona che non vorrebbe entrare in un&#8217;impresa commerciale. Quasi tutti vogliono avere l&#8217;opportunit\u00e0 di ricevere un sicuro profitto mensile. Se sei bravo nei prodotti per bellezza e cura della pelle, puoi diventare un rivenditore indipendente dei prodotti SeaCare.<\/p>\n<p>Uno dei prodotti cosmetici che oggi giorno stanno guadagnando la popolarit\u00e0 nel mercato sono i prodotti di bellezza del Mar Morto. In questa situazione hai l&#8217;opportunit\u00e0 di capitalizzare la popolarit\u00e0 e la domanda sui prodotti cosmetici SeaCare.<\/p>\n<p>Diventando un rivenditore dei prodotti cosmetici del Mar Morto SeaCare potrai ricevere vari vantaggi, sia finanziari che sociali. In termini finanziari riceverai prodotti con i prezzi all&#8217;ingrosso nonch\u00e9 ulteriori sconti per grossi ordini. In termini di aspetto sociale avrai l&#8217;opportunit\u00e0 di incontrare nuove persone e aumentare il numero dei nuovi contatti commerciali aiutando ad aumentare il tuo reddito.<\/p>\n<p>In qualit\u00e0 del produttore dei migliori prodotti per la cura della pelle siamo sempre interessati a sviluppare relazioni con potenziali rivenditori. Se desideri diventare un rivenditore dei prodotti SeaCare invia un&#8217;e-mail a\u00a0<a href=\"mailto:sales@seacare.com\">sales@seacare.com<\/a>. Nel messaggio \u00e8 necessario indicare le seguenti informazioni:<\/p>\n<div role=\"form\" class=\"wpcf7\" id=\"wpcf7-f36353-o1\" lang=\"ru-RU\" dir=\"ltr\">\n<div class=\"screen-reader-response\"><\/div>\n<form action=\"\/it\/wp-json\/wp\/v2\/pages\/36350#wpcf7-f36353-o1\" method=\"post\" class=\"wpcf7-form\" novalidate=\"novalidate\">\n<div style=\"display: none;\">\n<input type=\"hidden\" name=\"_wpcf7\" value=\"36353\" \/>\n<input type=\"hidden\" name=\"_wpcf7_version\" value=\"5.1.7\" \/>\n<input type=\"hidden\" name=\"_wpcf7_locale\" value=\"ru_RU\" \/>\n<input type=\"hidden\" name=\"_wpcf7_unit_tag\" value=\"wpcf7-f36353-o1\" \/>\n<input type=\"hidden\" name=\"_wpcf7_container_post\" value=\"0\" \/>\n<\/div>\n<p><label> Il tuo nome (richiesto)<br \/>\n    <span class=\"wpcf7-form-control-wrap your-name\"><input type=\"text\" name=\"your-name\" value=\"\" size=\"40\" class=\"wpcf7-form-control wpcf7-text wpcf7-validates-as-required\" aria-required=\"true\" aria-invalid=\"false\" \/><\/span> <\/label><\/p>\n<p><label> La tua e-mail (richiesto)<br \/>\n    <span class=\"wpcf7-form-control-wrap your-email\"><input type=\"email\" name=\"your-email\" value=\"\" size=\"40\" class=\"wpcf7-form-control wpcf7-text wpcf7-email wpcf7-validates-as-required wpcf7-validates-as-email\" aria-required=\"true\" aria-invalid=\"false\" \/><\/span> <\/label><\/p>\n<p><label> Numero di telefono (richiesto)<\/p>\n<p><span class=\"wpcf7-form-control-wrap tel-978\"><input type=\"tel\" name=\"tel-978\" value=\"\" size=\"40\" class=\"wpcf7-form-control wpcf7-text wpcf7-tel wpcf7-validates-as-required wpcf7-validates-as-tel\" aria-required=\"true\" aria-invalid=\"false\" \/><\/span><\/label><\/p>\n<p><label> Denominazione della societ\u00e0 (richiesto)<\/p>\n<p><span class=\"wpcf7-form-control-wrap text-560\"><input type=\"text\" name=\"text-560\" value=\"\" size=\"40\" class=\"wpcf7-form-control wpcf7-text wpcf7-validates-as-required\" aria-required=\"true\" aria-invalid=\"false\" \/><\/span><\/label><\/p>\n<p><label> Indirizzo della societ\u00e0<\/p>\n<p><span class=\"wpcf7-form-control-wrap text-561\"><input type=\"text\" name=\"text-561\" value=\"\" size=\"40\" class=\"wpcf7-form-control wpcf7-text wpcf7-validates-as-required\" aria-required=\"true\" aria-invalid=\"false\" \/><\/span><\/label><\/p>\n<p><label> Messaggio<br \/>\n    <span class=\"wpcf7-form-control-wrap your-message\"><textarea name=\"your-message\" cols=\"40\" rows=\"10\" class=\"wpcf7-form-control wpcf7-textarea\" aria-invalid=\"false\"><\/textarea><\/span> <\/label><\/p>\n<p><input type=\"submit\" value=\"Inviare\" class=\"wpcf7-form-control wpcf7-submit\" \/><\/p>\n<div id =\"one\">\n<span class=\"wpcf7-form-control-wrap acceptance\"><span class=\"wpcf7-form-control wpcf7-acceptance\"><span class=\"wpcf7-list-item\"><input type=\"checkbox\" name=\"acceptance\" value=\"1\" aria-invalid=\"false\" checked=\"checked\" \/><\/span><\/span><\/span>Accetto la <a href=\"\/ru\/soglashenie-na-obrabotku-personalnyx-dannyx\/\">politica di trattamento dei dati personali<\/a>\n<\/div>\n<style>\n#one input:last-child {\nfloat:left;\n}\n<\/style>\n<p style=\"display: none !important;\"><label>&#916;<textarea name=\"_wpcf7_ak_hp_textarea\" cols=\"45\" rows=\"8\" maxlength=\"100\"><\/textarea><\/label><input type=\"hidden\" id=\"ak_js_1\" name=\"_wpcf7_ak_js\" value=\"181\"\/><script>document.getElementById( \"ak_js_1\" ).setAttribute( \"value\", ( new Date() ).getTime() );<\/script><\/p><div class=\"wpcf7-response-output wpcf7-display-none\"><\/div><\/form><\/div>\n<p style=\"text-align: center;\">Non vediamo l&#8217;ora di iniziare a lavorare con voi!<\/p>\n    <div class=\"img has-hover x md-x lg-x y md-y lg-y\" id=\"image_1906510756\">\n                <div class=\"img-inner dark\" >\n        <img loading=\"lazy\" decoding=\"async\" width=\"1020\" height=\"95\" src=\"https:\/\/seacare.com\/wp-content\/uploads\/2020\/10\/\u041b\u043e\u0433\u043e\u0442\u0438\u043f-\u0434\u043b\u044f-\u0421\u0430\u0438\u0306\u0442\u0430-SeaCare-\u043a\u043e\u043f\u0438\u044f-1400x130.png\" class=\"attachment-large size-large\" alt=\"Logo for the SeaCare Website\" srcset=\"https:\/\/seacare.com\/wp-content\/uploads\/2020\/10\/\u041b\u043e\u0433\u043e\u0442\u0438\u043f-\u0434\u043b\u044f-\u0421\u0430\u0438\u0306\u0442\u0430-SeaCare-\u043a\u043e\u043f\u0438\u044f-1400x130.png 1400w, https:\/\/seacare.com\/wp-content\/uploads\/2020\/10\/\u041b\u043e\u0433\u043e\u0442\u0438\u043f-\u0434\u043b\u044f-\u0421\u0430\u0438\u0306\u0442\u0430-SeaCare-\u043a\u043e\u043f\u0438\u044f-800x74.png 800w, https:\/\/seacare.com\/wp-content\/uploads\/2020\/10\/\u041b\u043e\u0433\u043e\u0442\u0438\u043f-\u0434\u043b\u044f-\u0421\u0430\u0438\u0306\u0442\u0430-SeaCare-\u043a\u043e\u043f\u0438\u044f-768x71.png 768w\" sizes=\"(max-width: 1020px) 100vw, 1020px\" \/>                \n            <\/div>\n                   \n<style scope=\"scope\">\n\n<\/style>\n    <\/div>\n    \n    <div class=\"img has-hover x md-x lg-x y md-y lg-y\" id=\"image_1344145850\">\n                <div class=\"img-inner dark\" >\n                        \n            <\/div>\n                   \n<style scope=\"scope\">\n\n<\/style>\n    <\/div>\n    \n","protected":false},"excerpt":{"rendered":"<p>Diventare un rivenditore dei prodotti cosmetici SeaCare Prova a trovare almeno una persona che non vorrebbe entrare in un&#8217;impresa commerciale. Quasi tutti vogliono avere l&#8217;opportunit\u00e0 di ricevere un sicuro profitto mensile. Se sei bravo nei prodotti per bellezza e cura della pelle, puoi diventare un rivenditore indipendente dei prodotti SeaCare. Uno dei prodotti cosmetici che [&hellip;]\n","protected":false},"author":1,"featured_media":0,"parent":0,"menu_order":0,"comment_status":"closed","ping_status":"closed","template":"","meta":{"footnotes":""},"_links":{"self":[{"href":"https:\/\/seacare.com\/it\/wp-json\/wp\/v2\/pages\/36350"}],"collection":[{"href":"https:\/\/seacare.com\/it\/wp-json\/wp\/v2\/pages"}],"about":[{"href":"https:\/\/seacare.com\/it\/wp-json\/wp\/v2\/types\/page"}],"author":[{"embeddable":true,"href":"https:\/\/seacare.com\/it\/wp-json\/wp\/v2\/users\/1"}],"replies":[{"embeddable":true,"href":"https:\/\/seacare.com\/it\/wp-json\/wp\/v2\/comments?post=36350"}],"version-history":[{"count":2,"href":"https:\/\/seacare.com\/it\/wp-json\/wp\/v2\/pages\/36350\/revisions"}],"predecessor-version":[{"id":36354,"href":"https:\/\/seacare.com\/it\/wp-json\/wp\/v2\/pages\/36350\/revisions\/36354"}],"wp:attachment":[{"href":"https:\/\/seacare.com\/it\/wp-json\/wp\/v2\/media?parent=36350"}],"curies":[{"name":"wp","href":"https:\/\/api.w.org\/{rel}","templated":true}]}}