{"id":34829,"date":"2018-10-04T11:08:34","date_gmt":"2021-04-28T12:44:00","guid":{"rendered":"https:\/\/seacare.com\/ru\/?post_type=product&#038;p=34829"},"modified":"2021-05-05T11:22:52","modified_gmt":"2021-05-05T08:22:52","slug":"maschera-anti-age-effetto-lifting-e-rassodante-50-ml-seacare","status":"publish","type":"product","link":"https:\/\/seacare.com\/it\/prodotto\/maschera-anti-age-effetto-lifting-e-rassodante-50-ml-seacare\/","title":{"rendered":"Maschera anti-age effetto lifting e rassodante, 50 ml, SeaCare"},"content":{"rendered":"<p>Maschera anti-age effetto lifting e rassodante SeaCare 24K Gold migliora le condizioni della pelle in termini di elasticit\u00e0, compattezza, idratazione e l&#8217;aspetto delle micro-rughe. La maschera \u00e8 arricchita con Renovage un potente ingrediente attivo anti-age che ritarda e combatte tutti i segni del invecchiamento, compresi il rilassamento cutaneo, macchie senili, secchezza, pori dilatati e rugosit\u00e0. La maschere contiene anche l\u2019acido ialuronico che aiuta la sintesi del collagene che a sua volta contribuisce agli effetti ringiovanenti anti-age; la vitamina E che riduce le rughe, bloccando i radicali liberi che hanno un ruolo molto importante nell\u2019invecchiamento; Hamamelis che migliora l&#8217;aspetto della pelle e ripristina l&#8217;elasticit\u00e0 della pelle. L&#8217;uso regolare di questa maschera ringiovanisce la pelle, rendendola pi\u00f9 morbida, riduce la comparsa delle rughe e ritarda i segni della vecchiaia. Contiene 30 ppm d&#8217;oro titolo 985 in polvere.<\/p>\n<p><strong>Contiene 30 ppm d\u2019oro titolo 985 in polvere produtto da J.G. Eytzinger Gmbh<\/strong><\/p>\n<p><strong>Come utilizzare:<\/strong>\u00a0Applicare abbondantemente sul viso pulito, evitando il contatto con occhi. Lascialo in posa per 5-10 minuti e poi risciacqua con acqua tiepida pulita. Utilizzare una o due volte a settimana. Per ottenere un risultato ottimale dopo aver utilizzato questa maschera si consiglia di applicare Crema anti-age SeaCare 24K Gold oppure il Siero.<\/p>\n<h3 style=\"color: #555;\">Ingredienti chiave<\/h3>\n<hr \/>\n<div class=\"row\"  id=\"row-1423634495\">\n<div class=\"col medium-6 small-12 large-6\"  ><div class=\"col-inner\"  >\n<div class=\"row\"  id=\"row-646026214\">\n<div class=\"col medium-3 small-12 large-3\"  ><div class=\"col-inner\"  >\n    <div class=\"img has-hover x md-x lg-x y md-y lg-y\" id=\"image_1526421761\">\n                <div class=\"img-inner dark\" >\n        <img loading=\"lazy\" decoding=\"async\" width=\"500\" height=\"500\" src=\"https:\/\/seacare.com\/wp-content\/uploads\/2018\/10\/5Gold.png\" class=\"attachment-large size-large\" alt=\"\" srcset=\"https:\/\/seacare.com\/wp-content\/uploads\/2018\/10\/5Gold.png 500w, https:\/\/seacare.com\/wp-content\/uploads\/2018\/10\/5Gold-247x247.png 247w, https:\/\/seacare.com\/wp-content\/uploads\/2018\/10\/5Gold-400x400.png 400w, https:\/\/seacare.com\/wp-content\/uploads\/2018\/10\/5Gold-180x180.png 180w\" sizes=\"(max-width: 500px) 100vw, 500px\" \/>                \n            <\/div>\n                   \n<style scope=\"scope\">\n\n<\/style>\n    <\/div>\n    \n<\/div><\/div>\n<div class=\"col medium-9 small-12 large-9\"  ><div class=\"col-inner\"  >\n<h4 class=\"text-head\">Oro<\/h4>\n<p>Oggigiorno l\u2019uso dell\u2019oro per la cura della pelle \u00e8 diventato molto popolare. Tuttavia, l\u2019uso dell\u2019oro nei prodotti per la cura della pelle era molto conosciuto e usato dai giapponesi <a href=\"\/it\/oro\/\">Dettagliato&#8230;<\/a><\/p>\n<\/div><\/div>\n<\/div>\n<\/div><\/div>\n<div class=\"col medium-6 small-12 large-6\"  ><div class=\"col-inner\"  >\n<div class=\"row\"  id=\"row-958021428\">\n<div class=\"col medium-3 small-12 large-3\"  ><div class=\"col-inner\"  >\n    <div class=\"img has-hover x md-x lg-x y md-y lg-y\" id=\"image_665497904\">\n                <div class=\"img-inner dark\" >\n        <img loading=\"lazy\" decoding=\"async\" width=\"500\" height=\"500\" src=\"https:\/\/seacare.com\/wp-content\/uploads\/2018\/10\/4Renovage.png\" class=\"attachment-large size-large\" alt=\"\" srcset=\"https:\/\/seacare.com\/wp-content\/uploads\/2018\/10\/4Renovage.png 500w, https:\/\/seacare.com\/wp-content\/uploads\/2018\/10\/4Renovage-247x247.png 247w, https:\/\/seacare.com\/wp-content\/uploads\/2018\/10\/4Renovage-400x400.png 400w, https:\/\/seacare.com\/wp-content\/uploads\/2018\/10\/4Renovage-180x180.png 180w\" sizes=\"(max-width: 500px) 100vw, 500px\" \/>                \n            <\/div>\n                   \n<style scope=\"scope\">\n\n<\/style>\n    <\/div>\n    \n<\/div><\/div>\n<div class=\"col medium-9 small-12 large-9\"  ><div class=\"col-inner\"  >\n<h4>Renovage\u2122<\/h4>\n<p>Renovage \u2122 \u00e8 un complesso anti-et\u00e0 della societ\u00e0 francese Sederma, il produttore di Matrixyl e di altri eccellenti ingredienti per la cura della pelle. In studi clinici scientificamente <a href=\"\/it\/renovage\/\">Dettagliato&#8230;<\/a><\/p>\n<\/div><\/div>\n<\/div>\n<\/div><\/div>\n<\/div>\n<div class=\"row\"  id=\"row-1480821603\">\n<div class=\"col medium-6 small-12 large-6\"  ><div class=\"col-inner\"  >\n<div class=\"row\"  id=\"row-696695982\">\n<div class=\"col medium-3 small-12 large-3\"  ><div class=\"col-inner\"  >\n    <div class=\"img has-hover x md-x lg-x y md-y lg-y\" id=\"image_317156713\">\n                <div class=\"img-inner dark\" >\n        <img loading=\"lazy\" decoding=\"async\" width=\"500\" height=\"500\" src=\"https:\/\/seacare.com\/wp-content\/uploads\/2018\/10\/\u0413\u0438\u0430\u043b\u0443\u0440\u043e\u043d\u043e\u0432\u0430\u044f-\u043a\u0438\u0441\u043b\u043e\u0442\u0430.png\" class=\"attachment-large size-large\" alt=\"\" srcset=\"https:\/\/seacare.com\/wp-content\/uploads\/2018\/10\/\u0413\u0438\u0430\u043b\u0443\u0440\u043e\u043d\u043e\u0432\u0430\u044f-\u043a\u0438\u0441\u043b\u043e\u0442\u0430.png 500w, https:\/\/seacare.com\/wp-content\/uploads\/2018\/10\/\u0413\u0438\u0430\u043b\u0443\u0440\u043e\u043d\u043e\u0432\u0430\u044f-\u043a\u0438\u0441\u043b\u043e\u0442\u0430-247x247.png 247w, https:\/\/seacare.com\/wp-content\/uploads\/2018\/10\/\u0413\u0438\u0430\u043b\u0443\u0440\u043e\u043d\u043e\u0432\u0430\u044f-\u043a\u0438\u0441\u043b\u043e\u0442\u0430-400x400.png 400w, https:\/\/seacare.com\/wp-content\/uploads\/2018\/10\/\u0413\u0438\u0430\u043b\u0443\u0440\u043e\u043d\u043e\u0432\u0430\u044f-\u043a\u0438\u0441\u043b\u043e\u0442\u0430-180x180.png 180w\" sizes=\"(max-width: 500px) 100vw, 500px\" \/>                \n            <\/div>\n                   \n<style scope=\"scope\">\n\n<\/style>\n    <\/div>\n    \n<\/div><\/div>\n<div class=\"col medium-9 small-12 large-9\"  ><div class=\"col-inner\"  >\n<h4 class=\"text-head\">Acido ialuronico<\/h4>\n<p>L\u2019acido ialuronico \u00e8 un ingrediente chiave per molti prodotti anti-age e per la cura della pelle. Viene usato per idratare la pelle, ridurre la comparsa delle rughe, migliorare l\u2019elasticit\u00e0 <a href=\"\/it\/acido-ialuronico\/\">Dettagliato&#8230;<\/a><\/p>\n<\/div><\/div>\n<\/div>\n<\/div><\/div>\n<div class=\"col medium-6 small-12 large-6\"  ><div class=\"col-inner\"  >\n<div class=\"row\"  id=\"row-804035089\">\n<div class=\"col medium-3 small-12 large-3\"  ><div class=\"col-inner\"  >\n    <div class=\"img has-hover x md-x lg-x y md-y lg-y\" id=\"image_291714257\">\n                <div class=\"img-inner dark\" >\n        <img loading=\"lazy\" decoding=\"async\" width=\"500\" height=\"500\" src=\"https:\/\/seacare.com\/wp-content\/uploads\/2018\/10\/VitaminE.png\" class=\"attachment-large size-large\" alt=\"\u0412\u0438\u0442\u0430\u043c\u0438\u043d \u0415\" srcset=\"https:\/\/seacare.com\/wp-content\/uploads\/2018\/10\/VitaminE.png 500w, https:\/\/seacare.com\/wp-content\/uploads\/2018\/10\/VitaminE-247x247.png 247w, https:\/\/seacare.com\/wp-content\/uploads\/2018\/10\/VitaminE-400x400.png 400w, https:\/\/seacare.com\/wp-content\/uploads\/2018\/10\/VitaminE-180x180.png 180w\" sizes=\"(max-width: 500px) 100vw, 500px\" \/>                \n            <\/div>\n                   \n<style scope=\"scope\">\n\n<\/style>\n    <\/div>\n    \n<\/div><\/div>\n<div class=\"col medium-9 small-12 large-9\"  ><div class=\"col-inner\"  >\n<h4 class=\"text-head\">Vitamina E<\/h4>\n<p>La vitamina E aiuta a prevenire i segni dell\u2019invecchiamento neutralizzando i radicali liberi. La vitamina E idrata e lenisce la pelle e combatte anche le infiammazioni. <a href=\"\/it\/vitamina-e\/\">Dettagliato&#8230;<\/a><\/p>\n<\/div><\/div>\n<\/div>\n<\/div><\/div>\n<\/div>\n<div class=\"row\"  id=\"row-1866540654\">\n<div class=\"col medium-6 small-12 large-6\"  ><div class=\"col-inner\"  >\n<div class=\"row\"  id=\"row-1944724436\">\n<div class=\"col medium-3 small-12 large-3\"  ><div class=\"col-inner\"  >\n    <div class=\"img has-hover x md-x lg-x y md-y lg-y\" id=\"image_1623571025\">\n                <div class=\"img-inner dark\" >\n        <img loading=\"lazy\" decoding=\"async\" width=\"500\" height=\"500\" src=\"https:\/\/seacare.com\/wp-content\/uploads\/2017\/03\/hamamelis.png\" class=\"attachment-large size-large\" alt=\"\" srcset=\"https:\/\/seacare.com\/wp-content\/uploads\/2017\/03\/hamamelis.png 500w, https:\/\/seacare.com\/wp-content\/uploads\/2017\/03\/hamamelis-280x280.png 280w, https:\/\/seacare.com\/wp-content\/uploads\/2017\/03\/hamamelis-400x400.png 400w, https:\/\/seacare.com\/wp-content\/uploads\/2017\/03\/hamamelis-180x180.png 180w, https:\/\/seacare.com\/wp-content\/uploads\/2017\/03\/hamamelis-300x300.png 300w\" sizes=\"(max-width: 500px) 100vw, 500px\" \/>                \n            <\/div>\n                   \n<style scope=\"scope\">\n\n<\/style>\n    <\/div>\n    \n<\/div><\/div>\n<div class=\"col medium-9 small-12 large-9\"  ><div class=\"col-inner\"  >\n<h4>Hamamelis<\/h4>\n<p>L&#8217;Hamamelis protegge la pelle dalle infiammazioni causate dai radicali liberi nelle cellule della pelle. L&#8217;Hamamelis \u00e8 considerato un potente cicatrizzante, aiuta a consolidare le proteine <a style=\"font-size: 14.4px;\" href=\"\/it\/hamamelis\/\"> Dettagliato&#8230;<\/a><\/p>\n<\/div><\/div>\n<\/div>\n<\/div><\/div>\n<\/div>\n<p>&nbsp;<\/p>\n<h3>Altri prodotti e collezioni<\/h3>\n\n  \n    <div class=\"row large-columns-4 medium-columns- small-columns-2 row-small slider row-slider slider-nav-reveal slider-nav-push\"  data-flickity-options='{\"imagesLoaded\": true, \"groupCells\": \"100%\", \"dragThreshold\" : 5, \"cellAlign\": \"left\",\"wrapAround\": true,\"prevNextButtons\": true,\"percentPosition\": true,\"pageDots\": false, \"rightToLeft\": false, \"autoPlay\" : false}'>\n\n  \t\n\t            \t\t\t\t\t\n<div class=\"product-small col has-hover post-34805 product type-product status-publish has-post-thumbnail product_cat-sieri-per-viso-e-occhi product_cat-prodotti-cosmetici-anti-age product_cat-prodotti-cosmetici-per-il-viso product_cat-prodotti-cosmetici-24k-gold-it product_tag-anti-invecchiamento product_tag-bella-pelle product_tag-la-giovinezza-della-pelle-del-viso first instock shipping-taxable purchasable product-type-simple\">\n\t<div class=\"col-inner\">\t\n\t\n<div class=\"badge-container absolute left top z-1\">\n<\/div>\t<div class=\"product-small box \">\n\t\t<div class=\"box-image\">\n\t\t\t<div class=\"image-none\">\n\t\t\t\t<a href=\"https:\/\/seacare.com\/it\/prodotto\/siero-anti-age-effetto-lifting-e-rassodante-50-ml-seacare\/\">\n\t\t\t\t\t<img loading=\"lazy\" decoding=\"async\" width=\"247\" height=\"300\" src=\"https:\/\/seacare.com\/wp-content\/uploads\/2018\/10\/1-3-247x300.jpg\" class=\"attachment-shop_catalog size-shop_catalog wp-post-image\" alt=\"1\" title=\"1\" \/>\t\t\t\t<\/a>\n\t\t\t<\/div>\n\t\t\t<div class=\"image-tools is-small top right show-on-hover\">\n\t\t\t\t\t\t\t<\/div>\n\t\t\t<div class=\"image-tools is-small hide-for-small bottom left show-on-hover\">\n\t\t\t\t\t\t\t<\/div>\n\t\t\t<div class=\"image-tools grid-tools text-center hide-for-small bottom hover-slide-in show-on-hover\">\n\t\t\t\t  <a class=\"quick-view\" data-prod=\"34805\" href=\"#quick-view\">Visualizzazione Veloce<\/a>\t\t\t<\/div>\n\t\t\t\t\t<\/div><!-- box-image -->\n\n\t\t<div class=\"box-text box-text-products\">\n\t\t\t<div class=\"title-wrapper\">  <p class=\"category uppercase is-smaller no-text-overflow product-cat op-7\">\n        Sieri per viso e occhi   <\/p> <p class=\"name product-title\"><a href=\"https:\/\/seacare.com\/it\/prodotto\/siero-anti-age-effetto-lifting-e-rassodante-50-ml-seacare\/\">Siero anti-age effetto lifting e rassodante, 50 ml, SeaCare<\/a><\/p><\/div><div class=\"price-wrapper\">\n\t<span class=\"price\"><span class=\"woocommerce-Price-amount amount\"><span class=\"woocommerce-Price-currencySymbol\">&#36;<\/span>&nbsp;64.90<\/span><\/span>\n<\/div>\t\t<\/div><!-- box-text -->\n\t<\/div><!-- box -->\n\t\t<\/div><!-- .col-inner -->\n<\/div><!-- col -->\t            \t\t\t\t\t\n<div class=\"product-small col has-hover post-34780 product type-product status-publish has-post-thumbnail product_cat-creme-per-viso-e-occhi product_cat-prodotti-cosmetici-anti-age product_cat-prodotti-cosmetici-per-il-viso product_cat-prodotti-cosmetici-24k-gold-it product_tag-bella-pelle product_tag-pelle-liscia  instock shipping-taxable purchasable product-type-simple\">\n\t<div class=\"col-inner\">\t\n\t\n<div class=\"badge-container absolute left top z-1\">\n<\/div>\t<div class=\"product-small box \">\n\t\t<div class=\"box-image\">\n\t\t\t<div class=\"image-none\">\n\t\t\t\t<a href=\"https:\/\/seacare.com\/it\/prodotto\/crema-anti-age-effetto-lifting-e-rassodante-50-ml-seacare\/\">\n\t\t\t\t\t<img loading=\"lazy\" decoding=\"async\" width=\"247\" height=\"300\" src=\"https:\/\/seacare.com\/wp-content\/uploads\/2018\/10\/\u0417\u043e\u043b\u043e\u0442\u043e-\u043c\u0430\u0441\u043a\u0430113-247x300.jpg\" class=\"attachment-shop_catalog size-shop_catalog wp-post-image\" alt=\"\u0417\u043e\u043b\u043e\u0442\u043e \u043c\u0430\u0441\u043a\u0430113\" title=\"\u0417\u043e\u043b\u043e\u0442\u043e \u043c\u0430\u0441\u043a\u0430113\" \/>\t\t\t\t<\/a>\n\t\t\t<\/div>\n\t\t\t<div class=\"image-tools is-small top right show-on-hover\">\n\t\t\t\t\t\t\t<\/div>\n\t\t\t<div class=\"image-tools is-small hide-for-small bottom left show-on-hover\">\n\t\t\t\t\t\t\t<\/div>\n\t\t\t<div class=\"image-tools grid-tools text-center hide-for-small bottom hover-slide-in show-on-hover\">\n\t\t\t\t  <a class=\"quick-view\" data-prod=\"34780\" href=\"#quick-view\">Visualizzazione Veloce<\/a>\t\t\t<\/div>\n\t\t\t\t\t<\/div><!-- box-image -->\n\n\t\t<div class=\"box-text box-text-products\">\n\t\t\t<div class=\"title-wrapper\">  <p class=\"category uppercase is-smaller no-text-overflow product-cat op-7\">\n        Creme per viso e occhi   <\/p> <p class=\"name product-title\"><a href=\"https:\/\/seacare.com\/it\/prodotto\/crema-anti-age-effetto-lifting-e-rassodante-50-ml-seacare\/\">Crema anti-age effetto lifting e rassodante, 50 ml, SeaCare<\/a><\/p><\/div><div class=\"price-wrapper\">\n\t<span class=\"price\"><span class=\"woocommerce-Price-amount amount\"><span class=\"woocommerce-Price-currencySymbol\">&#36;<\/span>&nbsp;64.90<\/span><\/span>\n<\/div>\t\t<\/div><!-- box-text -->\n\t<\/div><!-- box -->\n\t\t<\/div><!-- .col-inner -->\n<\/div><!-- col -->\t            \n\t        <\/div>\n<h3>Simili prodotti in altre collezioni<\/h3>\n\n  \n    <div class=\"row large-columns-4 medium-columns- small-columns-2 row-small slider row-slider slider-nav-reveal slider-nav-push\"  data-flickity-options='{\"imagesLoaded\": true, \"groupCells\": \"100%\", \"dragThreshold\" : 5, \"cellAlign\": \"left\",\"wrapAround\": true,\"prevNextButtons\": true,\"percentPosition\": true,\"pageDots\": false, \"rightToLeft\": false, \"autoPlay\" : false}'>\n\n  \t\n\t            \t\t\t\t\t\n<div class=\"product-small col has-hover post-35595 product type-product status-publish has-post-thumbnail product_cat-maschere product_cat-prodotti-cosmetici-dead-sea-per-spa-it-2 product_cat-prodotti-cosmetici-per-il-viso product_cat-prodotti-cosmetici-dead-sea-per-spa-it product_tag-bella-pelle product_tag-pelle-liscia product_tag-pulizia-profonda first instock shipping-taxable purchasable product-type-simple\">\n\t<div class=\"col-inner\">\t\n\t\n<div class=\"badge-container absolute left top z-1\">\n<\/div>\t<div class=\"product-small box \">\n\t\t<div class=\"box-image\">\n\t\t\t<div class=\"image-none\">\n\t\t\t\t<a href=\"https:\/\/seacare.com\/it\/prodotto\/maschera-viso-al-fango-150-ml-seacare\/\">\n\t\t\t\t\t<img loading=\"lazy\" decoding=\"async\" width=\"247\" height=\"300\" src=\"https:\/\/seacare.com\/wp-content\/uploads\/2017\/03\/1.-Facial-Mud-Mask-\u043a\u043e\u043f\u0438\u044f-247x300.jpg\" class=\"attachment-shop_catalog size-shop_catalog wp-post-image\" alt=\"1. Facial Mud Mask \u043a\u043e\u043f\u0438\u044f\" title=\"1. Facial Mud Mask \u043a\u043e\u043f\u0438\u044f\" \/>\t\t\t\t<\/a>\n\t\t\t<\/div>\n\t\t\t<div class=\"image-tools is-small top right show-on-hover\">\n\t\t\t\t\t\t\t<\/div>\n\t\t\t<div class=\"image-tools is-small hide-for-small bottom left show-on-hover\">\n\t\t\t\t\t\t\t<\/div>\n\t\t\t<div class=\"image-tools grid-tools text-center hide-for-small bottom hover-slide-in show-on-hover\">\n\t\t\t\t  <a class=\"quick-view\" data-prod=\"35595\" href=\"#quick-view\">Visualizzazione Veloce<\/a>\t\t\t<\/div>\n\t\t\t\t\t<\/div><!-- box-image -->\n\n\t\t<div class=\"box-text box-text-products\">\n\t\t\t<div class=\"title-wrapper\">  <p class=\"category uppercase is-smaller no-text-overflow product-cat op-7\">\n        Maschere   <\/p> <p class=\"name product-title\"><a href=\"https:\/\/seacare.com\/it\/prodotto\/maschera-viso-al-fango-150-ml-seacare\/\">Maschera viso al fango, 150 ml, SeaCare<\/a><\/p><\/div><div class=\"price-wrapper\">\n\t<span class=\"price\"><span class=\"woocommerce-Price-amount amount\"><span class=\"woocommerce-Price-currencySymbol\">&#36;<\/span>&nbsp;30.90<\/span><\/span>\n<\/div>\t\t<\/div><!-- box-text -->\n\t<\/div><!-- box -->\n\t\t<\/div><!-- .col-inner -->\n<\/div><!-- col -->\t            \t\t\t\t\t\n<div class=\"product-small col has-hover post-35878 product type-product status-publish has-post-thumbnail product_cat-maschere product_cat-prodotti-cosmetici-per-luomo product_cat-prodotti-cosmetici-per-il-viso product_tag-bella-pelle product_tag-pelle-liscia  instock shipping-taxable purchasable product-type-simple\">\n\t<div class=\"col-inner\">\t\n\t\n<div class=\"badge-container absolute left top z-1\">\n<\/div>\t<div class=\"product-small box \">\n\t\t<div class=\"box-image\">\n\t\t\t<div class=\"image-none\">\n\t\t\t\t<a href=\"https:\/\/seacare.com\/it\/prodotto\/maschera-viso-al-fango-uomo-150-ml-seacare\/\">\n\t\t\t\t\t<img loading=\"lazy\" decoding=\"async\" width=\"247\" height=\"300\" src=\"https:\/\/seacare.com\/wp-content\/uploads\/2021\/01\/Facial-Mud-Mask-Men-SC-1-copy-247x300.jpg\" class=\"attachment-shop_catalog size-shop_catalog wp-post-image\" alt=\"Facial Mud Mask Men SC\" title=\"Facial Mud Mask Men SC\" \/>\t\t\t\t<\/a>\n\t\t\t<\/div>\n\t\t\t<div class=\"image-tools is-small top right show-on-hover\">\n\t\t\t\t\t\t\t<\/div>\n\t\t\t<div class=\"image-tools is-small hide-for-small bottom left show-on-hover\">\n\t\t\t\t\t\t\t<\/div>\n\t\t\t<div class=\"image-tools grid-tools text-center hide-for-small bottom hover-slide-in show-on-hover\">\n\t\t\t\t  <a class=\"quick-view\" data-prod=\"35878\" href=\"#quick-view\">Visualizzazione Veloce<\/a>\t\t\t<\/div>\n\t\t\t\t\t<\/div><!-- box-image -->\n\n\t\t<div class=\"box-text box-text-products\">\n\t\t\t<div class=\"title-wrapper\">  <p class=\"category uppercase is-smaller no-text-overflow product-cat op-7\">\n        Maschere   <\/p> <p class=\"name product-title\"><a href=\"https:\/\/seacare.com\/it\/prodotto\/maschera-viso-al-fango-uomo-150-ml-seacare\/\">Maschera viso al fango uomo, 150 ml, SeaCare<\/a><\/p><\/div><div class=\"price-wrapper\">\n\t<span class=\"price\"><span class=\"woocommerce-Price-amount amount\"><span class=\"woocommerce-Price-currencySymbol\">&#36;<\/span>&nbsp;30.90<\/span><\/span>\n<\/div>\t\t<\/div><!-- box-text -->\n\t<\/div><!-- box -->\n\t\t<\/div><!-- .col-inner -->\n<\/div><!-- col -->\t            \t\t\t\t\t\n<div class=\"product-small col has-hover post-36282 product type-product status-publish has-post-thumbnail product_cat-maschere product_cat-prodotti-cosmetici-anti-acne product_cat-prodotti-cosmetici-per-il-viso product_cat-prodotti-cosmetici-anti-acne-it  instock shipping-taxable purchasable product-type-simple\">\n\t<div class=\"col-inner\">\t\n\t\n<div class=\"badge-container absolute left top z-1\">\n<\/div>\t<div class=\"product-small box \">\n\t\t<div class=\"box-image\">\n\t\t\t<div class=\"image-none\">\n\t\t\t\t<a href=\"https:\/\/seacare.com\/it\/prodotto\/maschera-viso-anti-acne-contro-brufoli-e-punti-neri-50-ml-seacare\/\">\n\t\t\t\t\t<img loading=\"lazy\" decoding=\"async\" width=\"247\" height=\"300\" src=\"https:\/\/seacare.com\/wp-content\/uploads\/2019\/11\/\u0414\u043b\u044f-SCFacial-Mask_Face-247x300.jpg\" class=\"attachment-shop_catalog size-shop_catalog wp-post-image\" alt=\"\u0414\u043b\u044f SCFacial Mask_Face\" title=\"\u0414\u043b\u044f SCFacial Mask_Face\" \/>\t\t\t\t<\/a>\n\t\t\t<\/div>\n\t\t\t<div class=\"image-tools is-small top right show-on-hover\">\n\t\t\t\t\t\t\t<\/div>\n\t\t\t<div class=\"image-tools is-small hide-for-small bottom left show-on-hover\">\n\t\t\t\t\t\t\t<\/div>\n\t\t\t<div class=\"image-tools grid-tools text-center hide-for-small bottom hover-slide-in show-on-hover\">\n\t\t\t\t  <a class=\"quick-view\" data-prod=\"36282\" href=\"#quick-view\">Visualizzazione Veloce<\/a>\t\t\t<\/div>\n\t\t\t\t\t<\/div><!-- box-image -->\n\n\t\t<div class=\"box-text box-text-products\">\n\t\t\t<div class=\"title-wrapper\">  <p class=\"category uppercase is-smaller no-text-overflow product-cat op-7\">\n        Maschere   <\/p> <p class=\"name product-title\"><a href=\"https:\/\/seacare.com\/it\/prodotto\/maschera-viso-anti-acne-contro-brufoli-e-punti-neri-50-ml-seacare\/\">Maschera viso anti acne contro brufoli e punti neri, 50 ml, SeaCare<\/a><\/p><\/div><div class=\"price-wrapper\">\n\t<span class=\"price\"><span class=\"woocommerce-Price-amount amount\"><span class=\"woocommerce-Price-currencySymbol\">&#36;<\/span>&nbsp;56.90<\/span><\/span>\n<\/div>\t\t<\/div><!-- box-text -->\n\t<\/div><!-- box -->\n\t\t<\/div><!-- .col-inner -->\n<\/div><!-- col -->\t            \t\t\t\t\t\n<div class=\"product-small col has-hover post-35295 product type-product status-publish has-post-thumbnail product_cat-maschere product_cat-prodotti-cosmetici-dead-sea-per-spa-it-2 product_cat-prodotti-cosmetici-per-capelli product_cat-prodotti-cosmetici-dead-sea-per-spa-it product_tag-la-bellezza-dei-capelli last instock shipping-taxable purchasable product-type-simple\">\n\t<div class=\"col-inner\">\t\n\t\n<div class=\"badge-container absolute left top z-1\">\n<\/div>\t<div class=\"product-small box \">\n\t\t<div class=\"box-image\">\n\t\t\t<div class=\"image-none\">\n\t\t\t\t<a href=\"https:\/\/seacare.com\/it\/prodotto\/maschera-per-capelli-al-fango-250-ml-seacare\/\">\n\t\t\t\t\t<img loading=\"lazy\" decoding=\"async\" width=\"247\" height=\"300\" src=\"https:\/\/seacare.com\/wp-content\/uploads\/2017\/03\/1.Hair_Mud_Mask_1-\u043a\u043e\u043f\u0438\u044f-247x300.jpg\" class=\"attachment-shop_catalog size-shop_catalog wp-post-image\" alt=\"1.Hair_Mud_Mask_1 \u043a\u043e\u043f\u0438\u044f\" title=\"1.Hair_Mud_Mask_1 \u043a\u043e\u043f\u0438\u044f\" \/>\t\t\t\t<\/a>\n\t\t\t<\/div>\n\t\t\t<div class=\"image-tools is-small top right show-on-hover\">\n\t\t\t\t\t\t\t<\/div>\n\t\t\t<div class=\"image-tools is-small hide-for-small bottom left show-on-hover\">\n\t\t\t\t\t\t\t<\/div>\n\t\t\t<div class=\"image-tools grid-tools text-center hide-for-small bottom hover-slide-in show-on-hover\">\n\t\t\t\t  <a class=\"quick-view\" data-prod=\"35295\" href=\"#quick-view\">Visualizzazione Veloce<\/a>\t\t\t<\/div>\n\t\t\t\t\t<\/div><!-- box-image -->\n\n\t\t<div class=\"box-text box-text-products\">\n\t\t\t<div class=\"title-wrapper\">  <p class=\"category uppercase is-smaller no-text-overflow product-cat op-7\">\n        Maschere   <\/p> <p class=\"name product-title\"><a href=\"https:\/\/seacare.com\/it\/prodotto\/maschera-per-capelli-al-fango-250-ml-seacare\/\">Maschera per capelli al fango, 250 ml, SeaCare<\/a><\/p><\/div><div class=\"price-wrapper\">\n\t<span class=\"price\"><span class=\"woocommerce-Price-amount amount\"><span class=\"woocommerce-Price-currencySymbol\">&#36;<\/span>&nbsp;45.90<\/span><\/span>\n<\/div>\t\t<\/div><!-- box-text -->\n\t<\/div><!-- box -->\n\t\t<\/div><!-- .col-inner -->\n<\/div><!-- col -->\t            \t\t\t\t\t\n<div class=\"product-small col has-hover post-35793 product type-product status-publish has-post-thumbnail product_cat-maschere product_cat-prodotti-cosmetici-per-luomo product_cat-prodotti-cosmetici-per-capelli product_tag-la-bellezza-dei-capelli first instock shipping-taxable purchasable product-type-simple\">\n\t<div class=\"col-inner\">\t\n\t\n<div class=\"badge-container absolute left top z-1\">\n<\/div>\t<div class=\"product-small box \">\n\t\t<div class=\"box-image\">\n\t\t\t<div class=\"image-none\">\n\t\t\t\t<a href=\"https:\/\/seacare.com\/it\/prodotto\/maschera-per-capelli-al-fango-uomo-250-ml-seacare\/\">\n\t\t\t\t\t<img loading=\"lazy\" decoding=\"async\" width=\"247\" height=\"300\" src=\"https:\/\/seacare.com\/wp-content\/uploads\/2021\/04\/Hair-Mud-Mask-Men-SC-1-copy-247x300.jpg\" class=\"attachment-shop_catalog size-shop_catalog wp-post-image\" alt=\"Hair Mud Mask Men SC\" title=\"Hair Mud Mask Men SC\" \/>\t\t\t\t<\/a>\n\t\t\t<\/div>\n\t\t\t<div class=\"image-tools is-small top right show-on-hover\">\n\t\t\t\t\t\t\t<\/div>\n\t\t\t<div class=\"image-tools is-small hide-for-small bottom left show-on-hover\">\n\t\t\t\t\t\t\t<\/div>\n\t\t\t<div class=\"image-tools grid-tools text-center hide-for-small bottom hover-slide-in show-on-hover\">\n\t\t\t\t  <a class=\"quick-view\" data-prod=\"35793\" href=\"#quick-view\">Visualizzazione Veloce<\/a>\t\t\t<\/div>\n\t\t\t\t\t<\/div><!-- box-image -->\n\n\t\t<div class=\"box-text box-text-products\">\n\t\t\t<div class=\"title-wrapper\">  <p class=\"category uppercase is-smaller no-text-overflow product-cat op-7\">\n        Maschere   <\/p> <p class=\"name product-title\"><a href=\"https:\/\/seacare.com\/it\/prodotto\/maschera-per-capelli-al-fango-uomo-250-ml-seacare\/\">Maschera per capelli al fango uomo, 250 ml, SeaCare<\/a><\/p><\/div><div class=\"price-wrapper\">\n\t<span class=\"price\"><span class=\"woocommerce-Price-amount amount\"><span class=\"woocommerce-Price-currencySymbol\">&#36;<\/span>&nbsp;45.90<\/span><\/span>\n<\/div>\t\t<\/div><!-- box-text -->\n\t<\/div><!-- box -->\n\t\t<\/div><!-- .col-inner -->\n<\/div><!-- col -->\t            \n\t        <\/div>\n","protected":false},"excerpt":{"rendered":"<p>adatto a tutti i tipi di pelle<br \/>\n50 ml \u2013 1.69 fl.oz.<\/p>\n","protected":false},"featured_media":34830,"comment_status":"open","ping_status":"closed","template":"","meta":[],"_links":{"self":[{"href":"https:\/\/seacare.com\/it\/wp-json\/wp\/v2\/product\/34829"}],"collection":[{"href":"https:\/\/seacare.com\/it\/wp-json\/wp\/v2\/product"}],"about":[{"href":"https:\/\/seacare.com\/it\/wp-json\/wp\/v2\/types\/product"}],"replies":[{"embeddable":true,"href":"https:\/\/seacare.com\/it\/wp-json\/wp\/v2\/comments?post=34829"}],"wp:featuredmedia":[{"embeddable":true,"href":"https:\/\/seacare.com\/it\/wp-json\/wp\/v2\/media\/34830"}],"wp:attachment":[{"href":"https:\/\/seacare.com\/it\/wp-json\/wp\/v2\/media?parent=34829"}],"curies":[{"name":"wp","href":"https:\/\/api.w.org\/{rel}","templated":true}]}}