{"id":35694,"date":"2020-07-16T09:55:23","date_gmt":"2021-05-01T12:07:49","guid":{"rendered":"https:\/\/seacare.com\/ru\/?post_type=product&#038;p=35694"},"modified":"2021-05-03T14:53:49","modified_gmt":"2021-05-03T11:53:49","slug":"crema-mani-uomo-150-ml-seacare","status":"publish","type":"product","link":"https:\/\/seacare.com\/it\/prodotto\/crema-mani-uomo-150-ml-seacare\/","title":{"rendered":"Crema mani uomo, 150 ml, SeaCare"},"content":{"rendered":"<p>Crema mani uomo SeaCare \u00e8 un prodotto eccezionalmente arricchito da una combinazione accuratamente selezionata degli ingredienti attivi, oli naturali e minerali. La formula della crema \u00e8 arricchita con minerali del Mar Morto; e contiene anche DuraQuench IQ, un complesso cosmetico efficace ed idratante che riporta alla norma la barriera di lipidi della pelle. La crema di consistenza leggera e di assorbimento veloce contiene l\u2019Estratto di Aloe Vera che produce alla pelle effetti antinfiammatori, antimicrobici, antiossidanti, idratanti, lenitivi e antipruriginosi; Olio di Oliva, un potente antiossidante naturale che nutre la pelle proteggendola dai danni; Burro di Karit\u00e8 e olio di Squalano ottimi ingredienti naturali idratanti che idratano la pelle e per renderla pi\u00f9 morbida; e Dermosoft GMCY un estratto di erbe naturale al 100% che possiede delle propriet\u00e0 antimicrobiche e idratanti. La Crema mani uomo SeaCare rilassa e lenisce la pelle stanca lasciandola morbida, delicata e liscia.<\/p>\n<p><strong>Come utilizzare:<\/strong>\u00a0Applicare sulle mani con movimenti massaggianti circolari fino a completo assorbimento.<\/p>\n<h3>Ingredienti chiave<\/h3>\n<hr \/>\n<div class=\"row\"  id=\"row-957489027\">\n<div class=\"col medium-6 small-12 large-6\"  ><div class=\"col-inner\"  >\n<div class=\"row\"  id=\"row-122657358\">\n<div class=\"col medium-3 small-12 large-3\"  ><div class=\"col-inner\"  >\n    <div class=\"img has-hover x md-x lg-x y md-y lg-y\" id=\"image_1937641313\">\n                <div class=\"img-inner dark\" >\n        <img loading=\"lazy\" decoding=\"async\" width=\"500\" height=\"500\" src=\"https:\/\/seacare.com\/wp-content\/uploads\/2017\/03\/minerals-1.png\" class=\"attachment-large size-large\" alt=\"\" srcset=\"https:\/\/seacare.com\/wp-content\/uploads\/2017\/03\/minerals-1.png 500w, https:\/\/seacare.com\/wp-content\/uploads\/2017\/03\/minerals-1-280x280.png 280w, https:\/\/seacare.com\/wp-content\/uploads\/2017\/03\/minerals-1-400x400.png 400w, https:\/\/seacare.com\/wp-content\/uploads\/2017\/03\/minerals-1-180x180.png 180w, https:\/\/seacare.com\/wp-content\/uploads\/2017\/03\/minerals-1-300x300.png 300w\" sizes=\"(max-width: 500px) 100vw, 500px\" \/>                \n            <\/div>\n                   \n<style scope=\"scope\">\n\n<\/style>\n    <\/div>\n    \n<\/div><\/div>\n<div class=\"col medium-9 small-12 large-9\"  ><div class=\"col-inner\"  >\n<h4 class=\"text-head\">Minerali del Mar Morto<\/h4>\n<p>Il Mar Morto contiene oltre 20 minerali i quali come \u00e8 stato provato migliorano l\u2019aspetto della pelle e aiutano a mantenerla sana e giovane. Anche le piante che crescono lungo <a href=\"\/it\/minerali-del-mar-morto\/\">Dettagliato&#8230;<\/a><\/p>\n<\/div><\/div>\n<\/div>\n<\/div><\/div>\n<div class=\"col medium-6 small-12 large-6\"  ><div class=\"col-inner\"  >\n<div class=\"row\"  id=\"row-1925513854\">\n<div class=\"col medium-3 small-12 large-3\"  ><div class=\"col-inner\"  >\n    <div class=\"img has-hover x md-x lg-x y md-y lg-y\" id=\"image_294526912\">\n                <div class=\"img-inner dark\" >\n        <img loading=\"lazy\" decoding=\"async\" width=\"500\" height=\"500\" src=\"https:\/\/seacare.com\/wp-content\/uploads\/2017\/03\/aloe.png\" class=\"attachment-large size-large\" alt=\"\" srcset=\"https:\/\/seacare.com\/wp-content\/uploads\/2017\/03\/aloe.png 500w, https:\/\/seacare.com\/wp-content\/uploads\/2017\/03\/aloe-280x280.png 280w, https:\/\/seacare.com\/wp-content\/uploads\/2017\/03\/aloe-400x400.png 400w, https:\/\/seacare.com\/wp-content\/uploads\/2017\/03\/aloe-180x180.png 180w, https:\/\/seacare.com\/wp-content\/uploads\/2017\/03\/aloe-300x300.png 300w\" sizes=\"(max-width: 500px) 100vw, 500px\" \/>                \n            <\/div>\n                   \n<style scope=\"scope\">\n\n<\/style>\n    <\/div>\n    \n<\/div><\/div>\n<div class=\"col medium-9 small-12 large-9\"  ><div class=\"col-inner\"  >\n<h4 class=\"text-head\">Aloe Vera<\/h4>\n<p>L\u2019aloe vera aiuta a idratare e nutrire la pelle del corpo, favorisce la sua guarigione, ripristino e ringiovanimento dello strato superiore dell\u2019epitelio. Inoltre l\u2019Aloe vera \u00e8 utile per combattere <a href=\"\/it\/aloe-vera\/\">Dettagliato\u2026<\/a><\/p>\n<\/div><\/div>\n<\/div>\n<\/div><\/div>\n<div class=\"col medium-6 small-12 large-6\"  ><div class=\"col-inner\"  >\n<div class=\"row\"  id=\"row-1246255936\">\n<div class=\"col medium-3 small-12 large-3\"  ><div class=\"col-inner\"  >\n    <div class=\"img has-hover x md-x lg-x y md-y lg-y\" id=\"image_1141521959\">\n                <div class=\"img-inner dark\" >\n        <img loading=\"lazy\" decoding=\"async\" width=\"500\" height=\"500\" src=\"https:\/\/seacare.com\/wp-content\/uploads\/2017\/03\/olive.png\" class=\"attachment-large size-large\" alt=\"\u041e\u043b\u0438\u0432\u043a\u043e\u0432\u043e\u0435 \u041c\u0430\u0441\u043b\u043e\" srcset=\"https:\/\/seacare.com\/wp-content\/uploads\/2017\/03\/olive.png 500w, https:\/\/seacare.com\/wp-content\/uploads\/2017\/03\/olive-280x280.png 280w, https:\/\/seacare.com\/wp-content\/uploads\/2017\/03\/olive-400x400.png 400w, https:\/\/seacare.com\/wp-content\/uploads\/2017\/03\/olive-180x180.png 180w, https:\/\/seacare.com\/wp-content\/uploads\/2017\/03\/olive-300x300.png 300w\" sizes=\"(max-width: 500px) 100vw, 500px\" \/>                \n            <\/div>\n                   \n<style scope=\"scope\">\n\n<\/style>\n    <\/div>\n    \n<\/div><\/div>\n<div class=\"col medium-9 small-12 large-9\"  ><div class=\"col-inner\"  >\n<h4>Olio d\u2019oliva<\/h4>\n<p>L\u2019olio d\u2019oliva contiene quattro principali antiossidanti che lo rendono utile come un detergente, una crema idratante e una protezione per la pelle. Tra questi antiossidanti <a href=\"\/it\/olio-doliva\/\">Dettagliato&#8230;<\/a><\/p>\n<\/div><\/div>\n<\/div>\n<\/div><\/div>\n<div class=\"col medium-6 small-12 large-6\"  ><div class=\"col-inner\"  >\n<div class=\"row\"  id=\"row-850884940\">\n<div class=\"col medium-3 small-12 large-3\"  ><div class=\"col-inner\"  >\n    <div class=\"img has-hover x md-x lg-x y md-y lg-y\" id=\"image_1507076914\">\n                <div class=\"img-inner dark\" >\n        <img loading=\"lazy\" decoding=\"async\" width=\"500\" height=\"500\" src=\"https:\/\/seacare.com\/wp-content\/uploads\/2020\/07\/1.jpg\" class=\"attachment-large size-large\" alt=\"\" srcset=\"https:\/\/seacare.com\/wp-content\/uploads\/2020\/07\/1.jpg 500w, https:\/\/seacare.com\/wp-content\/uploads\/2020\/07\/1-247x247.jpg 247w, https:\/\/seacare.com\/wp-content\/uploads\/2020\/07\/1-400x400.jpg 400w, https:\/\/seacare.com\/wp-content\/uploads\/2020\/07\/1-180x180.jpg 180w\" sizes=\"(max-width: 500px) 100vw, 500px\" \/>                \n            <\/div>\n                   \n<style scope=\"scope\">\n\n<\/style>\n    <\/div>\n    \n<\/div><\/div>\n<div class=\"col medium-9 small-12 large-9\"  ><div class=\"col-inner\"  >\n<h4>DuraQuench\u2122 IQ<\/h4>\n<p>DuraQuench \u2122 IQ \u00e8 un efficace idratante complesso che utilizza un doppio meccanismo per formare un intelligente film strutturale sulla superficie della pelle regolando la perdita <a href=\"\/it\/duraquench-iq\/\">Dettagliato&#8230;<\/a><\/p>\n<\/div><\/div>\n<\/div>\n<\/div><\/div>\n<div class=\"col medium-6 small-12 large-6\"  ><div class=\"col-inner\"  >\n<div class=\"row\"  id=\"row-865542329\">\n<div class=\"col medium-3 small-12 large-3\"  ><div class=\"col-inner\"  >\n    <div class=\"img has-hover x md-x lg-x y md-y lg-y\" id=\"image_1735707326\">\n                <div class=\"img-inner dark\" >\n        <img loading=\"lazy\" decoding=\"async\" width=\"500\" height=\"500\" src=\"https:\/\/seacare.com\/wp-content\/uploads\/2017\/03\/shea.png\" class=\"attachment-large size-large\" alt=\"\" srcset=\"https:\/\/seacare.com\/wp-content\/uploads\/2017\/03\/shea.png 500w, https:\/\/seacare.com\/wp-content\/uploads\/2017\/03\/shea-280x280.png 280w, https:\/\/seacare.com\/wp-content\/uploads\/2017\/03\/shea-400x400.png 400w, https:\/\/seacare.com\/wp-content\/uploads\/2017\/03\/shea-180x180.png 180w, https:\/\/seacare.com\/wp-content\/uploads\/2017\/03\/shea-300x300.png 300w\" sizes=\"(max-width: 500px) 100vw, 500px\" \/>                \n            <\/div>\n                   \n<style scope=\"scope\">\n\n<\/style>\n    <\/div>\n    \n<\/div><\/div>\n<div class=\"col medium-9 small-12 large-9\"  ><div class=\"col-inner\"  >\n<h4 class=\"text-head\">Burro Di Karit\u00e8<\/h4>\n<p>Il Burro di Karit\u00e8 \u00e8 l\u2019importante per il trattamento dei vari problemi della pelle come le macchie, rughe, eczemi e dermatiti. Il Burro di Karit\u00e8 possiede anche le propriet\u00e0 che favoriscono <a href=\"\/it\/burro-di-karite\/\">Dettagliato&#8230;<\/a><\/p>\n<\/div><\/div>\n<\/div>\n<\/div><\/div>\n<div class=\"col medium-6 small-12 large-6\"  ><div class=\"col-inner\"  >\n<div class=\"row\"  id=\"row-531447972\">\n<div class=\"col medium-3 small-12 large-3\"  ><div class=\"col-inner\"  >\n    <div class=\"img has-hover x md-x lg-x y md-y lg-y\" id=\"image_995629833\">\n                <div class=\"img-inner dark\" >\n        <img loading=\"lazy\" decoding=\"async\" width=\"500\" height=\"500\" src=\"https:\/\/seacare.com\/wp-content\/uploads\/2018\/10\/Squalin2png.png\" class=\"attachment-large size-large\" alt=\"\u0421\u043a\u0432\u0430\u043b\u0430\u043d\u043e\u0432\u043e\u0435 \u043c\u0430\u0441\u043b\u043e\" srcset=\"https:\/\/seacare.com\/wp-content\/uploads\/2018\/10\/Squalin2png.png 500w, https:\/\/seacare.com\/wp-content\/uploads\/2018\/10\/Squalin2png-247x247.png 247w, https:\/\/seacare.com\/wp-content\/uploads\/2018\/10\/Squalin2png-400x400.png 400w, https:\/\/seacare.com\/wp-content\/uploads\/2018\/10\/Squalin2png-180x180.png 180w\" sizes=\"(max-width: 500px) 100vw, 500px\" \/>                \n            <\/div>\n                   \n<style scope=\"scope\">\n\n<\/style>\n    <\/div>\n    \n<\/div><\/div>\n<div class=\"col medium-9 small-12 large-9\"  ><div class=\"col-inner\"  >\n<h4>Olio di squalano<\/h4>\n<p>L\u2019olio di squalano \u00e8 un ottimo idratante e lascia la pelle morbida e delicata. L\u2019olio di squalano aiuta a proteggere la pelle dai radicali liberi che possono causare le macchie senili <a href=\"\/it\/olio-di-squalano\/\">Dettagliato&#8230;<\/a><\/p>\n<\/div><\/div>\n<\/div>\n<\/div><\/div>\n<div class=\"col medium-6 small-12 large-6\"  ><div class=\"col-inner\"  >\n<div class=\"row\"  id=\"row-1084932360\">\n<div class=\"col medium-3 small-12 large-3\"  ><div class=\"col-inner\"  >\n    <div class=\"img has-hover x md-x lg-x y md-y lg-y\" id=\"image_881271323\">\n                <div class=\"img-inner dark\" >\n        <img loading=\"lazy\" decoding=\"async\" width=\"500\" height=\"500\" src=\"https:\/\/seacare.com\/wp-content\/uploads\/2020\/07\/2.jpg\" class=\"attachment-large size-large\" alt=\"\" srcset=\"https:\/\/seacare.com\/wp-content\/uploads\/2020\/07\/2.jpg 500w, https:\/\/seacare.com\/wp-content\/uploads\/2020\/07\/2-247x247.jpg 247w, https:\/\/seacare.com\/wp-content\/uploads\/2020\/07\/2-400x400.jpg 400w, https:\/\/seacare.com\/wp-content\/uploads\/2020\/07\/2-180x180.jpg 180w\" sizes=\"(max-width: 500px) 100vw, 500px\" \/>                \n            <\/div>\n                   \n<style scope=\"scope\">\n\n<\/style>\n    <\/div>\n    \n<\/div><\/div>\n<div class=\"col medium-9 small-12 large-9\"  ><div class=\"col-inner\"  >\n<h4>Dermosoft\u00ae GMCY<\/h4>\n<p>Dermosoft\u00ae GMCY possiede delle propriet\u00e0 idratanti e rigeneranti. Aiuta a migliorare e mantenere l\u2019idratazione e l\u2019equilibrio della pelle. Inoltre, grazie alla sua forte attivit\u00e0 contro <a href=\"\/it\/dermosoft-gmcy\/\">Dettagliato&#8230;<\/a><\/p>\n<\/div><\/div>\n<\/div>\n<\/div><\/div>\n<\/div>\n<h3>Altri prodotti e collezioni<\/h3>\n\n  \n    <div class=\"row large-columns-4 medium-columns- small-columns-2 row-small slider row-slider slider-nav-reveal slider-nav-push\"  data-flickity-options='{\"imagesLoaded\": true, \"groupCells\": \"100%\", \"dragThreshold\" : 5, \"cellAlign\": \"left\",\"wrapAround\": true,\"prevNextButtons\": true,\"percentPosition\": true,\"pageDots\": false, \"rightToLeft\": false, \"autoPlay\" : false}'>\n\n  \t<\/div>\n<h3>Simili prodotti in altre collezioni<\/h3>\n\n  \n    <div class=\"row large-columns-4 medium-columns- small-columns-2 row-small slider row-slider slider-nav-reveal slider-nav-push\"  data-flickity-options='{\"imagesLoaded\": true, \"groupCells\": \"100%\", \"dragThreshold\" : 5, \"cellAlign\": \"left\",\"wrapAround\": true,\"prevNextButtons\": true,\"percentPosition\": true,\"pageDots\": false, \"rightToLeft\": false, \"autoPlay\" : false}'>\n\n  \t\n\t            \t\t\t\t\t\n<div class=\"product-small col has-hover post-35540 product type-product status-publish has-post-thumbnail product_cat-creme-per-mani-e-piedi product_cat-prodotti-cosmetici-dead-sea-per-spa-it-2 product_cat-prodotti-cosmetici-per-il-corpo product_cat-prodotti-cosmetici-dead-sea-per-spa-it product_tag-bella-pelle product_tag-pelle-liscia first instock shipping-taxable purchasable product-type-simple\">\n\t<div class=\"col-inner\">\t\n\t\n<div class=\"badge-container absolute left top z-1\">\n<\/div>\t<div class=\"product-small box \">\n\t\t<div class=\"box-image\">\n\t\t\t<div class=\"image-none\">\n\t\t\t\t<a href=\"https:\/\/seacare.com\/it\/prodotto\/crema-mani-150-ml-seasare\/\">\n\t\t\t\t\t<img loading=\"lazy\" decoding=\"async\" width=\"247\" height=\"300\" src=\"https:\/\/seacare.com\/wp-content\/uploads\/2017\/03\/1.-Hand-Cream-\u043a\u043e\u043f\u0438\u044f-247x300.jpg\" class=\"attachment-shop_catalog size-shop_catalog wp-post-image\" alt=\"1. Hand Cream \u043a\u043e\u043f\u0438\u044f\" title=\"1. Hand Cream \u043a\u043e\u043f\u0438\u044f\" \/>\t\t\t\t<\/a>\n\t\t\t<\/div>\n\t\t\t<div class=\"image-tools is-small top right show-on-hover\">\n\t\t\t\t\t\t\t<\/div>\n\t\t\t<div class=\"image-tools is-small hide-for-small bottom left show-on-hover\">\n\t\t\t\t\t\t\t<\/div>\n\t\t\t<div class=\"image-tools grid-tools text-center hide-for-small bottom hover-slide-in show-on-hover\">\n\t\t\t\t  <a class=\"quick-view\" data-prod=\"35540\" href=\"#quick-view\">Visualizzazione Veloce<\/a>\t\t\t<\/div>\n\t\t\t\t\t<\/div><!-- box-image -->\n\n\t\t<div class=\"box-text box-text-products\">\n\t\t\t<div class=\"title-wrapper\">  <p class=\"category uppercase is-smaller no-text-overflow product-cat op-7\">\n        Creme per mani e piedi   <\/p> <p class=\"name product-title\"><a href=\"https:\/\/seacare.com\/it\/prodotto\/crema-mani-150-ml-seasare\/\">Crema mani, 150 ml, Sea\u0421are<\/a><\/p><\/div><div class=\"price-wrapper\">\n\t<span class=\"price\"><span class=\"woocommerce-Price-amount amount\"><span class=\"woocommerce-Price-currencySymbol\">&#36;<\/span>&nbsp;28.90<\/span><\/span>\n<\/div>\t\t<\/div><!-- box-text -->\n\t<\/div><!-- box -->\n\t\t<\/div><!-- .col-inner -->\n<\/div><!-- col -->\t            \t\t\t\t\t\n<div class=\"product-small col has-hover post-36137 product type-product status-publish has-post-thumbnail product_cat-creme-per-mani-e-piedi product_cat-prodotti-cosmetici-biologici-ringiovanenti product_cat-prodotti-cosmetici-per-il-corpo product_cat-cosmetici-organici-per-spa product_tag-bella-pelle product_tag-pelle-liscia  instock shipping-taxable purchasable product-type-simple\">\n\t<div class=\"col-inner\">\t\n\t\n<div class=\"badge-container absolute left top z-1\">\n<\/div>\t<div class=\"product-small box \">\n\t\t<div class=\"box-image\">\n\t\t\t<div class=\"image-none\">\n\t\t\t\t<a href=\"https:\/\/seacare.com\/it\/prodotto\/crema-mani-biologica-150-ml-seacare\/\">\n\t\t\t\t\t<img loading=\"lazy\" decoding=\"async\" width=\"247\" height=\"300\" src=\"https:\/\/seacare.com\/wp-content\/uploads\/2020\/06\/Organic-Care-Hand-Cream-SC-1-copy-247x300.jpg\" class=\"attachment-shop_catalog size-shop_catalog wp-post-image\" alt=\"Organic Care Hand Cream \u041b\u0435\u0442\u0443\u0430\u043b\u044c\" title=\"Organic Care Hand Cream \u041b\u0435\u0442\u0443\u0430\u043b\u044c\" \/>\t\t\t\t<\/a>\n\t\t\t<\/div>\n\t\t\t<div class=\"image-tools is-small top right show-on-hover\">\n\t\t\t\t\t\t\t<\/div>\n\t\t\t<div class=\"image-tools is-small hide-for-small bottom left show-on-hover\">\n\t\t\t\t\t\t\t<\/div>\n\t\t\t<div class=\"image-tools grid-tools text-center hide-for-small bottom hover-slide-in show-on-hover\">\n\t\t\t\t  <a class=\"quick-view\" data-prod=\"36137\" href=\"#quick-view\">Visualizzazione Veloce<\/a>\t\t\t<\/div>\n\t\t\t\t\t<\/div><!-- box-image -->\n\n\t\t<div class=\"box-text box-text-products\">\n\t\t\t<div class=\"title-wrapper\">  <p class=\"category uppercase is-smaller no-text-overflow product-cat op-7\">\n        Creme per mani e piedi   <\/p> <p class=\"name product-title\"><a href=\"https:\/\/seacare.com\/it\/prodotto\/crema-mani-biologica-150-ml-seacare\/\">Crema mani biologica, 150 ml, SeaCare<\/a><\/p><\/div><div class=\"price-wrapper\">\n\t<span class=\"price\"><span class=\"woocommerce-Price-amount amount\"><span class=\"woocommerce-Price-currencySymbol\">&#36;<\/span>&nbsp;36.90<\/span><\/span>\n<\/div>\t\t<\/div><!-- box-text -->\n\t<\/div><!-- box -->\n\t\t<\/div><!-- .col-inner -->\n<\/div><!-- col -->\t            \t\t\t\t\t\n<div class=\"product-small col has-hover post-35188 product type-product status-publish has-post-thumbnail product_cat-creme-per-mani-e-piedi product_cat-prodotti-cosmetici-dead-sea-per-spa-it-2 product_cat-prodotti-cosmetici-per-il-corpo product_cat-prodotti-cosmetici-dead-sea-per-spa-it  instock shipping-taxable purchasable product-type-simple\">\n\t<div class=\"col-inner\">\t\n\t\n<div class=\"badge-container absolute left top z-1\">\n<\/div>\t<div class=\"product-small box \">\n\t\t<div class=\"box-image\">\n\t\t\t<div class=\"image-none\">\n\t\t\t\t<a href=\"https:\/\/seacare.com\/it\/prodotto\/latte-mani-150-ml-seacare\/\">\n\t\t\t\t\t<img loading=\"lazy\" decoding=\"async\" width=\"247\" height=\"300\" src=\"https:\/\/seacare.com\/wp-content\/uploads\/2020\/07\/DS-Hand-Milk-SC-1-copy-247x300.jpg\" class=\"attachment-shop_catalog size-shop_catalog wp-post-image\" alt=\"DS Hand Milk \u041b\u0435\u0442\u0443\u0430\u043b\u044c\" title=\"DS Hand Milk \u041b\u0435\u0442\u0443\u0430\u043b\u044c\" \/>\t\t\t\t<\/a>\n\t\t\t<\/div>\n\t\t\t<div class=\"image-tools is-small top right show-on-hover\">\n\t\t\t\t\t\t\t<\/div>\n\t\t\t<div class=\"image-tools is-small hide-for-small bottom left show-on-hover\">\n\t\t\t\t\t\t\t<\/div>\n\t\t\t<div class=\"image-tools grid-tools text-center hide-for-small bottom hover-slide-in show-on-hover\">\n\t\t\t\t  <a class=\"quick-view\" data-prod=\"35188\" href=\"#quick-view\">Visualizzazione Veloce<\/a>\t\t\t<\/div>\n\t\t\t\t\t<\/div><!-- box-image -->\n\n\t\t<div class=\"box-text box-text-products\">\n\t\t\t<div class=\"title-wrapper\">  <p class=\"category uppercase is-smaller no-text-overflow product-cat op-7\">\n        Creme per mani e piedi   <\/p> <p class=\"name product-title\"><a href=\"https:\/\/seacare.com\/it\/prodotto\/latte-mani-150-ml-seacare\/\">Latte mani, 150 ml, SeaCare<\/a><\/p><\/div><div class=\"price-wrapper\">\n\t<span class=\"price\"><span class=\"woocommerce-Price-amount amount\"><span class=\"woocommerce-Price-currencySymbol\">&#36;<\/span>&nbsp;30.90<\/span><\/span>\n<\/div>\t\t<\/div><!-- box-text -->\n\t<\/div><!-- box -->\n\t\t<\/div><!-- .col-inner -->\n<\/div><!-- col -->\t            \t\t\t\t\t\n<div class=\"product-small col has-hover post-35509 product type-product status-publish has-post-thumbnail product_cat-creme-per-mani-e-piedi product_cat-prodotti-cosmetici-dead-sea-per-spa-it-2 product_cat-prodotti-cosmetici-per-il-corpo product_cat-prodotti-cosmetici-dead-sea-per-spa-it product_tag-bella-pelle product_tag-pelle-liscia last instock shipping-taxable purchasable product-type-simple\">\n\t<div class=\"col-inner\">\t\n\t\n<div class=\"badge-container absolute left top z-1\">\n<\/div>\t<div class=\"product-small box \">\n\t\t<div class=\"box-image\">\n\t\t\t<div class=\"image-none\">\n\t\t\t\t<a href=\"https:\/\/seacare.com\/it\/prodotto\/crema-piedi-150-ml-seacare\/\">\n\t\t\t\t\t<img loading=\"lazy\" decoding=\"async\" width=\"247\" height=\"300\" src=\"https:\/\/seacare.com\/wp-content\/uploads\/2017\/03\/1.-Foot-Cream-\u043a\u043e\u043f\u0438\u044f-247x300.jpg\" class=\"attachment-shop_catalog size-shop_catalog wp-post-image\" alt=\"1. Foot Cream \u043a\u043e\u043f\u0438\u044f\" title=\"1. Foot Cream \u043a\u043e\u043f\u0438\u044f\" \/>\t\t\t\t<\/a>\n\t\t\t<\/div>\n\t\t\t<div class=\"image-tools is-small top right show-on-hover\">\n\t\t\t\t\t\t\t<\/div>\n\t\t\t<div class=\"image-tools is-small hide-for-small bottom left show-on-hover\">\n\t\t\t\t\t\t\t<\/div>\n\t\t\t<div class=\"image-tools grid-tools text-center hide-for-small bottom hover-slide-in show-on-hover\">\n\t\t\t\t  <a class=\"quick-view\" data-prod=\"35509\" href=\"#quick-view\">Visualizzazione Veloce<\/a>\t\t\t<\/div>\n\t\t\t\t\t<\/div><!-- box-image -->\n\n\t\t<div class=\"box-text box-text-products\">\n\t\t\t<div class=\"title-wrapper\">  <p class=\"category uppercase is-smaller no-text-overflow product-cat op-7\">\n        Creme per mani e piedi   <\/p> <p class=\"name product-title\"><a href=\"https:\/\/seacare.com\/it\/prodotto\/crema-piedi-150-ml-seacare\/\">Crema piedi, 150 ml, SeaCare<\/a><\/p><\/div><div class=\"price-wrapper\">\n\t<span class=\"price\"><span class=\"woocommerce-Price-amount amount\"><span class=\"woocommerce-Price-currencySymbol\">&#36;<\/span>&nbsp;28.90<\/span><\/span>\n<\/div>\t\t<\/div><!-- box-text -->\n\t<\/div><!-- box -->\n\t\t<\/div><!-- .col-inner -->\n<\/div><!-- col -->\t            \t\t\t\t\t\n<div class=\"product-small col has-hover post-36153 product type-product status-publish has-post-thumbnail product_cat-creme-per-mani-e-piedi product_cat-prodotti-cosmetici-biologici-ringiovanenti product_cat-prodotti-cosmetici-per-il-corpo product_cat-cosmetici-organici-per-spa product_tag-bella-pelle product_tag-pelle-liscia first instock shipping-taxable purchasable product-type-simple\">\n\t<div class=\"col-inner\">\t\n\t\n<div class=\"badge-container absolute left top z-1\">\n<\/div>\t<div class=\"product-small box \">\n\t\t<div class=\"box-image\">\n\t\t\t<div class=\"image-none\">\n\t\t\t\t<a href=\"https:\/\/seacare.com\/it\/prodotto\/crema-piedi-biologica-150-ml-seacare\/\">\n\t\t\t\t\t<img loading=\"lazy\" decoding=\"async\" width=\"247\" height=\"300\" src=\"https:\/\/seacare.com\/wp-content\/uploads\/2020\/06\/Organic-Care-Foot-Cream-SC-1-copy-247x300.jpg\" class=\"attachment-shop_catalog size-shop_catalog wp-post-image\" alt=\"Organic Care Foot Cream SC\" title=\"Organic Care Foot Cream SC\" \/>\t\t\t\t<\/a>\n\t\t\t<\/div>\n\t\t\t<div class=\"image-tools is-small top right show-on-hover\">\n\t\t\t\t\t\t\t<\/div>\n\t\t\t<div class=\"image-tools is-small hide-for-small bottom left show-on-hover\">\n\t\t\t\t\t\t\t<\/div>\n\t\t\t<div class=\"image-tools grid-tools text-center hide-for-small bottom hover-slide-in show-on-hover\">\n\t\t\t\t  <a class=\"quick-view\" data-prod=\"36153\" href=\"#quick-view\">Visualizzazione Veloce<\/a>\t\t\t<\/div>\n\t\t\t\t\t<\/div><!-- box-image -->\n\n\t\t<div class=\"box-text box-text-products\">\n\t\t\t<div class=\"title-wrapper\">  <p class=\"category uppercase is-smaller no-text-overflow product-cat op-7\">\n        Creme per mani e piedi   <\/p> <p class=\"name product-title\"><a href=\"https:\/\/seacare.com\/it\/prodotto\/crema-piedi-biologica-150-ml-seacare\/\">Crema piedi biologica, 150 ml, SeaCare<\/a><\/p><\/div><div class=\"price-wrapper\">\n\t<span class=\"price\"><span class=\"woocommerce-Price-amount amount\"><span class=\"woocommerce-Price-currencySymbol\">&#36;<\/span>&nbsp;36.90<\/span><\/span>\n<\/div>\t\t<\/div><!-- box-text -->\n\t<\/div><!-- box -->\n\t\t<\/div><!-- .col-inner -->\n<\/div><!-- col -->\t            \n\t        <\/div>\n","protected":false},"excerpt":{"rendered":"<p>per pelle secca, ruvida o screpolata<br \/>\n150 ml &#8211; 5.07 fl.oz.<\/p>\n","protected":false},"featured_media":59280,"comment_status":"open","ping_status":"closed","template":"","meta":[],"_links":{"self":[{"href":"https:\/\/seacare.com\/it\/wp-json\/wp\/v2\/product\/35694"}],"collection":[{"href":"https:\/\/seacare.com\/it\/wp-json\/wp\/v2\/product"}],"about":[{"href":"https:\/\/seacare.com\/it\/wp-json\/wp\/v2\/types\/product"}],"replies":[{"embeddable":true,"href":"https:\/\/seacare.com\/it\/wp-json\/wp\/v2\/comments?post=35694"}],"wp:featuredmedia":[{"embeddable":true,"href":"https:\/\/seacare.com\/it\/wp-json\/wp\/v2\/media\/59280"}],"wp:attachment":[{"href":"https:\/\/seacare.com\/it\/wp-json\/wp\/v2\/media?parent=35694"}],"curies":[{"name":"wp","href":"https:\/\/api.w.org\/{rel}","templated":true}]}}