{"id":35830,"date":"2021-01-13T17:02:28","date_gmt":"2021-05-01T12:49:42","guid":{"rendered":"https:\/\/seacare.com\/ru\/?post_type=product&#038;p=35830"},"modified":"2021-05-03T14:52:57","modified_gmt":"2021-05-03T11:52:57","slug":"sale-da-bagno-del-mar-morto-uomo-300-g-seacare","status":"publish","type":"product","link":"https:\/\/seacare.com\/it\/prodotto\/sale-da-bagno-del-mar-morto-uomo-300-g-seacare\/","title":{"rendered":"Sale da bagno del Mar Morto uomo, 300 g, SeaCare"},"content":{"rendered":"<p>Sale da bagno del Mar Morto uomo Sea\u0421are \u00e8 una miscela di sali naturali del Mar Morto contenente un&#8217;alta concentrazione di minerali. Possiede di un eccellente profumo maschile lenitivo. La sua formula arricchita con minerali del Mar Morto \u00e8 stata creata in conformit\u00e0 con gli standard dell\u2019Associazione dei produttori israeliani di cosmetici Ripristina la pace e la tranquillit\u00e0 nella testa e nel corpo. Il sale da bagno rivitalizza la pelle, lasciando un leggero film oleoso che protegge la pelle dalla perdita d\u2019umidit\u00e0, mentre allo stesso tempo lenisce e aiuta a ripristinare la naturale elasticit\u00e0 della pelle. Con il Sale da bagno del Mar Morto uomo goderete il bagno antistress rilassante!<\/p>\n<p><strong>Come utilizzare:<\/strong> Sciogliere il sale nella vasca con l\u2019acqua tiepida, riposare nella vasca per 15-20 minuti.<\/p>\n<h3>Ingredienti chiave<\/h3>\n<hr \/>\n<div class=\"row\"  id=\"row-1787752769\">\n<div class=\"col medium-6 small-12 large-6\"  ><div class=\"col-inner\"  >\n<div class=\"row\"  id=\"row-980182298\">\n<div class=\"col medium-3 small-12 large-3\"  ><div class=\"col-inner\"  >\n    <div class=\"img has-hover x md-x lg-x y md-y lg-y\" id=\"image_231240275\">\n                <div class=\"img-inner dark\" >\n        <img loading=\"lazy\" decoding=\"async\" width=\"500\" height=\"500\" src=\"https:\/\/seacare.com\/wp-content\/uploads\/2020\/07\/minerals-1.png\" class=\"attachment-large size-large\" alt=\"\" srcset=\"https:\/\/seacare.com\/wp-content\/uploads\/2020\/07\/minerals-1.png 500w, https:\/\/seacare.com\/wp-content\/uploads\/2020\/07\/minerals-1-247x247.png 247w, https:\/\/seacare.com\/wp-content\/uploads\/2020\/07\/minerals-1-400x400.png 400w, https:\/\/seacare.com\/wp-content\/uploads\/2020\/07\/minerals-1-180x180.png 180w\" sizes=\"(max-width: 500px) 100vw, 500px\" \/>                \n            <\/div>\n                   \n<style scope=\"scope\">\n\n<\/style>\n    <\/div>\n    \n<\/div><\/div>\n<div class=\"col medium-9 small-12 large-9\"  ><div class=\"col-inner\"  >\n<h4 class=\"text-head\">Minerali del Mar Morto<\/h4>\n<p>Il Mar Morto contiene oltre 20 minerali i quali come \u00e8 stato provato migliorano l\u2019aspetto della pelle e aiutano a mantenerla sana e giovane. Anche le piante che crescono lungo <a href=\"\/it\/minerali-del-mar-morto\/\">Dettagliato&#8230;<\/a><\/p>\n<\/div><\/div>\n<\/div>\n<\/div><\/div>\n<div class=\"col medium-6 small-12 large-6\"  ><div class=\"col-inner\"  >\n<div class=\"row\"  id=\"row-1479516090\">\n<div class=\"col medium-3 small-12 large-3\"  ><div class=\"col-inner\"  >\n    <div class=\"img has-hover x md-x lg-x y md-y lg-y\" id=\"image_616407489\">\n                <div class=\"img-inner dark\" >\n        <img loading=\"lazy\" decoding=\"async\" width=\"500\" height=\"500\" src=\"https:\/\/seacare.com\/wp-content\/uploads\/2020\/07\/\u0421\u043e\u043b\u044c-\u041c\u0435\u0440\u0442\u0432\u043e\u0433\u043e-\u043c\u043e\u0440\u044f-1.jpg\" class=\"attachment-large size-large\" alt=\"\" srcset=\"https:\/\/seacare.com\/wp-content\/uploads\/2020\/07\/\u0421\u043e\u043b\u044c-\u041c\u0435\u0440\u0442\u0432\u043e\u0433\u043e-\u043c\u043e\u0440\u044f-1.jpg 500w, https:\/\/seacare.com\/wp-content\/uploads\/2020\/07\/\u0421\u043e\u043b\u044c-\u041c\u0435\u0440\u0442\u0432\u043e\u0433\u043e-\u043c\u043e\u0440\u044f-1-247x247.jpg 247w, https:\/\/seacare.com\/wp-content\/uploads\/2020\/07\/\u0421\u043e\u043b\u044c-\u041c\u0435\u0440\u0442\u0432\u043e\u0433\u043e-\u043c\u043e\u0440\u044f-1-400x400.jpg 400w, https:\/\/seacare.com\/wp-content\/uploads\/2020\/07\/\u0421\u043e\u043b\u044c-\u041c\u0435\u0440\u0442\u0432\u043e\u0433\u043e-\u043c\u043e\u0440\u044f-1-180x180.jpg 180w\" sizes=\"(max-width: 500px) 100vw, 500px\" \/>                \n            <\/div>\n                   \n<style scope=\"scope\">\n\n<\/style>\n    <\/div>\n    \n<\/div><\/div>\n<div class=\"col medium-9 small-12 large-9\"  ><div class=\"col-inner\"  >\n<h4>Sale del Mar Morto<\/h4>\n<p>Il Sale del Mar Morto \u00e8 ricco di minerali essenziali, il sale del Mar Morto pu\u00f2 essere proprio ci\u00f2 di cui abbiamo bisogno per la nostra salute e benessere. Il sale del Mar Morto contiene <a href=\"\/it\/sale-del-mar-morto\/\">Dettagliato&#8230;<\/a><\/p>\n<\/div><\/div>\n<\/div>\n<\/div><\/div>\n<\/div>\n<h3>Altri prodotti e collezioni<\/h3>\n\n  \n    <div class=\"row large-columns-4 medium-columns- small-columns-2 row-small slider row-slider slider-nav-reveal slider-nav-push\"  data-flickity-options='{\"imagesLoaded\": true, \"groupCells\": \"100%\", \"dragThreshold\" : 5, \"cellAlign\": \"left\",\"wrapAround\": true,\"prevNextButtons\": true,\"percentPosition\": true,\"pageDots\": false, \"rightToLeft\": false, \"autoPlay\" : false}'>\n\n  \t<\/div>\n<h3>Simili prodotti in altre collezioni<\/h3>\n\n  \n    <div class=\"row large-columns-4 medium-columns- small-columns-2 row-small slider row-slider slider-nav-reveal slider-nav-push\"  data-flickity-options='{\"imagesLoaded\": true, \"groupCells\": \"100%\", \"dragThreshold\" : 5, \"cellAlign\": \"left\",\"wrapAround\": true,\"prevNextButtons\": true,\"percentPosition\": true,\"pageDots\": false, \"rightToLeft\": false, \"autoPlay\" : false}'>\n\n  \t\n\t            \t\t\t\t\t\n<div class=\"product-small col has-hover post-35432 product type-product status-publish has-post-thumbnail product_cat-sale-da-bagno product_cat-prodotti-cosmetici-dead-sea-per-spa-it-2 product_cat-prodotti-cosmetici-per-il-corpo product_cat-prodotti-cosmetici-dead-sea-per-spa-it first instock shipping-taxable purchasable product-type-simple\">\n\t<div class=\"col-inner\">\t\n\t\n<div class=\"badge-container absolute left top z-1\">\n<\/div>\t<div class=\"product-small box \">\n\t\t<div class=\"box-image\">\n\t\t\t<div class=\"image-none\">\n\t\t\t\t<a href=\"https:\/\/seacare.com\/it\/prodotto\/sale-da-bagno-del-mar-morto-300-g-seasare\/\">\n\t\t\t\t\t<img loading=\"lazy\" decoding=\"async\" width=\"247\" height=\"300\" src=\"https:\/\/seacare.com\/wp-content\/uploads\/2017\/03\/1.-Bath_Salt_1-\u043a\u043e\u043f\u0438\u044f-247x300.jpg\" class=\"attachment-shop_catalog size-shop_catalog wp-post-image\" alt=\"1. Bath_Salt_1 \u043a\u043e\u043f\u0438\u044f\" title=\"1. Bath_Salt_1 \u043a\u043e\u043f\u0438\u044f\" \/>\t\t\t\t<\/a>\n\t\t\t<\/div>\n\t\t\t<div class=\"image-tools is-small top right show-on-hover\">\n\t\t\t\t\t\t\t<\/div>\n\t\t\t<div class=\"image-tools is-small hide-for-small bottom left show-on-hover\">\n\t\t\t\t\t\t\t<\/div>\n\t\t\t<div class=\"image-tools grid-tools text-center hide-for-small bottom hover-slide-in show-on-hover\">\n\t\t\t\t  <a class=\"quick-view\" data-prod=\"35432\" href=\"#quick-view\">Visualizzazione Veloce<\/a>\t\t\t<\/div>\n\t\t\t\t\t<\/div><!-- box-image -->\n\n\t\t<div class=\"box-text box-text-products\">\n\t\t\t<div class=\"title-wrapper\">  <p class=\"category uppercase is-smaller no-text-overflow product-cat op-7\">\n        Sale da bagno   <\/p> <p class=\"name product-title\"><a href=\"https:\/\/seacare.com\/it\/prodotto\/sale-da-bagno-del-mar-morto-300-g-seasare\/\">Sale da bagno del Mar Morto, 300 g, Sea\u0421are<\/a><\/p><\/div><div class=\"price-wrapper\">\n\t<span class=\"price\"><span class=\"woocommerce-Price-amount amount\"><span class=\"woocommerce-Price-currencySymbol\">&#36;<\/span>&nbsp;36.90<\/span><\/span>\n<\/div>\t\t<\/div><!-- box-text -->\n\t<\/div><!-- box -->\n\t\t<\/div><!-- .col-inner -->\n<\/div><!-- col -->\t            \n\t        <\/div>\n","protected":false},"excerpt":{"rendered":"<p>adatto a tutti i tipi di pelle<br \/>\n300 g &#8211; 10.1 oz.<\/p>\n","protected":false},"featured_media":59378,"comment_status":"open","ping_status":"closed","template":"","meta":[],"_links":{"self":[{"href":"https:\/\/seacare.com\/it\/wp-json\/wp\/v2\/product\/35830"}],"collection":[{"href":"https:\/\/seacare.com\/it\/wp-json\/wp\/v2\/product"}],"about":[{"href":"https:\/\/seacare.com\/it\/wp-json\/wp\/v2\/types\/product"}],"replies":[{"embeddable":true,"href":"https:\/\/seacare.com\/it\/wp-json\/wp\/v2\/comments?post=35830"}],"wp:featuredmedia":[{"embeddable":true,"href":"https:\/\/seacare.com\/it\/wp-json\/wp\/v2\/media\/59378"}],"wp:attachment":[{"href":"https:\/\/seacare.com\/it\/wp-json\/wp\/v2\/media?parent=35830"}],"curies":[{"name":"wp","href":"https:\/\/api.w.org\/{rel}","templated":true}]}}