{"id":35910,"date":"2017-03-01T18:21:40","date_gmt":"2021-05-01T13:48:44","guid":{"rendered":"https:\/\/seacare.com\/ru\/?post_type=product&#038;p=35910"},"modified":"2021-05-05T11:16:04","modified_gmt":"2021-05-05T08:16:04","slug":"shampoo-al-fango-capelli-uomo-400-ml-seacare","status":"publish","type":"product","link":"https:\/\/seacare.com\/it\/prodotto\/shampoo-al-fango-capelli-uomo-400-ml-seacare\/","title":{"rendered":"Shampoo al fango capelli uomo, 400 ml, SeaCare"},"content":{"rendered":"<p>Shampoo al fango capelli uomo SeaCare \u00e8 stato appositamente creato per la cura quotidiana dei capelli uomo. Shampoo al fango capelli uomo SeaCare lascer\u00e0 i vostri capelli sani e puliti La formula dello shampoo \u00e8 arricchita con minerali del Mar Morto. Lo shampoo a base del fango del Mar Morto arricchisce i capelli e il cuoio capelluto di minerali, rinforza e migliora la loro elasticit\u00e0. La formula dello shampoo contiene Amisoft CS-22, un ingrediente attivo che produce un ottimo effetto condizionante sui capelli; ABIL Soft AF 200, un ingrediente attivo che lascia i capelli morbidi, lisci, confortevoli; Dermosoft GMCY, un estratto di erbe naturale al 100% che possiede delle propriet\u00e0 antimicrobiche e idratanti. L&#8217;uso regolare del Shampoo al fango capelli uomo SeaCare rafforza i capelli e aiuta a prevenire i danni ai capelli.<\/p>\n<p><strong>Non contiene:<\/strong> Parabeni, Glicole propilenico, Siliconi, Oli minerali, Petrolato, SLS.<\/p>\n<p>Come utilizzare: Applicare sui capelli umidi e sul cuoio capelluto facendo movimenti circolari. Sciacquare abbondantemente con acqua. Per ottenere un risultato ottimale dopo aver utilizzato questo shampoo si consiglia di applicare il Condizionatore al fango capelli uomo SeaCare.<\/p>\n<h3>Ingredienti chiave<\/h3>\n<hr \/>\n<div class=\"row\"  id=\"row-1412715042\">\n<div class=\"col medium-6 small-12 large-6\"  ><div class=\"col-inner\"  >\n<div class=\"row\"  id=\"row-1220639259\">\n<div class=\"col medium-3 small-12 large-3\"  ><div class=\"col-inner\"  >\n    <div class=\"img has-hover x md-x lg-x y md-y lg-y\" id=\"image_1462340924\">\n                <div class=\"img-inner dark\" >\n        <img loading=\"lazy\" decoding=\"async\" width=\"500\" height=\"500\" src=\"https:\/\/seacare.com\/wp-content\/uploads\/2017\/03\/minerals-1.png\" class=\"attachment-large size-large\" alt=\"\" srcset=\"https:\/\/seacare.com\/wp-content\/uploads\/2017\/03\/minerals-1.png 500w, https:\/\/seacare.com\/wp-content\/uploads\/2017\/03\/minerals-1-280x280.png 280w, https:\/\/seacare.com\/wp-content\/uploads\/2017\/03\/minerals-1-400x400.png 400w, https:\/\/seacare.com\/wp-content\/uploads\/2017\/03\/minerals-1-180x180.png 180w, https:\/\/seacare.com\/wp-content\/uploads\/2017\/03\/minerals-1-300x300.png 300w\" sizes=\"(max-width: 500px) 100vw, 500px\" \/>                \n            <\/div>\n                   \n<style scope=\"scope\">\n\n<\/style>\n    <\/div>\n    \n<\/div><\/div>\n<div class=\"col medium-9 small-12 large-9\"  ><div class=\"col-inner\"  >\n<h4 class=\"text-head\">Minerali del Mar Morto<\/h4>\n<p>Il Mar Morto contiene oltre 20 minerali i quali come \u00e8 stato provato migliorano l\u2019aspetto della pelle e aiutano a mantenerla sana e giovane. Anche le piante che crescono lungo <a href=\"\/it\/minerali-del-mar-morto\/\">Dettagliato&#8230;<\/a><\/p>\n<\/div><\/div>\n<\/div>\n<\/div><\/div>\n<div class=\"col medium-6 small-12 large-6\"  ><div class=\"col-inner\"  >\n<div class=\"row\"  id=\"row-167119405\">\n<div class=\"col medium-3 small-12 large-3\"  ><div class=\"col-inner\"  >\n    <div class=\"img has-hover x md-x lg-x y md-y lg-y\" id=\"image_1449988974\">\n                <div class=\"img-inner dark\" >\n        <img loading=\"lazy\" decoding=\"async\" width=\"500\" height=\"500\" src=\"https:\/\/seacare.com\/wp-content\/uploads\/2020\/07\/\u0413\u0440\u044f\u0437\u044c.jpg\" class=\"attachment-large size-large\" alt=\"Dead sea Mud\" srcset=\"https:\/\/seacare.com\/wp-content\/uploads\/2020\/07\/\u0413\u0440\u044f\u0437\u044c.jpg 500w, https:\/\/seacare.com\/wp-content\/uploads\/2020\/07\/\u0413\u0440\u044f\u0437\u044c-247x247.jpg 247w, https:\/\/seacare.com\/wp-content\/uploads\/2020\/07\/\u0413\u0440\u044f\u0437\u044c-400x400.jpg 400w, https:\/\/seacare.com\/wp-content\/uploads\/2020\/07\/\u0413\u0440\u044f\u0437\u044c-180x180.jpg 180w\" sizes=\"(max-width: 500px) 100vw, 500px\" \/>                \n            <\/div>\n                   \n<style scope=\"scope\">\n\n<\/style>\n    <\/div>\n    \n<\/div><\/div>\n<div class=\"col medium-9 small-12 large-9\"  ><div class=\"col-inner\"  >\n<h4>Fango del Mar Morto<\/h4>\n<p>Il fango del Mar Morto \u00e8 usato per il trattamento delle malattie come psoriasi, artrite, acne e dolori cronici di schiena. Molti studi sostengono che il fango del Mar Morto pu\u00f2 alleviare <a href=\"\/it\/fango-del-mar-morto\/\">Dettagliato&#8230;<\/a><\/p>\n<\/div><\/div>\n<\/div>\n<\/div><\/div>\n<div class=\"col medium-6 small-12 large-6\"  ><div class=\"col-inner\"  >\n<div class=\"row\"  id=\"row-1258405923\">\n<div class=\"col medium-3 small-12 large-3\"  ><div class=\"col-inner\"  >\n    <div class=\"img has-hover x md-x lg-x y md-y lg-y\" id=\"image_2113964277\">\n                <div class=\"img-inner dark\" >\n        <img loading=\"lazy\" decoding=\"async\" width=\"500\" height=\"500\" src=\"https:\/\/seacare.com\/wp-content\/uploads\/2020\/07\/Amisoft\u00ae-CS-22-1.jpg\" class=\"attachment-large size-large\" alt=\"\" srcset=\"https:\/\/seacare.com\/wp-content\/uploads\/2020\/07\/Amisoft\u00ae-CS-22-1.jpg 500w, https:\/\/seacare.com\/wp-content\/uploads\/2020\/07\/Amisoft\u00ae-CS-22-1-247x247.jpg 247w, https:\/\/seacare.com\/wp-content\/uploads\/2020\/07\/Amisoft\u00ae-CS-22-1-400x400.jpg 400w, https:\/\/seacare.com\/wp-content\/uploads\/2020\/07\/Amisoft\u00ae-CS-22-1-180x180.jpg 180w\" sizes=\"(max-width: 500px) 100vw, 500px\" \/>                \n            <\/div>\n                   \n<style scope=\"scope\">\n\n<\/style>\n    <\/div>\n    \n<\/div><\/div>\n<div class=\"col medium-9 small-12 large-9\"  ><div class=\"col-inner\"  >\n<h4 class=\"text-head\">Amisoft \u00ae CS-22<\/h4>\n<p>Amisoft \u00ae CS-22 \u00e8 un attivo ingrediente naturale a base di aminoacidi, l\u2019acido L-glutammico e acidi grassi di cocco. Amisoft\u00ae CS-22 fornisce un eccellente effetto condizionante sulla <a href=\"\/it\/amisoft-cs-22\/\">Dettagliato&#8230;<\/a><\/p>\n<\/div><\/div>\n<\/div>\n<\/div><\/div>\n<div class=\"col medium-6 small-12 large-6\"  ><div class=\"col-inner\"  >\n<div class=\"row\"  id=\"row-815344188\">\n<div class=\"col medium-3 small-12 large-3\"  ><div class=\"col-inner\"  >\n    <div class=\"img has-hover x md-x lg-x y md-y lg-y\" id=\"image_1603285164\">\n                <div class=\"img-inner dark\" >\n        <img loading=\"lazy\" decoding=\"async\" width=\"500\" height=\"500\" src=\"https:\/\/seacare.com\/wp-content\/uploads\/2017\/03\/ABIL-Soft-200.png\" class=\"attachment-large size-large\" alt=\"\" srcset=\"https:\/\/seacare.com\/wp-content\/uploads\/2017\/03\/ABIL-Soft-200.png 500w, https:\/\/seacare.com\/wp-content\/uploads\/2017\/03\/ABIL-Soft-200-280x280.png 280w, https:\/\/seacare.com\/wp-content\/uploads\/2017\/03\/ABIL-Soft-200-400x400.png 400w, https:\/\/seacare.com\/wp-content\/uploads\/2017\/03\/ABIL-Soft-200-180x180.png 180w, https:\/\/seacare.com\/wp-content\/uploads\/2017\/03\/ABIL-Soft-200-300x300.png 300w\" sizes=\"(max-width: 500px) 100vw, 500px\" \/>                \n            <\/div>\n                   \n<style scope=\"scope\">\n\n<\/style>\n    <\/div>\n    \n<\/div><\/div>\n<div class=\"col medium-9 small-12 large-9\"  ><div class=\"col-inner\"  >\n<h4 class=\"text-head\">ABIL\u00ae Soft AF 200<\/h4>\n<p>ABIL\u00ae Soft AF 200 \u00e8 un nuovo ingrediente economico ed efficace per il condizionamento dei capelli, ottimizzato per un condizionamento migliore. Aminosilicone assicura un eccellente <a href=\"\/it\/abil-soft-af-200\/\"> Dettagliato&#8230;<\/a><\/p>\n<\/div><\/div>\n<\/div>\n<\/div><\/div>\n<div class=\"col medium-6 small-12 large-6\"  ><div class=\"col-inner\"  >\n<div class=\"row\"  id=\"row-874181096\">\n<div class=\"col medium-3 small-12 large-3\"  ><div class=\"col-inner\"  >\n    <div class=\"img has-hover x md-x lg-x y md-y lg-y\" id=\"image_914331593\">\n                <div class=\"img-inner dark\" >\n        <img loading=\"lazy\" decoding=\"async\" width=\"500\" height=\"500\" src=\"https:\/\/seacare.com\/wp-content\/uploads\/2020\/07\/Dermosoft\u00ae-GMCY-2.jpg\" class=\"attachment-large size-large\" alt=\"\" srcset=\"https:\/\/seacare.com\/wp-content\/uploads\/2020\/07\/Dermosoft\u00ae-GMCY-2.jpg 500w, https:\/\/seacare.com\/wp-content\/uploads\/2020\/07\/Dermosoft\u00ae-GMCY-2-247x247.jpg 247w, https:\/\/seacare.com\/wp-content\/uploads\/2020\/07\/Dermosoft\u00ae-GMCY-2-400x400.jpg 400w, https:\/\/seacare.com\/wp-content\/uploads\/2020\/07\/Dermosoft\u00ae-GMCY-2-180x180.jpg 180w\" sizes=\"(max-width: 500px) 100vw, 500px\" \/>                \n            <\/div>\n                   \n<style scope=\"scope\">\n\n<\/style>\n    <\/div>\n    \n<\/div><\/div>\n<div class=\"col medium-9 small-12 large-9\"  ><div class=\"col-inner\"  >\n<h4>Dermosoft\u00ae GMCY<\/h4>\n<p>Dermosoft\u00ae GMCY possiede delle propriet\u00e0 idratanti e rigeneranti. Aiuta a migliorare e mantenere l\u2019idratazione e l\u2019equilibrio della pelle. Inoltre, grazie alla sua forte attivit\u00e0 contro <a href=\"\/it\/dermosoft-gmcy\/\">Dettagliato&#8230;<\/a><\/p>\n<\/div><\/div>\n<\/div>\n<\/div><\/div>\n<\/div>\n<h3>Altri prodotti e collezioni<\/h3>\n\n  \n    <div class=\"row large-columns-4 medium-columns- small-columns-2 row-small slider row-slider slider-nav-reveal slider-nav-push\"  data-flickity-options='{\"imagesLoaded\": true, \"groupCells\": \"100%\", \"dragThreshold\" : 5, \"cellAlign\": \"left\",\"wrapAround\": true,\"prevNextButtons\": true,\"percentPosition\": true,\"pageDots\": false, \"rightToLeft\": false, \"autoPlay\" : false}'>\n\n  \t<\/div>\n<h3>Simili prodotti in altre collezioni<\/h3>\n\n  \n    <div class=\"row large-columns-4 medium-columns- small-columns-2 row-small slider row-slider slider-nav-reveal slider-nav-push\"  data-flickity-options='{\"imagesLoaded\": true, \"groupCells\": \"100%\", \"dragThreshold\" : 5, \"cellAlign\": \"left\",\"wrapAround\": true,\"prevNextButtons\": true,\"percentPosition\": true,\"pageDots\": false, \"rightToLeft\": false, \"autoPlay\" : false}'>\n\n  \t\n\t            \t\t\t\t\t\n<div class=\"product-small col has-hover post-35199 product type-product status-publish has-post-thumbnail product_cat-shampoo product_cat-prodotti-cosmetici-dead-sea-per-spa-it-2 product_cat-prodotti-cosmetici-per-capelli product_cat-prodotti-cosmetici-dead-sea-per-spa-it product_tag-la-bellezza-dei-capelli first instock shipping-taxable purchasable product-type-simple\">\n\t<div class=\"col-inner\">\t\n\t\n<div class=\"badge-container absolute left top z-1\">\n<\/div>\t<div class=\"product-small box \">\n\t\t<div class=\"box-image\">\n\t\t\t<div class=\"image-none\">\n\t\t\t\t<a href=\"https:\/\/seacare.com\/it\/prodotto\/shampoo-al-fango-400-ml-seacare\/\">\n\t\t\t\t\t<img loading=\"lazy\" decoding=\"async\" width=\"247\" height=\"300\" src=\"https:\/\/seacare.com\/wp-content\/uploads\/2017\/03\/1.-Mud-Shampoo-\u043a\u043e\u043f\u0438\u044f-247x300.jpg\" class=\"attachment-shop_catalog size-shop_catalog wp-post-image\" alt=\"1. Mud Shampoo \u043a\u043e\u043f\u0438\u044f\" title=\"1. Mud Shampoo \u043a\u043e\u043f\u0438\u044f\" \/>\t\t\t\t<\/a>\n\t\t\t<\/div>\n\t\t\t<div class=\"image-tools is-small top right show-on-hover\">\n\t\t\t\t\t\t\t<\/div>\n\t\t\t<div class=\"image-tools is-small hide-for-small bottom left show-on-hover\">\n\t\t\t\t\t\t\t<\/div>\n\t\t\t<div class=\"image-tools grid-tools text-center hide-for-small bottom hover-slide-in show-on-hover\">\n\t\t\t\t  <a class=\"quick-view\" data-prod=\"35199\" href=\"#quick-view\">Visualizzazione Veloce<\/a>\t\t\t<\/div>\n\t\t\t\t\t<\/div><!-- box-image -->\n\n\t\t<div class=\"box-text box-text-products\">\n\t\t\t<div class=\"title-wrapper\">  <p class=\"category uppercase is-smaller no-text-overflow product-cat op-7\">\n        Shampoo   <\/p> <p class=\"name product-title\"><a href=\"https:\/\/seacare.com\/it\/prodotto\/shampoo-al-fango-400-ml-seacare\/\">Shampoo al fango, 400 ml, SeaCare<\/a><\/p><\/div><div class=\"price-wrapper\">\n\t<span class=\"price\"><span class=\"woocommerce-Price-amount amount\"><span class=\"woocommerce-Price-currencySymbol\">&#36;<\/span>&nbsp;44.90<\/span><\/span>\n<\/div>\t\t<\/div><!-- box-text -->\n\t<\/div><!-- box -->\n\t\t<\/div><!-- .col-inner -->\n<\/div><!-- col -->\t            \t\t\t\t\t\n<div class=\"product-small col has-hover post-36024 product type-product status-publish has-post-thumbnail product_cat-shampoo product_cat-prodotti-cosmetici-biologici-ringiovanenti product_cat-prodotti-cosmetici-per-capelli product_cat-cosmetici-organici-per-spa product_tag-la-bellezza-dei-capelli  instock shipping-taxable purchasable product-type-simple\">\n\t<div class=\"col-inner\">\t\n\t\n<div class=\"badge-container absolute left top z-1\">\n<\/div>\t<div class=\"product-small box \">\n\t\t<div class=\"box-image\">\n\t\t\t<div class=\"image-none\">\n\t\t\t\t<a href=\"https:\/\/seacare.com\/it\/prodotto\/shampoo-nutriente-biologico-250-ml-seacare\/\">\n\t\t\t\t\t<img loading=\"lazy\" decoding=\"async\" width=\"247\" height=\"300\" src=\"https:\/\/seacare.com\/wp-content\/uploads\/2020\/06\/Organic-Care-Nourishing-Shampoo-SC-1-copy-247x300.jpg\" class=\"attachment-shop_catalog size-shop_catalog wp-post-image\" alt=\"Organic Care Nourishing Shampoo Gel \u041b\u0435\u0442\u0443\u0430\u043b\u044c\" title=\"Organic Care Nourishing Shampoo Gel \u041b\u0435\u0442\u0443\u0430\u043b\u044c\" \/>\t\t\t\t<\/a>\n\t\t\t<\/div>\n\t\t\t<div class=\"image-tools is-small top right show-on-hover\">\n\t\t\t\t\t\t\t<\/div>\n\t\t\t<div class=\"image-tools is-small hide-for-small bottom left show-on-hover\">\n\t\t\t\t\t\t\t<\/div>\n\t\t\t<div class=\"image-tools grid-tools text-center hide-for-small bottom hover-slide-in show-on-hover\">\n\t\t\t\t  <a class=\"quick-view\" data-prod=\"36024\" href=\"#quick-view\">Visualizzazione Veloce<\/a>\t\t\t<\/div>\n\t\t\t\t\t<\/div><!-- box-image -->\n\n\t\t<div class=\"box-text box-text-products\">\n\t\t\t<div class=\"title-wrapper\">  <p class=\"category uppercase is-smaller no-text-overflow product-cat op-7\">\n        Shampoo   <\/p> <p class=\"name product-title\"><a href=\"https:\/\/seacare.com\/it\/prodotto\/shampoo-nutriente-biologico-250-ml-seacare\/\">Shampoo Nutriente Biologico, 250 ml, SeaCare<\/a><\/p><\/div><div class=\"price-wrapper\">\n\t<span class=\"price\"><span class=\"woocommerce-Price-amount amount\"><span class=\"woocommerce-Price-currencySymbol\">&#36;<\/span>&nbsp;45.90<\/span><\/span>\n<\/div>\t\t<\/div><!-- box-text -->\n\t<\/div><!-- box -->\n\t\t<\/div><!-- .col-inner -->\n<\/div><!-- col -->\t            \t\t\t\t\t\n<div class=\"product-small col has-hover post-35221 product type-product status-publish has-post-thumbnail product_cat-condizionatori product_cat-prodotti-cosmetici-dead-sea-per-spa-it-2 product_cat-prodotti-cosmetici-per-capelli product_cat-prodotti-cosmetici-dead-sea-per-spa-it product_tag-la-bellezza-dei-capelli  instock shipping-taxable purchasable product-type-simple\">\n\t<div class=\"col-inner\">\t\n\t\n<div class=\"badge-container absolute left top z-1\">\n<\/div>\t<div class=\"product-small box \">\n\t\t<div class=\"box-image\">\n\t\t\t<div class=\"image-none\">\n\t\t\t\t<a href=\"https:\/\/seacare.com\/it\/prodotto\/condizionatore-capelli-al-fango-400-ml-seacare\/\">\n\t\t\t\t\t<img loading=\"lazy\" decoding=\"async\" width=\"247\" height=\"300\" src=\"https:\/\/seacare.com\/wp-content\/uploads\/2017\/03\/1.-Mud-Condicioner-1-247x300.jpg\" class=\"attachment-shop_catalog size-shop_catalog wp-post-image\" alt=\"1. Mud Condicioner\" title=\"1. Mud Condicioner\" \/>\t\t\t\t<\/a>\n\t\t\t<\/div>\n\t\t\t<div class=\"image-tools is-small top right show-on-hover\">\n\t\t\t\t\t\t\t<\/div>\n\t\t\t<div class=\"image-tools is-small hide-for-small bottom left show-on-hover\">\n\t\t\t\t\t\t\t<\/div>\n\t\t\t<div class=\"image-tools grid-tools text-center hide-for-small bottom hover-slide-in show-on-hover\">\n\t\t\t\t  <a class=\"quick-view\" data-prod=\"35221\" href=\"#quick-view\">Visualizzazione Veloce<\/a>\t\t\t<\/div>\n\t\t\t\t\t<\/div><!-- box-image -->\n\n\t\t<div class=\"box-text box-text-products\">\n\t\t\t<div class=\"title-wrapper\">  <p class=\"category uppercase is-smaller no-text-overflow product-cat op-7\">\n        Condizionatori   <\/p> <p class=\"name product-title\"><a href=\"https:\/\/seacare.com\/it\/prodotto\/condizionatore-capelli-al-fango-400-ml-seacare\/\">Condizionatore capelli al fango, 400 ml, SeaCare<\/a><\/p><\/div><div class=\"price-wrapper\">\n\t<span class=\"price\"><span class=\"woocommerce-Price-amount amount\"><span class=\"woocommerce-Price-currencySymbol\">&#36;<\/span>&nbsp;47.90<\/span><\/span>\n<\/div>\t\t<\/div><!-- box-text -->\n\t<\/div><!-- box -->\n\t\t<\/div><!-- .col-inner -->\n<\/div><!-- col -->\t            \t\t\t\t\t\n<div class=\"product-small col has-hover post-35295 product type-product status-publish has-post-thumbnail product_cat-maschere product_cat-prodotti-cosmetici-dead-sea-per-spa-it-2 product_cat-prodotti-cosmetici-per-capelli product_cat-prodotti-cosmetici-dead-sea-per-spa-it product_tag-la-bellezza-dei-capelli last instock shipping-taxable purchasable product-type-simple\">\n\t<div class=\"col-inner\">\t\n\t\n<div class=\"badge-container absolute left top z-1\">\n<\/div>\t<div class=\"product-small box \">\n\t\t<div class=\"box-image\">\n\t\t\t<div class=\"image-none\">\n\t\t\t\t<a href=\"https:\/\/seacare.com\/it\/prodotto\/maschera-per-capelli-al-fango-250-ml-seacare\/\">\n\t\t\t\t\t<img loading=\"lazy\" decoding=\"async\" width=\"247\" height=\"300\" src=\"https:\/\/seacare.com\/wp-content\/uploads\/2017\/03\/1.Hair_Mud_Mask_1-\u043a\u043e\u043f\u0438\u044f-247x300.jpg\" class=\"attachment-shop_catalog size-shop_catalog wp-post-image\" alt=\"1.Hair_Mud_Mask_1 \u043a\u043e\u043f\u0438\u044f\" title=\"1.Hair_Mud_Mask_1 \u043a\u043e\u043f\u0438\u044f\" \/>\t\t\t\t<\/a>\n\t\t\t<\/div>\n\t\t\t<div class=\"image-tools is-small top right show-on-hover\">\n\t\t\t\t\t\t\t<\/div>\n\t\t\t<div class=\"image-tools is-small hide-for-small bottom left show-on-hover\">\n\t\t\t\t\t\t\t<\/div>\n\t\t\t<div class=\"image-tools grid-tools text-center hide-for-small bottom hover-slide-in show-on-hover\">\n\t\t\t\t  <a class=\"quick-view\" data-prod=\"35295\" href=\"#quick-view\">Visualizzazione Veloce<\/a>\t\t\t<\/div>\n\t\t\t\t\t<\/div><!-- box-image -->\n\n\t\t<div class=\"box-text box-text-products\">\n\t\t\t<div class=\"title-wrapper\">  <p class=\"category uppercase is-smaller no-text-overflow product-cat op-7\">\n        Maschere   <\/p> <p class=\"name product-title\"><a href=\"https:\/\/seacare.com\/it\/prodotto\/maschera-per-capelli-al-fango-250-ml-seacare\/\">Maschera per capelli al fango, 250 ml, SeaCare<\/a><\/p><\/div><div class=\"price-wrapper\">\n\t<span class=\"price\"><span class=\"woocommerce-Price-amount amount\"><span class=\"woocommerce-Price-currencySymbol\">&#36;<\/span>&nbsp;45.90<\/span><\/span>\n<\/div>\t\t<\/div><!-- box-text -->\n\t<\/div><!-- box -->\n\t\t<\/div><!-- .col-inner -->\n<\/div><!-- col -->\t            \n\t        <\/div>\n","protected":false},"excerpt":{"rendered":"<p>adatto a tutti i tipi di capelli<br \/>\n400 ml &#8211; 13.52 fl.oz.<\/p>\n","protected":false},"featured_media":35911,"comment_status":"open","ping_status":"closed","template":"","meta":[],"_links":{"self":[{"href":"https:\/\/seacare.com\/it\/wp-json\/wp\/v2\/product\/35910"}],"collection":[{"href":"https:\/\/seacare.com\/it\/wp-json\/wp\/v2\/product"}],"about":[{"href":"https:\/\/seacare.com\/it\/wp-json\/wp\/v2\/types\/product"}],"replies":[{"embeddable":true,"href":"https:\/\/seacare.com\/it\/wp-json\/wp\/v2\/comments?post=35910"}],"wp:featuredmedia":[{"embeddable":true,"href":"https:\/\/seacare.com\/it\/wp-json\/wp\/v2\/media\/35911"}],"wp:attachment":[{"href":"https:\/\/seacare.com\/it\/wp-json\/wp\/v2\/media?parent=35910"}],"curies":[{"name":"wp","href":"https:\/\/api.w.org\/{rel}","templated":true}]}}