{"id":36321,"date":"2020-06-10T15:34:02","date_gmt":"2021-05-01T19:11:49","guid":{"rendered":"https:\/\/seacare.com\/ru\/?post_type=product&#038;p=36321"},"modified":"2021-05-03T14:54:37","modified_gmt":"2021-05-03T11:54:37","slug":"olio-di-jojoba-per-viso-biologico-30-ml-seacare","status":"publish","type":"product","link":"https:\/\/seacare.com\/it\/prodotto\/olio-di-jojoba-per-viso-biologico-30-ml-seacare\/","title":{"rendered":"Olio di Jojoba per viso biologico, 30 ml, SeaCare"},"content":{"rendered":"<p>Olio di Jojoba per viso biologico SeaCare certificato da ECOCERT idrata e rivitalizza immediatamente la pelle sana, liscia e luminosa. Olio di Jojoba SeaCare contiene sostanze nutritive come le Vitamine E e B nonch\u00e9 antiossidanti e minerali come cromo, rame e zinco per nutrire e proteggere la pelle. L&#8217;Olio di Jojoba pu\u00f2 aiutare a rallentare il processo d\u2019invecchiamento e la comparsa delle rughe. Inoltre, poich\u00e9 l&#8217;Olio di Jojoba biologico \u00e8 molto simile al sebo pu\u00f2 far credere alla pelle di aver prodotto abbastanza olio e quindi bilanciare la sua produzione prevenendo l&#8217;acne e altri problemi della pelle. L&#8217;azione idratante dell&#8217;Olio di Jojoba lenisce le ustioni da raggi solari e aiuta a ridurre il rischio di desquamazione. A differenza d\u2019altri oli per la cura della pelle l&#8217;Olio di Jojoba biologico SeaCare ha una struttura molto simile agli oli naturali della nostra pelle, il che significa che non solo idrata, ma viene assorbito pi\u00f9 velocemente rispetto ad altri oli. Adatto a tutti i tipi di pelle!<\/p>\n<p><strong>I cosmetici biologici SeaCare sono realizzati secondo i rigorosi standard COSMOS e sono certificati ECOCERT.<\/strong><\/p>\n<p><strong>Come utilizzare:<\/strong>\u00a0Mettere alcune gocce sui palmi delle mani e massaggiando delicatamente applicare su viso e collo. Per ottenere i migliori risultati utilizzare mattina e sera.<\/p>\n<h3>Ingredienti chiave<\/h3>\n<hr \/>\n<div class=\"row\"  id=\"row-807525945\">\n<div class=\"col medium-6 small-12 large-6\"  ><div class=\"col-inner\"  >\n<div class=\"row\"  id=\"row-1801134466\">\n<div class=\"col medium-3 small-12 large-3\"  ><div class=\"col-inner\"  >\n    <div class=\"img has-hover x md-x lg-x y md-y lg-y\" id=\"image_1584796042\">\n                <div class=\"img-inner dark\" >\n        <img loading=\"lazy\" decoding=\"async\" width=\"500\" height=\"500\" src=\"https:\/\/seacare.com\/wp-content\/uploads\/2017\/03\/jojoba.png\" class=\"attachment-large size-large\" alt=\"\u0416\u043e\u0436\u043e\u0431\u0430\" srcset=\"https:\/\/seacare.com\/wp-content\/uploads\/2017\/03\/jojoba.png 500w, https:\/\/seacare.com\/wp-content\/uploads\/2017\/03\/jojoba-280x280.png 280w, https:\/\/seacare.com\/wp-content\/uploads\/2017\/03\/jojoba-400x400.png 400w, https:\/\/seacare.com\/wp-content\/uploads\/2017\/03\/jojoba-180x180.png 180w, https:\/\/seacare.com\/wp-content\/uploads\/2017\/03\/jojoba-300x300.png 300w\" sizes=\"(max-width: 500px) 100vw, 500px\" \/>                \n            <\/div>\n                   \n<style scope=\"scope\">\n\n<\/style>\n    <\/div>\n    \n<\/div><\/div>\n<div class=\"col medium-9 small-12 large-9\"  ><div class=\"col-inner\"  >\n<h4 class=\"text-head\">Olio di jojoba<\/h4>\n<p>L\u2019olio di jojoba rende la pelle tonica ed elastica, la idrata e rende meno secca. Aiuta contro le rughe, rallenta il processo di invecchiamento della pelle, uniforma la tonicit\u00e0 della pelle.  <a href=\"\/it\/olio-di-jojoba\/\">Dettagliato&#8230;<\/a><\/p>\n<\/div><\/div>\n<\/div>\n<\/div><\/div>\n<\/div>\n<h3>Altri prodotti e collezioni<\/h3>\n\n  \n    <div class=\"row large-columns-4 medium-columns- small-columns-2 row-small slider row-slider slider-nav-reveal slider-nav-push\"  data-flickity-options='{\"imagesLoaded\": true, \"groupCells\": \"100%\", \"dragThreshold\" : 5, \"cellAlign\": \"left\",\"wrapAround\": true,\"prevNextButtons\": true,\"percentPosition\": true,\"pageDots\": false, \"rightToLeft\": false, \"autoPlay\" : false}'>\n\n  \t\n\t            \t\t\t\t\t\n<div class=\"product-small col has-hover post-36304 product type-product status-publish has-post-thumbnail product_cat-oli-per-il-viso product_cat-prodotti-cosmetici-biologici-ringiovanenti product_cat-prodotti-cosmetici-per-il-viso product_cat-oli-biologici-naturali first instock shipping-taxable purchasable product-type-simple\">\n\t<div class=\"col-inner\">\t\n\t\n<div class=\"badge-container absolute left top z-1\">\n<\/div>\t<div class=\"product-small box \">\n\t\t<div class=\"box-image\">\n\t\t\t<div class=\"image-none\">\n\t\t\t\t<a href=\"https:\/\/seacare.com\/it\/prodotto\/olio-di-argan-viso-e-labbra-biologico-30-ml-seacare\/\">\n\t\t\t\t\t<img loading=\"lazy\" decoding=\"async\" width=\"247\" height=\"300\" src=\"https:\/\/seacare.com\/wp-content\/uploads\/2020\/06\/Organic-Care-Argan-Face-Lip-Oil-SC-1-copy-247x300.jpg\" class=\"attachment-shop_catalog size-shop_catalog wp-post-image\" alt=\"Organic Care Argan Face &amp; Lip Oil \u041b\u0435\u0442\u0443\u0430\u043b\u044c\" title=\"Organic Care Argan Face &amp; Lip Oil \u041b\u0435\u0442\u0443\u0430\u043b\u044c\" \/>\t\t\t\t<\/a>\n\t\t\t<\/div>\n\t\t\t<div class=\"image-tools is-small top right show-on-hover\">\n\t\t\t\t\t\t\t<\/div>\n\t\t\t<div class=\"image-tools is-small hide-for-small bottom left show-on-hover\">\n\t\t\t\t\t\t\t<\/div>\n\t\t\t<div class=\"image-tools grid-tools text-center hide-for-small bottom hover-slide-in show-on-hover\">\n\t\t\t\t  <a class=\"quick-view\" data-prod=\"36304\" href=\"#quick-view\">Visualizzazione Veloce<\/a>\t\t\t<\/div>\n\t\t\t\t\t<\/div><!-- box-image -->\n\n\t\t<div class=\"box-text box-text-products\">\n\t\t\t<div class=\"title-wrapper\">  <p class=\"category uppercase is-smaller no-text-overflow product-cat op-7\">\n        Oli per il viso   <\/p> <p class=\"name product-title\"><a href=\"https:\/\/seacare.com\/it\/prodotto\/olio-di-argan-viso-e-labbra-biologico-30-ml-seacare\/\">Olio di Argan viso e labbra biologico, 30 ml, SeaCare<\/a><\/p><\/div><div class=\"price-wrapper\">\n\t<span class=\"price\"><span class=\"woocommerce-Price-amount amount\"><span class=\"woocommerce-Price-currencySymbol\">&#36;<\/span>&nbsp;59.90<\/span><\/span>\n<\/div>\t\t<\/div><!-- box-text -->\n\t<\/div><!-- box -->\n\t\t<\/div><!-- .col-inner -->\n<\/div><!-- col -->\t            \n\t        <\/div>\n<h3>Simili prodotti in altre collezioni<\/h3>\n\n  \n    <div class=\"row large-columns-4 medium-columns- small-columns-2 row-small slider row-slider slider-nav-reveal slider-nav-push\"  data-flickity-options='{\"imagesLoaded\": true, \"groupCells\": \"100%\", \"dragThreshold\" : 5, \"cellAlign\": \"left\",\"wrapAround\": true,\"prevNextButtons\": true,\"percentPosition\": true,\"pageDots\": false, \"rightToLeft\": false, \"autoPlay\" : false}'>\n\n  \t\n\t            \t\t\t\t\t\n<div class=\"product-small col has-hover post-36250 product type-product status-publish has-post-thumbnail product_cat-creme-per-viso-e-occhi product_cat-prodotti-cosmetici-anti-acne product_cat-prodotti-cosmetici-per-il-viso product_cat-prodotti-cosmetici-anti-acne-it first instock shipping-taxable purchasable product-type-simple\">\n\t<div class=\"col-inner\">\t\n\t\n<div class=\"badge-container absolute left top z-1\">\n<\/div>\t<div class=\"product-small box \">\n\t\t<div class=\"box-image\">\n\t\t\t<div class=\"image-none\">\n\t\t\t\t<a href=\"https:\/\/seacare.com\/it\/prodotto\/crema-anti-acne-contro-brufoli-e-punti-neri-50-ml-seacare\/\">\n\t\t\t\t\t<img loading=\"lazy\" decoding=\"async\" width=\"247\" height=\"300\" src=\"https:\/\/seacare.com\/wp-content\/uploads\/2019\/11\/1-2-247x300.jpg\" class=\"attachment-shop_catalog size-shop_catalog wp-post-image\" alt=\"1\" title=\"1\" \/>\t\t\t\t<\/a>\n\t\t\t<\/div>\n\t\t\t<div class=\"image-tools is-small top right show-on-hover\">\n\t\t\t\t\t\t\t<\/div>\n\t\t\t<div class=\"image-tools is-small hide-for-small bottom left show-on-hover\">\n\t\t\t\t\t\t\t<\/div>\n\t\t\t<div class=\"image-tools grid-tools text-center hide-for-small bottom hover-slide-in show-on-hover\">\n\t\t\t\t  <a class=\"quick-view\" data-prod=\"36250\" href=\"#quick-view\">Visualizzazione Veloce<\/a>\t\t\t<\/div>\n\t\t\t\t\t<\/div><!-- box-image -->\n\n\t\t<div class=\"box-text box-text-products\">\n\t\t\t<div class=\"title-wrapper\">  <p class=\"category uppercase is-smaller no-text-overflow product-cat op-7\">\n        Creme per viso e occhi   <\/p> <p class=\"name product-title\"><a href=\"https:\/\/seacare.com\/it\/prodotto\/crema-anti-acne-contro-brufoli-e-punti-neri-50-ml-seacare\/\">Crema anti acne contro brufoli e punti neri, 50 ml, SeaCare<\/a><\/p><\/div><div class=\"price-wrapper\">\n\t<span class=\"price\"><span class=\"woocommerce-Price-amount amount\"><span class=\"woocommerce-Price-currencySymbol\">&#36;<\/span>&nbsp;58.90<\/span><\/span>\n<\/div>\t\t<\/div><!-- box-text -->\n\t<\/div><!-- box -->\n\t\t<\/div><!-- .col-inner -->\n<\/div><!-- col -->\t            \t\t\t\t\t\n<div class=\"product-small col has-hover post-34880 product type-product status-publish has-post-thumbnail product_cat-creme-per-viso-e-occhi product_cat-prodotti-cosmetici-anti-age product_cat-prodotti-cosmetici-biologici-ringiovanenti product_cat-prodotti-cosmetici-per-il-viso product_cat-prodotti-cosmetici-biologici-ringiovanenti-it product_tag-anti-invecchiamento product_tag-crema-per-la-notte product_tag-la-giovinezza-della-pelle-del-viso product_tag-pelle-liscia-del-viso  instock shipping-taxable purchasable product-type-simple\">\n\t<div class=\"col-inner\">\t\n\t\n<div class=\"badge-container absolute left top z-1\">\n<\/div>\t<div class=\"product-small box \">\n\t\t<div class=\"box-image\">\n\t\t\t<div class=\"image-none\">\n\t\t\t\t<a href=\"https:\/\/seacare.com\/it\/prodotto\/crema-notte-ringiovanente-biologica-50-ml-seacare\/\">\n\t\t\t\t\t<img loading=\"lazy\" decoding=\"async\" width=\"247\" height=\"247\" src=\"https:\/\/seacare.com\/wp-content\/uploads\/2019\/10\/11-\u043a\u043e\u043f\u0438\u044f.jpg\" class=\"attachment-shop_catalog size-shop_catalog wp-post-image\" alt=\"\u041e\u043c\u043e\u043b\u0430\u0436\u0438\u0432\u0430\u044e\u0449\u0438\u0439 \u041d\u043e\u0447\u043d\u043e\u0439 \u041a\u0440\u0435\u043c\" title=\"\u041e\u043c\u043e\u043b\u0430\u0436\u0438\u0432\u0430\u044e\u0449\u0438\u0439 \u041d\u043e\u0447\u043d\u043e\u0439 \u041a\u0440\u0435\u043c\" \/>\t\t\t\t<\/a>\n\t\t\t<\/div>\n\t\t\t<div class=\"image-tools is-small top right show-on-hover\">\n\t\t\t\t\t\t\t<\/div>\n\t\t\t<div class=\"image-tools is-small hide-for-small bottom left show-on-hover\">\n\t\t\t\t\t\t\t<\/div>\n\t\t\t<div class=\"image-tools grid-tools text-center hide-for-small bottom hover-slide-in show-on-hover\">\n\t\t\t\t  <a class=\"quick-view\" data-prod=\"34880\" href=\"#quick-view\">Visualizzazione Veloce<\/a>\t\t\t<\/div>\n\t\t\t\t\t<\/div><!-- box-image -->\n\n\t\t<div class=\"box-text box-text-products\">\n\t\t\t<div class=\"title-wrapper\">  <p class=\"category uppercase is-smaller no-text-overflow product-cat op-7\">\n        Creme per viso e occhi   <\/p> <p class=\"name product-title\"><a href=\"https:\/\/seacare.com\/it\/prodotto\/crema-notte-ringiovanente-biologica-50-ml-seacare\/\">Crema notte ringiovanente biologica, 50 ml, SeaCare<\/a><\/p><\/div><div class=\"price-wrapper\">\n\t<span class=\"price\"><span class=\"woocommerce-Price-amount amount\"><span class=\"woocommerce-Price-currencySymbol\">&#36;<\/span>&nbsp;44.90<\/span><\/span>\n<\/div>\t\t<\/div><!-- box-text -->\n\t<\/div><!-- box -->\n\t\t<\/div><!-- .col-inner -->\n<\/div><!-- col -->\t            \t\t\t\t\t\n<div class=\"product-small col has-hover post-35055 product type-product status-publish has-post-thumbnail product_cat-creme-per-viso-e-occhi product_cat-prodotti-cosmetici-anti-age product_cat-prodotti-cosmetici-per-il-viso product_cat-prodotti-cosmetici-multivitaminici product_tag-bella-pelle product_tag-pelle-liscia product_tag-vitamine-it  instock shipping-taxable purchasable product-type-simple\">\n\t<div class=\"col-inner\">\t\n\t\n<div class=\"badge-container absolute left top z-1\">\n<\/div>\t<div class=\"product-small box \">\n\t\t<div class=\"box-image\">\n\t\t\t<div class=\"image-none\">\n\t\t\t\t<a href=\"https:\/\/seacare.com\/it\/prodotto\/crema-giorno-multivitaminica-50-ml-seacare\/\">\n\t\t\t\t\t<img loading=\"lazy\" decoding=\"async\" width=\"247\" height=\"300\" src=\"https:\/\/seacare.com\/wp-content\/uploads\/2017\/03\/\u0412\u0438\u0442\u0430\u043c\u0438\u043d_\u0414\u043d\u0435\u0432\u043d\u043e\u0439-107-247x300.jpg\" class=\"attachment-shop_catalog size-shop_catalog wp-post-image\" alt=\"\u0412\u0438\u0442\u0430\u043c\u0438\u043d_\u0414\u043d\u0435\u0432\u043d\u043e\u0439 107\" title=\"\u0412\u0438\u0442\u0430\u043c\u0438\u043d_\u0414\u043d\u0435\u0432\u043d\u043e\u0439 107\" \/>\t\t\t\t<\/a>\n\t\t\t<\/div>\n\t\t\t<div class=\"image-tools is-small top right show-on-hover\">\n\t\t\t\t\t\t\t<\/div>\n\t\t\t<div class=\"image-tools is-small hide-for-small bottom left show-on-hover\">\n\t\t\t\t\t\t\t<\/div>\n\t\t\t<div class=\"image-tools grid-tools text-center hide-for-small bottom hover-slide-in show-on-hover\">\n\t\t\t\t  <a class=\"quick-view\" data-prod=\"35055\" href=\"#quick-view\">Visualizzazione Veloce<\/a>\t\t\t<\/div>\n\t\t\t\t\t<\/div><!-- box-image -->\n\n\t\t<div class=\"box-text box-text-products\">\n\t\t\t<div class=\"title-wrapper\">  <p class=\"category uppercase is-smaller no-text-overflow product-cat op-7\">\n        Creme per viso e occhi   <\/p> <p class=\"name product-title\"><a href=\"https:\/\/seacare.com\/it\/prodotto\/crema-giorno-multivitaminica-50-ml-seacare\/\">Crema giorno multivitaminica, 50 ml, SeaCare<\/a><\/p><\/div><div class=\"price-wrapper\">\n\t<span class=\"price\"><span class=\"woocommerce-Price-amount amount\"><span class=\"woocommerce-Price-currencySymbol\">&#36;<\/span>&nbsp;45.90<\/span><\/span>\n<\/div>\t\t<\/div><!-- box-text -->\n\t<\/div><!-- box -->\n\t\t<\/div><!-- .col-inner -->\n<\/div><!-- col -->\t            \t\t\t\t\t\n<div class=\"product-small col has-hover post-34877 product type-product status-publish has-post-thumbnail product_cat-sieri-per-viso-e-occhi product_cat-prodotti-cosmetici-anti-age product_cat-prodotti-cosmetici-per-il-viso product_cat-prodotti-cosmetici-anti-age-it product_tag-anti-invecchiamento product_tag-bella-pelle product_tag-la-giovinezza-della-pelle-del-viso product_tag-pelle-liscia-del-viso last instock shipping-taxable purchasable product-type-simple\">\n\t<div class=\"col-inner\">\t\n\t\n<div class=\"badge-container absolute left top z-1\">\n<\/div>\t<div class=\"product-small box \">\n\t\t<div class=\"box-image\">\n\t\t\t<div class=\"image-none\">\n\t\t\t\t<a href=\"https:\/\/seacare.com\/it\/prodotto\/siero-viso-anti-age-50-ml-seacare\/\">\n\t\t\t\t\t<img loading=\"lazy\" decoding=\"async\" width=\"247\" height=\"300\" src=\"https:\/\/seacare.com\/wp-content\/uploads\/2017\/03\/1-20-247x300.jpg\" class=\"attachment-shop_catalog size-shop_catalog wp-post-image\" alt=\"1\" title=\"1\" \/>\t\t\t\t<\/a>\n\t\t\t<\/div>\n\t\t\t<div class=\"image-tools is-small top right show-on-hover\">\n\t\t\t\t\t\t\t<\/div>\n\t\t\t<div class=\"image-tools is-small hide-for-small bottom left show-on-hover\">\n\t\t\t\t\t\t\t<\/div>\n\t\t\t<div class=\"image-tools grid-tools text-center hide-for-small bottom hover-slide-in show-on-hover\">\n\t\t\t\t  <a class=\"quick-view\" data-prod=\"34877\" href=\"#quick-view\">Visualizzazione Veloce<\/a>\t\t\t<\/div>\n\t\t\t\t\t<\/div><!-- box-image -->\n\n\t\t<div class=\"box-text box-text-products\">\n\t\t\t<div class=\"title-wrapper\">  <p class=\"category uppercase is-smaller no-text-overflow product-cat op-7\">\n        Sieri per viso e occhi   <\/p> <p class=\"name product-title\"><a href=\"https:\/\/seacare.com\/it\/prodotto\/siero-viso-anti-age-50-ml-seacare\/\">Siero viso anti-age, 50 ml, SeaCare<\/a><\/p><\/div><div class=\"price-wrapper\">\n\t<span class=\"price\"><span class=\"woocommerce-Price-amount amount\"><span class=\"woocommerce-Price-currencySymbol\">&#36;<\/span>&nbsp;56.90<\/span><\/span>\n<\/div>\t\t<\/div><!-- box-text -->\n\t<\/div><!-- box -->\n\t\t<\/div><!-- .col-inner -->\n<\/div><!-- col -->\t            \t\t\t\t\t\n<div class=\"product-small col has-hover post-34805 product type-product status-publish has-post-thumbnail product_cat-sieri-per-viso-e-occhi product_cat-prodotti-cosmetici-anti-age product_cat-prodotti-cosmetici-per-il-viso product_cat-prodotti-cosmetici-24k-gold-it product_tag-anti-invecchiamento product_tag-bella-pelle product_tag-la-giovinezza-della-pelle-del-viso first instock shipping-taxable purchasable product-type-simple\">\n\t<div class=\"col-inner\">\t\n\t\n<div class=\"badge-container absolute left top z-1\">\n<\/div>\t<div class=\"product-small box \">\n\t\t<div class=\"box-image\">\n\t\t\t<div class=\"image-none\">\n\t\t\t\t<a href=\"https:\/\/seacare.com\/it\/prodotto\/siero-anti-age-effetto-lifting-e-rassodante-50-ml-seacare\/\">\n\t\t\t\t\t<img loading=\"lazy\" decoding=\"async\" width=\"247\" height=\"300\" src=\"https:\/\/seacare.com\/wp-content\/uploads\/2018\/10\/1-3-247x300.jpg\" class=\"attachment-shop_catalog size-shop_catalog wp-post-image\" alt=\"1\" title=\"1\" \/>\t\t\t\t<\/a>\n\t\t\t<\/div>\n\t\t\t<div class=\"image-tools is-small top right show-on-hover\">\n\t\t\t\t\t\t\t<\/div>\n\t\t\t<div class=\"image-tools is-small hide-for-small bottom left show-on-hover\">\n\t\t\t\t\t\t\t<\/div>\n\t\t\t<div class=\"image-tools grid-tools text-center hide-for-small bottom hover-slide-in show-on-hover\">\n\t\t\t\t  <a class=\"quick-view\" data-prod=\"34805\" href=\"#quick-view\">Visualizzazione Veloce<\/a>\t\t\t<\/div>\n\t\t\t\t\t<\/div><!-- box-image -->\n\n\t\t<div class=\"box-text box-text-products\">\n\t\t\t<div class=\"title-wrapper\">  <p class=\"category uppercase is-smaller no-text-overflow product-cat op-7\">\n        Sieri per viso e occhi   <\/p> <p class=\"name product-title\"><a href=\"https:\/\/seacare.com\/it\/prodotto\/siero-anti-age-effetto-lifting-e-rassodante-50-ml-seacare\/\">Siero anti-age effetto lifting e rassodante, 50 ml, SeaCare<\/a><\/p><\/div><div class=\"price-wrapper\">\n\t<span class=\"price\"><span class=\"woocommerce-Price-amount amount\"><span class=\"woocommerce-Price-currencySymbol\">&#36;<\/span>&nbsp;64.90<\/span><\/span>\n<\/div>\t\t<\/div><!-- box-text -->\n\t<\/div><!-- box -->\n\t\t<\/div><!-- .col-inner -->\n<\/div><!-- col -->\t            \t\t\t\t\t\n<div class=\"product-small col has-hover post-34879 product type-product status-publish has-post-thumbnail product_cat-sieri-per-viso-e-occhi product_cat-prodotti-cosmetici-anti-age product_cat-prodotti-cosmetici-biologici-ringiovanenti product_cat-prodotti-cosmetici-per-il-viso product_cat-prodotti-cosmetici-biologici-ringiovanenti-it product_tag-anti-invecchiamento product_tag-la-giovinezza-della-pelle-del-viso product_tag-pelle-liscia product_tag-pelle-liscia-del-viso  instock shipping-taxable purchasable product-type-simple\">\n\t<div class=\"col-inner\">\t\n\t\n<div class=\"badge-container absolute left top z-1\">\n<\/div>\t<div class=\"product-small box \">\n\t\t<div class=\"box-image\">\n\t\t\t<div class=\"image-none\">\n\t\t\t\t<a href=\"https:\/\/seacare.com\/it\/prodotto\/siero-viso-ringiovanente-biologico-50-ml-seacare\/\">\n\t\t\t\t\t<img loading=\"lazy\" decoding=\"async\" width=\"247\" height=\"300\" src=\"https:\/\/seacare.com\/wp-content\/uploads\/2019\/10\/1-4-247x300.jpg\" class=\"attachment-shop_catalog size-shop_catalog wp-post-image\" alt=\"1\" title=\"1\" \/>\t\t\t\t<\/a>\n\t\t\t<\/div>\n\t\t\t<div class=\"image-tools is-small top right show-on-hover\">\n\t\t\t\t\t\t\t<\/div>\n\t\t\t<div class=\"image-tools is-small hide-for-small bottom left show-on-hover\">\n\t\t\t\t\t\t\t<\/div>\n\t\t\t<div class=\"image-tools grid-tools text-center hide-for-small bottom hover-slide-in show-on-hover\">\n\t\t\t\t  <a class=\"quick-view\" data-prod=\"34879\" href=\"#quick-view\">Visualizzazione Veloce<\/a>\t\t\t<\/div>\n\t\t\t\t\t<\/div><!-- box-image -->\n\n\t\t<div class=\"box-text box-text-products\">\n\t\t\t<div class=\"title-wrapper\">  <p class=\"category uppercase is-smaller no-text-overflow product-cat op-7\">\n        Sieri per viso e occhi   <\/p> <p class=\"name product-title\"><a href=\"https:\/\/seacare.com\/it\/prodotto\/siero-viso-ringiovanente-biologico-50-ml-seacare\/\">Siero viso ringiovanente biologico, 50 ml, SeaCare<\/a><\/p><\/div><div class=\"price-wrapper\">\n\t<span class=\"price\"><span class=\"woocommerce-Price-amount amount\"><span class=\"woocommerce-Price-currencySymbol\">&#36;<\/span>&nbsp;48.90<\/span><\/span>\n<\/div>\t\t<\/div><!-- box-text -->\n\t<\/div><!-- box -->\n\t\t<\/div><!-- .col-inner -->\n<\/div><!-- col -->\t            \n\t        <\/div>\n","protected":false},"excerpt":{"rendered":"<p>adatto a tutti i tipi di pelle<br \/>\n30\u00a0ml &#8211; 1,0 fl.oz.<\/p>\n","protected":false},"featured_media":59480,"comment_status":"open","ping_status":"closed","template":"","meta":[],"_links":{"self":[{"href":"https:\/\/seacare.com\/it\/wp-json\/wp\/v2\/product\/36321"}],"collection":[{"href":"https:\/\/seacare.com\/it\/wp-json\/wp\/v2\/product"}],"about":[{"href":"https:\/\/seacare.com\/it\/wp-json\/wp\/v2\/types\/product"}],"replies":[{"embeddable":true,"href":"https:\/\/seacare.com\/it\/wp-json\/wp\/v2\/comments?post=36321"}],"wp:featuredmedia":[{"embeddable":true,"href":"https:\/\/seacare.com\/it\/wp-json\/wp\/v2\/media\/59480"}],"wp:attachment":[{"href":"https:\/\/seacare.com\/it\/wp-json\/wp\/v2\/media?parent=36321"}],"curies":[{"name":"wp","href":"https:\/\/api.w.org\/{rel}","templated":true}]}}