{"id":4225,"date":"2017-04-14T15:03:27","date_gmt":"2017-04-14T12:03:27","guid":{"rendered":"http:\/\/800forlady.com\/lt\/?page_id=4225"},"modified":"2020-10-08T18:31:49","modified_gmt":"2020-10-08T15:31:49","slug":"apie-seacare","status":"publish","type":"page","link":"https:\/\/seacare.com\/lt\/apie-seacare\/","title":{"rendered":"Apie SeaCare"},"content":{"rendered":"\n  <div class=\"banner has-hover\" id=\"banner-203466577\">\n          <div class=\"banner-inner fill\">\n        <div class=\"banner-bg fill\" >\n            <div class=\"bg fill bg-fill \"><\/div>\n                                    \n                    <\/div><!-- bg-layers -->\n        <div class=\"banner-layers container\">\n            <div class=\"fill banner-link\"><\/div>            \n   <div id=\"text-box-431129175\" class=\"text-box banner-layer x0 md-x0 lg-x0 y0 md-y0 lg-y0 res-text\">\n                                <div class=\"text dark\">\n              \n              <div class=\"text-inner text-center\">\n                  \n<h2 class=\"lead\">Apie SeaCare<\/h2>\n<p class=\"lead\" style=\"margin-top: -10px; font-size: 17px; \">Original\u016bs Negyvosios J\u016bros Produktai<\/p>\n<style>\n@media (max-width: 500px){\n.text-box p {display: none;\n<\/style>\n              <\/div>\n           <\/div><!-- text-box-inner -->\n                            \n<style scope=\"scope\">\n\n#text-box-431129175 {\n  width: 38%;\n}\n#text-box-431129175 .text {\n  font-size: 100%;\n}\n<\/style>\n    <\/div><!-- text-box -->\n \n        <\/div><!-- .banner-layers -->\n      <\/div><!-- .banner-inner -->\n\n              <div class=\"height-fix is-invisible\"><img loading=\"lazy\" decoding=\"async\" width=\"1903\" height=\"600\" src=\"https:\/\/seacare.com\/wp-content\/uploads\/2017\/06\/\u0411\u0435\u0437-\u0438\u043c\u0435\u043d\u0438-6-4.png\" class=\"attachment-orginal size-orginal\" alt=\"\" srcset=\"https:\/\/seacare.com\/wp-content\/uploads\/2017\/06\/\u0411\u0435\u0437-\u0438\u043c\u0435\u043d\u0438-6-4.png 1903w, https:\/\/seacare.com\/wp-content\/uploads\/2017\/06\/\u0411\u0435\u0437-\u0438\u043c\u0435\u043d\u0438-6-4-800x252.png 800w, https:\/\/seacare.com\/wp-content\/uploads\/2017\/06\/\u0411\u0435\u0437-\u0438\u043c\u0435\u043d\u0438-6-4-768x242.png 768w, https:\/\/seacare.com\/wp-content\/uploads\/2017\/06\/\u0411\u0435\u0437-\u0438\u043c\u0435\u043d\u0438-6-4-1400x441.png 1400w\" sizes=\"(max-width: 1903px) 100vw, 1903px\" \/><\/div>\n            \n<style scope=\"scope\">\n\n#banner-203466577 .bg.bg-loaded {\n  background-image: url(https:\/\/seacare.com\/wp-content\/uploads\/2017\/06\/\u0411\u0435\u0437-\u0438\u043c\u0435\u043d\u0438-6-4.png);\n}\n<\/style>\n  <\/div><!-- .banner -->\n\n\n<div class=\"row\"  id=\"row-2118560426\">\n<div class=\"col small-12 large-12\"  ><div class=\"col-inner\"  >\n<p class=\"o-kom-text3\">SeaCare Group yra tarptautin\u0117 kosmetikos \u012fmon\u0117, \u012fsik\u016brusi Toronte, Ontarijo provincijoje (Kanada) ir gaminanti, platinanti bei parduodanti pa\u017eangius kosmetinius bei terapinius produktus, pagamintus i\u0161 Negyvosios j\u016bros drusk\u0173, purvo bei mineral\u0173, kuri\u0173 gydomosios savyb\u0117s \u017einomos jau i\u0161tisus t\u016bkstantme\u010dius. Siekdama auk\u0161\u010diausios odos prie\u017ei\u016bros priemoni\u0173 kokyb\u0117s, SeaCare Group bendradarbiauja su tokiomis, pasaulyje lyderiaujan\u010diomis, tyrim\u0173 laboratorijomis, kaip:<\/p>\n<p class=\"o-kom-text3\"><img decoding=\"async\" class=\"marker\" src=\"\/wp-content\/uploads\/2013\/08\/punkt.png\" \/>Sederma, Pranc\u016bzija\u2013gamina \u017eenkliai rauk\u0161les suma\u017einan\u010di\u0105 Matrixyl\u00ae;<br \/> <img decoding=\"async\" class=\"marker\" src=\"\/wp-content\/uploads\/2013\/08\/punkt.png\" \/>Soliance, Pranc\u016bzija \u2013 gamina stangrinant\u012f efekt\u0105 turin\u010di\u0105 Easyliance\u2122;<br \/> <img decoding=\"async\" class=\"marker\" src=\"\/wp-content\/uploads\/2013\/08\/punkt.png\" \/>Sophim, Pranc\u016bzija\u2013gamina od\u0105 lyginant\u012f bei dr\u0117kinant\u012f argano aliej\u0173;<br \/> <img decoding=\"async\" class=\"marker\" src=\"\/wp-content\/uploads\/2013\/08\/punkt.png\" \/>Greentech, Pranc\u016bzija\u2013gamina Lipactive Inca Inchi \u2013 nepakei\u010diamosiomis riebal\u0173 r\u016bg\u0161timis turting\u0105 aliej\u0173, rekomenduojam\u0105 siekiant sen\u0117jimo procesus l\u0117tinan\u010dio, gaivinan\u010dio, gydan\u010dio bei dr\u0117kinan\u010dio efekto;<br \/> <img decoding=\"async\" class=\"marker\" src=\"\/wp-content\/uploads\/2013\/08\/punkt.png\" \/>Croda, UK \u2013gamina efektyviai od\u0105 dr\u0117kinan\u010di\u0105 DuraQuench IQ;<br \/> <img decoding=\"async\" class=\"marker\" src=\"\/wp-content\/uploads\/2013\/08\/punkt.png\" \/>Mibelle, \u0160veicarija \u2013 gamina Koferment\u0105 Q10, kuris palaiko nat\u016brali\u0105 odos apsaugos sistem\u0105, lygina rauk\u0161les, atgaivina od\u0105 bei veikia kaip antioksidantas.<\/p>\n<p style=\"text-align: center;\"><img decoding=\"async\" src=\"\/wp-content\/uploads\/2013\/08\/o-kompanii.png\" \/><\/p>\n<\/div><\/div>\n<div class=\"col small-12 large-12\"  ><div class=\"col-inner\"  >\n<p class=\"o-kom-text3\">Kiekvien\u0105 dien\u0105 m\u016bs\u0173 mokslinink\u0173 atliekami laboratoriniai tyrimai u\u017etikrina nuosekli\u0105 produkcijos kokyb\u0119. Kiekvieno SeaCare produkto pagrind\u0105 sudaro nat\u016bral\u016bs, auk\u0161\u010diausios kokyb\u0117s ingredientai, tarp kuri\u0173 N\u0116RA:<br \/><img decoding=\"async\" class=\"marker\" src=\"\/wp-content\/uploads\/2013\/08\/punkt.png\">Paraben\u0173;<br \/><img decoding=\"async\" class=\"marker\" src=\"\/wp-content\/uploads\/2013\/08\/punkt.png\">Propileno glikolio;<br \/><img decoding=\"async\" class=\"marker\" src=\"\/wp-content\/uploads\/2013\/08\/punkt.png\">Mineralini\u0173 aliej\u0173;<br \/><img decoding=\"async\" class=\"marker\" src=\"\/wp-content\/uploads\/2013\/08\/punkt.png\">Silikon\u0173;<br \/><img decoding=\"async\" class=\"marker\" src=\"\/wp-content\/uploads\/2013\/08\/punkt.png\">Petrolatumo;<br \/><img decoding=\"async\" class=\"marker\" src=\"\/wp-content\/uploads\/2013\/08\/punkt.png\">SLS.<br \/>SeaCare si\u016blo plat\u0173 auk\u0161tos kokyb\u0117s bei \u0161velnios tekst\u016bros produkt\u0173 asortiment\u0105, kurio pagrind\u0105 sudaro pa\u017eangiausi ingredientai. Visi SeaCare produktai gaminami Izraelyje bei turi \u201eOriginali\u0173 Izraelio Negyvosios j\u016bros produkt\u0173 kokyb\u0117s\u201c sertifikat\u0105, kur\u012f jiems suteik\u0117 Izraelio gamintoj\u0173 bei Izraelio kosmetikos pramon\u0117s asociacijos. SeaCare Group savo klientams \u012fsipareigoja teikti tik patikimiausias, auk\u0161\u010diausios kokyb\u0117s paslaugas. M\u016bs\u0173 klient\u0173 aptarnavimo departamentas deda pastangas, kad \u012f visus el. pa\u0161tu pateiktus klausimus atsakyt\u0173 per vien\u0105 darbo dien\u0105. SeaCare si\u016blo auk\u0161\u010diausios kokyb\u0117s, pa\u017eangiausius produktus bei profesionali\u0173 gro\u017eio konsultant\u0173 teikiamus asmeninius patarimus.<\/p>\n<\/div><\/div>\n<\/div>\n    <div class=\"img has-hover x md-x lg-x y md-y lg-y\" id=\"image_1173691690\">\n                <div class=\"img-inner dark\" >\n        <img loading=\"lazy\" decoding=\"async\" width=\"1020\" height=\"95\" src=\"https:\/\/seacare.com\/wp-content\/uploads\/2020\/10\/\u041b\u043e\u0433\u043e\u0442\u0438\u043f-\u0434\u043b\u044f-\u0421\u0430\u0438\u0306\u0442\u0430-SeaCare-\u043a\u043e\u043f\u0438\u044f-1400x130.png\" class=\"attachment-large size-large\" alt=\"\" srcset=\"https:\/\/seacare.com\/wp-content\/uploads\/2020\/10\/\u041b\u043e\u0433\u043e\u0442\u0438\u043f-\u0434\u043b\u044f-\u0421\u0430\u0438\u0306\u0442\u0430-SeaCare-\u043a\u043e\u043f\u0438\u044f-1400x130.png 1400w, https:\/\/seacare.com\/wp-content\/uploads\/2020\/10\/\u041b\u043e\u0433\u043e\u0442\u0438\u043f-\u0434\u043b\u044f-\u0421\u0430\u0438\u0306\u0442\u0430-SeaCare-\u043a\u043e\u043f\u0438\u044f-800x74.png 800w, https:\/\/seacare.com\/wp-content\/uploads\/2020\/10\/\u041b\u043e\u0433\u043e\u0442\u0438\u043f-\u0434\u043b\u044f-\u0421\u0430\u0438\u0306\u0442\u0430-SeaCare-\u043a\u043e\u043f\u0438\u044f-768x71.png 768w\" sizes=\"(max-width: 1020px) 100vw, 1020px\" \/>                \n            <\/div>\n                   \n<style scope=\"scope\">\n\n<\/style>\n    <\/div>\n    \n","protected":false},"excerpt":{"rendered":"","protected":false},"author":1,"featured_media":4164,"parent":0,"menu_order":0,"comment_status":"closed","ping_status":"closed","template":"","meta":{"footnotes":""},"_links":{"self":[{"href":"https:\/\/seacare.com\/lt\/wp-json\/wp\/v2\/pages\/4225"}],"collection":[{"href":"https:\/\/seacare.com\/lt\/wp-json\/wp\/v2\/pages"}],"about":[{"href":"https:\/\/seacare.com\/lt\/wp-json\/wp\/v2\/types\/page"}],"author":[{"embeddable":true,"href":"https:\/\/seacare.com\/lt\/wp-json\/wp\/v2\/users\/1"}],"replies":[{"embeddable":true,"href":"https:\/\/seacare.com\/lt\/wp-json\/wp\/v2\/comments?post=4225"}],"version-history":[{"count":8,"href":"https:\/\/seacare.com\/lt\/wp-json\/wp\/v2\/pages\/4225\/revisions"}],"predecessor-version":[{"id":28237,"href":"https:\/\/seacare.com\/lt\/wp-json\/wp\/v2\/pages\/4225\/revisions\/28237"}],"wp:featuredmedia":[{"embeddable":true,"href":"https:\/\/seacare.com\/lt\/wp-json\/wp\/v2\/media\/4164"}],"wp:attachment":[{"href":"https:\/\/seacare.com\/lt\/wp-json\/wp\/v2\/media?parent=4225"}],"curies":[{"name":"wp","href":"https:\/\/api.w.org\/{rel}","templated":true}]}}