{"id":4238,"date":"2017-04-14T15:22:18","date_gmt":"2017-04-14T12:22:18","guid":{"rendered":"http:\/\/800forlady.com\/lt\/?page_id=4238"},"modified":"2020-10-06T13:24:38","modified_gmt":"2020-10-06T10:24:38","slug":"negyvosios-juros-mineralai","status":"publish","type":"page","link":"https:\/\/seacare.com\/lt\/negyvosios-juros-mineralai\/","title":{"rendered":"Negyvosios j\u016bros mineralai"},"content":{"rendered":"<h1 style=\"text-align: center;\"><span data-text-color=\"primary\">Negyvosios J\u016bros Mineralai<\/span><\/h1>\n<p style=\"text-align: center;\">Negyvojoje j\u016broje i\u0161 viso randama daugiau, nei 20 mineral\u0173, kurie palaiko odos b\u016bkl\u0119, j\u0105 dailina ir atjaunina. Daug vitamin\u0173, mineral\u0173 ir nauding\u0173j\u0173 riebal\u0173, naudojam\u0173 dermatologin\u0117je kosmetikoje bei medicinoje, turi net j\u016bros pakrant\u0117je randami augalai. Pagrindiniai mineralai, kuri\u0173 gausu Negyvojoje j\u016broje, yra b\u016btini odos l\u0105steli\u0173 funkcionavimui, bei sveikai ir gra\u017eiai odai palaikyti.<\/p>\n<p style=\"text-align: center;\"><img loading=\"lazy\" decoding=\"async\" class=\"alignnone size-full wp-image-2874\" src=\"https:\/\/seacare.com\/wp-content\/uploads\/2017\/03\/minerals.png\" alt=\"\" width=\"572\" height=\"145\" \/><\/p>\n<div class=\"row\"  id=\"row-338008510\">\n<div class=\"col medium-6 small-12 large-6\"  ><div class=\"col-inner\"  >\n<p class=\"o-kom-text3\"><strong><span class=\"text-head2\">Magnis<\/span><\/strong> \u2013 gydomasis mineralas, paspartinantis odos gijim\u0105, pasi\u017eymi prie\u0161alergin\u0117mis savyb\u0117mis, pagerina med\u017eiag\u0173 apykait\u0105 l\u0105stel\u0117se, stimuliuoja baltym\u0173 sintez\u0119 ir skatina energijos gamyb\u0105.<\/p>\n<p class=\"o-kom-text3\"><strong>Jodas<\/strong>\u00a0\u2013 pagerina skydliauk\u0117s veikl\u0105 ir skatina med\u017eiag\u0173 apykaitos procesus odos l\u0105stel\u0117se.<\/p>\n<p class=\"o-kom-text3\"><strong>Sulfur<\/strong> &#8211; gerai \u017einomas gydomasis mineralas. Siera turi kai kuri\u0173 vitamin\u0173 ir pasi\u017eymi dezinfekcin\u0117mis bei antibakterin\u0117mis savyb\u0117mis, kurios teigiamai veikia spuogus. \u0160is mineralas taip pat pripa\u017eintas, kaip efektyvi priemon\u0117 mal\u0161inti simptomams, kuriuos sukelia tokios odos ligos, kaip psoriaz\u0117 ar egzema.<\/p>\n<p class=\"o-kom-text3\"><strong>Kalis<\/strong> &#8211; svarbus dr\u0117gm\u0117s stabilizatorius, padedantis palaikyti neutrali\u0105 odos aplink\u0105. Kalio tr\u016bkumas pasirei\u0161kia odos i\u0161saus\u0117jimu, spuogais bei psoriaz\u0117s simptom\u0173 atsinaujinimu.<\/p>\n<p class=\"o-kom-text3\"><strong>Kalcis<\/strong> &#8211; palaiko poodin\u012f jungiam\u0105j\u012f audin\u012f ir apsaugo l\u0105steles nuo pa\u017eeidim\u0173. Kalcis stabilizuoja l\u0105steli\u0173 membran\u0173 pralaidum\u0105 (absorbavimo bei riebal\u0173 gamybos procesus) ir normalizuoja odos l\u0105steli\u0173 diferenciacij\u0105.<\/p>\n<p class=\"o-kom-text3\"><strong>Natris<\/strong> &#8211; \u0161is Negyvosios j\u016bros mineralas pagerina odos l\u0105steli\u0173 med\u017eiag\u0173 apykait\u0105, atpalaiduoja raumen\u0173 m\u0117\u0161lung\u012f bei standum\u0105 ir palaiko neutrali\u0105 odos l\u0105steli\u0173 aplink\u0105.<\/p>\n<\/div><\/div>\n<div class=\"col medium-6 small-12 large-6\"  ><div class=\"col-inner\"  >\n<p class=\"o-kom-text3\"><strong><span class=\"text-head2\">Cinkas <\/span> <\/strong>-\u0161is mineralas yra svarbus palaikyti nat\u016braliam l\u0105steli\u0173 augimui bei regeneracijai. Cinkas taip pat skatina l\u0105steli\u0173 atsinaujinim\u0105 ir stimuliuoja kolageno ir elastino sintez\u0119 (t.y., atnaujina od\u0105). Cinkas, kaip puikus antioksidantas, padeda atsikratyti laisv\u0173j\u0173 radikal\u0173, pagerina riebalini\u0173 liauk\u0173 veikl\u0105 (suma\u017e\u0117ja spuog\u0173), pasi\u017eymi antiu\u017edegimin\u0117mis savyb\u0117mis ir blokuoja ultravioletinius (UV) spindulius.<\/p>\n<p class=\"o-kom-text3\"><strong><span class=\"text-head2\">Stroncis <\/span> <\/strong>&#8211; turi stipri\u0173 nie\u017eul\u012f ma\u017einan\u010di\u0173 savybi\u0173 bei \u0161velnina simptomus, kuriuos sukelia kontaktinis dermatitas (da\u017ena problema tarp t\u0173, kas turi jautri\u0105 od\u0105 bei reguliariai naudoja kosmetinius produktus).<\/p>\n<p class=\"o-kom-text3\"><strong>Bromas <\/strong> &#8211; ramina od\u0105 prie\u0161u\u017edegimin\u0117mis savyb\u0117mis, atpalaiduoja raumenis bei nervines odos l\u0105steles.<\/p>\n<p class=\"o-kom-text3\"><strong>Manganas <\/strong> &#8211; vienas geriausi\u0173 antioksidantini\u0173 mineral\u0173. Manganas pagerina odos mikro apytak\u0105 (taip sul\u0117tindamas odos sen\u0117jimo procesus) ir jungiam\u0173j\u0173 audini\u0173 b\u016bkl\u0119.<\/p>\n<p class=\"o-kom-text3\"><strong>Litis <\/strong> &#8211; \u0161is Negyvosios j\u016bros mineralas sustiprina efekt\u0105, pasiekiam\u0105 gydant psoriaz\u0119 vonios druskomis.<\/p>\n<p class=\"o-kom-text3\"><strong>Boras <\/strong> &#8211; \u0161ios mineralo atsarg\u0173 papildymas su\u0161velnina psoriaz\u0117s bei psoriazinio artrito simptomus.<\/p>\n<\/div><\/div>\n<\/div>\n    <div class=\"img has-hover x md-x lg-x y md-y lg-y\" id=\"image_1950765492\">\n                <div class=\"img-inner dark\" >\n        <img loading=\"lazy\" decoding=\"async\" width=\"1020\" height=\"95\" src=\"https:\/\/seacare.com\/wp-content\/uploads\/2020\/10\/\u041b\u043e\u0433\u043e\u0442\u0438\u043f-\u0434\u043b\u044f-\u0421\u0430\u0438\u0306\u0442\u0430-SeaCare-\u043a\u043e\u043f\u0438\u044f-1400x130.png\" class=\"attachment-large size-large\" alt=\"\" srcset=\"https:\/\/seacare.com\/wp-content\/uploads\/2020\/10\/\u041b\u043e\u0433\u043e\u0442\u0438\u043f-\u0434\u043b\u044f-\u0421\u0430\u0438\u0306\u0442\u0430-SeaCare-\u043a\u043e\u043f\u0438\u044f-1400x130.png 1400w, https:\/\/seacare.com\/wp-content\/uploads\/2020\/10\/\u041b\u043e\u0433\u043e\u0442\u0438\u043f-\u0434\u043b\u044f-\u0421\u0430\u0438\u0306\u0442\u0430-SeaCare-\u043a\u043e\u043f\u0438\u044f-800x74.png 800w, https:\/\/seacare.com\/wp-content\/uploads\/2020\/10\/\u041b\u043e\u0433\u043e\u0442\u0438\u043f-\u0434\u043b\u044f-\u0421\u0430\u0438\u0306\u0442\u0430-SeaCare-\u043a\u043e\u043f\u0438\u044f-768x71.png 768w\" sizes=\"(max-width: 1020px) 100vw, 1020px\" \/>                \n            <\/div>\n                   \n<style scope=\"scope\">\n\n<\/style>\n    <\/div>\n    \n","protected":false},"excerpt":{"rendered":"<p>Negyvosios J\u016bros Mineralai Negyvojoje j\u016broje i\u0161 viso randama daugiau, nei 20 mineral\u0173, kurie palaiko odos b\u016bkl\u0119, j\u0105 dailina ir atjaunina. Daug vitamin\u0173, mineral\u0173 ir nauding\u0173j\u0173 riebal\u0173, naudojam\u0173 dermatologin\u0117je kosmetikoje bei medicinoje, turi net j\u016bros pakrant\u0117je randami augalai. Pagrindiniai mineralai, kuri\u0173 gausu Negyvojoje j\u016broje, yra b\u016btini odos l\u0105steli\u0173 funkcionavimui, bei sveikai ir gra\u017eiai odai palaikyti.<\/p>\n","protected":false},"author":1,"featured_media":0,"parent":0,"menu_order":0,"comment_status":"closed","ping_status":"closed","template":"","meta":{"footnotes":""},"_links":{"self":[{"href":"https:\/\/seacare.com\/lt\/wp-json\/wp\/v2\/pages\/4238"}],"collection":[{"href":"https:\/\/seacare.com\/lt\/wp-json\/wp\/v2\/pages"}],"about":[{"href":"https:\/\/seacare.com\/lt\/wp-json\/wp\/v2\/types\/page"}],"author":[{"embeddable":true,"href":"https:\/\/seacare.com\/lt\/wp-json\/wp\/v2\/users\/1"}],"replies":[{"embeddable":true,"href":"https:\/\/seacare.com\/lt\/wp-json\/wp\/v2\/comments?post=4238"}],"version-history":[{"count":4,"href":"https:\/\/seacare.com\/lt\/wp-json\/wp\/v2\/pages\/4238\/revisions"}],"predecessor-version":[{"id":28108,"href":"https:\/\/seacare.com\/lt\/wp-json\/wp\/v2\/pages\/4238\/revisions\/28108"}],"wp:attachment":[{"href":"https:\/\/seacare.com\/lt\/wp-json\/wp\/v2\/media?parent=4238"}],"curies":[{"name":"wp","href":"https:\/\/api.w.org\/{rel}","templated":true}]}}