{"id":4242,"date":"2017-04-14T17:53:17","date_gmt":"2017-04-14T14:53:17","guid":{"rendered":"http:\/\/800forlady.com\/lt\/?page_id=4242"},"modified":"2020-10-06T15:12:48","modified_gmt":"2020-10-06T12:12:48","slug":"tapkite-platintoju","status":"publish","type":"page","link":"https:\/\/seacare.com\/lt\/tapkite-platintoju\/","title":{"rendered":"Tapkite platintoju"},"content":{"rendered":"<h1 class=\"text-head\"><span data-text-color=\"primary\">Tapkite SeaCare Negyvosios J\u016bros Kosmetikos Produkt\u0173 Platintoju<\/span><\/h1>\n<p>\u012evardinkite bent vien\u0105 \u017emog\u0173, kuris nenor\u0117t\u0173 prad\u0117ti verslo. Prakti\u0161kai visi mes trok\u0161tame \u012fsijungti \u012f veikl\u0105, kuri kas m\u0117nes\u012f atne\u0161t\u0173 pelno. Jei domit\u0117s gro\u017eio bei odos prie\u017ei\u016brai skirtais produktais \u2013 tapkite nepriklausomu SeaCare gro\u017eio produkt\u0173 platintoju. <\/p>\n<p>Rinkoje \u0161iuo metu vis labiau populiar\u0117ja Negyvosios J\u016bros odos prie\u017ei\u016bros produktai. Tokiais atvejais, kaip \u0161is, verta padaryti visk\u0105, kad pasipelnytum\u0117te i\u0161 SeaCare Negyvosios J\u016bros kosmetikos bei odos prie\u017ei\u016bros produkt\u0173 populiarumo ir paklausos. <\/p>\n<p>SeaCare Negyvosios J\u016bros kosmetikos produkt\u0173 platinimas turi daugyb\u0119 finansini\u0173 bei socialini\u0173 privalum\u0173. Tap\u0119 platintoju, galite gauti didmenini\u0173 kain\u0173 ir dideli\u0173 nuolaid\u0173 stambiems u\u017esakymams. Kas lie\u010dia socialin\u0119 pus\u0119, platindami SeaCare Negyvosios J\u016bros produktus tur\u0117site galimyb\u0119 sutikti daugyb\u0119 nauj\u0173 \u017emoni\u0173 ir prapl\u0117sti savo pa\u017ein\u010di\u0173 rat\u0105, taip u\u017esitikrindami platesnius verslo ry\u0161ius bei didesnius pardavimus. <\/p>\n<p>Kaip vienus i\u0161 geriausi\u0173 odos prie\u017ei\u016bros produkt\u0173 gamintoj\u0173, mus visuomet domina nauji santykiai su potencialiais platintojais. Jei norite tokiu tapti, atsi\u0173skite mums el. lai\u0161k\u0105 adresu <a href=\"mailto:sales@seacare.com\">info@seacare.lt<\/a> ir prane\u0161kite apie savo sprendim\u0105. Lai\u0161ke \u012ftraukite \u0161i\u0105 informacij\u0105:<\/p>\n<p class=\"o-kom-punkt\" style=\"text-align: center;\">\u00a0<\/p>\n<div role=\"form\" class=\"wpcf7\" id=\"wpcf7-f4244-o1\" lang=\"ru-RU\" dir=\"ltr\">\n<div class=\"screen-reader-response\"><\/div>\n<form action=\"\/lt\/wp-json\/wp\/v2\/pages\/4242#wpcf7-f4244-o1\" method=\"post\" class=\"wpcf7-form\" novalidate=\"novalidate\">\n<div style=\"display: none;\">\n<input type=\"hidden\" name=\"_wpcf7\" value=\"4244\" \/>\n<input type=\"hidden\" name=\"_wpcf7_version\" value=\"5.1.7\" \/>\n<input type=\"hidden\" name=\"_wpcf7_locale\" value=\"ru_RU\" \/>\n<input type=\"hidden\" name=\"_wpcf7_unit_tag\" value=\"wpcf7-f4244-o1\" \/>\n<input type=\"hidden\" name=\"_wpcf7_container_post\" value=\"0\" \/>\n<\/div>\n<p><label> Vardas<br \/>\n    <span class=\"wpcf7-form-control-wrap your-name\"><input type=\"text\" name=\"your-name\" value=\"\" size=\"40\" class=\"wpcf7-form-control wpcf7-text wpcf7-validates-as-required\" aria-required=\"true\" aria-invalid=\"false\" \/><\/span> <\/label><\/p>\n<p><label> El.Pa\u0161tas<br \/>\n    <span class=\"wpcf7-form-control-wrap your-email\"><input type=\"email\" name=\"your-email\" value=\"\" size=\"40\" class=\"wpcf7-form-control wpcf7-text wpcf7-email wpcf7-validates-as-required wpcf7-validates-as-email\" aria-required=\"true\" aria-invalid=\"false\" \/><\/span> <\/label><\/p>\n<p><label> Telefono numeris<\/p>\n<p><span class=\"wpcf7-form-control-wrap tel-978\"><input type=\"tel\" name=\"tel-978\" value=\"\" size=\"40\" class=\"wpcf7-form-control wpcf7-text wpcf7-tel wpcf7-validates-as-required wpcf7-validates-as-tel\" aria-required=\"true\" aria-invalid=\"false\" \/><\/span><\/label><\/p>\n<p><label> \u012emon\u0117s pavadinimas<\/p>\n<p><span class=\"wpcf7-form-control-wrap text-560\"><input type=\"text\" name=\"text-560\" value=\"\" size=\"40\" class=\"wpcf7-form-control wpcf7-text wpcf7-validates-as-required\" aria-required=\"true\" aria-invalid=\"false\" \/><\/span><\/label><\/p>\n<p><label> Adresas<\/p>\n<p><span class=\"wpcf7-form-control-wrap text-561\"><input type=\"text\" name=\"text-561\" value=\"\" size=\"40\" class=\"wpcf7-form-control wpcf7-text wpcf7-validates-as-required\" aria-required=\"true\" aria-invalid=\"false\" \/><\/span><\/label><\/p>\n<p><label> \u017dinut\u0117<br \/>\n    <span class=\"wpcf7-form-control-wrap your-message\"><textarea name=\"your-message\" cols=\"40\" rows=\"10\" class=\"wpcf7-form-control wpcf7-textarea\" aria-invalid=\"false\"><\/textarea><\/span> <\/label><\/p>\n<p><input type=\"submit\" value=\"si\u0173sti\" class=\"wpcf7-form-control wpcf7-submit\" \/><\/p>\n<p style=\"display: none !important;\"><label>&#916;<textarea name=\"_wpcf7_ak_hp_textarea\" cols=\"45\" rows=\"8\" maxlength=\"100\"><\/textarea><\/label><input type=\"hidden\" id=\"ak_js_1\" name=\"_wpcf7_ak_js\" value=\"213\"\/><script>document.getElementById( \"ak_js_1\" ).setAttribute( \"value\", ( new Date() ).getTime() );<\/script><\/p><div class=\"wpcf7-response-output wpcf7-display-none\"><\/div><\/form><\/div>\n<p style=\"text-align: center;\">Mes tikim\u0117s, kad dirbti su Jumis!<\/p>\n    <div class=\"img has-hover x md-x lg-x y md-y lg-y\" id=\"image_81450202\">\n                <div class=\"img-inner dark\" >\n        <img loading=\"lazy\" decoding=\"async\" width=\"1020\" height=\"95\" src=\"https:\/\/seacare.com\/wp-content\/uploads\/2020\/10\/\u041b\u043e\u0433\u043e\u0442\u0438\u043f-\u0434\u043b\u044f-\u0421\u0430\u0438\u0306\u0442\u0430-SeaCare-\u043a\u043e\u043f\u0438\u044f-1400x130.png\" class=\"attachment-large size-large\" alt=\"Logo for the SeaCare Website\" srcset=\"https:\/\/seacare.com\/wp-content\/uploads\/2020\/10\/\u041b\u043e\u0433\u043e\u0442\u0438\u043f-\u0434\u043b\u044f-\u0421\u0430\u0438\u0306\u0442\u0430-SeaCare-\u043a\u043e\u043f\u0438\u044f-1400x130.png 1400w, https:\/\/seacare.com\/wp-content\/uploads\/2020\/10\/\u041b\u043e\u0433\u043e\u0442\u0438\u043f-\u0434\u043b\u044f-\u0421\u0430\u0438\u0306\u0442\u0430-SeaCare-\u043a\u043e\u043f\u0438\u044f-800x74.png 800w, https:\/\/seacare.com\/wp-content\/uploads\/2020\/10\/\u041b\u043e\u0433\u043e\u0442\u0438\u043f-\u0434\u043b\u044f-\u0421\u0430\u0438\u0306\u0442\u0430-SeaCare-\u043a\u043e\u043f\u0438\u044f-768x71.png 768w\" sizes=\"(max-width: 1020px) 100vw, 1020px\" \/>                \n            <\/div>\n                   \n<style scope=\"scope\">\n\n<\/style>\n    <\/div>\n    \n","protected":false},"excerpt":{"rendered":"<p>Tapkite SeaCare Negyvosios J\u016bros Kosmetikos Produkt\u0173 Platintoju \u012evardinkite bent vien\u0105 \u017emog\u0173, kuris nenor\u0117t\u0173 prad\u0117ti verslo. Prakti\u0161kai visi mes trok\u0161tame \u012fsijungti \u012f veikl\u0105, kuri kas m\u0117nes\u012f atne\u0161t\u0173 pelno. Jei domit\u0117s gro\u017eio bei odos prie\u017ei\u016brai skirtais produktais \u2013 tapkite nepriklausomu SeaCare gro\u017eio produkt\u0173 platintoju. Rinkoje \u0161iuo metu vis labiau populiar\u0117ja Negyvosios J\u016bros odos prie\u017ei\u016bros produktai. Tokiais atvejais, [&hellip;]\n","protected":false},"author":1,"featured_media":0,"parent":0,"menu_order":0,"comment_status":"closed","ping_status":"closed","template":"","meta":{"footnotes":""},"_links":{"self":[{"href":"https:\/\/seacare.com\/lt\/wp-json\/wp\/v2\/pages\/4242"}],"collection":[{"href":"https:\/\/seacare.com\/lt\/wp-json\/wp\/v2\/pages"}],"about":[{"href":"https:\/\/seacare.com\/lt\/wp-json\/wp\/v2\/types\/page"}],"author":[{"embeddable":true,"href":"https:\/\/seacare.com\/lt\/wp-json\/wp\/v2\/users\/1"}],"replies":[{"embeddable":true,"href":"https:\/\/seacare.com\/lt\/wp-json\/wp\/v2\/comments?post=4242"}],"version-history":[{"count":4,"href":"https:\/\/seacare.com\/lt\/wp-json\/wp\/v2\/pages\/4242\/revisions"}],"predecessor-version":[{"id":28128,"href":"https:\/\/seacare.com\/lt\/wp-json\/wp\/v2\/pages\/4242\/revisions\/28128"}],"wp:attachment":[{"href":"https:\/\/seacare.com\/lt\/wp-json\/wp\/v2\/media?parent=4242"}],"curies":[{"name":"wp","href":"https:\/\/api.w.org\/{rel}","templated":true}]}}