{"id":4256,"date":"2017-04-14T18:41:49","date_gmt":"2017-04-14T15:41:49","guid":{"rendered":"http:\/\/800forlady.com\/lt\/?page_id=4256"},"modified":"2017-04-14T18:41:49","modified_gmt":"2017-04-14T15:41:49","slug":"abil-soft-af-200","status":"publish","type":"page","link":"https:\/\/seacare.com\/lt\/abil-soft-af-200\/","title":{"rendered":"ABIL\u00ae Soft AF 200"},"content":{"rendered":"<h1 class=\"text-head\" style=\"text-align: center;\"><span data-text-color=\"primary\">ABIL\u00ae Soft AF 200<\/span><\/h1>\n<hr \/>\n<p class=\"o-kom-text3\">ABIL\u00ae Soft AF 200 yra naujas aminopropilio dimetikono turintis produktas, skirtas efektyviam bei nebrangiam plauk\u0173 kondicionavimui. \u0160amp\u016bnuose naudojamas ABIL\u00ae Soft AF 200 yra optimizuotas itin veiksmingam kondicionavimui.<\/p>\n<p class=\"o-kom-text3\">Aminosilikonas efektyviai kondicionuoja plaukus bei suteikia jiems \u0161velnumo, mink\u0161tumo ir lygumo. ABIL\u00ae Soft AF 200 (INCI: Aminopropyl Dimethicone) paruo\u0161ia plaukus kondicionavimui ir palengvina j\u0173 \u0161ukavim\u0105.<\/p>\n","protected":false},"excerpt":{"rendered":"<p>ABIL\u00ae Soft AF 200 ABIL\u00ae Soft AF 200 yra naujas aminopropilio dimetikono turintis produktas, skirtas efektyviam bei nebrangiam plauk\u0173 kondicionavimui. \u0160amp\u016bnuose naudojamas ABIL\u00ae Soft AF 200 yra optimizuotas itin veiksmingam kondicionavimui. Aminosilikonas efektyviai kondicionuoja plaukus bei suteikia jiems \u0161velnumo, mink\u0161tumo ir lygumo. ABIL\u00ae Soft AF 200 (INCI: Aminopropyl Dimethicone) paruo\u0161ia plaukus kondicionavimui ir palengvina j\u0173 [&hellip;]\n","protected":false},"author":1,"featured_media":0,"parent":0,"menu_order":0,"comment_status":"closed","ping_status":"closed","template":"","meta":{"footnotes":""},"_links":{"self":[{"href":"https:\/\/seacare.com\/lt\/wp-json\/wp\/v2\/pages\/4256"}],"collection":[{"href":"https:\/\/seacare.com\/lt\/wp-json\/wp\/v2\/pages"}],"about":[{"href":"https:\/\/seacare.com\/lt\/wp-json\/wp\/v2\/types\/page"}],"author":[{"embeddable":true,"href":"https:\/\/seacare.com\/lt\/wp-json\/wp\/v2\/users\/1"}],"replies":[{"embeddable":true,"href":"https:\/\/seacare.com\/lt\/wp-json\/wp\/v2\/comments?post=4256"}],"version-history":[{"count":0,"href":"https:\/\/seacare.com\/lt\/wp-json\/wp\/v2\/pages\/4256\/revisions"}],"wp:attachment":[{"href":"https:\/\/seacare.com\/lt\/wp-json\/wp\/v2\/media?parent=4256"}],"curies":[{"name":"wp","href":"https:\/\/api.w.org\/{rel}","templated":true}]}}