{"id":4258,"date":"2017-04-14T18:42:42","date_gmt":"2017-04-14T15:42:42","guid":{"rendered":"http:\/\/800forlady.com\/lt\/?page_id=4258"},"modified":"2017-04-14T18:42:42","modified_gmt":"2017-04-14T15:42:42","slug":"abil-soft-af-300","status":"publish","type":"page","link":"https:\/\/seacare.com\/lt\/abil-soft-af-300\/","title":{"rendered":"ABIL\u00ae Soft AF 300"},"content":{"rendered":"<h1 class=\"text-head\" style=\"text-align: center;\"><span data-text-color=\"primary\">ABIL\u00ae Soft AF 300<\/span><\/h1>\n<hr \/>\n<p class=\"o-kom-text3\">ABIL\u00ae Soft AF 300 yra itin efektyvus aminopropilio dimetikonas (Aminipropyl Dimethicone). Naujas auk\u0161to molekulinio svorio aminosilikonas kondicionuojan\u010diam skalavimui. Plauk\u0173 prie\u017ei\u016bros produktams ABIL\u00ae Soft AF 300 suteikia pa\u017eangi\u0173 kondicionuojan\u010di\u0173 bei mink\u0161tinan\u010di\u0173j\u0173 savybi\u0173.<\/p>\n","protected":false},"excerpt":{"rendered":"<p>ABIL\u00ae Soft AF 300 ABIL\u00ae Soft AF 300 yra itin efektyvus aminopropilio dimetikonas (Aminipropyl Dimethicone). Naujas auk\u0161to molekulinio svorio aminosilikonas kondicionuojan\u010diam skalavimui. Plauk\u0173 prie\u017ei\u016bros produktams ABIL\u00ae Soft AF 300 suteikia pa\u017eangi\u0173 kondicionuojan\u010di\u0173 bei mink\u0161tinan\u010di\u0173j\u0173 savybi\u0173.<\/p>\n","protected":false},"author":1,"featured_media":0,"parent":0,"menu_order":0,"comment_status":"closed","ping_status":"closed","template":"","meta":{"footnotes":""},"_links":{"self":[{"href":"https:\/\/seacare.com\/lt\/wp-json\/wp\/v2\/pages\/4258"}],"collection":[{"href":"https:\/\/seacare.com\/lt\/wp-json\/wp\/v2\/pages"}],"about":[{"href":"https:\/\/seacare.com\/lt\/wp-json\/wp\/v2\/types\/page"}],"author":[{"embeddable":true,"href":"https:\/\/seacare.com\/lt\/wp-json\/wp\/v2\/users\/1"}],"replies":[{"embeddable":true,"href":"https:\/\/seacare.com\/lt\/wp-json\/wp\/v2\/comments?post=4258"}],"version-history":[{"count":0,"href":"https:\/\/seacare.com\/lt\/wp-json\/wp\/v2\/pages\/4258\/revisions"}],"wp:attachment":[{"href":"https:\/\/seacare.com\/lt\/wp-json\/wp\/v2\/media?parent=4258"}],"curies":[{"name":"wp","href":"https:\/\/api.w.org\/{rel}","templated":true}]}}