{"id":4260,"date":"2017-04-14T18:46:40","date_gmt":"2017-04-14T15:46:40","guid":{"rendered":"http:\/\/800forlady.com\/lt\/?page_id=4260"},"modified":"2017-04-14T18:50:05","modified_gmt":"2017-04-14T15:50:05","slug":"easyliance","status":"publish","type":"page","link":"https:\/\/seacare.com\/lt\/easyliance\/","title":{"rendered":"Easyliance"},"content":{"rendered":"<h1 class=\"text-head\" style=\"text-align: center;\">Easyliance<\/h1>\n<hr>\n<p class=\"text-head\" style=\"text-align: left;\">Easyliance yra naujovi\u0161ka, nat\u016brali bei stangrinan\u010diu poveikiu pasi\u017eyminti aktyvioji kosmetin\u0117 med\u017eiaga, suteikianti odai spar\u010diai pasirei\u0161kiant\u012f poveik\u012f, kuris itin ry\u0161kiai matomas aplink akis ir burnos kont\u016br\u0105.<\/p>\n<p class=\"text-head\" style=\"text-align: left;\"><strong>Kuo \u0161i med\u017eiaga i\u0161siskiria?<\/strong><br \/>Easyliance yra 100% nat\u016brali med\u017eiaga, suteikianti vos per kelet\u0105 minu\u010di\u0173 pasirei\u0161kiant\u012f, akivaizd\u0173 lyginam\u0105j\u012f efekt\u0105.<\/p>\n<p class=\"text-head\" style=\"text-align: left;\"><strong>Kaip ji veikia?<\/strong><br \/>Easyliance pasiskirto ant odos pavir\u0161iaus ir suformuoja tolygi\u0105, elasting\u0105 pl\u0117vel\u0119, kuri i\u0161tempia od\u0105 ir spar\u010diai bei \u017eenkliai suma\u017eina rauk\u0161li\u0173 gyl\u012f. Tokiu b\u016bdu, oda atrodo lygesn\u0117 bei ma\u017eiau susirauk\u0161l\u0117jusi.<\/p>\n","protected":false},"excerpt":{"rendered":"<p>Easyliance Easyliance yra naujovi\u0161ka, nat\u016brali bei stangrinan\u010diu poveikiu pasi\u017eyminti aktyvioji kosmetin\u0117 med\u017eiaga, suteikianti odai spar\u010diai pasirei\u0161kiant\u012f poveik\u012f, kuris itin ry\u0161kiai matomas aplink akis ir burnos kont\u016br\u0105. Kuo \u0161i med\u017eiaga i\u0161siskiria?Easyliance yra 100% nat\u016brali med\u017eiaga, suteikianti vos per kelet\u0105 minu\u010di\u0173 pasirei\u0161kiant\u012f, akivaizd\u0173 lyginam\u0105j\u012f efekt\u0105. Kaip ji veikia?Easyliance pasiskirto ant odos pavir\u0161iaus ir suformuoja tolygi\u0105, elasting\u0105 pl\u0117vel\u0119, [&hellip;]\n","protected":false},"author":1,"featured_media":0,"parent":0,"menu_order":0,"comment_status":"closed","ping_status":"closed","template":"","meta":{"footnotes":""},"_links":{"self":[{"href":"https:\/\/seacare.com\/lt\/wp-json\/wp\/v2\/pages\/4260"}],"collection":[{"href":"https:\/\/seacare.com\/lt\/wp-json\/wp\/v2\/pages"}],"about":[{"href":"https:\/\/seacare.com\/lt\/wp-json\/wp\/v2\/types\/page"}],"author":[{"embeddable":true,"href":"https:\/\/seacare.com\/lt\/wp-json\/wp\/v2\/users\/1"}],"replies":[{"embeddable":true,"href":"https:\/\/seacare.com\/lt\/wp-json\/wp\/v2\/comments?post=4260"}],"version-history":[{"count":0,"href":"https:\/\/seacare.com\/lt\/wp-json\/wp\/v2\/pages\/4260\/revisions"}],"wp:attachment":[{"href":"https:\/\/seacare.com\/lt\/wp-json\/wp\/v2\/media?parent=4260"}],"curies":[{"name":"wp","href":"https:\/\/api.w.org\/{rel}","templated":true}]}}