{"id":4266,"date":"2017-04-14T18:54:24","date_gmt":"2017-04-14T15:54:24","guid":{"rendered":"http:\/\/800forlady.com\/lt\/?page_id=4266"},"modified":"2017-04-14T18:55:05","modified_gmt":"2017-04-14T15:55:05","slug":"matrixyl","status":"publish","type":"page","link":"https:\/\/seacare.com\/lt\/matrixyl\/","title":{"rendered":"Matrixyl"},"content":{"rendered":"<h1 class=\"text-head\" style=\"text-align: center;\"><span data-text-color=\"primary\">Matrixyl\u00ae synthe&#8217;6\u00ae<\/span><\/h1>\n<hr>\n<p class=\"o-kom-text3\">Sederma pristato moterims skirt\u0105 Matrixyl\u00ae synthe\u20196\u00ae, kuris u\u017epildys rauk\u0161les tiek kaktos srityje, tiek aplink akis ir suteiks odai lygi\u0105 bei putli\u0105 i\u0161vaizd\u0105. Veikdamas pana\u0161iai, kaip peptidai matrikinai, Matrixyl\u00ae synthe\u20196\u00ae stimuliuoja \u0161e\u0161is esminius odos matricos bei dermo-epidermalin\u0117s jungties (DEJ) elementus ir u\u017etikrina optimali\u0105 audini\u0173 architekt\u016br\u0105.<\/p>\n<p class=\"o-kom-text3\">In vivo tyrimais \u012frodyta, kad, po dvej\u0173 m\u0117nesi\u0173 naudojimo, kaktos srities bei aplink akis esan\u010dios rauk\u0161l\u0117s \u017eenkliai suma\u017e\u0117ja i\u0161 vidaus. Lyginam\u0105j\u012f, stangrinant\u012f bei ple\u010diant\u012f efekt\u0105 parod\u0117 daugyb\u0117 parametr\u0173 (rauk\u0161li\u0173 kiekis, gylis, pavir\u0161ius ir t.t.).<\/p>\n","protected":false},"excerpt":{"rendered":"<p>Matrixyl\u00ae synthe&#8217;6\u00ae Sederma pristato moterims skirt\u0105 Matrixyl\u00ae synthe\u20196\u00ae, kuris u\u017epildys rauk\u0161les tiek kaktos srityje, tiek aplink akis ir suteiks odai lygi\u0105 bei putli\u0105 i\u0161vaizd\u0105. Veikdamas pana\u0161iai, kaip peptidai matrikinai, Matrixyl\u00ae synthe\u20196\u00ae stimuliuoja \u0161e\u0161is esminius odos matricos bei dermo-epidermalin\u0117s jungties (DEJ) elementus ir u\u017etikrina optimali\u0105 audini\u0173 architekt\u016br\u0105. In vivo tyrimais \u012frodyta, kad, po dvej\u0173 m\u0117nesi\u0173 naudojimo, [&hellip;]\n","protected":false},"author":1,"featured_media":0,"parent":0,"menu_order":0,"comment_status":"closed","ping_status":"closed","template":"","meta":{"footnotes":""},"_links":{"self":[{"href":"https:\/\/seacare.com\/lt\/wp-json\/wp\/v2\/pages\/4266"}],"collection":[{"href":"https:\/\/seacare.com\/lt\/wp-json\/wp\/v2\/pages"}],"about":[{"href":"https:\/\/seacare.com\/lt\/wp-json\/wp\/v2\/types\/page"}],"author":[{"embeddable":true,"href":"https:\/\/seacare.com\/lt\/wp-json\/wp\/v2\/users\/1"}],"replies":[{"embeddable":true,"href":"https:\/\/seacare.com\/lt\/wp-json\/wp\/v2\/comments?post=4266"}],"version-history":[{"count":0,"href":"https:\/\/seacare.com\/lt\/wp-json\/wp\/v2\/pages\/4266\/revisions"}],"wp:attachment":[{"href":"https:\/\/seacare.com\/lt\/wp-json\/wp\/v2\/media?parent=4266"}],"curies":[{"name":"wp","href":"https:\/\/api.w.org\/{rel}","templated":true}]}}