{"id":4269,"date":"2017-04-14T18:55:44","date_gmt":"2017-04-14T15:55:44","guid":{"rendered":"http:\/\/800forlady.com\/lt\/?page_id=4269"},"modified":"2017-04-14T18:56:26","modified_gmt":"2017-04-14T15:56:26","slug":"pentavitin","status":"publish","type":"page","link":"https:\/\/seacare.com\/lt\/pentavitin\/","title":{"rendered":"Pentavitin"},"content":{"rendered":"<h1 class=\"text-head\" style=\"text-align: center;\"><span data-text-color=\"primary\">PENTAVITIN\u00ae<\/span><\/h1>\n<p class=\"o-kom-text3\">PENTAVITIN\u00ae yra 100% nat\u016brali, ECOCERT bei NATRUE sertifikatais apdovanota augalin\u0117 med\u017eiaga, patenkinanti daugyb\u0119 klient\u0173 poreiki\u0173. Jos efektyvumo pagrind\u0105 sudaro unikali sud\u0117tis, primenanti \u017emoni\u0173 odoje esan\u010dius kompleksinius angliavandenius, bei mechanizmas, kurio pagalba ji susiri\u0161a su vir\u0161ugalvio bei viso k\u016bno oda.<\/p>\n<p class=\"o-kom-text3\">PENTAVITIN\u00ae sukuria 72 valandas i\u0161liekan\u010di\u0105 dr\u0117gm\u0117s atsarg\u0105 ir u\u017etikrina greit\u0105 bei gil\u0173 odos dr\u0117kinim\u0105. In vivo bei gen\u0173 ekspresijos tyrimais paremtas PENTAVITIN\u00ae dr\u0117kina epidermio l\u0105steles ir sukuria ilgai i\u0161liekant\u012f odos barjer\u0105. Klinikiniais tyrimais negin\u010dijamai \u012frodyta, kad vos po dviej\u0173 savai\u010di\u0173 naudojimo, PENTAVITIN\u00ae daugiau nei 50% pagerina odos lygum\u0105 bei mink\u0161tum\u0105 ir tiek pat suma\u017eina jos nie\u017e\u0117jim\u0105 bei \u0161erpetojim\u0105.<\/p>\n<p class=\"o-kom-text3\">Nauji tyrimai taip rodo, kad PENTAVITIN\u00ae yra pirmasis odos prie\u017ei\u016bros priemon\u0117ms skirtas produktas, turintis raminant\u012f, jautrum\u0105 ma\u017einant\u012f bei vir\u0161ugalv\u012f giliai dr\u0117kinant\u012f poveik\u012f. In vivo tyrimu \u012frodytas apsauginis \u0161io produkto poveikis net naudojant jo itin ma\u017eais kiekiais. Lyginant su kitais i\u0161bandytais produktais, odos barjer\u0105 PENTAVITIN\u00ae atkuria daugiau, nei dvigubai grei\u010diau \u2013 ir net 24 valandos spar\u010diau, nei efektyviausias prie\u0161 tai tirtas produktas. Odos paraudimas suma\u017einamas dvigubai efektyviau, nei naudojant kitus produktus<\/p>\n","protected":false},"excerpt":{"rendered":"<p>PENTAVITIN\u00ae PENTAVITIN\u00ae yra 100% nat\u016brali, ECOCERT bei NATRUE sertifikatais apdovanota augalin\u0117 med\u017eiaga, patenkinanti daugyb\u0119 klient\u0173 poreiki\u0173. Jos efektyvumo pagrind\u0105 sudaro unikali sud\u0117tis, primenanti \u017emoni\u0173 odoje esan\u010dius kompleksinius angliavandenius, bei mechanizmas, kurio pagalba ji susiri\u0161a su vir\u0161ugalvio bei viso k\u016bno oda. PENTAVITIN\u00ae sukuria 72 valandas i\u0161liekan\u010di\u0105 dr\u0117gm\u0117s atsarg\u0105 ir u\u017etikrina greit\u0105 bei gil\u0173 odos dr\u0117kinim\u0105. In [&hellip;]\n","protected":false},"author":1,"featured_media":0,"parent":0,"menu_order":0,"comment_status":"closed","ping_status":"closed","template":"","meta":{"footnotes":""},"_links":{"self":[{"href":"https:\/\/seacare.com\/lt\/wp-json\/wp\/v2\/pages\/4269"}],"collection":[{"href":"https:\/\/seacare.com\/lt\/wp-json\/wp\/v2\/pages"}],"about":[{"href":"https:\/\/seacare.com\/lt\/wp-json\/wp\/v2\/types\/page"}],"author":[{"embeddable":true,"href":"https:\/\/seacare.com\/lt\/wp-json\/wp\/v2\/users\/1"}],"replies":[{"embeddable":true,"href":"https:\/\/seacare.com\/lt\/wp-json\/wp\/v2\/comments?post=4269"}],"version-history":[{"count":0,"href":"https:\/\/seacare.com\/lt\/wp-json\/wp\/v2\/pages\/4269\/revisions"}],"wp:attachment":[{"href":"https:\/\/seacare.com\/lt\/wp-json\/wp\/v2\/media?parent=4269"}],"curies":[{"name":"wp","href":"https:\/\/api.w.org\/{rel}","templated":true}]}}