{"id":4272,"date":"2017-04-14T18:57:25","date_gmt":"2017-04-14T15:57:25","guid":{"rendered":"http:\/\/800forlady.com\/lt\/?page_id=4272"},"modified":"2017-04-14T19:03:30","modified_gmt":"2017-04-14T16:03:30","slug":"alijosius","status":"publish","type":"page","link":"https:\/\/seacare.com\/lt\/alijosius\/","title":{"rendered":"Alijo\u0161ius"},"content":{"rendered":"<h1 class=\"text-head\" style=\"text-align: center;\"><span data-text-color=\"primary\">Alijo\u0161ius<\/span><\/h1>\n<hr>\n<p class=\"o-kom-text3\">Alijo\u0161ius yra Liliaceae \u0161eimai priklausantis kaktusinis augalas, paplit\u0119s sausame klimate, b\u016bdingame kai kurioms Afrikos bei Indijos \u017eem\u0117ms. Medicininiais tikslais alijo\u0161ius naudojamas jau i\u0161tisus \u0161imtme\u010dius.<\/p>\n<p class=\"o-kom-text3\">Tyrimais patvirtinta, kad alijo\u0161ius pasi\u017eymi ypatingomis savyb\u0117mis, kurios efektyviai gydo \u012fvairias odos ligas, pasirei\u0161kian\u010dias odos i\u0161saus\u0117jimu bei \u017evyneli\u0173 susidarymu, kosmetinius negalavimus, plauk\u0173 bei vir\u0161ugalvio ir daugyb\u0119 kit\u0173 problem\u0173.<\/p>\n<p class=\"o-kom-text3\">Taip pat manoma, kad alijo\u0161ius skatina \u017eaizd\u0173, nudegim\u0173 bei nerimt\u0173 odos infekcij\u0173 gijim\u0105. Anot Mayo klinikos, alijo\u0161ius taip yra perspektyvus gydant rimtesnes, l\u0117tines ligas, kaip, pvz., egzema, lytini\u0173 organ\u0173 p\u016bslelin\u0117, pleiskanos, psoriaz\u0117, stomatitas, odos opos bei daugelis kit\u0173.<\/p>\n<h5 class=\"text-head2\">Penki alijo\u0161iaus \u017eel\u0117 teikiami privalumai:<\/h5>\n<p><\/p>\n<p class=\"o-kom-punkt\"><strong><img decoding=\"async\" class=\"marker\" src=\"\/wp-content\/uploads\/2013\/08\/punkt.png\">1. Gydo nudegimus saul\u0117je.<\/strong><\/p>\n<p class=\"o-kom-text3\">Vis\u0105 k\u016bn\u0105 dengian\u010dio epitelio l\u0105steli\u0173 lygmenyje veikiantis alijo\u0161ius efektyviai gydo saul\u0117je nudegusi\u0105 od\u0105. Alijo\u0161ius padengia od\u0105 apsauginiu sluoksniu ir atkuria jos dr\u0117gnum\u0105. Alijo\u0161iuje esan\u010dios maistin\u0117s med\u017eiagos ir antioksidantai pagreitina odos gijimo procesus.<\/p>\n<p class=\"o-kom-punkt\"><strong><img decoding=\"async\" class=\"marker\" src=\"\/wp-content\/uploads\/2013\/08\/punkt.png\">2. Veikia kaip dr\u0117kiklis.<\/strong><\/p>\n<p class=\"o-kom-text3\">Alijo\u0161ius dr\u0117kina od\u0105 nesuteikdamas jai riebaus poj\u016b\u010dio, tod\u0117l puikiai tinka riebiai odai. Mineralin\u0119 kosmetik\u0105 naudojan\u010dioms moterims alijo\u0161ius veikia kaip dr\u0117kiklis ir, tepant prie\u0161 makia\u017e\u0105, apsaugo od\u0105 nuo i\u0161saus\u0117jimo. D\u0117l teigiamo poveikio po skutimosi atsiradusioms \u017eaizdel\u0117ms, alijo\u0161ius taip pat naudojamas skutimosi balzamuose vyrams.<\/p>\n<p class=\"o-kom-punkt\"><strong><img decoding=\"async\" class=\"marker\" src=\"\/wp-content\/uploads\/2013\/08\/punkt.png\">3. Gydo spuogus.<\/strong><\/p>\n<p class=\"o-kom-text3\">Alijo\u0161iaus \u017eel\u0117je esama dviej\u0173 hormon\u0173: auksino ir giberelino. \u0160ie hormonai skatina \u017eaizd\u0173 gijim\u0105 ir ma\u017eina u\u017edegiminius odos procesus. Alijo\u0161iuje esantis giberelinas veikia kaip nauj\u0173 l\u0105steli\u0173 augim\u0105 skatinantis augimo hormonas. Giberelinas paspartina nat\u016bral\u0173 gijim\u0105 ir u\u017ekerta keli\u0105 rand\u0173 susidarymui. <br \/>Alijo\u0161ius pasi\u017eymi raminan\u010diu poveikiu, \u0161velnina u\u017edegim\u0105, l\u0117tina p\u016bsleli\u0173 atsiradim\u0105, apsaugo nuo nie\u017e\u0117jimo ir pagreitin\u0105 odos gijimo procesus. Ajurvedos medicinoje alijo\u0161ius taip pat naudojamas efektyviam l\u0117tini\u0173 odos problem\u0173, kaip, pvz., psoriaz\u0117, spuogai ar egzema, gydymui.<\/p>\n<p class=\"o-kom-punkt\"><strong><img decoding=\"async\" class=\"marker\" src=\"\/wp-content\/uploads\/2013\/08\/punkt.png\">4. L\u0117tina sen\u0117jimo procesus.<\/strong><\/p>\n<p class=\"o-kom-text3\">Metams b\u0117gant, dauguma \u017emoni\u0173 ima nerimauti d\u0117l smulki\u0173 rauk\u0161leli\u0173 bei suma\u017e\u0117jusio odos elastingumo. Alijo\u0161iaus lapuose esantys antioksidantai, kaip, pvz., beta-karotenas bei vitaminai C ir E, od\u0105 dr\u0117kina ir sustiprina nat\u016bral\u0173 jos tamprum\u0105.<\/p>\n<p class=\"o-kom-punkt\"><strong><img decoding=\"async\" class=\"marker\" src=\"\/wp-content\/uploads\/2013\/08\/punkt.png\">5. Maskuoja strijas.<\/strong><\/p>\n<p class=\"o-kom-text3\">Oda yra tarsi didel\u0117, pagal augimo poreikius i\u0161siple\u010dianti ir susitraukianti, elastiko atrai\u017ea. Kaip beb\u016bt\u0173, odai i\u0161sitempus pernelyg stipriai ir staiga (d\u0117l n\u0117\u0161tumo, staigaus svorio priaugimo ar praradimo), pa\u017eeid\u017eiamas jos elastingumas \u2013 taip atsiranda nepatraukli\u0173 strij\u0173, kurios susiformuoja d\u0117l staigaus ir pernelyg stipraus tempimo sukelt\u0173 \u012ftr\u016bkim\u0173 odos sluoksniuose. \u0160ias \u017eaizdeles gydantis alijo\u0161ius padeda i\u0161vengti ir strij\u0173.<\/p>\n","protected":false},"excerpt":{"rendered":"<p>Alijo\u0161ius Alijo\u0161ius yra Liliaceae \u0161eimai priklausantis kaktusinis augalas, paplit\u0119s sausame klimate, b\u016bdingame kai kurioms Afrikos bei Indijos \u017eem\u0117ms. Medicininiais tikslais alijo\u0161ius naudojamas jau i\u0161tisus \u0161imtme\u010dius. Tyrimais patvirtinta, kad alijo\u0161ius pasi\u017eymi ypatingomis savyb\u0117mis, kurios efektyviai gydo \u012fvairias odos ligas, pasirei\u0161kian\u010dias odos i\u0161saus\u0117jimu bei \u017evyneli\u0173 susidarymu, kosmetinius negalavimus, plauk\u0173 bei vir\u0161ugalvio ir daugyb\u0119 kit\u0173 problem\u0173. Taip pat [&hellip;]\n","protected":false},"author":1,"featured_media":0,"parent":0,"menu_order":0,"comment_status":"closed","ping_status":"closed","template":"","meta":{"footnotes":""},"_links":{"self":[{"href":"https:\/\/seacare.com\/lt\/wp-json\/wp\/v2\/pages\/4272"}],"collection":[{"href":"https:\/\/seacare.com\/lt\/wp-json\/wp\/v2\/pages"}],"about":[{"href":"https:\/\/seacare.com\/lt\/wp-json\/wp\/v2\/types\/page"}],"author":[{"embeddable":true,"href":"https:\/\/seacare.com\/lt\/wp-json\/wp\/v2\/users\/1"}],"replies":[{"embeddable":true,"href":"https:\/\/seacare.com\/lt\/wp-json\/wp\/v2\/comments?post=4272"}],"version-history":[{"count":0,"href":"https:\/\/seacare.com\/lt\/wp-json\/wp\/v2\/pages\/4272\/revisions"}],"wp:attachment":[{"href":"https:\/\/seacare.com\/lt\/wp-json\/wp\/v2\/media?parent=4272"}],"curies":[{"name":"wp","href":"https:\/\/api.w.org\/{rel}","templated":true}]}}