{"id":4281,"date":"2017-04-14T19:08:59","date_gmt":"2017-04-14T16:08:59","guid":{"rendered":"http:\/\/800forlady.com\/lt\/?page_id=4281"},"modified":"2017-04-17T17:34:15","modified_gmt":"2017-04-17T14:34:15","slug":"argano-aliejus","status":"publish","type":"page","link":"https:\/\/seacare.com\/lt\/argano-aliejus\/","title":{"rendered":"Argano aliejus"},"content":{"rendered":"<h1 class=\"text-head\" style=\"text-align: center;\"><span data-text-color=\"primary\">Argano aliejus<\/span><\/h1>\n<hr \/>\n<h5>10 Argano aliejaus teikiam\u0173 privalum\u0173 plaukams bei odai<\/h5>\n<p class=\"o-kom-text3\">\u201eSkystu auksu\u201c da\u017enai vadinamas Argano aliejus yra ekologi\u0161kas produktas, i\u0161gaunamas i\u0161 Maroke augan\u010di\u0173 Argano med\u017ei\u0173 rie\u0161ut\u0173. \u0160is aliejus yra itin maistingas bei turtingas riebalin\u0117mis r\u016bg\u0161timis, vitaminu E bei kitomis naudingomis med\u017eiagomis. Argano aliejaus savyb\u0117s yra ypa\u010d palankios odai bei plaukams. D\u0117l to \u0161\u012f aliej\u0173 kosmetiniais tikslais da\u017enai renkasi \u017einomi \u017emon\u0117s. Kaip beb\u016bt\u0173, Argano aliejus n\u0117ra prieinamas vien pasiturin\u010dioms \u012f\u017eymyb\u0117ms \u2013 jo teikiama nauda k\u016bnui m\u0117gautis gali visi. \u0160tai keletas da\u017eniausi\u0173 jo panaudojimo b\u016bd\u0173.<\/p>\n<p class=\"text-head2\"><strong>1. Odos dr\u0117kiklis\u00a0<\/strong><\/p>\n<p class=\"o-kom-text3\">Da\u017eniausiai Argano aliejus naudojamas kaip od\u0105 mink\u0161tinantis dr\u0117kiklis. Jame esan\u010dios riebalin\u0117s r\u016bg\u0161tys bei vitaminas E suteikia odai palaikom\u0105j\u012f efekt\u0105. Lengvai \u012fsigeriantis, neriebus ir odos neerzinantis Argano aliejus yra puikus nesintetinis dr\u0117kiklis.<\/p>\n<p class=\"text-head2\"><strong>2. Plauk\u0173 kondicionierius<\/strong><\/p>\n<p class=\"o-kom-text3\">Tyrimais \u012frodyta, kad Argano aliejus mink\u0161tina plaukus bei suteikia jiems \u017evilgan\u010di\u0105, \u0161ilk\u0105 primenan\u010di\u0105 i\u0161vaizd\u0105. Tai idealus plauk\u0173 kondicionierius, gelbstintis net i\u0161saus\u0117jusius plaukus bei i\u0161si\u0161akojusius j\u0173 galiukus.<\/p>\n<p class=\"text-head2\"><strong>3. \u017dvilgantys, sveiki plaukai<\/strong><\/p>\n<p class=\"o-kom-text3\">Dr\u0117kinan\u010diu bei blizgesio suteikian\u010diu poveikiu pasi\u017eymintis Argano aliejus taip pat naudojamas kaip veiklioji med\u017eiaga plauk\u0173 stilizavimo produktuose. Plaukai tampa paslank\u016bs bei pasi\u017eymintys patraukliu, sveiku blizgesiu.<\/p>\n<p class=\"text-head2\"><strong>4. Sen\u0117jimo proces\u0173 l\u0117tinimas<\/strong><\/p>\n<p class=\"o-kom-text3\">Argano aliejus pasi\u017eymi efektyviu dr\u0117kinan\u010diu poveikiu, suteikia odai jaunatvi\u0161ko blizgesio ir lygina rauk\u0161leles. D\u0117l jame esan\u010di\u0173 antioksidant\u0173, \u0161is aliejus yra idealus sen\u0117jimo procesus l\u0117tinantis produktas, atkuriantis odos elastingum\u0105 bei suteikiantis jai \u0161velnumo ir putlumo.<\/p>\n<p class=\"text-head2\"><strong>5. Od\u0105 sausinantys sutrikimai<\/strong><\/p>\n<p class=\"o-kom-text3\">Argano aliejus ypa\u010d tinka \u017emon\u0117ms, turintiems saus\u0105 od\u0105 bei sergantiesiems tokiomis ligomis, kaip egzema, pasirei\u0161kian\u010diomis odos jautrumu, nie\u017e\u0117jimu bei \u0161erpetojimu. Argano aliejuje esan\u010dios riebalin\u0117s r\u016bg\u0161tys ir vitaminas E efektyviai atkuria pa\u017eeist\u0105 od\u0105 bei praturtina j\u0105 nuo saus\u0117jimo bei sudirgimo apsaugan\u010diomis med\u017eiagomis. \u0160is aliejus taip pat pasi\u017eymi ir raminan\u010diu poveikiu.<\/p>\n<p class=\"text-head2\"><strong>6. Spuogai<\/strong><\/p>\n<p class=\"o-kom-text3\">Kitaip nei kiti, spuoguot\u0105 bei pa\u017eeist\u0105 od\u0105 dirginantys, aliejai bei dr\u0117kikliai, Argano aliejus j\u0105 ramina ir skatina gijim\u0105. Spuog\u0173 atsiradim\u0105 da\u017eniausiai s\u0105lygoja odos riebumas. \u017demo riebumo Argano aliejus nat\u016braliai dr\u0117kina od\u0105 ir padeda atkurti tinkam\u0105 jos pusiausvyr\u0105. Argano aliejus taip pat turi pa\u017eeistas odos l\u0105steles gydan\u010di\u0173 bei u\u017edegiminius procesus \u0161velninan\u010di\u0173 antioksidant\u0173.<\/p>\n<p class=\"text-head2\"><strong>7. Apsauga bei gydymas<\/strong><\/p>\n<p class=\"o-kom-text3\">Argano aliejuje esantys antioksidantai teigiamai veikia sudirgusi\u0105, sutr\u016bkin\u0117jusi\u0105, pa\u017eeist\u0105 ir net nudegusi\u0105 od\u0105. Nors \u0161\u012f aliej\u0173 geriausia naudoti odos i\u0161saus\u0117jimo bei skausming\u0173 pa\u017eeidim\u0173 prevencijai, jis tinka ir gijimo proces\u0173 paspartinimui. Argano aliejus \u0161velnina u\u017edegiminius procesus, nuskausmina bei pagreitina gijim\u0105.<\/p>\n<p class=\"text-head2\"><strong>8. Ne\u0161tumas<\/strong><\/p>\n<p class=\"o-kom-text3\">Argano aliejus puikiai apsaugo nuo strij\u0173 bei rauk\u0161li\u0173, kuri\u0173 da\u017enai susidaro po gimdymo, o jame esantis vitaminas E padidina odos elastingum\u0105.<\/p>\n<p class=\"text-head2\"><strong>9. P\u0117d\u0173, rank\u0173 ir nag\u0173 gydymas<\/strong><\/p>\n<p class=\"o-kom-text3\">Mink\u0161tinan\u010diosios Argano aliejaus savyb\u0117s idealiai tinka \u012f l\u016b\u017ein\u0117jim\u0105 linkusiems nagams, sausoms rankoms ir kietai bei sutr\u016bkin\u0117jusiai p\u0117d\u0173 odai. \u0160is aliejus dr\u0117kina bei mink\u0161tina rank\u0173 bei p\u0117d\u0173 od\u0105 ir stiprina nagus.<\/p>\n<p class=\"text-head2\"><strong>10. L\u016bp\u0173 dr\u0117kiklis<\/strong><\/p>\n<p class=\"o-kom-text3\">Esant sausam ir \u0161altam orui, l\u016bpos da\u017enai i\u0161saus\u0117ja, ima tr\u016bkin\u0117ti bei paskausta. Argano aliejus efektyviai palaiko l\u016bp\u0173 putlum\u0105, \u0161velnum\u0105 ir elastingum\u0105.<\/p>\n","protected":false},"excerpt":{"rendered":"<p>Argano aliejus 10 Argano aliejaus teikiam\u0173 privalum\u0173 plaukams bei odai \u201eSkystu auksu\u201c da\u017enai vadinamas Argano aliejus yra ekologi\u0161kas produktas, i\u0161gaunamas i\u0161 Maroke augan\u010di\u0173 Argano med\u017ei\u0173 rie\u0161ut\u0173. \u0160is aliejus yra itin maistingas bei turtingas riebalin\u0117mis r\u016bg\u0161timis, vitaminu E bei kitomis naudingomis med\u017eiagomis. Argano aliejaus savyb\u0117s yra ypa\u010d palankios odai bei plaukams. D\u0117l to \u0161\u012f aliej\u0173 kosmetiniais [&hellip;]\n","protected":false},"author":1,"featured_media":0,"parent":0,"menu_order":0,"comment_status":"closed","ping_status":"closed","template":"","meta":{"footnotes":""},"_links":{"self":[{"href":"https:\/\/seacare.com\/lt\/wp-json\/wp\/v2\/pages\/4281"}],"collection":[{"href":"https:\/\/seacare.com\/lt\/wp-json\/wp\/v2\/pages"}],"about":[{"href":"https:\/\/seacare.com\/lt\/wp-json\/wp\/v2\/types\/page"}],"author":[{"embeddable":true,"href":"https:\/\/seacare.com\/lt\/wp-json\/wp\/v2\/users\/1"}],"replies":[{"embeddable":true,"href":"https:\/\/seacare.com\/lt\/wp-json\/wp\/v2\/comments?post=4281"}],"version-history":[{"count":0,"href":"https:\/\/seacare.com\/lt\/wp-json\/wp\/v2\/pages\/4281\/revisions"}],"wp:attachment":[{"href":"https:\/\/seacare.com\/lt\/wp-json\/wp\/v2\/media?parent=4281"}],"curies":[{"name":"wp","href":"https:\/\/api.w.org\/{rel}","templated":true}]}}