{"id":4287,"date":"2017-04-14T19:33:18","date_gmt":"2017-04-14T16:33:18","guid":{"rendered":"http:\/\/800forlady.com\/lt\/?page_id=4287"},"modified":"2017-04-17T15:31:04","modified_gmt":"2017-04-17T12:31:04","slug":"vitaminai-a-ir-e","status":"publish","type":"page","link":"https:\/\/seacare.com\/lt\/vitaminai-a-ir-e\/","title":{"rendered":"Vitaminai A ir E"},"content":{"rendered":"<h1 class=\"text-head\" style=\"text-align: center;\"><span data-text-color=\"primary\">Vitaminai A ir E<\/span><\/h1>\n<hr>\n<p class=\"text-head2\"><strong>Vitaminas A rauk\u0161l\u0117ms<\/strong><\/p>\n<p>Geriausias bei visapusi\u0161kiausias kovotojas su sen\u0117jimo procesais<br \/>Tyrimais \u012frodyta, kad vitaminas A: lygina rauk\u0161les, blukina rudas d\u0117mes ir i\u0161lygina odos nelygumus. \u201eApie retinoidus i\u0161 viso yra publikuota daugiau, nei 700 tyrim\u0173 \u2013 \u0161i\u0173 ingredient\u0173 veiksmingumas patvirtintas moksli\u0161kai. Juos rekomenduojame visiems, kas siekia jaunatvi\u0161kiau atrodan\u010dios odos,\u201c teigia pavaduojan\u010dioji Niujorko Universiteto Langone medicinos centro klinikin\u0117s dermatologijos profesor\u0117 Doris Day.<\/p>\n<p class=\"text-head2\"><strong>Vitaminas E dr\u0117gmei palaikyti<\/strong><\/p>\n<p>Dr\u0117kina ir apsaugo od\u0105 nuo UV spinduli\u0173 poveikio<br \/>Tyrimais \u012frodyta, kad vitaminas E padeda odai i\u0161laikyti nat\u016bralias dr\u0117kinan\u010dias med\u017eiagas. D\u0117l efektyvaus laisv\u0173j\u0173 radikal\u0173 nukenksminimo vitaminas E da\u017enai vadinamas \u201egyn\u0117ju\u201c. Apie i\u0161skirtines jo savybes byloja daugyb\u0117 klinikini\u0173 tyrim\u0173. Viename j\u0173, vitaminas E \u017eenkliai suma\u017eino \u0161i\u0173 nestabili\u0173 molekuli\u0173 koncentracij\u0105 od\u0105 paveikus cigare\u010di\u0173 d\u016bmais. Kiti tyrimai rodo, kad naudojant vitamin\u0105 E prie\u0161 odai gaunant UV spinduli\u0173, ji ma\u017eiau parausta, i\u0161tinsta bei i\u0161saus\u0117ja.<\/p>\n<p>\n","protected":false},"excerpt":{"rendered":"<p>Vitaminai A ir E Vitaminas A rauk\u0161l\u0117ms Geriausias bei visapusi\u0161kiausias kovotojas su sen\u0117jimo procesaisTyrimais \u012frodyta, kad vitaminas A: lygina rauk\u0161les, blukina rudas d\u0117mes ir i\u0161lygina odos nelygumus. \u201eApie retinoidus i\u0161 viso yra publikuota daugiau, nei 700 tyrim\u0173 \u2013 \u0161i\u0173 ingredient\u0173 veiksmingumas patvirtintas moksli\u0161kai. Juos rekomenduojame visiems, kas siekia jaunatvi\u0161kiau atrodan\u010dios odos,\u201c teigia pavaduojan\u010dioji Niujorko Universiteto [&hellip;]\n","protected":false},"author":1,"featured_media":0,"parent":0,"menu_order":0,"comment_status":"closed","ping_status":"closed","template":"","meta":{"footnotes":""},"_links":{"self":[{"href":"https:\/\/seacare.com\/lt\/wp-json\/wp\/v2\/pages\/4287"}],"collection":[{"href":"https:\/\/seacare.com\/lt\/wp-json\/wp\/v2\/pages"}],"about":[{"href":"https:\/\/seacare.com\/lt\/wp-json\/wp\/v2\/types\/page"}],"author":[{"embeddable":true,"href":"https:\/\/seacare.com\/lt\/wp-json\/wp\/v2\/users\/1"}],"replies":[{"embeddable":true,"href":"https:\/\/seacare.com\/lt\/wp-json\/wp\/v2\/comments?post=4287"}],"version-history":[{"count":0,"href":"https:\/\/seacare.com\/lt\/wp-json\/wp\/v2\/pages\/4287\/revisions"}],"wp:attachment":[{"href":"https:\/\/seacare.com\/lt\/wp-json\/wp\/v2\/media?parent=4287"}],"curies":[{"name":"wp","href":"https:\/\/api.w.org\/{rel}","templated":true}]}}