{"id":4363,"date":"2017-04-17T14:59:32","date_gmt":"2017-04-17T11:59:32","guid":{"rendered":"http:\/\/800forlady.com\/lt\/?page_id=4363"},"modified":"2017-04-17T16:23:50","modified_gmt":"2017-04-17T13:23:50","slug":"gamamelis","status":"publish","type":"page","link":"https:\/\/seacare.com\/lt\/gamamelis\/","title":{"rendered":"Hamamelis"},"content":{"rendered":"<h1 style=\"text-align: center;\"><span data-text-color=\"primary\">Hamamelis<\/span><\/h1>\n<hr \/>\n<p><strong>Kuo hamamelis naudingas odai?<\/strong><\/p>\n<p>Hamamelis yra augalinis ekstraktas, i\u0161gaunamas i\u0161 \u0160iaur\u0117s Amerikoje augan\u010dio Hamamelis virginiana med\u017eio lap\u0173 ir \u017eiev\u0117s. Hamamelis nuo seno naudojamas liaudies medicinoje. Anot interneto svetain\u0117s Drugs.com, liaudies medicinoje hamamelis naudojamas gydyti daugiau, nei 30 skirting\u0173 negalavim\u0173, kaip, pvz., hemorojus, nudegimai, v\u0117\u017eys, tuberkulioz\u0117, per\u0161alimas ir kar\u0161\u010diavimas. Da\u017eniausiai jo naudojama gydyti \u012fvairioms odos ligoms. Mokslininkai dar tik pradeda suprasti, kaip hamamelis veikia ir koki\u0105 naud\u0105 teikia odai.<\/p>\n<p><strong>Ma\u017eina u\u017edegim\u0105<\/strong><\/p>\n<p>Viena \u012fsp\u016bdingiausi\u0173 hamamelio savybi\u0173 yra jo prie\u0161u\u017edegiminis poveikis, naudingas gydant vystykl\u0173 dermatit\u0105, skutimosi suerzint\u0105 od\u0105 ir vabzd\u017ei\u0173 \u012fkandimus. U\u017edegiminius procesus sukelia odos l\u0105stel\u0117se susidarantys laisvieji radikalai. Mokslininkai i\u0161 Centrin\u0117s Shinga laboratorijos Japonijoje i\u0161tyr\u0117 65 augalini\u0173 ekstrakt\u0173 prie\u0161u\u017edegimin\u012f bei odos sen\u0117jimo procesus l\u0117tinant\u012f poveik\u012f. Aktyviu deguonies absorbavimu bei l\u0105steli\u0173 apsauga nuo pa\u017eeidim\u0173 pasi\u017eym\u0117jo tik du ekstraktai, vienas i\u0161 j\u0173 \u2013 hamamelis.<\/p>\n<p><strong>\u0160alina mikrobus<\/strong><\/p>\n<p>Tradici\u0161kai hamamelis taip pat naudojamas gydyti Nuodingosios geben\u0117s sukelt\u0105 sudirginim\u0105, v\u0117jaraupius bei nubrozdinimus, kuriuos sukelia ar pablogina virusai bei bakterijos. Vokietijoje 2002 metais atliktas tyrimas, kurio santrauk\u0105 galima rasti JAV Nacionalin\u0117je medicinos bibliotekoje, nustatyti antimikrobiniam hamamelio distiliato poveikiui tokiems grybeliams, kaip Staphylococcus aureus, Candida albicans bei kitiems organizmams dirbtin\u0117mis s\u0105lygomis. Rezultatai parod\u0117, kad hamamelis turi stipri\u0173 antimikrobini\u0173 savybi\u0173. Tyrimo autoriai pabr\u0117\u017e\u0117, kad \u0161i med\u017eiaga gali b\u016bti naudinga siekiant u\u017ekirsti keli\u0105 bakterij\u0173 kolonijoms, sukelian\u010dioms atopin\u012f dermatit\u0105, i\u0161\u0161utim\u0105 bei kitas mikroorganizm\u0173 sukeliamas odos ligas.<\/p>\n<p><strong>Pasi\u017eymi sutraukiamosiomis savyb\u0117mis<\/strong><\/p>\n<p>Anot interneto svetain\u0117s Drugs.com, d\u0117l hamamelio medyje esan\u010di\u0173 tanin\u0173, jis laikomas efektyvia sutraukiam\u0105ja med\u017eiaga. Taninai padeda suraukti odos baltymus \u012f apsaugin\u012f sluoksn\u012f, kuris paspartina gijim\u0105 bei sustabdo kraujavim\u0105. \u0160i savyb\u0117 yra itin naudinga gydant tokias odos ligas, kaip egzema, bei atstatyti kraujagysli\u0173 tonus\u0105 varikoz\u0117s pa\u017eeistose venose ir su\u0161velninti hemoroj\u0173.<\/p>\n<p><strong>Dr\u0117kiklis<\/strong><\/p>\n<p>Liubeko universitetin\u0117s ligonin\u0117s Dermatologijos departamente atliktas tyrimas, kurio metu vaikai, ken\u010diantys nuo \u012fvairi\u0173 odos lig\u0173 bei traum\u0173, buvo gydomi hamamelio kremu. Rezultatai parod\u0117, kad hamamelis yra saugus ir nema\u017eiau efektyvus u\u017e dekspantenol\u012f. Dekspantenolis yra receptinis vaistas, naudojamas dr\u0117kinti raginiam sluoksniui (t.y., i\u0161oriniam odos sluoksniui), siekiant u\u017ekirsti keli\u0105 i\u0161saus\u0117jimui ir palaikyti odos dr\u0117gnum\u0105 bei elastingum\u0105.<\/p>\n<p><strong>\u017dalingas sal\u0117s poveikis<\/strong><\/p>\n<p>Tradici\u0161kai hamamelis taip pat naudojamas gydyti nudegimus saul\u0117je bei u\u017ekristi keli\u0105 odos lupimuisi bei pleiskanojimui. Nuo \u017ealingo saul\u0117s poveikio apsaugan\u010dios hamamelio savyb\u0117s buvo patikrintos dvejais tyrimais, atliktais Vokietijos BioSkin dermatologini\u0173 tyrim\u0173 ir pl\u0117tros institute. Pirmajame, atliktame 1998 m., 10% stiprumo hamamelio losjono buvo tepama ant odos sveikiems pacientams paveikus juos skirtingomis UVB radiacijos doz\u0117mis. Antrajame, pasirod\u017eiusiame 2002 m., losjono buvo tepama ant odos sveikiems savanoriams paveikus juos UVA radiacija. Abiej\u0173 tyrim\u0173 rezultatai parod\u0117, kad losjonas \u017eenkliai suma\u017eino odos paraudim\u0105 bei deginimo poj\u016bt\u012f.<\/p>\n<p>\u00a0<\/p>\n","protected":false},"excerpt":{"rendered":"<p>Hamamelis Kuo hamamelis naudingas odai? Hamamelis yra augalinis ekstraktas, i\u0161gaunamas i\u0161 \u0160iaur\u0117s Amerikoje augan\u010dio Hamamelis virginiana med\u017eio lap\u0173 ir \u017eiev\u0117s. Hamamelis nuo seno naudojamas liaudies medicinoje. Anot interneto svetain\u0117s Drugs.com, liaudies medicinoje hamamelis naudojamas gydyti daugiau, nei 30 skirting\u0173 negalavim\u0173, kaip, pvz., hemorojus, nudegimai, v\u0117\u017eys, tuberkulioz\u0117, per\u0161alimas ir kar\u0161\u010diavimas. Da\u017eniausiai jo naudojama gydyti \u012fvairioms odos [&hellip;]\n","protected":false},"author":1,"featured_media":0,"parent":0,"menu_order":0,"comment_status":"closed","ping_status":"closed","template":"","meta":{"footnotes":""},"_links":{"self":[{"href":"https:\/\/seacare.com\/lt\/wp-json\/wp\/v2\/pages\/4363"}],"collection":[{"href":"https:\/\/seacare.com\/lt\/wp-json\/wp\/v2\/pages"}],"about":[{"href":"https:\/\/seacare.com\/lt\/wp-json\/wp\/v2\/types\/page"}],"author":[{"embeddable":true,"href":"https:\/\/seacare.com\/lt\/wp-json\/wp\/v2\/users\/1"}],"replies":[{"embeddable":true,"href":"https:\/\/seacare.com\/lt\/wp-json\/wp\/v2\/comments?post=4363"}],"version-history":[{"count":0,"href":"https:\/\/seacare.com\/lt\/wp-json\/wp\/v2\/pages\/4363\/revisions"}],"wp:attachment":[{"href":"https:\/\/seacare.com\/lt\/wp-json\/wp\/v2\/media?parent=4363"}],"curies":[{"name":"wp","href":"https:\/\/api.w.org\/{rel}","templated":true}]}}