{"id":4367,"date":"2017-04-17T15:03:42","date_gmt":"2017-04-17T12:03:42","guid":{"rendered":"http:\/\/800forlady.com\/lt\/?page_id=4367"},"modified":"2017-04-17T15:04:49","modified_gmt":"2017-04-17T12:04:49","slug":"kofermentas-q10","status":"publish","type":"page","link":"https:\/\/seacare.com\/lt\/kofermentas-q10\/","title":{"rendered":"Kofermentas Q10"},"content":{"rendered":"<h1 style=\"text-align: center;\"><span data-text-color=\"primary\">Kofermentas Q10<\/span><\/h1>\n<hr \/>\n<p style=\"text-align: left;\">Kofermentas Q10 k\u016bne atlieka ne ma\u017eiau, kaip du svarbius vaidmenis. Pirma, tai yra vienas i\u0161 esmini\u0173 element\u0173 biochemin\u0117je grandin\u0117je, kuri l\u0105steli\u0173 viduje gamina biologi\u0161kai prieinam\u0105 energij\u0105 (ATP). Antra, Kofermentas Q10 yra antioksidantas, padedantis nukenksminti sen\u0117jimo procesus skatinan\u010dius laisvuosius radikalus. Idealiomis s\u0105lygomis, reikiam\u0105 Kofermento Q10 kiek\u012f k\u016bnas gali pasigaminti pats. Kaip beb\u016bt\u0173, tokie veiksniai, kaip sen\u0117jimas, stresas ir kai kurie vaistiniai preparatai gali suma\u017einti \u0161ios med\u017eiagos koncentracij\u0105 m\u016bs\u0173 k\u016bne. Tai suma\u017eina k\u016bno l\u0105steli\u0173 atsparum\u0105 stresui bei sul\u0117tina j\u0173 regeneracijos procesus. Deja, bet metams b\u0117gant, Kofermento Q10 atsargos k\u016bne nei\u0161vengiamai ma\u017e\u0117ja. D\u0117l auk\u0161tos koreliacijos su sen\u0117jimo procesais, \u0161i med\u017eiaga netgi laikoma vienu patikimiausi\u0173 biologini\u0173 sen\u0117jimo \u017eymen\u0173. Esama klinikini\u0173 tyrim\u0173, kuriuose Kofermento Q10 papild\u0173 gav\u0119 grau\u017eikai gyveno iki 30 met\u0173 ilgiau, nei j\u0173 gentainiai, priskirti kontrolinei grupei.<\/p>\n<p style=\"text-align: left;\">Sulaukus trisde\u0161imties, daugumos \u017emoni\u0173 organizmuose Kofermento Q10 koncentracija nukrenta \u017eemiau optimalios ribos, odos l\u0105stel\u0117s ima gaminti ma\u017eiau kolageno, elastino bei kit\u0173 svarbi\u0173 molekuli\u0173. \u0160ios med\u017eiagos stokojanti oda taip pat yra labiau pa\u017eeid\u017eiama laisv\u0173j\u0173 radikal\u0173, kuri\u0173 \u0161iame, oro s\u0105lyg\u0173 veikiamame, k\u016bno organe yra itin daug. Taigi, Kofermentas Q10 gali paspartinti odos gijim\u0105 bei atsinaujinim\u0105 ir suma\u017einti laisv\u0173j\u0173 radikal\u0173 sukelt\u0173 pa\u017eeidim\u0173. Kofermentas Q10 yra ma\u017ea molekul\u0117, galinti be vargo pasiekti odos l\u0105steles.<\/p>\n","protected":false},"excerpt":{"rendered":"<p>Kofermentas Q10 Kofermentas Q10 k\u016bne atlieka ne ma\u017eiau, kaip du svarbius vaidmenis. Pirma, tai yra vienas i\u0161 esmini\u0173 element\u0173 biochemin\u0117je grandin\u0117je, kuri l\u0105steli\u0173 viduje gamina biologi\u0161kai prieinam\u0105 energij\u0105 (ATP). Antra, Kofermentas Q10 yra antioksidantas, padedantis nukenksminti sen\u0117jimo procesus skatinan\u010dius laisvuosius radikalus. Idealiomis s\u0105lygomis, reikiam\u0105 Kofermento Q10 kiek\u012f k\u016bnas gali pasigaminti pats. Kaip beb\u016bt\u0173, tokie veiksniai, [&hellip;]\n","protected":false},"author":1,"featured_media":0,"parent":0,"menu_order":0,"comment_status":"closed","ping_status":"closed","template":"","meta":{"footnotes":""},"_links":{"self":[{"href":"https:\/\/seacare.com\/lt\/wp-json\/wp\/v2\/pages\/4367"}],"collection":[{"href":"https:\/\/seacare.com\/lt\/wp-json\/wp\/v2\/pages"}],"about":[{"href":"https:\/\/seacare.com\/lt\/wp-json\/wp\/v2\/types\/page"}],"author":[{"embeddable":true,"href":"https:\/\/seacare.com\/lt\/wp-json\/wp\/v2\/users\/1"}],"replies":[{"embeddable":true,"href":"https:\/\/seacare.com\/lt\/wp-json\/wp\/v2\/comments?post=4367"}],"version-history":[{"count":0,"href":"https:\/\/seacare.com\/lt\/wp-json\/wp\/v2\/pages\/4367\/revisions"}],"wp:attachment":[{"href":"https:\/\/seacare.com\/lt\/wp-json\/wp\/v2\/media?parent=4367"}],"curies":[{"name":"wp","href":"https:\/\/api.w.org\/{rel}","templated":true}]}}