{"id":4370,"date":"2017-04-17T15:31:29","date_gmt":"2017-04-17T12:31:29","guid":{"rendered":"http:\/\/800forlady.com\/lt\/?page_id=4370"},"modified":"2017-04-17T15:37:45","modified_gmt":"2017-04-17T12:37:45","slug":"avokadu-aliejus","status":"publish","type":"page","link":"https:\/\/seacare.com\/lt\/avokadu-aliejus\/","title":{"rendered":"Avokad\u0173 aliejus"},"content":{"rendered":"<h1 class=\"text-head\" style=\"text-align: center;\"><span data-text-color=\"primary\">Avokad\u0173 aliejus<\/span><\/h1>\n<hr \/>\n<h5>Keletas svarbi\u0173 maistini\u0173 med\u017eiag\u0173 randam\u0173 avokad\u0173 aliejuje:<\/h5>\n<p><\/p>\n<p class=\"o-kom-text3\"><strong>Baltymai ir riebalai<\/strong><br \/>\nAvokad\u0173 aliejus turi daug baltym\u0173 ir neso\u010di\u0173j\u0173 riebal\u0173, kurie stipriai veikia od\u0105. Avokad\u0173 aliejuje esama netgi Omega 3 riebalini\u0173 r\u016bg\u0161\u010di\u0173, kurios paprastai siejamos su \u017euv\u0173 taukais.<\/p>\n<p class=\"o-kom-punkt\"><strong>Sterolinas<\/strong><br \/>\nAvokad\u0173 aliejus turi daug sterolino, kurio od\u0105 mink\u0161tinantis bei senatvines d\u0117mes \u0161velninantis poveikis \u012frodytas klinikiniais tyrimais.<\/p>\n<p class=\"o-kom-punkt\"><strong>Antioksidantai<\/strong><br \/>\nAvokad\u0173 aliejuje esama daug antioksidant\u0173, d\u0117l kuri\u0173 jis puikiai tinka naudoti ant saul\u0117s spinduli\u0173 pa\u017eeistos odos. Avokaduose esantys antioksidantai, kaip, pvz., vitaminai A, D ir E, mink\u0161tina od\u0105 ir yra ypa\u010d naudingi sausai bei senai odai.<\/p>\n<p class=\"o-kom-punkt\"><strong>Lecitinas ir kalis<\/strong><br \/>\nAvokad\u0173 aliejus turi lecitino bei kalio, kurie teigiamai veikia tiek od\u0105, tiek plaukus.<\/p>\n<p class=\"o-kom-punkt\"><strong>Dr\u0117kina od\u0105<\/strong><br \/>\nAnt galvos odos tepamas avokad\u0173 aliejus dr\u0117kina bei palengvina nie\u017e\u0117jim\u0105. Jo u\u017etepus, aliejus giliai prasiskverbia \u012f od\u0105 ir veikia kaip efektyvus dr\u0117kiklis.<\/p>\n<p class=\"o-kom-punkt\"><strong>Pagerina galvos odos sveikat\u0105<\/strong><br \/>\nAvokad\u0173 aliejus ne tik padeda gydyti \u017evynais pasidengusi\u0105 od\u0105, bet taip ma\u017eina vir\u0161ugalvio nie\u017e\u0117jim\u0105. Reguliariai ant galvos odos tepamas avokad\u0173 aliejus skatina plauk\u0173 augim\u0105.<\/p>\n<p class=\"o-kom-punkt\"><strong>Skatina kolageno gamyb\u0105<\/strong><br \/>\nAnt odos tepamas avokad\u0173 aliejus skatina kolageno gamyb\u0105, mink\u0161tina od\u0105 ir l\u0117tina jos sen\u0117jimo procesus.<\/p>\n<p class=\"o-kom-punkt\"><strong>Gydo odos ligas<\/strong><br \/>\nAvokad\u0173 aliejus teigiamai veikia daugel\u012f odos lig\u0173, kaip, pvz., egzema ir psoriaz\u0117.<\/p>\n<p class=\"o-kom-punkt\"><strong>Kita<\/strong><br \/>\nAvokad\u0173 aliejus pagreitina \u017eaizd\u0173 bei odos nudegim\u0173 gijim\u0105.<\/p>\n","protected":false},"excerpt":{"rendered":"<p>Avokad\u0173 aliejus Keletas svarbi\u0173 maistini\u0173 med\u017eiag\u0173 randam\u0173 avokad\u0173 aliejuje: Baltymai ir riebalai Avokad\u0173 aliejus turi daug baltym\u0173 ir neso\u010di\u0173j\u0173 riebal\u0173, kurie stipriai veikia od\u0105. Avokad\u0173 aliejuje esama netgi Omega 3 riebalini\u0173 r\u016bg\u0161\u010di\u0173, kurios paprastai siejamos su \u017euv\u0173 taukais. Sterolinas Avokad\u0173 aliejus turi daug sterolino, kurio od\u0105 mink\u0161tinantis bei senatvines d\u0117mes \u0161velninantis poveikis \u012frodytas klinikiniais tyrimais. [&hellip;]\n","protected":false},"author":1,"featured_media":0,"parent":0,"menu_order":0,"comment_status":"closed","ping_status":"closed","template":"","meta":{"footnotes":""},"_links":{"self":[{"href":"https:\/\/seacare.com\/lt\/wp-json\/wp\/v2\/pages\/4370"}],"collection":[{"href":"https:\/\/seacare.com\/lt\/wp-json\/wp\/v2\/pages"}],"about":[{"href":"https:\/\/seacare.com\/lt\/wp-json\/wp\/v2\/types\/page"}],"author":[{"embeddable":true,"href":"https:\/\/seacare.com\/lt\/wp-json\/wp\/v2\/users\/1"}],"replies":[{"embeddable":true,"href":"https:\/\/seacare.com\/lt\/wp-json\/wp\/v2\/comments?post=4370"}],"version-history":[{"count":0,"href":"https:\/\/seacare.com\/lt\/wp-json\/wp\/v2\/pages\/4370\/revisions"}],"wp:attachment":[{"href":"https:\/\/seacare.com\/lt\/wp-json\/wp\/v2\/media?parent=4370"}],"curies":[{"name":"wp","href":"https:\/\/api.w.org\/{rel}","templated":true}]}}