{"id":4379,"date":"2017-04-17T15:39:27","date_gmt":"2017-04-17T12:39:27","guid":{"rendered":"http:\/\/800forlady.com\/lt\/?page_id=4379"},"modified":"2017-04-17T15:42:58","modified_gmt":"2017-04-17T12:42:58","slug":"simondsiju-aliejus","status":"publish","type":"page","link":"https:\/\/seacare.com\/lt\/simondsiju-aliejus\/","title":{"rendered":"Simondsij\u0173 aliejus"},"content":{"rendered":"<h1 class=\"text-head\" style=\"text-align: center;\"><span data-text-color=\"primary\">Simondsij\u0173 aliejus<\/span><\/h1>\n<hr \/>\n<p class=\"text-head2\"><strong>Apie simondsij\u0173 aliej\u0173<\/strong><\/p>\n<p>Simondsij\u0173 aliejus yra augalinis ekstraktas, i\u0161gaunamas i\u0161 simondsij\u0173 s\u0117kl\u0173. Techni\u0161kai, tai ne aliejus, o va\u0161kinis esteris. Kod\u0117l tai tur\u0117t\u0173 jums r\u016bp\u0117ti? Ogi tod\u0117l, kad savo sud\u0117timi \u0161is esteris yra pats pana\u0161iausias \u012f \u017emoni\u0173 odos i\u0161skiriamus riebalus. Svarbiausia tai, kad simondsij\u0173 aliejus neu\u017ekem\u0161a por\u0173 ir puikiai tinka \u017emon\u0117s, turintiems \u012f spuogus linkusi\u0105 od\u0105.<\/p><\/div>\n<p class=\"text-head2\"><strong>Simondsij\u0173 aliejaus privalumai<\/strong><\/p>\n<p><img decoding=\"async\" class=\"marker\" src=\"\/wp-content\/uploads\/2013\/08\/punkt.png\">Suteikia vis\u0105 dien\u0105 trunkant\u012f dr\u0117kinimo efekt\u0105 \u2013 kitaip, nei vandens pagrindu pagaminti dr\u0117kikliai, simondsij\u0173 aliejus nei\u0161garuoja.<\/p>\n<p class=\"o-kom-punkt\"><img decoding=\"async\" class=\"marker\" src=\"\/wp-content\/uploads\/2013\/08\/punkt.png\">Simondsij\u0173 aliejus yra toks pana\u0161us \u012f \u017emoni\u0173 odos i\u0161skiriamus riebalus, kad gali \u201eapgauti\u201c od\u0105 ir priversti j\u0105 manyti, kad riebal\u0173 pagaminta u\u017etektinai, taip atkuriant riebal\u0173 i\u0161skyrimo pusiausvyr\u0105.<\/p>\n<p class=\"o-kom-punkt\"><img decoding=\"async\" class=\"marker\" src=\"\/wp-content\/uploads\/2013\/08\/punkt.png\">Masa\u017einis aliejus \u2013 simondsij\u0173 aliejus yra turb\u016bt pats geriausias masa\u017einis aliejus visame pasaulyje. Masa\u017euojant u\u017eteka visai nedidelio kiekio. Tai puikus, por\u0173 neu\u017ekem\u0161antis, pasirinkimas \u017emon\u0117ms turintiems \u012f spuogus linkusi\u0105 od\u0105.<\/p>\n","protected":false},"excerpt":{"rendered":"<p>Simondsij\u0173 aliejus Apie simondsij\u0173 aliej\u0173 Simondsij\u0173 aliejus yra augalinis ekstraktas, i\u0161gaunamas i\u0161 simondsij\u0173 s\u0117kl\u0173. Techni\u0161kai, tai ne aliejus, o va\u0161kinis esteris. Kod\u0117l tai tur\u0117t\u0173 jums r\u016bp\u0117ti? Ogi tod\u0117l, kad savo sud\u0117timi \u0161is esteris yra pats pana\u0161iausias \u012f \u017emoni\u0173 odos i\u0161skiriamus riebalus. Svarbiausia tai, kad simondsij\u0173 aliejus neu\u017ekem\u0161a por\u0173 ir puikiai tinka \u017emon\u0117s, turintiems \u012f spuogus [&hellip;]\n","protected":false},"author":1,"featured_media":0,"parent":0,"menu_order":0,"comment_status":"closed","ping_status":"closed","template":"","meta":{"footnotes":""},"_links":{"self":[{"href":"https:\/\/seacare.com\/lt\/wp-json\/wp\/v2\/pages\/4379"}],"collection":[{"href":"https:\/\/seacare.com\/lt\/wp-json\/wp\/v2\/pages"}],"about":[{"href":"https:\/\/seacare.com\/lt\/wp-json\/wp\/v2\/types\/page"}],"author":[{"embeddable":true,"href":"https:\/\/seacare.com\/lt\/wp-json\/wp\/v2\/users\/1"}],"replies":[{"embeddable":true,"href":"https:\/\/seacare.com\/lt\/wp-json\/wp\/v2\/comments?post=4379"}],"version-history":[{"count":0,"href":"https:\/\/seacare.com\/lt\/wp-json\/wp\/v2\/pages\/4379\/revisions"}],"wp:attachment":[{"href":"https:\/\/seacare.com\/lt\/wp-json\/wp\/v2\/media?parent=4379"}],"curies":[{"name":"wp","href":"https:\/\/api.w.org\/{rel}","templated":true}]}}