{"id":4385,"date":"2017-04-17T15:44:42","date_gmt":"2017-04-17T12:44:42","guid":{"rendered":"http:\/\/800forlady.com\/lt\/?page_id=4385"},"modified":"2017-04-17T15:45:34","modified_gmt":"2017-04-17T12:45:34","slug":"inca-inchi-aliejus","status":"publish","type":"page","link":"https:\/\/seacare.com\/lt\/inca-inchi-aliejus\/","title":{"rendered":"Inca Inchi aliejus"},"content":{"rendered":"<h1 class=\"text-head\" style=\"text-align: center;\"><span data-text-color=\"primary\">Inca Inchi aliejus<\/span><\/h1>\n<hr>\n<p class=\"o-kom-text3\">Inca Inchi (arba Ink\u0173 migdol\u0173)aliejus laikomas pa\u010diu turtingiausiu augaliniu nepakei\u010diam\u0173j\u0173 riebalini\u0173 r\u016bg\u0161\u010di\u0173 &#8211; tiek linolo (Omega 6), tiek alfa-linoleno (Omega 3) &#8211; \u0161altiniu. Nors \u017emogaus k\u016bnas \u0161i\u0173 riebalini\u0173 r\u016bg\u0161\u010di\u0173 pats nesintetina, geros sveikatos palaikymui jos yra b\u016btinos. Inca Inchi aliejus taip pat turi daug antioksidant\u0173, tame tarpe ir vitamin\u0173 A bei E. \u0160io aliejaus strukt\u016bra u\u017ekerta keli\u0105 odos, plauk\u0173 ir nag\u0173 i\u0161saus\u0117jimui bei stiprin\u0105 savaimin\u012f j\u0173 atsparum\u0105 i\u0161or\u0117s bei mitybos veiksniams. Inca Inchi aliejus puikiai tinka naudojimui produktuose, skirtuose ma\u017einti u\u017edegiminius procesus, sudirgim\u0105, i\u0161saus\u0117jim\u0105 bei \u012fvairius pa\u017eeidimus.<\/p>\n<p class=\"o-kom-text3\">Tai vienas sveikiausi\u0173 pasaulio aliej\u0173, pasi\u017eymintis visais a\u0161tuoniais vitamino E, antioksidant\u0173 bei kit\u0173 maistini\u0173 med\u017eiag\u0173 poveikiais. Inca Inchi aliejus yra vienas geriausi\u0173 \u0161iuolaikini\u0173 aliej\u0173.<\/p>\n","protected":false},"excerpt":{"rendered":"<p>Inca Inchi aliejus Inca Inchi (arba Ink\u0173 migdol\u0173)aliejus laikomas pa\u010diu turtingiausiu augaliniu nepakei\u010diam\u0173j\u0173 riebalini\u0173 r\u016bg\u0161\u010di\u0173 &#8211; tiek linolo (Omega 6), tiek alfa-linoleno (Omega 3) &#8211; \u0161altiniu. Nors \u017emogaus k\u016bnas \u0161i\u0173 riebalini\u0173 r\u016bg\u0161\u010di\u0173 pats nesintetina, geros sveikatos palaikymui jos yra b\u016btinos. Inca Inchi aliejus taip pat turi daug antioksidant\u0173, tame tarpe ir vitamin\u0173 A bei E. [&hellip;]\n","protected":false},"author":1,"featured_media":0,"parent":0,"menu_order":0,"comment_status":"closed","ping_status":"closed","template":"","meta":{"footnotes":""},"_links":{"self":[{"href":"https:\/\/seacare.com\/lt\/wp-json\/wp\/v2\/pages\/4385"}],"collection":[{"href":"https:\/\/seacare.com\/lt\/wp-json\/wp\/v2\/pages"}],"about":[{"href":"https:\/\/seacare.com\/lt\/wp-json\/wp\/v2\/types\/page"}],"author":[{"embeddable":true,"href":"https:\/\/seacare.com\/lt\/wp-json\/wp\/v2\/users\/1"}],"replies":[{"embeddable":true,"href":"https:\/\/seacare.com\/lt\/wp-json\/wp\/v2\/comments?post=4385"}],"version-history":[{"count":0,"href":"https:\/\/seacare.com\/lt\/wp-json\/wp\/v2\/pages\/4385\/revisions"}],"wp:attachment":[{"href":"https:\/\/seacare.com\/lt\/wp-json\/wp\/v2\/media?parent=4385"}],"curies":[{"name":"wp","href":"https:\/\/api.w.org\/{rel}","templated":true}]}}