{"id":4389,"date":"2017-04-17T15:48:07","date_gmt":"2017-04-17T12:48:07","guid":{"rendered":"http:\/\/800forlady.com\/lt\/?page_id=4389"},"modified":"2017-04-17T15:50:08","modified_gmt":"2017-04-17T12:50:08","slug":"kokosu-sviestas","status":"publish","type":"page","link":"https:\/\/seacare.com\/lt\/kokosu-sviestas\/","title":{"rendered":"Kokos\u0173 sviestas"},"content":{"rendered":"<h1 style=\"text-align: center;\"><span data-text-color=\"primary\">Kokos\u0173 sviestas<\/span><\/h1>\n<p><strong>Privalumai odai<\/strong><\/p>\n<p><img decoding=\"async\" class=\"marker\" src=\"\/wp-content\/uploads\/2013\/08\/punkt.png\">Antioksidantai: kokos\u0173 sviestas turi daug laisvuosius radikalus nukenksminan\u010di\u0173 antioksidant\u0173. Laisvieji radikalai vargina od\u0105 bei spartina sen\u0117jimo procesus.<\/p>\n<p><img decoding=\"async\" class=\"marker\" src=\"\/wp-content\/uploads\/2013\/08\/punkt.png\">Maskuoja strijas: kokos\u0173 sviestas yra pripa\u017e\u012fstamas kaip efektyvus strij\u0173 lygintojas. \u0160iuo slaptu patarimu pasidalijama su kiekviena n\u0117\u0161\u010dia moterimi pasaulyje. Daugyb\u0117 moter\u0173 yra \u012fsitikinusios, kad nuo strij\u0173 atsiradimo jas apsaugojo b\u016btent kokos\u0173 sviestas. Anot kai kuri\u0173 \u017emoni\u0173, jis taip pat pa\u0161alina randus.<\/p>\n<p><img decoding=\"async\" class=\"marker\" src=\"\/wp-content\/uploads\/2013\/08\/punkt.png\">Gilus dr\u0117kinimas: kokos\u0173 aliejuje esama daug riebalini\u0173 r\u016bg\u0161\u010di\u0173, kurios giliai dr\u0117kina od\u0105.<\/p>\n<p><img decoding=\"async\" class=\"marker\" src=\"\/wp-content\/uploads\/2013\/08\/punkt.png\">Gydo jautri\u0105 od\u0105:kokos\u0173 sviestas teigiamai veikia tokias od\u0105 dirginan\u010dias ligas, kaip egzema ir dermatitas.<\/p>\n","protected":false},"excerpt":{"rendered":"<p>Kokos\u0173 sviestas Privalumai odai Antioksidantai: kokos\u0173 sviestas turi daug laisvuosius radikalus nukenksminan\u010di\u0173 antioksidant\u0173. Laisvieji radikalai vargina od\u0105 bei spartina sen\u0117jimo procesus. Maskuoja strijas: kokos\u0173 sviestas yra pripa\u017e\u012fstamas kaip efektyvus strij\u0173 lygintojas. \u0160iuo slaptu patarimu pasidalijama su kiekviena n\u0117\u0161\u010dia moterimi pasaulyje. Daugyb\u0117 moter\u0173 yra \u012fsitikinusios, kad nuo strij\u0173 atsiradimo jas apsaugojo b\u016btent kokos\u0173 sviestas. Anot kai [&hellip;]\n","protected":false},"author":1,"featured_media":0,"parent":0,"menu_order":0,"comment_status":"closed","ping_status":"closed","template":"","meta":{"footnotes":""},"_links":{"self":[{"href":"https:\/\/seacare.com\/lt\/wp-json\/wp\/v2\/pages\/4389"}],"collection":[{"href":"https:\/\/seacare.com\/lt\/wp-json\/wp\/v2\/pages"}],"about":[{"href":"https:\/\/seacare.com\/lt\/wp-json\/wp\/v2\/types\/page"}],"author":[{"embeddable":true,"href":"https:\/\/seacare.com\/lt\/wp-json\/wp\/v2\/users\/1"}],"replies":[{"embeddable":true,"href":"https:\/\/seacare.com\/lt\/wp-json\/wp\/v2\/comments?post=4389"}],"version-history":[{"count":0,"href":"https:\/\/seacare.com\/lt\/wp-json\/wp\/v2\/pages\/4389\/revisions"}],"wp:attachment":[{"href":"https:\/\/seacare.com\/lt\/wp-json\/wp\/v2\/media?parent=4389"}],"curies":[{"name":"wp","href":"https:\/\/api.w.org\/{rel}","templated":true}]}}