{"id":4394,"date":"2017-04-17T15:51:47","date_gmt":"2017-04-17T12:51:47","guid":{"rendered":"http:\/\/800forlady.com\/lt\/?page_id=4394"},"modified":"2017-04-17T15:56:13","modified_gmt":"2017-04-17T12:56:13","slug":"makadamiju-aliejus","status":"publish","type":"page","link":"https:\/\/seacare.com\/lt\/makadamiju-aliejus\/","title":{"rendered":"Makadamij\u0173 aliejus"},"content":{"rendered":"<h1 class=\"text-head\" style=\"text-align: center;\"><span data-text-color=\"primary\">Makadamij\u0173 aliejus<\/span><\/h1>\n<hr>\n<h5 class=\"text-head2\">Makadamij\u0173 aliejaus privalumai odai prie\u017ei\u016brai<\/h5>\n<p class=\"text-head2\">Makadamij\u0173 aliejus yra labai ne\u012fprastas augalinis aliejus, puikiai atitinkantis odos poreikius. D\u0117l unikalaus riebalini\u0173 r\u016bg\u0161\u010di\u0173 balanso, jis puikiai tinka sausai bei brand\u017eiai odai.<\/p>\n<p>Palmitolein\u0117 r\u016bg\u0161tis: makadamij\u0173 aliejus yra vienas geriausi\u0173 palmitoleini\u0173 riebalini\u0173 r\u016bg\u0161\u010di\u0173 \u0161altini\u0173, kuri\u0173 \u0161iame aliejuje randama nuo 16% iki 23%. Kadangi, metams b\u0117gant, m\u016bs\u0173 odoje esan\u010dios palmitoleini\u0173 r\u016bg\u0161\u010di\u0173 atsargos nuolat senka, j\u0173 pusiausvyros atk\u016brimas yra itin svarbus siekiant sul\u0117tinti odos sen\u0117jimo procesus.<\/p>\n<p>Oleino r\u016bg\u0161tis:\u0161i riebalin\u012f r\u016bg\u0161tis suteikia makadamij\u0173 aliejui puiki\u0173 atkuriam\u0173j\u0173 bei dr\u0117kinan\u010di\u0173 savybi\u0173.<\/p>\n<p class=\"o-kom-text3\">Linoleno r\u016bg\u0161tis: linoleno r\u016bg\u0161tis padeda u\u017ekirsti keli\u0105 transepiderminiam vandens netekimui (TEVN) i\u0161 subtili\u0173j\u0173 odos audini\u0173.<\/p>\n<p class=\"o-kom-text3\">Auk\u0161ta fitosteroli\u0173 koncentracija: fitosteroliai puikiai veikia od\u0105. Augaliniai fitosteroliai sudaro m\u016bs\u0173 l\u0105steli\u0173 membranas. \u0160ie steroliai m\u016bs\u0173 odoje veikia tokiu pat principu, kaip cholesterolis. Fitosteroliai taip pat pasi\u017eymi raminan\u010dius bei gydomuoju poveikiu.<\/p>\n","protected":false},"excerpt":{"rendered":"<p>Makadamij\u0173 aliejus Makadamij\u0173 aliejaus privalumai odai prie\u017ei\u016brai Makadamij\u0173 aliejus yra labai ne\u012fprastas augalinis aliejus, puikiai atitinkantis odos poreikius. D\u0117l unikalaus riebalini\u0173 r\u016bg\u0161\u010di\u0173 balanso, jis puikiai tinka sausai bei brand\u017eiai odai. Palmitolein\u0117 r\u016bg\u0161tis: makadamij\u0173 aliejus yra vienas geriausi\u0173 palmitoleini\u0173 riebalini\u0173 r\u016bg\u0161\u010di\u0173 \u0161altini\u0173, kuri\u0173 \u0161iame aliejuje randama nuo 16% iki 23%. Kadangi, metams b\u0117gant, m\u016bs\u0173 odoje esan\u010dios [&hellip;]\n","protected":false},"author":1,"featured_media":0,"parent":0,"menu_order":0,"comment_status":"closed","ping_status":"closed","template":"","meta":{"footnotes":""},"_links":{"self":[{"href":"https:\/\/seacare.com\/lt\/wp-json\/wp\/v2\/pages\/4394"}],"collection":[{"href":"https:\/\/seacare.com\/lt\/wp-json\/wp\/v2\/pages"}],"about":[{"href":"https:\/\/seacare.com\/lt\/wp-json\/wp\/v2\/types\/page"}],"author":[{"embeddable":true,"href":"https:\/\/seacare.com\/lt\/wp-json\/wp\/v2\/users\/1"}],"replies":[{"embeddable":true,"href":"https:\/\/seacare.com\/lt\/wp-json\/wp\/v2\/comments?post=4394"}],"version-history":[{"count":0,"href":"https:\/\/seacare.com\/lt\/wp-json\/wp\/v2\/pages\/4394\/revisions"}],"wp:attachment":[{"href":"https:\/\/seacare.com\/lt\/wp-json\/wp\/v2\/media?parent=4394"}],"curies":[{"name":"wp","href":"https:\/\/api.w.org\/{rel}","templated":true}]}}