{"id":4399,"date":"2017-04-17T15:56:58","date_gmt":"2017-04-17T12:56:58","guid":{"rendered":"http:\/\/800forlady.com\/lt\/?page_id=4399"},"modified":"2017-04-17T16:04:13","modified_gmt":"2017-04-17T13:04:13","slug":"taukmedzio-sviestas","status":"publish","type":"page","link":"https:\/\/seacare.com\/lt\/taukmedzio-sviestas\/","title":{"rendered":"Taukmed\u017eio sviestas"},"content":{"rendered":"<h1 class=\"text-head\" style=\"text-align: center;\"><span data-text-color=\"primary\">Taukmed\u017eio sviestas<\/span><\/h1>\n<hr>\n<p class=\"o-kom-text3\">Taukmed\u017eio sviestas yra puikus dr\u0117kiklis, pasi\u017eymintis gydan\u010diosiomis savyb\u0117mis.<\/p>\n<p class=\"o-kom-text3\">Taukmed\u017eio svieste esantis vitaminas A teigiamai veikia daugyb\u0119 odos sutrikim\u0173, kaip, pvz., d\u0117m\u0117s, rauk\u0161l\u0117s, egzema ir dermatitas.<\/p>\n<p class=\"o-kom-text3\">Taukmed\u017eio sviestas turi savybi\u0173, kurios padeda kovoti su alergijomis, vabzd\u017ei\u0173 \u012fkandimais, nudegimais saul\u0117je, nu\u0161alimais ir daugybe kit\u0173 odos problem\u0173.<\/p>\n<p class=\"o-kom-text3\">Taukmed\u017eio svieste esan\u010dios dr\u0117kinan\u010diosios med\u017eiagos yra identi\u0161kos toms, kurias gamina riebalin\u0117s odos liaukos. D\u0117l teigiamo biocheminio bei fiziologinio Taukmed\u017eio sviesto poveikio odos pa\u017eeidimams jis idealiai tinka preparatams, skirtiems \u017eaizd\u0173 gydymui.<\/p>\n<p class=\"o-kom-text3\">Taukmed\u017eio svieste esantis vitaminas E yra naudingas odai. Vis\u0173 pirma, jis pagerina odos mikrocirkuliacij\u0105 tiek \u012f od\u0105, tiek i\u0161 jos. Vis\u0173 antra, antioksidantinis vitamino E poveikis su\u0161velnina \u017ealing\u0105 saul\u0117s spinduli\u0173 bei kit\u0173 aplinkos veiksni\u0173 poveik\u012f.<\/p>\n","protected":false},"excerpt":{"rendered":"<p>Taukmed\u017eio sviestas Taukmed\u017eio sviestas yra puikus dr\u0117kiklis, pasi\u017eymintis gydan\u010diosiomis savyb\u0117mis. Taukmed\u017eio svieste esantis vitaminas A teigiamai veikia daugyb\u0119 odos sutrikim\u0173, kaip, pvz., d\u0117m\u0117s, rauk\u0161l\u0117s, egzema ir dermatitas. Taukmed\u017eio sviestas turi savybi\u0173, kurios padeda kovoti su alergijomis, vabzd\u017ei\u0173 \u012fkandimais, nudegimais saul\u0117je, nu\u0161alimais ir daugybe kit\u0173 odos problem\u0173. Taukmed\u017eio svieste esan\u010dios dr\u0117kinan\u010diosios med\u017eiagos yra identi\u0161kos toms, kurias [&hellip;]\n","protected":false},"author":1,"featured_media":0,"parent":0,"menu_order":0,"comment_status":"closed","ping_status":"closed","template":"","meta":{"footnotes":""},"_links":{"self":[{"href":"https:\/\/seacare.com\/lt\/wp-json\/wp\/v2\/pages\/4399"}],"collection":[{"href":"https:\/\/seacare.com\/lt\/wp-json\/wp\/v2\/pages"}],"about":[{"href":"https:\/\/seacare.com\/lt\/wp-json\/wp\/v2\/types\/page"}],"author":[{"embeddable":true,"href":"https:\/\/seacare.com\/lt\/wp-json\/wp\/v2\/users\/1"}],"replies":[{"embeddable":true,"href":"https:\/\/seacare.com\/lt\/wp-json\/wp\/v2\/comments?post=4399"}],"version-history":[{"count":0,"href":"https:\/\/seacare.com\/lt\/wp-json\/wp\/v2\/pages\/4399\/revisions"}],"wp:attachment":[{"href":"https:\/\/seacare.com\/lt\/wp-json\/wp\/v2\/media?parent=4399"}],"curies":[{"name":"wp","href":"https:\/\/api.w.org\/{rel}","templated":true}]}}