{"id":4402,"date":"2017-04-17T16:04:55","date_gmt":"2017-04-17T13:04:55","guid":{"rendered":"http:\/\/800forlady.com\/lt\/?page_id=4402"},"modified":"2017-04-17T16:07:07","modified_gmt":"2017-04-17T13:07:07","slug":"migdolu-aliejus","status":"publish","type":"page","link":"https:\/\/seacare.com\/lt\/migdolu-aliejus\/","title":{"rendered":"Migdol\u0173 aliejus"},"content":{"rendered":"<h1 style=\"text-align: center;\"><span data-text-color=\"primary\">Migdol\u0173 aliejus<\/span><\/h1>\n<hr>\n<p><strong>Privalumai plaukams<\/strong><br \/>Nat\u016bralios kosmetikos priemon\u0117s su sald\u017ei\u0173j\u0173 migdol\u0173 aliejumi paver\u010dia pa\u017eeistus, i\u0161blukusius plaukus tvirtais ir blizgan\u010diais. Migdol\u0173 aliejuje esantys vitaminai, riebalai bei kitos naudingosios med\u017eiagos pasir\u016bpins j\u016bs\u0173 plaukais nepriklausomai nuo j\u0173 tipo.<\/p>\n<p><strong>Suteikia plaukams blizgesio<\/strong><br \/>Sald\u017ei\u0173j\u0173 migdol\u0173 aliejuje gausiai randami baltymai bei vitaminai A, B ir E dr\u0117kina i\u0161blukusius, sausus plakus ir suteikia jiems blizgesio. Aliejuje taip pat esan\u010dios riebalin\u0117s r\u016bg\u0161tys Omega 9, 6 ir 3 atspindi UV spindulius ir apsaugo plaukus nuo i\u0161saus\u0117jimo sukelto blankumo.<\/p>\n<p><strong>Sustiprina ir atkuria i\u0161si\u0161akojusius plauk\u0173 galiukus<\/strong><br \/>Sald\u017ei\u0173j\u0173 migdol\u0173 aliejuje esantys vitaminai A, B ir E bei riebalin\u0117s r\u016bg\u0161tys Omega 9, 6 ir 3 skatina plauk\u0173 tvirtum\u0105, suteikia jiems sveikatos ir apsaugo nuo l\u016b\u017ein\u0117jimo. Nat\u016bralios dr\u0117gm\u0119 izoliuojan\u010dio aliejaus savyb\u0117s apsaugo plaukus nuo i\u0161saus\u0117jimo ir u\u017ekerta keli\u0105 plauk\u0173 galiuk\u0173 i\u0161si\u0161akojimui.<\/p>\n<p><strong>\u0160alina pleiskanas<\/strong><br \/>Sald\u017ei\u0173j\u0173 migdol\u0173 aliejus yra nat\u016bralus hermetikas, kurio \u012ftrynus \u012f \u0161lapius plaukus ilgiau i\u0161saugomas j\u0173 dr\u0117gnumas. Kadangi migdol\u0173 aliejus yra lengvesn\u0117s konsistencijos u\u017e daugel\u012f kit\u0173, j\u012f galima naudoti kaip nat\u016bral\u0173 apsaugin\u012f pagrind\u0105 prie\u0161 tepant kitus eterinius aliejus, naudojamus skalpo dr\u0117kinimui ir pleiskan\u0173 \u0161alinimui.<\/p>\n<p><strong>Gali apsaugoti nuo plikimo ir stimuliuoti plauk\u0173 augim\u0105<\/strong><br \/>\u012e galvos od\u0105 masa\u017euojami nat\u016bral\u016bs kosmetikos produktai su migdol\u0173 aliejaus ekstraktu gali sul\u0117tinti plikim\u0105 ir stimuliuoti plauk\u0173 augim\u0105. Dr\u0117kinant galvos od\u0105 sald\u017ei\u0173j\u0173 migdol\u0173 aliejumi plauk\u0173 \u0161aknys praturtinamos jas stiprinan\u010diais vitaminais bei magniu, taip apsaugant plaukus nuo l\u016b\u017ein\u0117jimo.<\/p>\n","protected":false},"excerpt":{"rendered":"<p>Migdol\u0173 aliejus Privalumai plaukamsNat\u016bralios kosmetikos priemon\u0117s su sald\u017ei\u0173j\u0173 migdol\u0173 aliejumi paver\u010dia pa\u017eeistus, i\u0161blukusius plaukus tvirtais ir blizgan\u010diais. Migdol\u0173 aliejuje esantys vitaminai, riebalai bei kitos naudingosios med\u017eiagos pasir\u016bpins j\u016bs\u0173 plaukais nepriklausomai nuo j\u0173 tipo. Suteikia plaukams blizgesioSald\u017ei\u0173j\u0173 migdol\u0173 aliejuje gausiai randami baltymai bei vitaminai A, B ir E dr\u0117kina i\u0161blukusius, sausus plakus ir suteikia jiems blizgesio. [&hellip;]\n","protected":false},"author":1,"featured_media":0,"parent":0,"menu_order":0,"comment_status":"closed","ping_status":"closed","template":"","meta":{"footnotes":""},"_links":{"self":[{"href":"https:\/\/seacare.com\/lt\/wp-json\/wp\/v2\/pages\/4402"}],"collection":[{"href":"https:\/\/seacare.com\/lt\/wp-json\/wp\/v2\/pages"}],"about":[{"href":"https:\/\/seacare.com\/lt\/wp-json\/wp\/v2\/types\/page"}],"author":[{"embeddable":true,"href":"https:\/\/seacare.com\/lt\/wp-json\/wp\/v2\/users\/1"}],"replies":[{"embeddable":true,"href":"https:\/\/seacare.com\/lt\/wp-json\/wp\/v2\/comments?post=4402"}],"version-history":[{"count":0,"href":"https:\/\/seacare.com\/lt\/wp-json\/wp\/v2\/pages\/4402\/revisions"}],"wp:attachment":[{"href":"https:\/\/seacare.com\/lt\/wp-json\/wp\/v2\/media?parent=4402"}],"curies":[{"name":"wp","href":"https:\/\/api.w.org\/{rel}","templated":true}]}}