{"id":4405,"date":"2017-04-17T16:07:57","date_gmt":"2017-04-17T13:07:57","guid":{"rendered":"http:\/\/800forlady.com\/lt\/?page_id=4405"},"modified":"2017-04-17T16:21:21","modified_gmt":"2017-04-17T13:21:21","slug":"alyvuogiu-aliejus","status":"publish","type":"page","link":"https:\/\/seacare.com\/lt\/alyvuogiu-aliejus\/","title":{"rendered":"Alyvuogi\u0173 aliejus"},"content":{"rendered":"<h1 class=\"text-head\" style=\"text-align: center;\"><span data-text-color=\"primary\">Alyvuogi\u0173 aliejus<\/span><\/h1>\n<hr>\n<p class=\"o-kom-text3\">Teigiamas alyvuogi\u0173 aliejaus poveikis odai buvo \u017einomas jau senov\u0117je. Kaip priemon\u0119 l\u0117tinti sen\u0117jimo procesams, dr\u0117kinti odai ir gydyti \u017eaizdas j\u012f naudojo jau senov\u0117s finikie\u010diai, egiptie\u010diai, graikai ir rom\u0117nai. Viena pagrindini\u0173 prie\u017eas\u010di\u0173, d\u0117l kuri\u0173 kilo karai Sicilijoje, pasibaig\u0119 rom\u0117n\u0173 pergale prie\u0161 Kartagin\u0105, yra \u0161ioje saloje esan\u010dios alyvuogi\u0173 plantacijos, kurias valdyti siek\u0117 abi pus\u0117s. <br \/>I\u0161 to galima spr\u0119sti apie \u201eskystojo aukso\u201c, kaip j\u012f kart\u0105 vaizdingai pavadino Homeras, svarb\u0105 Vidur\u017eemio j\u016bros regiono gyventojams. Laimei, kariauti d\u0117l alyvuogi\u0173 aliejaus \u0161iais laikais nebereikia. Jo gausiai spaud\u017eiama daugyb\u0117je valstybi\u0173, o \u012fsigyti galima tiek ekstrakto, tiek ekologi\u0161k\u0173 odos prie\u017ei\u016bros produkt\u0173 ingrediento pavidalu.<\/p>\n<p class=\"o-kom-text3\">Alyvuogi\u0173 aliejuje esama keturi\u0173 esmini\u0173 antioksidant\u0173, d\u0117l kuri\u0173 jis naudojamas kaip odos prausiklis, dr\u0117kiklis ir apsaugin\u0117 med\u017eiaga. Du i\u0161 \u0161i\u0173 antioksidant\u0173 yra vitaminai A bei E. Odos elastingum\u0105 atkuriantis vitaminas E yra i\u0161 dalies atsakingas u\u017e \u0161io aliejaus sen\u0117jimo procesus l\u0117tinant\u012f poveik\u012f. U\u017e alyvuogi\u0173 aliejaus naud\u0105 odai atsakingi ir kai kurie kiti antioksidantai. Polifenoliai ir fitosteroliai nukenksmina odos audinius pa\u017eeid\u017eian\u010dius laisvuosius radikalus. Nuo \u017ealingo \u0161i\u0173 kenksming\u0173 molekuli\u0173 poveikio apsaugo ir gana retas, ta\u010diau alyvuogi\u0173 aliejuje gausiai randamas, antioksidantas hidroksitirozolis.<\/p>\n<p class=\"o-kom-text3\">Kitaip nei dauguma komercini\u0173 odos dr\u0117kikli\u0173, \u0161i med\u017eiaga ne tik patenka giliai \u012f od\u0105, bet ir neu\u017ekem\u0161a por\u0173. Alyvuogi\u0173 aliejus veikia kitokiu principu. Jis taip efektyviai dr\u0117kina od\u0105, kad yra da\u017enai pasitelkiamas kaip namin\u0117 priemon\u0117 gydyti tokioms, od\u0105 i\u0161sausinan\u010dioms, ligoms, kaip egzema bei psoriaz\u0117. Daugyb\u0117 moter\u0173 alyvuogi\u0173 aliej\u0173 naudoja ir strij\u0173 maskavimui po gimdymo. \u0160\u012f aliej\u0173 \u017emon\u0117s taip pat naudoja ir odos d\u0117m\u0117ms gydyti. <br \/>Dar vienas alyvuogi\u0173 aliejaus privalumas yra jo naudingumas eksfolijuojant od\u0105. \u0160iuo tikslu jis paprastai mai\u0161omas su j\u016bros druska ir tepamas ant viso k\u016bno. Kaip \u0161velnus abrazyvas veikiantys j\u016bros druskos gr\u016bdeliai ir giliai prasiskverbiantis alyvuogi\u0173 aliejus pa\u0161alina negyvas odos l\u0105steles ir suteikia epidermiui sveiko blizgesio.<\/p>\n<p class=\"o-kom-text3\">Alyvuogi\u0173 aliejus taip pat naudojamas nag\u0173 bei kutikul\u0117s prie\u017ei\u016brai ir paaki\u0173 makia\u017eo \u0161alinimui. \u0160io aliejaus taip pat dedama ir \u012f od\u0105 dr\u0117kinan\u010dias bei atgaivinan\u010dias veido kaukes. Kai kurie vyrai bei moterys alyvuogi\u0173 aliej\u0173 naudoja vietoje skutimosi kremo. Pasteb\u0117j\u0119 jo naud\u0105 skutantis, daugyb\u0117 vyr\u0173 visi\u0161kai atsisako skutimosi kremo. D\u0117l gaivinan\u010di\u0173 savybi\u0173 jis puikiai tinka ir tepimui ant odos po skutimosi. <br \/>D\u0117l vis\u0173 \u0161i\u0173 privalum\u0173 odai, alyvuogi\u0173 aliejaus da\u017enai naudojama nat\u016braliuose produktuose, kaip, pvz., SeaCare gamybos odos prie\u017ei\u016bros gaminiai.<\/p>\n","protected":false},"excerpt":{"rendered":"<p>Alyvuogi\u0173 aliejus Teigiamas alyvuogi\u0173 aliejaus poveikis odai buvo \u017einomas jau senov\u0117je. Kaip priemon\u0119 l\u0117tinti sen\u0117jimo procesams, dr\u0117kinti odai ir gydyti \u017eaizdas j\u012f naudojo jau senov\u0117s finikie\u010diai, egiptie\u010diai, graikai ir rom\u0117nai. Viena pagrindini\u0173 prie\u017eas\u010di\u0173, d\u0117l kuri\u0173 kilo karai Sicilijoje, pasibaig\u0119 rom\u0117n\u0173 pergale prie\u0161 Kartagin\u0105, yra \u0161ioje saloje esan\u010dios alyvuogi\u0173 plantacijos, kurias valdyti siek\u0117 abi pus\u0117s. I\u0161 [&hellip;]\n","protected":false},"author":1,"featured_media":0,"parent":0,"menu_order":0,"comment_status":"closed","ping_status":"closed","template":"","meta":{"footnotes":""},"_links":{"self":[{"href":"https:\/\/seacare.com\/lt\/wp-json\/wp\/v2\/pages\/4405"}],"collection":[{"href":"https:\/\/seacare.com\/lt\/wp-json\/wp\/v2\/pages"}],"about":[{"href":"https:\/\/seacare.com\/lt\/wp-json\/wp\/v2\/types\/page"}],"author":[{"embeddable":true,"href":"https:\/\/seacare.com\/lt\/wp-json\/wp\/v2\/users\/1"}],"replies":[{"embeddable":true,"href":"https:\/\/seacare.com\/lt\/wp-json\/wp\/v2\/comments?post=4405"}],"version-history":[{"count":0,"href":"https:\/\/seacare.com\/lt\/wp-json\/wp\/v2\/pages\/4405\/revisions"}],"wp:attachment":[{"href":"https:\/\/seacare.com\/lt\/wp-json\/wp\/v2\/media?parent=4405"}],"curies":[{"name":"wp","href":"https:\/\/api.w.org\/{rel}","templated":true}]}}