{"id":4409,"date":"2017-04-17T16:22:11","date_gmt":"2017-04-17T13:22:11","guid":{"rendered":"http:\/\/800forlady.com\/lt\/?page_id=4409"},"modified":"2017-04-17T16:23:04","modified_gmt":"2017-04-17T13:23:04","slug":"kalnines-arnikos-ekstraktas","status":"publish","type":"page","link":"https:\/\/seacare.com\/lt\/kalnines-arnikos-ekstraktas\/","title":{"rendered":"Kalnin\u0117s arnikos ekstraktas"},"content":{"rendered":"<h1 class=\"text-head\" style=\"text-align: center;\"><span data-text-color=\"primary\">Kalnin\u0117s arnikos ekstraktas<\/span><\/h1>\n<hr>\n<p class=\"o-kom-text3\">\u0160is augalinis ekstraktas i\u0161gaunamas i\u0161 Kalnin\u0117s arnikos \u017eiedyno. Arnika yra daugiametis, laukinis augalas, randamas alpin\u0117se pievose. Dar XVI a. medicininiais tikslais naudoti arnikos \u017eiedai populiar\u016bs ir \u0161iandien.<\/p>\n<p class=\"text-head2\"><strong>Privalumai odai<\/strong><\/p>\n<div>\u00a0\u0160is augalas da\u017eniausiai naudojamas ant k\u016bno. Kalnin\u0117s arnikos \u017eieduose esama seskviterpeno lakton\u0173, fenolio angliar\u016bg\u0161t\u0117s, flavonoid\u0173, kumarino ir laki\u0173j\u0173 aliej\u0173. Pagrindin\u0117 med\u017eiaga, atsakinga u\u017e teigiam\u0105 Kalnin\u0117s arnikos poveik\u012f odai, helenalinas (vienas i\u0161 seskviterpeno lakton\u0173), kartu su flavonoidais ramina bei gaivina streso ir saul\u0117s spinduli\u0173 nuvargint\u0105 od\u0105. Arnikos antiseptin\u0117s, antibakterin\u0117s bei prie\u0161u\u017edegimin\u0117s savyb\u0117s teigiamai veikia u\u017edegimini\u0173 proces\u0173 sukeltas odos ligas, skatina granulini\u0173 audini\u0173 susidarym\u0105 bei spartina gijim\u0105. Gydom\u0173j\u0173 arnikos savybi\u0173 d\u0117ka, jos naudojama gydyti nubrozdinimus, nudegimus saul\u0117je, nerimtus nudegimus ir pavir\u0161in\u012f flebit\u0105.<\/div>\n","protected":false},"excerpt":{"rendered":"<p>Kalnin\u0117s arnikos ekstraktas \u0160is augalinis ekstraktas i\u0161gaunamas i\u0161 Kalnin\u0117s arnikos \u017eiedyno. Arnika yra daugiametis, laukinis augalas, randamas alpin\u0117se pievose. Dar XVI a. medicininiais tikslais naudoti arnikos \u017eiedai populiar\u016bs ir \u0161iandien. Privalumai odai \u00a0\u0160is augalas da\u017eniausiai naudojamas ant k\u016bno. Kalnin\u0117s arnikos \u017eieduose esama seskviterpeno lakton\u0173, fenolio angliar\u016bg\u0161t\u0117s, flavonoid\u0173, kumarino ir laki\u0173j\u0173 aliej\u0173. Pagrindin\u0117 med\u017eiaga, atsakinga u\u017e [&hellip;]\n","protected":false},"author":1,"featured_media":0,"parent":0,"menu_order":0,"comment_status":"closed","ping_status":"closed","template":"","meta":{"footnotes":""},"_links":{"self":[{"href":"https:\/\/seacare.com\/lt\/wp-json\/wp\/v2\/pages\/4409"}],"collection":[{"href":"https:\/\/seacare.com\/lt\/wp-json\/wp\/v2\/pages"}],"about":[{"href":"https:\/\/seacare.com\/lt\/wp-json\/wp\/v2\/types\/page"}],"author":[{"embeddable":true,"href":"https:\/\/seacare.com\/lt\/wp-json\/wp\/v2\/users\/1"}],"replies":[{"embeddable":true,"href":"https:\/\/seacare.com\/lt\/wp-json\/wp\/v2\/comments?post=4409"}],"version-history":[{"count":0,"href":"https:\/\/seacare.com\/lt\/wp-json\/wp\/v2\/pages\/4409\/revisions"}],"wp:attachment":[{"href":"https:\/\/seacare.com\/lt\/wp-json\/wp\/v2\/media?parent=4409"}],"curies":[{"name":"wp","href":"https:\/\/api.w.org\/{rel}","templated":true}]}}