{"id":7467,"date":"2017-07-27T18:55:10","date_gmt":"2017-07-27T15:55:10","guid":{"rendered":"http:\/\/seacare.com\/ru\/?page_id=7467"},"modified":"2017-07-27T19:42:01","modified_gmt":"2017-07-27T16:42:01","slug":"seacare-micro-polish-veido-sveitiklio","status":"publish","type":"page","link":"https:\/\/seacare.com\/lt\/seacare-micro-polish-veido-sveitiklio\/","title":{"rendered":"SeaCare micro polish veido sveitiklio"},"content":{"rendered":"<style>\nimg {width: 50%;}\n<\/style>\n<p><center><\/p>\n<p>&nbsp;<\/p>\n<h3>SEACARE MICRO POLISH VEIDO \u0160VEITIKLIO AP\u017dVALGA<\/h3>\n<p>&nbsp;<\/p>\n<p><img decoding=\"async\" src=\"\/wp-content\/uploads\/2017\/03\/Fotor.jpg\"><\/p>\n<p>Jau ne kart\u0105 skund\u017eiausi, jog mano oda yra itin sausa, super jautri ir ken\u010dianti nuo raudonio. Su vienais odos tr\u016bkumais jau susitaikiau, ta\u010diau ties kitais manau dar turiu \u0161ans\u0105. Visai neseniai i\u0161band\u017eiau man nauj\u0105 brand&#8217;\u0105 SeaCare bei j\u0173 Micro Polish veido \u0161veitikl\u012f ir \u0161iandien dalinuosi savo patirtimu su Jumis. <\/p>\n<p><img decoding=\"async\" src=\"\/wp-content\/uploads\/2017\/03\/Fotor2.jpg\"><\/p>\n<p>\u0160is veido \u0161veitiklis yra i\u0161 SeaCare Spa linijos ir tinka vis\u0173 tip\u0173 odai. Kaip ir pats prek\u0117s \u017eenklo pavadinimas sufleruoja, pagrindin\u0117s \u0161io produkto sudedamosios dalys yra negyvosios j\u016bros mineralai, kurie \u017einomi, kaip odos b\u016bkl\u0119 palaikantys, j\u0105 jauninantys ir dailinantys ir hamamelis, kuris nuo seno naudojamas liaudies medicinoje gydyti daugeliui negalavim\u0173 ir \u017einomas, kaip skatinantis odos baltymus susitraukti ir aplink pa\u017eeistus audinius suformuoti apsaugin\u012f sluoksn\u012f.\n<\/p>\n<p>Pasak SeaCare \u0161is veido \u0161veitiklis yra naujovi\u0161kas, giliai valantis bei \u0161veln\u0173 pilingo efekt\u0105 suteikiantis veido odos \u0161veitiklis. Padeda pa\u0161alinti pavir\u0161in\u012f negyv\u0173 odos l\u0105steli\u0173 sluoksn\u012f bei kitus ne\u0161varumus. \u0160iame \u0161veitiklyje, kaip ir kituose SeaCare produktuose n\u0117ra paraben\u0173, mineralini\u0173 aliej\u0173, silikon\u0173, SLS, petrolatumo ir propileno glikolio. Taip pat j\u0173 produktai netestuoti ant gyv\u016bn\u0173.<\/p>\n<p><img decoding=\"async\" src=\"\/wp-content\/uploads\/2017\/03\/Fotor3.jpg\"><\/p>\n<p>Prad\u0117kime nuo plius\u0173, o j\u0173 \u0161iame produkte tikrai ne vienas. Vis\u0173 pirma &#8211; malonus, gaivus kvapas, kuris jau savaime sukuria spa patyrim\u0105. \u0160veitikl\u012f sudaro tokios mikro dalel\u0117s, kurios i\u0161 prad\u017ei\u0173 vert\u0117 mane manyti, jog \u0161is produktas tikrai gerai nenu\u0161veis odos, ta\u010diau a\u0161 klydau ir gana stipriai. Jis ne tik puikiai nu\u0161veit\u0117 od\u0105, pa\u0161alino visas negyvas odos l\u0105steles ir padar\u0117 od\u0105 itin glotni\u0105, bet \u0161is efektas net ir po naudojimo pra\u0117jus keturioms dienoms vis dar jau\u010diamas. Taip pat labai patiko tai, jog pasiekti \u0161\u012f efekt\u0105 reikia vos nedidelio la\u0161elio produkto, tad pakuot\u0117je esan\u010di\u0173 150ml. man bus per akis.\n<\/p>\n<p><img decoding=\"async\" src=\"\/wp-content\/uploads\/2017\/03\/Fotor4.jpg\"><\/p>\n<p>Kad ir kaip patiko \u0161io produkto efektas, atradau ir keleta minus\u0173. Kaip jau ir min\u0117jau \u012fra\u0161o prad\u017eioje, mano oda yra itin jautri, tad po \u0161io \u0161veitiklio, kaip ir po vis\u0173, kuriuos esu band\u017eiusi, oda paraudo ir \u0161iek tiek suirzo. Ne\u017einau ar apskritai yra toki\u0173 \u0161veitikli\u0173, kurie nesuerzint\u0173 mano jautrios odos, bet vis tiek tur\u0117jau tai pamin\u0117ti. Dar vienas minusas mano manymu b\u016bt\u0173 kaina, kuri n\u0117ra labai prieinama, bent jau man studentei. \u017dinoma turint omenyje, jog visos pakuot\u0117s u\u017eteks turb\u016bt ilgiau nei metams, gal ta kaina ir n\u0117ra labai kertanti per ki\u0161en\u0119, bet vis tiek.<\/p>\n<p><\/center><\/p>\n","protected":false},"excerpt":{"rendered":"<p>&nbsp; SEACARE MICRO POLISH VEIDO \u0160VEITIKLIO AP\u017dVALGA &nbsp; Jau ne kart\u0105 skund\u017eiausi, jog mano oda yra itin sausa, super jautri ir ken\u010dianti nuo raudonio. Su vienais odos tr\u016bkumais jau susitaikiau, ta\u010diau ties kitais manau dar turiu \u0161ans\u0105. Visai neseniai i\u0161band\u017eiau man nauj\u0105 brand&#8217;\u0105 SeaCare bei j\u0173 Micro Polish veido \u0161veitikl\u012f ir \u0161iandien dalinuosi savo patirtimu [&hellip;]\n","protected":false},"author":1,"featured_media":0,"parent":0,"menu_order":0,"comment_status":"closed","ping_status":"closed","template":"","meta":{"footnotes":""},"_links":{"self":[{"href":"https:\/\/seacare.com\/lt\/wp-json\/wp\/v2\/pages\/7467"}],"collection":[{"href":"https:\/\/seacare.com\/lt\/wp-json\/wp\/v2\/pages"}],"about":[{"href":"https:\/\/seacare.com\/lt\/wp-json\/wp\/v2\/types\/page"}],"author":[{"embeddable":true,"href":"https:\/\/seacare.com\/lt\/wp-json\/wp\/v2\/users\/1"}],"replies":[{"embeddable":true,"href":"https:\/\/seacare.com\/lt\/wp-json\/wp\/v2\/comments?post=7467"}],"version-history":[{"count":15,"href":"https:\/\/seacare.com\/lt\/wp-json\/wp\/v2\/pages\/7467\/revisions"}],"predecessor-version":[{"id":7498,"href":"https:\/\/seacare.com\/lt\/wp-json\/wp\/v2\/pages\/7467\/revisions\/7498"}],"wp:attachment":[{"href":"https:\/\/seacare.com\/lt\/wp-json\/wp\/v2\/media?parent=7467"}],"curies":[{"name":"wp","href":"https:\/\/api.w.org\/{rel}","templated":true}]}}