{"id":4449,"date":"2017-03-01T20:54:48","date_gmt":"2017-03-01T17:54:48","guid":{"rendered":"http:\/\/800forlady.com\/lt\/product\/paakius-stangrinantis\/"},"modified":"2021-02-18T12:01:46","modified_gmt":"2021-02-18T09:01:46","slug":"multi-vitaminu-paakiu-kremas","status":"publish","type":"product","link":"https:\/\/seacare.com\/lt\/product\/multi-vitaminu-paakiu-kremas\/","title":{"rendered":"Multi-Vitamin\u0173 Paaki\u0173 Kremas"},"content":{"rendered":"<p>Oda aplink akis yra geriausiai matoma bei jautriausia veido dalis, reikalaujanti ypatingos prie\u017ei\u016bros. SeaCare Multi-Vitamin\u0173 Paaki\u0173 Kremas su Kofermentu Q10 bei Vitaminais A ir E i\u0161lygina rauk\u0161les bei dr\u0117kina ir gaivina od\u0105 aplink akis. \u0160i, lengvos tekst\u016bros, greitai pasisavinama, Negyvosios J\u016bros mineralais praturtinta, formul\u0117 atitinka visus Izraelio kosmetikos pramon\u0117s asociacijos standartus. Kremo sud\u0117tyje taip esama Inca Inchi aliejaus, gausaus Omega 3, 6 ir 9 riebal\u0173 r\u016bg\u0161\u010di\u0173, bei argano aliejaus, i\u0161gauto i\u0161 argano med\u017eio branduoli\u0173, kuris apsaugo bei maitina od\u0105<\/p>\n<p><strong>SUD\u0116TYJE N\u0116RA: <\/strong> Paraben\u0173, propileno glikolio, silikon\u0173, mineralini\u0173 aliej\u0173, petrolatumo ir SLS<\/p>\n<p><strong>NAUDOJIMAS: <\/strong>Kelis kremo \u017eirnelius u\u017etepkite aplink akis ir masa\u017euokite, kol \u012fsigers<\/p>\n<h3>Pagrindiniai ingredientai<\/h3>\n<hr \/>\n<div class=\"row\"  id=\"row-490321188\">\n<p>\n<div class=\"col medium-6 small-12 large-6\"  ><div class=\"col-inner\"  >\n<p>\n<div class=\"row\"  id=\"row-2145822556\">\n<p>\n<div class=\"col medium-3 small-12 large-3\"  ><div class=\"col-inner\"  >\n<p>\n    <div class=\"img has-hover x md-x lg-x y md-y lg-y\" id=\"image_682964314\">\n                <div class=\"img-inner dark\" >\n        <img loading=\"lazy\" decoding=\"async\" width=\"500\" height=\"500\" src=\"https:\/\/seacare.com\/wp-content\/uploads\/2017\/03\/minerals-1.png\" class=\"attachment-large size-large\" alt=\"\" srcset=\"https:\/\/seacare.com\/wp-content\/uploads\/2017\/03\/minerals-1.png 500w, https:\/\/seacare.com\/wp-content\/uploads\/2017\/03\/minerals-1-280x280.png 280w, https:\/\/seacare.com\/wp-content\/uploads\/2017\/03\/minerals-1-400x400.png 400w, https:\/\/seacare.com\/wp-content\/uploads\/2017\/03\/minerals-1-180x180.png 180w, https:\/\/seacare.com\/wp-content\/uploads\/2017\/03\/minerals-1-300x300.png 300w\" sizes=\"(max-width: 500px) 100vw, 500px\" \/>                \n            <\/div>\n                   \n<style scope=\"scope\">\n\n<\/style>\n    <\/div>\n    \n<\/div><\/div>\n<\/p>\n<div class=\"col medium-9 small-12 large-9\"  ><div class=\"col-inner\"  >\n<h4>Negyvosios j\u016bros mineralai<\/h4>\n<p>Negyvojoje j\u016broje i\u0161 viso randama daugiau, nei 20 mineral\u0173, kurie palaiko odos b\u016bkl\u0119, j\u0105 dailina ir atjaunina. Daug vitamin\u0173, mineral\u0173 ir nauding\u0173j\u0173 riebal\u0173, naudojam\u0173 dermatologin\u0117je kosmetikoje bei<br \/><a href=\"\/lt\/negyvosios-juros-mineralai\/\">Daugiau&#8230;<\/a><\/p>\n<\/div><\/div>\n<\/p>\n<\/div>\n<\/p>\n<\/div><\/div>\n<\/p>\n<div class=\"col medium-6 small-12 large-6\"  ><div class=\"col-inner\"  >\n<p>\n<div class=\"row\"  id=\"row-28879868\">\n<p>\n<div class=\"col medium-3 small-12 large-3\"  ><div class=\"col-inner\"  >\n<p>\n    <div class=\"img has-hover x md-x lg-x y md-y lg-y\" id=\"image_1404820236\">\n                <div class=\"img-inner dark\" >\n        <img loading=\"lazy\" decoding=\"async\" width=\"500\" height=\"500\" src=\"https:\/\/seacare.com\/wp-content\/uploads\/2017\/03\/Q10.png\" class=\"attachment-large size-large\" alt=\"\" srcset=\"https:\/\/seacare.com\/wp-content\/uploads\/2017\/03\/Q10.png 500w, https:\/\/seacare.com\/wp-content\/uploads\/2017\/03\/Q10-280x280.png 280w, https:\/\/seacare.com\/wp-content\/uploads\/2017\/03\/Q10-400x400.png 400w, https:\/\/seacare.com\/wp-content\/uploads\/2017\/03\/Q10-180x180.png 180w, https:\/\/seacare.com\/wp-content\/uploads\/2017\/03\/Q10-300x300.png 300w\" sizes=\"(max-width: 500px) 100vw, 500px\" \/>                \n            <\/div>\n                   \n<style scope=\"scope\">\n\n<\/style>\n    <\/div>\n    \n<\/div><\/div>\n<\/p>\n<div class=\"col medium-9 small-12 large-9\"  ><div class=\"col-inner\"  >\n<h4>Kofermentas Q10<\/h4>\n<p>Kofermentas Q10 k\u016bne atlieka ne ma\u017eiau, kaip du svarbius vaidmenis. Pirma, tai yra vienas i\u0161 esmini\u0173 element\u0173 biochemin\u0117je grandin\u0117je, kuri l\u0105steli\u0173 viduje gamina biologi\u0161kai prieinam\u0105 energij\u0105 (ATP).<br \/><a href=\"\/lt\/kofermentas-q10\/\">Daugiau&#8230;<\/a><\/p>\n<\/div><\/div>\n<\/p>\n<\/div>\n<\/p>\n<\/div><\/div>\n<\/p>\n<\/div>\n<div class=\"row\"  id=\"row-61245157\">\n<p>\n<div class=\"col medium-6 small-12 large-6\"  ><div class=\"col-inner\"  >\n<p>\n<div class=\"row\"  id=\"row-1147029643\">\n<p>\n<div class=\"col medium-3 small-12 large-3\"  ><div class=\"col-inner\"  >\n<p>\n    <div class=\"img has-hover x md-x lg-x y md-y lg-y\" id=\"image_414875755\">\n                <div class=\"img-inner dark\" >\n        <img loading=\"lazy\" decoding=\"async\" width=\"500\" height=\"500\" src=\"https:\/\/seacare.com\/wp-content\/uploads\/2017\/03\/vit-AE.png\" class=\"attachment-large size-large\" alt=\"\" srcset=\"https:\/\/seacare.com\/wp-content\/uploads\/2017\/03\/vit-AE.png 500w, https:\/\/seacare.com\/wp-content\/uploads\/2017\/03\/vit-AE-280x280.png 280w, https:\/\/seacare.com\/wp-content\/uploads\/2017\/03\/vit-AE-400x400.png 400w, https:\/\/seacare.com\/wp-content\/uploads\/2017\/03\/vit-AE-180x180.png 180w, https:\/\/seacare.com\/wp-content\/uploads\/2017\/03\/vit-AE-300x300.png 300w\" sizes=\"(max-width: 500px) 100vw, 500px\" \/>                \n            <\/div>\n                   \n<style scope=\"scope\">\n\n<\/style>\n    <\/div>\n    \n<\/div><\/div>\n<\/p>\n<div class=\"col medium-9 small-12 large-9\"  ><div class=\"col-inner\"  >\n<h4 class=\"text-head\">Vitaminai A ir E<\/h4>\n<p>Tyrimais \u012frodyta, kad vitaminas A: lygina rauk\u0161les, blukina rudas d\u0117mes ir i\u0161lygina odos nelygumus. \u201eApie retinoidus i\u0161 viso yra publikuota daugiau, nei 700 tyrim\u0173 \u2013 \u0161i\u0173 ingredient\u0173 veiksmingumas<br \/><a href=\"\/lt\/vitaminai-a-ir-e\/\">Daugiau&#8230;<\/a><\/p>\n<\/div><\/div>\n<\/p>\n<\/div>\n<\/p>\n<\/div><\/div>\n<\/p>\n<div class=\"col medium-6 small-12 large-6\"  ><div class=\"col-inner\"  >\n<p>\n<div class=\"row\"  id=\"row-2062452899\">\n<p>\n<div class=\"col medium-3 small-12 large-3\"  ><div class=\"col-inner\"  >\n<p>\n    <div class=\"img has-hover x md-x lg-x y md-y lg-y\" id=\"image_768321233\">\n                <div class=\"img-inner dark\" >\n        <img loading=\"lazy\" decoding=\"async\" width=\"500\" height=\"500\" src=\"https:\/\/seacare.com\/wp-content\/uploads\/2017\/03\/inka.png\" class=\"attachment-large size-large\" alt=\"\" srcset=\"https:\/\/seacare.com\/wp-content\/uploads\/2017\/03\/inka.png 500w, https:\/\/seacare.com\/wp-content\/uploads\/2017\/03\/inka-280x280.png 280w, https:\/\/seacare.com\/wp-content\/uploads\/2017\/03\/inka-400x400.png 400w, https:\/\/seacare.com\/wp-content\/uploads\/2017\/03\/inka-180x180.png 180w, https:\/\/seacare.com\/wp-content\/uploads\/2017\/03\/inka-300x300.png 300w\" sizes=\"(max-width: 500px) 100vw, 500px\" \/>                \n            <\/div>\n                   \n<style scope=\"scope\">\n\n<\/style>\n    <\/div>\n    \n<\/div><\/div>\n<\/p>\n<div class=\"col medium-9 small-12 large-9\"  ><div class=\"col-inner\"  >\n<h4 class=\"text-head\">Inca Inchi aliejus<\/h4>\n<p>Inca Inchi (arba Ink\u0173 migdol\u0173)aliejus laikomas pa\u010diu turtingiausiu augaliniu nepakei\u010diam\u0173j\u0173 riebalini\u0173 r\u016bg\u0161\u010di\u0173 \u2013 tiek linolo (Omega 6), tiek alfa-linoleno (Omega 3) \u2013 \u0161altiniu. Nors \u017emogaus k\u016bnas \u0161i\u0173<br \/><a href=\"\/lt\/inca-inchi-aliejus\/\">Daugiau&#8230;<\/a><\/p>\n<\/div><\/div>\n<\/p>\n<\/div>\n<\/p>\n<\/div><\/div>\n<\/p>\n<\/div>\n<div class=\"row\"  id=\"row-196386391\">\n<p>\n<div class=\"col medium-6 small-12 large-6\"  ><div class=\"col-inner\"  >\n<p>\n<div class=\"row\"  id=\"row-1575801328\">\n<p>\n<div class=\"col medium-3 small-12 large-3\"  ><div class=\"col-inner\"  >\n<p>\n    <div class=\"img has-hover x md-x lg-x y md-y lg-y\" id=\"image_1526633908\">\n                <div class=\"img-inner dark\" >\n        <img loading=\"lazy\" decoding=\"async\" width=\"500\" height=\"500\" src=\"https:\/\/seacare.com\/wp-content\/uploads\/2017\/03\/argana-1.png\" class=\"attachment-large size-large\" alt=\"\" srcset=\"https:\/\/seacare.com\/wp-content\/uploads\/2017\/03\/argana-1.png 500w, https:\/\/seacare.com\/wp-content\/uploads\/2017\/03\/argana-1-280x280.png 280w, https:\/\/seacare.com\/wp-content\/uploads\/2017\/03\/argana-1-400x400.png 400w, https:\/\/seacare.com\/wp-content\/uploads\/2017\/03\/argana-1-180x180.png 180w, https:\/\/seacare.com\/wp-content\/uploads\/2017\/03\/argana-1-300x300.png 300w\" sizes=\"(max-width: 500px) 100vw, 500px\" \/>                \n            <\/div>\n                   \n<style scope=\"scope\">\n\n<\/style>\n    <\/div>\n    \n<\/div><\/div>\n<\/p>\n<div class=\"col medium-9 small-12 large-9\"  ><div class=\"col-inner\"  >\n<h4 class=\"text-head\">Argano aliejus<\/h4>\n<p>\u201eSkystu auksu\u201c da\u017enai vadinamas Argano aliejus yra ekologi\u0161kas produktas, i\u0161gaunamas i\u0161 Maroke augan\u010di\u0173 Argano med\u017ei\u0173 rie\u0161ut\u0173. \u0160is aliejus yra itin maistingas bei turtingas riebalin\u0117mis r\u016bg\u0161timis<br \/><a href=\"\/lt\/argano-aliejus\/\">Daugiau&#8230;<\/a><\/p>\n<\/div><\/div>\n<\/p>\n<\/div>\n<\/p>\n<\/div><\/div>\n<\/p>\n<\/div>\n<h3>Susijusios prek\u0117s<\/h3>\n\n  \n    <div class=\"row large-columns-4 medium-columns- small-columns-2 row-small slider row-slider slider-nav-reveal slider-nav-push\"  data-flickity-options='{\"imagesLoaded\": true, \"groupCells\": \"100%\", \"dragThreshold\" : 5, \"cellAlign\": \"left\",\"wrapAround\": true,\"prevNextButtons\": true,\"percentPosition\": true,\"pageDots\": false, \"rightToLeft\": false, \"autoPlay\" : false}'>\n\n  \t\n\t            \t\t\t\t\t\n<div class=\"product-small col has-hover post-4444 product type-product status-publish has-post-thumbnail product_cat-serumai product_cat-vitaminai-linija product_cat-veido-kosmetika first instock shipping-taxable purchasable product-type-simple\">\n\t<div class=\"col-inner\">\t\n\t\n<div class=\"badge-container absolute left top z-1\">\n<\/div>\t<div class=\"product-small box \">\n\t\t<div class=\"box-image\">\n\t\t\t<div class=\"image-none\">\n\t\t\t\t<a href=\"https:\/\/seacare.com\/lt\/product\/multi-vitaminu-raminantis-serumas-veidui\/\">\n\t\t\t\t\t<img loading=\"lazy\" decoding=\"async\" width=\"247\" height=\"300\" src=\"https:\/\/seacare.com\/wp-content\/uploads\/2017\/03\/1.-FaceSerum-247x300.jpg\" class=\"attachment-shop_catalog size-shop_catalog wp-post-image\" alt=\"1. FaceSerum\" title=\"1. FaceSerum\" \/>\t\t\t\t<\/a>\n\t\t\t<\/div>\n\t\t\t<div class=\"image-tools is-small top right show-on-hover\">\n\t\t\t\t\t\t\t<\/div>\n\t\t\t<div class=\"image-tools is-small hide-for-small bottom left show-on-hover\">\n\t\t\t\t\t\t\t<\/div>\n\t\t\t<div class=\"image-tools grid-tools text-center hide-for-small bottom hover-slide-in show-on-hover\">\n\t\t\t\t  <a class=\"quick-view\" data-prod=\"4444\" href=\"#quick-view\">Quick View<\/a>\t\t\t<\/div>\n\t\t\t\t\t<\/div><!-- box-image -->\n\n\t\t<div class=\"box-text box-text-products\">\n\t\t\t<div class=\"title-wrapper\">  <p class=\"category uppercase is-smaller no-text-overflow product-cat op-7\">\n        Serumai   <\/p> <p class=\"name product-title\"><a href=\"https:\/\/seacare.com\/lt\/product\/multi-vitaminu-raminantis-serumas-veidui\/\">Multi-Vitamin\u0173 Raminantis Serumas Veidui<\/a><\/p><\/div><div class=\"price-wrapper\"><div class=\"star-rating\" title=\"Rated 5.00 out of 5\"><span style=\"width:100%\"><strong class=\"rating\">5.00<\/strong> out of 5<\/span><\/div>\n\t<span class=\"price\"><span class=\"woocommerce-Price-amount amount\"><span class=\"woocommerce-Price-currencySymbol\">&#36;<\/span>&nbsp;49.90<\/span><\/span>\n<\/div>\t\t<\/div><!-- box-text -->\n\t<\/div><!-- box -->\n\t\t<\/div><!-- .col-inner -->\n<\/div><!-- col -->\t            \t\t\t\t\t\n<div class=\"product-small col has-hover post-4449 product type-product status-publish has-post-thumbnail product_cat-kremai product_cat-vitaminai-linija product_cat-akims-skirta-kosmetika  instock shipping-taxable purchasable product-type-simple\">\n\t<div class=\"col-inner\">\t\n\t\n<div class=\"badge-container absolute left top z-1\">\n<\/div>\t<div class=\"product-small box \">\n\t\t<div class=\"box-image\">\n\t\t\t<div class=\"image-none\">\n\t\t\t\t<a href=\"https:\/\/seacare.com\/lt\/product\/multi-vitaminu-paakiu-kremas\/\">\n\t\t\t\t\t<img loading=\"lazy\" decoding=\"async\" width=\"247\" height=\"300\" src=\"https:\/\/seacare.com\/wp-content\/uploads\/2017\/03\/1.-Eye-Cream_Face-247x300.jpg\" class=\"attachment-shop_catalog size-shop_catalog wp-post-image\" alt=\"1. Eye-Cream_Face\" title=\"1. Eye-Cream_Face\" \/>\t\t\t\t<\/a>\n\t\t\t<\/div>\n\t\t\t<div class=\"image-tools is-small top right show-on-hover\">\n\t\t\t\t\t\t\t<\/div>\n\t\t\t<div class=\"image-tools is-small hide-for-small bottom left show-on-hover\">\n\t\t\t\t\t\t\t<\/div>\n\t\t\t<div class=\"image-tools grid-tools text-center hide-for-small bottom hover-slide-in show-on-hover\">\n\t\t\t\t  <a class=\"quick-view\" data-prod=\"4449\" href=\"#quick-view\">Quick View<\/a>\t\t\t<\/div>\n\t\t\t\t\t<\/div><!-- box-image -->\n\n\t\t<div class=\"box-text box-text-products\">\n\t\t\t<div class=\"title-wrapper\">  <p class=\"category uppercase is-smaller no-text-overflow product-cat op-7\">\n        Kremai   <\/p> <p class=\"name product-title\"><a href=\"https:\/\/seacare.com\/lt\/product\/multi-vitaminu-paakiu-kremas\/\">Multi-Vitamin\u0173 Paaki\u0173 Kremas<\/a><\/p><\/div><div class=\"price-wrapper\"><div class=\"star-rating\" title=\"Rated 5.00 out of 5\"><span style=\"width:100%\"><strong class=\"rating\">5.00<\/strong> out of 5<\/span><\/div>\n\t<span class=\"price\"><span class=\"woocommerce-Price-amount amount\"><span class=\"woocommerce-Price-currencySymbol\">&#36;<\/span>&nbsp;47.90<\/span><\/span>\n<\/div>\t\t<\/div><!-- box-text -->\n\t<\/div><!-- box -->\n\t\t<\/div><!-- .col-inner -->\n<\/div><!-- col -->\t            \t\t\t\t\t\n<div class=\"product-small col has-hover post-4454 product type-product status-publish has-post-thumbnail product_cat-serumai product_cat-vitaminai-linija product_cat-akims-skirta-kosmetika  instock shipping-taxable purchasable product-type-simple\">\n\t<div class=\"col-inner\">\t\n\t\n<div class=\"badge-container absolute left top z-1\">\n<\/div>\t<div class=\"product-small box \">\n\t\t<div class=\"box-image\">\n\t\t\t<div class=\"image-none\">\n\t\t\t\t<a href=\"https:\/\/seacare.com\/lt\/product\/multi-vitaminu-stangrinamasis-serumas-paakiu-odai\/\">\n\t\t\t\t\t<img loading=\"lazy\" decoding=\"async\" width=\"247\" height=\"300\" src=\"https:\/\/seacare.com\/wp-content\/uploads\/2017\/03\/1.-Eye-Lifting-Serum_Face-247x300.jpg\" class=\"attachment-shop_catalog size-shop_catalog wp-post-image\" alt=\"1. Eye-Lifting-Serum_Face\" title=\"1. Eye-Lifting-Serum_Face\" \/>\t\t\t\t<\/a>\n\t\t\t<\/div>\n\t\t\t<div class=\"image-tools is-small top right show-on-hover\">\n\t\t\t\t\t\t\t<\/div>\n\t\t\t<div class=\"image-tools is-small hide-for-small bottom left show-on-hover\">\n\t\t\t\t\t\t\t<\/div>\n\t\t\t<div class=\"image-tools grid-tools text-center hide-for-small bottom hover-slide-in show-on-hover\">\n\t\t\t\t  <a class=\"quick-view\" data-prod=\"4454\" href=\"#quick-view\">Quick View<\/a>\t\t\t<\/div>\n\t\t\t\t\t<\/div><!-- box-image -->\n\n\t\t<div class=\"box-text box-text-products\">\n\t\t\t<div class=\"title-wrapper\">  <p class=\"category uppercase is-smaller no-text-overflow product-cat op-7\">\n        Serumai   <\/p> <p class=\"name product-title\"><a href=\"https:\/\/seacare.com\/lt\/product\/multi-vitaminu-stangrinamasis-serumas-paakiu-odai\/\">Multi-Vitamin\u0173 Stangrinamasis Serumas Paaki\u0173 Odai<\/a><\/p><\/div><div class=\"price-wrapper\"><div class=\"star-rating\" title=\"Rated 5.00 out of 5\"><span style=\"width:100%\"><strong class=\"rating\">5.00<\/strong> out of 5<\/span><\/div>\n\t<span class=\"price\"><span class=\"woocommerce-Price-amount amount\"><span class=\"woocommerce-Price-currencySymbol\">&#36;<\/span>&nbsp;49.90<\/span><\/span>\n<\/div>\t\t<\/div><!-- box-text -->\n\t<\/div><!-- box -->\n\t\t<\/div><!-- .col-inner -->\n<\/div><!-- col -->\t            \t\t\t\t\t\n<div class=\"product-small col has-hover post-4459 product type-product status-publish has-post-thumbnail product_cat-kremai product_cat-vitaminai-linija product_cat-veido-kosmetika last instock shipping-taxable purchasable product-type-simple\">\n\t<div class=\"col-inner\">\t\n\t\n<div class=\"badge-container absolute left top z-1\">\n<\/div>\t<div class=\"product-small box \">\n\t\t<div class=\"box-image\">\n\t\t\t<div class=\"image-none\">\n\t\t\t\t<a href=\"https:\/\/seacare.com\/lt\/product\/multi-vitaminu-atkuriantis-kremas-nakciai\/\">\n\t\t\t\t\t<img loading=\"lazy\" decoding=\"async\" width=\"247\" height=\"300\" src=\"https:\/\/seacare.com\/wp-content\/uploads\/2017\/03\/\u0412\u0438\u0442\u0430\u043c\u0438\u043d_\u041d\u043e\u0447\u043d\u043e\u0439-101-247x300.jpg\" class=\"attachment-shop_catalog size-shop_catalog wp-post-image\" alt=\"\u0412\u0438\u0442\u0430\u043c\u0438\u043d_\u041d\u043e\u0447\u043d\u043e\u0439 101\" title=\"\u0412\u0438\u0442\u0430\u043c\u0438\u043d_\u041d\u043e\u0447\u043d\u043e\u0439 101\" \/>\t\t\t\t<\/a>\n\t\t\t<\/div>\n\t\t\t<div class=\"image-tools is-small top right show-on-hover\">\n\t\t\t\t\t\t\t<\/div>\n\t\t\t<div class=\"image-tools is-small hide-for-small bottom left show-on-hover\">\n\t\t\t\t\t\t\t<\/div>\n\t\t\t<div class=\"image-tools grid-tools text-center hide-for-small bottom hover-slide-in show-on-hover\">\n\t\t\t\t  <a class=\"quick-view\" data-prod=\"4459\" href=\"#quick-view\">Quick View<\/a>\t\t\t<\/div>\n\t\t\t\t\t<\/div><!-- box-image -->\n\n\t\t<div class=\"box-text box-text-products\">\n\t\t\t<div class=\"title-wrapper\">  <p class=\"category uppercase is-smaller no-text-overflow product-cat op-7\">\n        Kremai   <\/p> <p class=\"name product-title\"><a href=\"https:\/\/seacare.com\/lt\/product\/multi-vitaminu-atkuriantis-kremas-nakciai\/\">Multi-Vitamin\u0173 Atkuriantis Kremas Nak\u010diai<\/a><\/p><\/div><div class=\"price-wrapper\"><div class=\"star-rating\" title=\"Rated 5.00 out of 5\"><span style=\"width:100%\"><strong class=\"rating\">5.00<\/strong> out of 5<\/span><\/div>\n\t<span class=\"price\"><span class=\"woocommerce-Price-amount amount\"><span class=\"woocommerce-Price-currencySymbol\">&#36;<\/span>&nbsp;45.90<\/span><\/span>\n<\/div>\t\t<\/div><!-- box-text -->\n\t<\/div><!-- box -->\n\t\t<\/div><!-- .col-inner -->\n<\/div><!-- col -->\t            \t\t\t\t\t\n<div class=\"product-small col has-hover post-4464 product type-product status-publish has-post-thumbnail product_cat-kremai product_cat-vitaminai-linija product_cat-veido-kosmetika first instock shipping-taxable purchasable product-type-simple\">\n\t<div class=\"col-inner\">\t\n\t\n<div class=\"badge-container absolute left top z-1\">\n<\/div>\t<div class=\"product-small box \">\n\t\t<div class=\"box-image\">\n\t\t\t<div class=\"image-none\">\n\t\t\t\t<a href=\"https:\/\/seacare.com\/lt\/product\/multi-vitaminu-kremas-dienai\/\">\n\t\t\t\t\t<img loading=\"lazy\" decoding=\"async\" width=\"247\" height=\"300\" src=\"https:\/\/seacare.com\/wp-content\/uploads\/2017\/03\/\u0412\u0438\u0442\u0430\u043c\u0438\u043d_\u0414\u043d\u0435\u0432\u043d\u043e\u0439-107-247x300.jpg\" class=\"attachment-shop_catalog size-shop_catalog wp-post-image\" alt=\"\u0412\u0438\u0442\u0430\u043c\u0438\u043d_\u0414\u043d\u0435\u0432\u043d\u043e\u0439 107\" title=\"\u0412\u0438\u0442\u0430\u043c\u0438\u043d_\u0414\u043d\u0435\u0432\u043d\u043e\u0439 107\" \/>\t\t\t\t<\/a>\n\t\t\t<\/div>\n\t\t\t<div class=\"image-tools is-small top right show-on-hover\">\n\t\t\t\t\t\t\t<\/div>\n\t\t\t<div class=\"image-tools is-small hide-for-small bottom left show-on-hover\">\n\t\t\t\t\t\t\t<\/div>\n\t\t\t<div class=\"image-tools grid-tools text-center hide-for-small bottom hover-slide-in show-on-hover\">\n\t\t\t\t  <a class=\"quick-view\" data-prod=\"4464\" href=\"#quick-view\">Quick View<\/a>\t\t\t<\/div>\n\t\t\t\t\t<\/div><!-- box-image -->\n\n\t\t<div class=\"box-text box-text-products\">\n\t\t\t<div class=\"title-wrapper\">  <p class=\"category uppercase is-smaller no-text-overflow product-cat op-7\">\n        Kremai   <\/p> <p class=\"name product-title\"><a href=\"https:\/\/seacare.com\/lt\/product\/multi-vitaminu-kremas-dienai\/\">Multi-Vitamin\u0173 Kremas Dienai<\/a><\/p><\/div><div class=\"price-wrapper\"><div class=\"star-rating\" title=\"Rated 5.00 out of 5\"><span style=\"width:100%\"><strong class=\"rating\">5.00<\/strong> out of 5<\/span><\/div>\n\t<span class=\"price\"><span class=\"woocommerce-Price-amount amount\"><span class=\"woocommerce-Price-currencySymbol\">&#36;<\/span>&nbsp;45.90<\/span><\/span>\n<\/div>\t\t<\/div><!-- box-text -->\n\t<\/div><!-- box -->\n\t\t<\/div><!-- .col-inner -->\n<\/div><!-- col -->\t            \n\t        <\/div>\n<h3>Alternatyvios prek\u0117s<\/h3>\n\n  \n    <div class=\"row large-columns-4 medium-columns- small-columns-2 row-small slider row-slider slider-nav-reveal slider-nav-push\"  data-flickity-options='{\"imagesLoaded\": true, \"groupCells\": \"100%\", \"dragThreshold\" : 5, \"cellAlign\": \"left\",\"wrapAround\": true,\"prevNextButtons\": true,\"percentPosition\": true,\"pageDots\": false, \"rightToLeft\": false, \"autoPlay\" : false}'>\n\n  \t\n\t            \t\t\t\t\t\n<div class=\"product-small col has-hover post-4429 product type-product status-publish has-post-thumbnail product_cat-kremai product_cat-senejima-letinanti-linija product_cat-akims-skirta-kosmetika first instock shipping-taxable purchasable product-type-simple\">\n\t<div class=\"col-inner\">\t\n\t\n<div class=\"badge-container absolute left top z-1\">\n<\/div>\t<div class=\"product-small box \">\n\t\t<div class=\"box-image\">\n\t\t\t<div class=\"image-none\">\n\t\t\t\t<a href=\"https:\/\/seacare.com\/lt\/product\/nuo-senejimo-apsaugantis-paakiu-kremas\/\">\n\t\t\t\t\t<img loading=\"lazy\" decoding=\"async\" width=\"247\" height=\"300\" src=\"https:\/\/seacare.com\/wp-content\/uploads\/2017\/03\/\u0414\u043b\u044f-SCEye-Cream_Face-\u043a\u043e\u043f\u0438\u044f-247x300.jpg\" class=\"attachment-shop_catalog size-shop_catalog wp-post-image\" alt=\"\u0414\u043b\u044f SCEye Cream_Face \u043a\u043e\u043f\u0438\u044f\" title=\"\u0414\u043b\u044f SCEye Cream_Face \u043a\u043e\u043f\u0438\u044f\" \/>\t\t\t\t<\/a>\n\t\t\t<\/div>\n\t\t\t<div class=\"image-tools is-small top right show-on-hover\">\n\t\t\t\t\t\t\t<\/div>\n\t\t\t<div class=\"image-tools is-small hide-for-small bottom left show-on-hover\">\n\t\t\t\t\t\t\t<\/div>\n\t\t\t<div class=\"image-tools grid-tools text-center hide-for-small bottom hover-slide-in show-on-hover\">\n\t\t\t\t  <a class=\"quick-view\" data-prod=\"4429\" href=\"#quick-view\">Quick View<\/a>\t\t\t<\/div>\n\t\t\t\t\t<\/div><!-- box-image -->\n\n\t\t<div class=\"box-text box-text-products\">\n\t\t\t<div class=\"title-wrapper\">  <p class=\"category uppercase is-smaller no-text-overflow product-cat op-7\">\n        Kremai   <\/p> <p class=\"name product-title\"><a href=\"https:\/\/seacare.com\/lt\/product\/nuo-senejimo-apsaugantis-paakiu-kremas\/\">Nuo Sen\u0117jimo Apsaugantis Paaki\u0173 Kremas<\/a><\/p><\/div><div class=\"price-wrapper\"><div class=\"star-rating\" title=\"Rated 5.00 out of 5\"><span style=\"width:100%\"><strong class=\"rating\">5.00<\/strong> out of 5<\/span><\/div>\n\t<span class=\"price\"><span class=\"woocommerce-Price-amount amount\"><span class=\"woocommerce-Price-currencySymbol\">&#36;<\/span>&nbsp;54.90<\/span><\/span>\n<\/div>\t\t<\/div><!-- box-text -->\n\t<\/div><!-- box -->\n\t\t<\/div><!-- .col-inner -->\n<\/div><!-- col -->\t            \t\t\t\t\t\n<div class=\"product-small col has-hover post-4424 product type-product status-publish has-post-thumbnail product_cat-serumai product_cat-senejima-letinanti-linija product_cat-akims-skirta-kosmetika  instock shipping-taxable purchasable product-type-simple\">\n\t<div class=\"col-inner\">\t\n\t\n<div class=\"badge-container absolute left top z-1\">\n<\/div>\t<div class=\"product-small box \">\n\t\t<div class=\"box-image\">\n\t\t\t<div class=\"image-none\">\n\t\t\t\t<a href=\"https:\/\/seacare.com\/lt\/product\/nuo-senejimo-apsaugantisstangrinantis-paakiu-serumas\/\">\n\t\t\t\t\t<img loading=\"lazy\" decoding=\"async\" width=\"247\" height=\"300\" src=\"https:\/\/seacare.com\/wp-content\/uploads\/2017\/03\/\u0414\u043b\u044f-SCEye-Lifting-Serum_Face-\u043a\u043e\u043f\u0438\u044f-247x300.jpg\" class=\"attachment-shop_catalog size-shop_catalog wp-post-image\" alt=\"\u0414\u043b\u044f SCEye Lifting Serum_Face \u043a\u043e\u043f\u0438\u044f\" title=\"\u0414\u043b\u044f SCEye Lifting Serum_Face \u043a\u043e\u043f\u0438\u044f\" \/>\t\t\t\t<\/a>\n\t\t\t<\/div>\n\t\t\t<div class=\"image-tools is-small top right show-on-hover\">\n\t\t\t\t\t\t\t<\/div>\n\t\t\t<div class=\"image-tools is-small hide-for-small bottom left show-on-hover\">\n\t\t\t\t\t\t\t<\/div>\n\t\t\t<div class=\"image-tools grid-tools text-center hide-for-small bottom hover-slide-in show-on-hover\">\n\t\t\t\t  <a class=\"quick-view\" data-prod=\"4424\" href=\"#quick-view\">Quick View<\/a>\t\t\t<\/div>\n\t\t\t\t\t<\/div><!-- box-image -->\n\n\t\t<div class=\"box-text box-text-products\">\n\t\t\t<div class=\"title-wrapper\">  <p class=\"category uppercase is-smaller no-text-overflow product-cat op-7\">\n        Serumai   <\/p> <p class=\"name product-title\"><a href=\"https:\/\/seacare.com\/lt\/product\/nuo-senejimo-apsaugantisstangrinantis-paakiu-serumas\/\">Nuo Sen\u0117jimo Apsaugantis, Stangrinantis Paaki\u0173 Serumas<\/a><\/p><\/div><div class=\"price-wrapper\"><div class=\"star-rating\" title=\"Rated 5.00 out of 5\"><span style=\"width:100%\"><strong class=\"rating\">5.00<\/strong> out of 5<\/span><\/div>\n\t<span class=\"price\"><span class=\"woocommerce-Price-amount amount\"><span class=\"woocommerce-Price-currencySymbol\">&#36;<\/span>&nbsp;56.90<\/span><\/span>\n<\/div>\t\t<\/div><!-- box-text -->\n\t<\/div><!-- box -->\n\t\t<\/div><!-- .col-inner -->\n<\/div><!-- col -->\t            \n\t        <\/div>\n","protected":false},"excerpt":{"rendered":"<p>visiems odos tipams<br \/>\n30 ml &#8211; 1.0 fl.oz.<\/p>\n","protected":false},"featured_media":23507,"comment_status":"open","ping_status":"closed","template":"","meta":[],"_links":{"self":[{"href":"https:\/\/seacare.com\/lt\/wp-json\/wp\/v2\/product\/4449"}],"collection":[{"href":"https:\/\/seacare.com\/lt\/wp-json\/wp\/v2\/product"}],"about":[{"href":"https:\/\/seacare.com\/lt\/wp-json\/wp\/v2\/types\/product"}],"replies":[{"embeddable":true,"href":"https:\/\/seacare.com\/lt\/wp-json\/wp\/v2\/comments?post=4449"}],"wp:featuredmedia":[{"embeddable":true,"href":"https:\/\/seacare.com\/lt\/wp-json\/wp\/v2\/media\/23507"}],"wp:attachment":[{"href":"https:\/\/seacare.com\/lt\/wp-json\/wp\/v2\/media?parent=4449"}],"curies":[{"name":"wp","href":"https:\/\/api.w.org\/{rel}","templated":true}]}}