{"id":4549,"date":"2017-03-01T18:24:52","date_gmt":"2017-03-01T15:24:52","guid":{"rendered":"http:\/\/800forlady.com\/lt\/product\/drekinantis-kremas\/"},"modified":"2021-02-18T11:59:34","modified_gmt":"2021-02-18T08:59:34","slug":"vyriskas-drekinamasis-kremas","status":"publish","type":"product","link":"https:\/\/seacare.com\/lt\/product\/vyriskas-drekinamasis-kremas\/","title":{"rendered":"Vyri\u0161kas Dr\u0117kinamasis Kremas"},"content":{"rendered":"<p>SeaCare Vyri\u0161kas Dr\u0117kinamasis Kremas buvo sukurtas kasdienei vyr\u0173 odos prie\u017ei\u016brai. \u0160i naujovi\u0161ka, nat\u016brali, dr\u0117kinanti, \u0161velnios tekst\u016bros, lengvai pasisavinama bei Negyvosios J\u016bros mineralais praturtinta, formul\u0117 atitinka visus Izraelio kosmetikos pramon\u0117s asociacijos standartus. Kremo sud\u0117tyje taip pat Inca Inchi aliejaus, gausaus Omega 3, 6 ir 9 riebal\u0173 r\u016bg\u0161\u010di\u0173, bei argano aliejaus, i\u0161gauto i\u0161 argano med\u017eio branduoli\u0173, kuris apsaugo bei maitina od\u0105<\/p>\n<p><strong>SUD\u0116TYJE N\u0116RA:<\/strong>Paraben\u0173, propileno glikolio, silikon\u0173, mineralini\u0173 aliej\u0173, petrolatumo ir SLS<\/p>\n<p><strong>NAUDOJIMAS:<\/strong> Tepkite ant \u0161varios odos ir masa\u017euokite, kol \u012fsigers<\/p>\n<hr \/>\n<div class=\"row\"  id=\"row-1590903404\">\n<div class=\"col medium-6 small-12 large-6\"  ><div class=\"col-inner\"  >\n<div class=\"row\"  id=\"row-884263730\">\n<div class=\"col medium-3 small-12 large-3\"  ><div class=\"col-inner\"  >\n    <div class=\"img has-hover x md-x lg-x y md-y lg-y\" id=\"image_649175971\">\n                <div class=\"img-inner dark\" >\n        <img loading=\"lazy\" decoding=\"async\" width=\"500\" height=\"500\" src=\"https:\/\/seacare.com\/wp-content\/uploads\/2017\/03\/minerals-1.png\" class=\"attachment-large size-large\" alt=\"\" srcset=\"https:\/\/seacare.com\/wp-content\/uploads\/2017\/03\/minerals-1.png 500w, https:\/\/seacare.com\/wp-content\/uploads\/2017\/03\/minerals-1-280x280.png 280w, https:\/\/seacare.com\/wp-content\/uploads\/2017\/03\/minerals-1-400x400.png 400w, https:\/\/seacare.com\/wp-content\/uploads\/2017\/03\/minerals-1-180x180.png 180w, https:\/\/seacare.com\/wp-content\/uploads\/2017\/03\/minerals-1-300x300.png 300w\" sizes=\"(max-width: 500px) 100vw, 500px\" \/>                \n            <\/div>\n                   \n<style scope=\"scope\">\n\n<\/style>\n    <\/div>\n    \n<\/div><\/div>\n<div class=\"col medium-9 small-12 large-9\"  ><div class=\"col-inner\"  >\n<h4>Negyvosios j\u016bros mineralai<\/h4>\n<p>Negyvojoje j\u016broje i\u0161 viso randama daugiau, nei 20 mineral\u0173, kurie palaiko odos b\u016bkl\u0119, j\u0105 dailina ir atjaunina. Daug vitamin\u0173, mineral\u0173 ir nauding\u0173j\u0173 riebal\u0173, naudojam\u0173 dermatologin\u0117je kosmetikoje bei<br \/>\n<a href=\"\/lt\/negyvosios-juros-mineralai\/\">Daugiau&#8230;<\/a><\/p>\n<\/div><\/div>\n<\/div>\n<\/div><\/div>\n<div class=\"col medium-6 small-12 large-6\"  ><div class=\"col-inner\"  >\n<div class=\"row\"  id=\"row-1247633795\">\n<div class=\"col medium-3 small-12 large-3\"  ><div class=\"col-inner\"  >\n    <div class=\"img has-hover x md-x lg-x y md-y lg-y\" id=\"image_1254666018\">\n                <div class=\"img-inner dark\" >\n        <img loading=\"lazy\" decoding=\"async\" width=\"500\" height=\"500\" src=\"https:\/\/seacare.com\/wp-content\/uploads\/2017\/03\/argana.png\" class=\"attachment-large size-large\" alt=\"\" srcset=\"https:\/\/seacare.com\/wp-content\/uploads\/2017\/03\/argana.png 500w, https:\/\/seacare.com\/wp-content\/uploads\/2017\/03\/argana-280x280.png 280w, https:\/\/seacare.com\/wp-content\/uploads\/2017\/03\/argana-400x400.png 400w, https:\/\/seacare.com\/wp-content\/uploads\/2017\/03\/argana-180x180.png 180w, https:\/\/seacare.com\/wp-content\/uploads\/2017\/03\/argana-300x300.png 300w\" sizes=\"(max-width: 500px) 100vw, 500px\" \/>                \n            <\/div>\n                   \n<style scope=\"scope\">\n\n<\/style>\n    <\/div>\n    \n<\/div><\/div>\n<div class=\"col medium-9 small-12 large-9\"  ><div class=\"col-inner\"  >\n<h4 class=\"text-head\">Argano aliejus<\/h4>\n<p>\u201eSkystu auksu\u201c da\u017enai vadinamas Argano aliejus yra ekologi\u0161kas produktas, i\u0161gaunamas i\u0161 Maroke augan\u010di\u0173 Argano med\u017ei\u0173 rie\u0161ut\u0173. \u0160is aliejus yra itin maistingas bei turtingas riebalin\u0117mis r\u016bg\u0161timis<br \/>\n<a href=\"\/lt\/argano-aliejus\/\">Daugiau&#8230;<\/a><\/p>\n<\/div><\/div>\n<\/div>\n<\/div><\/div>\n<\/div>\n<div class=\"row\"  id=\"row-43966294\">\n<div class=\"col medium-6 small-12 large-6\"  ><div class=\"col-inner\"  >\n<div class=\"row\"  id=\"row-429638253\">\n<div class=\"col medium-3 small-12 large-3\"  ><div class=\"col-inner\"  >\n    <div class=\"img has-hover x md-x lg-x y md-y lg-y\" id=\"image_1465940307\">\n                <div class=\"img-inner dark\" >\n        <img loading=\"lazy\" decoding=\"async\" width=\"500\" height=\"500\" src=\"https:\/\/seacare.com\/wp-content\/uploads\/2017\/03\/inka.png\" class=\"attachment-large size-large\" alt=\"\" srcset=\"https:\/\/seacare.com\/wp-content\/uploads\/2017\/03\/inka.png 500w, https:\/\/seacare.com\/wp-content\/uploads\/2017\/03\/inka-280x280.png 280w, https:\/\/seacare.com\/wp-content\/uploads\/2017\/03\/inka-400x400.png 400w, https:\/\/seacare.com\/wp-content\/uploads\/2017\/03\/inka-180x180.png 180w, https:\/\/seacare.com\/wp-content\/uploads\/2017\/03\/inka-300x300.png 300w\" sizes=\"(max-width: 500px) 100vw, 500px\" \/>                \n            <\/div>\n                   \n<style scope=\"scope\">\n\n<\/style>\n    <\/div>\n    \n<\/div><\/div>\n<div class=\"col medium-9 small-12 large-9\"  ><div class=\"col-inner\"  >\n<h4 class=\"text-head\">Inca Inchi aliejus<\/h4>\n<p>Inca Inchi (arba Ink\u0173 migdol\u0173)aliejus laikomas pa\u010diu turtingiausiu augaliniu nepakei\u010diam\u0173j\u0173 riebalini\u0173 r\u016bg\u0161\u010di\u0173 \u2013 tiek linolo (Omega 6), tiek alfa-linoleno (Omega 3) \u2013 \u0161altiniu. Nors \u017emogaus k\u016bnas \u0161i\u0173<br \/>\n<a href=\"\/lt\/inca-inchi-aliejus\/\">Daugiau&#8230;<\/a><\/p>\n<\/div><\/div>\n<\/div>\n<\/div><\/div>\n<\/div>\n<h3>Susijusios prek\u0117s<\/h3>\n\n  \n    <div class=\"row large-columns-4 medium-columns- small-columns-2 row-small slider row-slider slider-nav-reveal slider-nav-push\"  data-flickity-options='{\"imagesLoaded\": true, \"groupCells\": \"100%\", \"dragThreshold\" : 5, \"cellAlign\": \"left\",\"wrapAround\": true,\"prevNextButtons\": true,\"percentPosition\": true,\"pageDots\": false, \"rightToLeft\": false, \"autoPlay\" : false}'>\n\n  \t<\/div>\n<h3>Alternatyvios prek\u0117s<\/h3>\n\n  \n    <div class=\"row large-columns-4 medium-columns- small-columns-2 row-small slider row-slider slider-nav-reveal slider-nav-push\"  data-flickity-options='{\"imagesLoaded\": true, \"groupCells\": \"100%\", \"dragThreshold\" : 5, \"cellAlign\": \"left\",\"wrapAround\": true,\"prevNextButtons\": true,\"percentPosition\": true,\"pageDots\": false, \"rightToLeft\": false, \"autoPlay\" : false}'>\n\n  \t\n\t            \t\t\t\t\t\n<div class=\"product-small col has-hover post-4464 product type-product status-publish has-post-thumbnail product_cat-kremai product_cat-vitaminai-linija product_cat-veido-kosmetika first instock shipping-taxable purchasable product-type-simple\">\n\t<div class=\"col-inner\">\t\n\t\n<div class=\"badge-container absolute left top z-1\">\n<\/div>\t<div class=\"product-small box \">\n\t\t<div class=\"box-image\">\n\t\t\t<div class=\"image-none\">\n\t\t\t\t<a href=\"https:\/\/seacare.com\/lt\/product\/multi-vitaminu-kremas-dienai\/\">\n\t\t\t\t\t<img loading=\"lazy\" decoding=\"async\" width=\"247\" height=\"300\" src=\"https:\/\/seacare.com\/wp-content\/uploads\/2017\/03\/\u0412\u0438\u0442\u0430\u043c\u0438\u043d_\u0414\u043d\u0435\u0432\u043d\u043e\u0439-107-247x300.jpg\" class=\"attachment-shop_catalog size-shop_catalog wp-post-image\" alt=\"\u0412\u0438\u0442\u0430\u043c\u0438\u043d_\u0414\u043d\u0435\u0432\u043d\u043e\u0439 107\" title=\"\u0412\u0438\u0442\u0430\u043c\u0438\u043d_\u0414\u043d\u0435\u0432\u043d\u043e\u0439 107\" \/>\t\t\t\t<\/a>\n\t\t\t<\/div>\n\t\t\t<div class=\"image-tools is-small top right show-on-hover\">\n\t\t\t\t\t\t\t<\/div>\n\t\t\t<div class=\"image-tools is-small hide-for-small bottom left show-on-hover\">\n\t\t\t\t\t\t\t<\/div>\n\t\t\t<div class=\"image-tools grid-tools text-center hide-for-small bottom hover-slide-in show-on-hover\">\n\t\t\t\t  <a class=\"quick-view\" data-prod=\"4464\" href=\"#quick-view\">Quick View<\/a>\t\t\t<\/div>\n\t\t\t\t\t<\/div><!-- box-image -->\n\n\t\t<div class=\"box-text box-text-products\">\n\t\t\t<div class=\"title-wrapper\">  <p class=\"category uppercase is-smaller no-text-overflow product-cat op-7\">\n        Kremai   <\/p> <p class=\"name product-title\"><a href=\"https:\/\/seacare.com\/lt\/product\/multi-vitaminu-kremas-dienai\/\">Multi-Vitamin\u0173 Kremas Dienai<\/a><\/p><\/div><div class=\"price-wrapper\"><div class=\"star-rating\" title=\"Rated 5.00 out of 5\"><span style=\"width:100%\"><strong class=\"rating\">5.00<\/strong> out of 5<\/span><\/div>\n\t<span class=\"price\"><span class=\"woocommerce-Price-amount amount\"><span class=\"woocommerce-Price-currencySymbol\">&#36;<\/span>&nbsp;45.90<\/span><\/span>\n<\/div>\t\t<\/div><!-- box-text -->\n\t<\/div><!-- box -->\n\t\t<\/div><!-- .col-inner -->\n<\/div><!-- col -->\t            \t\t\t\t\t\n<div class=\"product-small col has-hover post-4434 product type-product status-publish has-post-thumbnail product_cat-kremai product_cat-senejima-letinanti-linija product_cat-veido-kosmetika  instock shipping-taxable purchasable product-type-simple\">\n\t<div class=\"col-inner\">\t\n\t\n<div class=\"badge-container absolute left top z-1\">\n<\/div>\t<div class=\"product-small box \">\n\t\t<div class=\"box-image\">\n\t\t\t<div class=\"image-none\">\n\t\t\t\t<a href=\"https:\/\/seacare.com\/lt\/product\/nuo-senejimo-apsaugantiskremas-dienai\/\">\n\t\t\t\t\t<img loading=\"lazy\" decoding=\"async\" width=\"247\" height=\"300\" src=\"https:\/\/seacare.com\/wp-content\/uploads\/2017\/03\/\u0414\u043b\u044f-SCDay-Cream_Face-\u043a\u043e\u043f\u0438\u044f-247x300.jpg\" class=\"attachment-shop_catalog size-shop_catalog wp-post-image\" alt=\"\u0414\u043b\u044f SCDay Cream_Face \u043a\u043e\u043f\u0438\u044f\" title=\"\u0414\u043b\u044f SCDay Cream_Face \u043a\u043e\u043f\u0438\u044f\" \/>\t\t\t\t<\/a>\n\t\t\t<\/div>\n\t\t\t<div class=\"image-tools is-small top right show-on-hover\">\n\t\t\t\t\t\t\t<\/div>\n\t\t\t<div class=\"image-tools is-small hide-for-small bottom left show-on-hover\">\n\t\t\t\t\t\t\t<\/div>\n\t\t\t<div class=\"image-tools grid-tools text-center hide-for-small bottom hover-slide-in show-on-hover\">\n\t\t\t\t  <a class=\"quick-view\" data-prod=\"4434\" href=\"#quick-view\">Quick View<\/a>\t\t\t<\/div>\n\t\t\t\t\t<\/div><!-- box-image -->\n\n\t\t<div class=\"box-text box-text-products\">\n\t\t\t<div class=\"title-wrapper\">  <p class=\"category uppercase is-smaller no-text-overflow product-cat op-7\">\n        Kremai   <\/p> <p class=\"name product-title\"><a href=\"https:\/\/seacare.com\/lt\/product\/nuo-senejimo-apsaugantiskremas-dienai\/\">Nuo Sen\u0117jimo Apsaugantis Kremas Dienai<\/a><\/p><\/div><div class=\"price-wrapper\"><div class=\"star-rating\" title=\"Rated 5.00 out of 5\"><span style=\"width:100%\"><strong class=\"rating\">5.00<\/strong> out of 5<\/span><\/div>\n\t<span class=\"price\"><span class=\"woocommerce-Price-amount amount\"><span class=\"woocommerce-Price-currencySymbol\">&#36;<\/span>&nbsp;52.90<\/span><\/span>\n<\/div>\t\t<\/div><!-- box-text -->\n\t<\/div><!-- box -->\n\t\t<\/div><!-- .col-inner -->\n<\/div><!-- col -->\t            \t\t\t\t\t\n<div class=\"product-small col has-hover post-4459 product type-product status-publish has-post-thumbnail product_cat-kremai product_cat-vitaminai-linija product_cat-veido-kosmetika  instock shipping-taxable purchasable product-type-simple\">\n\t<div class=\"col-inner\">\t\n\t\n<div class=\"badge-container absolute left top z-1\">\n<\/div>\t<div class=\"product-small box \">\n\t\t<div class=\"box-image\">\n\t\t\t<div class=\"image-none\">\n\t\t\t\t<a href=\"https:\/\/seacare.com\/lt\/product\/multi-vitaminu-atkuriantis-kremas-nakciai\/\">\n\t\t\t\t\t<img loading=\"lazy\" decoding=\"async\" width=\"247\" height=\"300\" src=\"https:\/\/seacare.com\/wp-content\/uploads\/2017\/03\/\u0412\u0438\u0442\u0430\u043c\u0438\u043d_\u041d\u043e\u0447\u043d\u043e\u0439-101-247x300.jpg\" class=\"attachment-shop_catalog size-shop_catalog wp-post-image\" alt=\"\u0412\u0438\u0442\u0430\u043c\u0438\u043d_\u041d\u043e\u0447\u043d\u043e\u0439 101\" title=\"\u0412\u0438\u0442\u0430\u043c\u0438\u043d_\u041d\u043e\u0447\u043d\u043e\u0439 101\" \/>\t\t\t\t<\/a>\n\t\t\t<\/div>\n\t\t\t<div class=\"image-tools is-small top right show-on-hover\">\n\t\t\t\t\t\t\t<\/div>\n\t\t\t<div class=\"image-tools is-small hide-for-small bottom left show-on-hover\">\n\t\t\t\t\t\t\t<\/div>\n\t\t\t<div class=\"image-tools grid-tools text-center hide-for-small bottom hover-slide-in show-on-hover\">\n\t\t\t\t  <a class=\"quick-view\" data-prod=\"4459\" href=\"#quick-view\">Quick View<\/a>\t\t\t<\/div>\n\t\t\t\t\t<\/div><!-- box-image -->\n\n\t\t<div class=\"box-text box-text-products\">\n\t\t\t<div class=\"title-wrapper\">  <p class=\"category uppercase is-smaller no-text-overflow product-cat op-7\">\n        Kremai   <\/p> <p class=\"name product-title\"><a href=\"https:\/\/seacare.com\/lt\/product\/multi-vitaminu-atkuriantis-kremas-nakciai\/\">Multi-Vitamin\u0173 Atkuriantis Kremas Nak\u010diai<\/a><\/p><\/div><div class=\"price-wrapper\"><div class=\"star-rating\" title=\"Rated 5.00 out of 5\"><span style=\"width:100%\"><strong class=\"rating\">5.00<\/strong> out of 5<\/span><\/div>\n\t<span class=\"price\"><span class=\"woocommerce-Price-amount amount\"><span class=\"woocommerce-Price-currencySymbol\">&#36;<\/span>&nbsp;45.90<\/span><\/span>\n<\/div>\t\t<\/div><!-- box-text -->\n\t<\/div><!-- box -->\n\t\t<\/div><!-- .col-inner -->\n<\/div><!-- col -->\t            \t\t\t\t\t\n<div class=\"product-small col has-hover post-4418 product type-product status-publish has-post-thumbnail product_cat-kremai product_cat-senejima-letinanti-linija product_cat-veido-kosmetika last instock shipping-taxable purchasable product-type-simple\">\n\t<div class=\"col-inner\">\t\n\t\n<div class=\"badge-container absolute left top z-1\">\n<\/div>\t<div class=\"product-small box \">\n\t\t<div class=\"box-image\">\n\t\t\t<div class=\"image-none\">\n\t\t\t\t<a href=\"https:\/\/seacare.com\/lt\/product\/nuo-senejimo-apsaugantis-kremas-nakciai\/\">\n\t\t\t\t\t<img loading=\"lazy\" decoding=\"async\" width=\"247\" height=\"300\" src=\"https:\/\/seacare.com\/wp-content\/uploads\/2017\/03\/\u0414\u043b\u044f-SCNight-Cream_Face-sc-\u043a\u043e\u043f\u0438\u044f-247x300.jpg\" class=\"attachment-shop_catalog size-shop_catalog wp-post-image\" alt=\"\u0414\u043b\u044f SCNight Cream_Face sc \u043a\u043e\u043f\u0438\u044f\" title=\"\u0414\u043b\u044f SCNight Cream_Face sc \u043a\u043e\u043f\u0438\u044f\" \/>\t\t\t\t<\/a>\n\t\t\t<\/div>\n\t\t\t<div class=\"image-tools is-small top right show-on-hover\">\n\t\t\t\t\t\t\t<\/div>\n\t\t\t<div class=\"image-tools is-small hide-for-small bottom left show-on-hover\">\n\t\t\t\t\t\t\t<\/div>\n\t\t\t<div class=\"image-tools grid-tools text-center hide-for-small bottom hover-slide-in show-on-hover\">\n\t\t\t\t  <a class=\"quick-view\" data-prod=\"4418\" href=\"#quick-view\">Quick View<\/a>\t\t\t<\/div>\n\t\t\t\t\t<\/div><!-- box-image -->\n\n\t\t<div class=\"box-text box-text-products\">\n\t\t\t<div class=\"title-wrapper\">  <p class=\"category uppercase is-smaller no-text-overflow product-cat op-7\">\n        Kremai   <\/p> <p class=\"name product-title\"><a href=\"https:\/\/seacare.com\/lt\/product\/nuo-senejimo-apsaugantis-kremas-nakciai\/\">Nuo Sen\u0117jimo Apsaugantis Kremas Nak\u010diai<\/a><\/p><\/div><div class=\"price-wrapper\"><div class=\"star-rating\" title=\"Rated 5.00 out of 5\"><span style=\"width:100%\"><strong class=\"rating\">5.00<\/strong> out of 5<\/span><\/div>\n\t<span class=\"price\"><span class=\"woocommerce-Price-amount amount\"><span class=\"woocommerce-Price-currencySymbol\">&#36;<\/span>&nbsp;52.90<\/span><\/span>\n<\/div>\t\t<\/div><!-- box-text -->\n\t<\/div><!-- box -->\n\t\t<\/div><!-- .col-inner -->\n<\/div><!-- col -->\t            \t\t\t\t\t\n<div class=\"product-small col has-hover post-4444 product type-product status-publish has-post-thumbnail product_cat-serumai product_cat-vitaminai-linija product_cat-veido-kosmetika first instock shipping-taxable purchasable product-type-simple\">\n\t<div class=\"col-inner\">\t\n\t\n<div class=\"badge-container absolute left top z-1\">\n<\/div>\t<div class=\"product-small box \">\n\t\t<div class=\"box-image\">\n\t\t\t<div class=\"image-none\">\n\t\t\t\t<a href=\"https:\/\/seacare.com\/lt\/product\/multi-vitaminu-raminantis-serumas-veidui\/\">\n\t\t\t\t\t<img loading=\"lazy\" decoding=\"async\" width=\"247\" height=\"300\" src=\"https:\/\/seacare.com\/wp-content\/uploads\/2017\/03\/1.-FaceSerum-247x300.jpg\" class=\"attachment-shop_catalog size-shop_catalog wp-post-image\" alt=\"1. FaceSerum\" title=\"1. FaceSerum\" \/>\t\t\t\t<\/a>\n\t\t\t<\/div>\n\t\t\t<div class=\"image-tools is-small top right show-on-hover\">\n\t\t\t\t\t\t\t<\/div>\n\t\t\t<div class=\"image-tools is-small hide-for-small bottom left show-on-hover\">\n\t\t\t\t\t\t\t<\/div>\n\t\t\t<div class=\"image-tools grid-tools text-center hide-for-small bottom hover-slide-in show-on-hover\">\n\t\t\t\t  <a class=\"quick-view\" data-prod=\"4444\" href=\"#quick-view\">Quick View<\/a>\t\t\t<\/div>\n\t\t\t\t\t<\/div><!-- box-image -->\n\n\t\t<div class=\"box-text box-text-products\">\n\t\t\t<div class=\"title-wrapper\">  <p class=\"category uppercase is-smaller no-text-overflow product-cat op-7\">\n        Serumai   <\/p> <p class=\"name product-title\"><a href=\"https:\/\/seacare.com\/lt\/product\/multi-vitaminu-raminantis-serumas-veidui\/\">Multi-Vitamin\u0173 Raminantis Serumas Veidui<\/a><\/p><\/div><div class=\"price-wrapper\"><div class=\"star-rating\" title=\"Rated 5.00 out of 5\"><span style=\"width:100%\"><strong class=\"rating\">5.00<\/strong> out of 5<\/span><\/div>\n\t<span class=\"price\"><span class=\"woocommerce-Price-amount amount\"><span class=\"woocommerce-Price-currencySymbol\">&#36;<\/span>&nbsp;49.90<\/span><\/span>\n<\/div>\t\t<\/div><!-- box-text -->\n\t<\/div><!-- box -->\n\t\t<\/div><!-- .col-inner -->\n<\/div><!-- col -->\t            \t\t\t\t\t\n<div class=\"product-small col has-hover post-4439 product type-product status-publish has-post-thumbnail product_cat-serumai product_cat-senejima-letinanti-linija product_cat-veido-kosmetika  instock shipping-taxable purchasable product-type-simple\">\n\t<div class=\"col-inner\">\t\n\t\n<div class=\"badge-container absolute left top z-1\">\n<\/div>\t<div class=\"product-small box \">\n\t\t<div class=\"box-image\">\n\t\t\t<div class=\"image-none\">\n\t\t\t\t<a href=\"https:\/\/seacare.com\/lt\/product\/nuo-senejimo-apsaugantis-veido-serumas\/\">\n\t\t\t\t\t<img loading=\"lazy\" decoding=\"async\" width=\"247\" height=\"300\" src=\"https:\/\/seacare.com\/wp-content\/uploads\/2017\/03\/1-20-247x300.jpg\" class=\"attachment-shop_catalog size-shop_catalog wp-post-image\" alt=\"1\" title=\"1\" \/>\t\t\t\t<\/a>\n\t\t\t<\/div>\n\t\t\t<div class=\"image-tools is-small top right show-on-hover\">\n\t\t\t\t\t\t\t<\/div>\n\t\t\t<div class=\"image-tools is-small hide-for-small bottom left show-on-hover\">\n\t\t\t\t\t\t\t<\/div>\n\t\t\t<div class=\"image-tools grid-tools text-center hide-for-small bottom hover-slide-in show-on-hover\">\n\t\t\t\t  <a class=\"quick-view\" data-prod=\"4439\" href=\"#quick-view\">Quick View<\/a>\t\t\t<\/div>\n\t\t\t\t\t<\/div><!-- box-image -->\n\n\t\t<div class=\"box-text box-text-products\">\n\t\t\t<div class=\"title-wrapper\">  <p class=\"category uppercase is-smaller no-text-overflow product-cat op-7\">\n        Serumai   <\/p> <p class=\"name product-title\"><a href=\"https:\/\/seacare.com\/lt\/product\/nuo-senejimo-apsaugantis-veido-serumas\/\">Nuo Sen\u0117jimo Apsaugantis Veido Serumas<\/a><\/p><\/div><div class=\"price-wrapper\"><div class=\"star-rating\" title=\"Rated 5.00 out of 5\"><span style=\"width:100%\"><strong class=\"rating\">5.00<\/strong> out of 5<\/span><\/div>\n\t<span class=\"price\"><span class=\"woocommerce-Price-amount amount\"><span class=\"woocommerce-Price-currencySymbol\">&#36;<\/span>&nbsp;56.90<\/span><\/span>\n<\/div>\t\t<\/div><!-- box-text -->\n\t<\/div><!-- box -->\n\t\t<\/div><!-- .col-inner -->\n<\/div><!-- col -->\t            \n\t        <\/div>\n","protected":false},"excerpt":{"rendered":"<p>visiems odos tipams<br \/>\n50 ml &#8211; 1.69 fl.oz.<\/p>\n","protected":false},"featured_media":31050,"comment_status":"open","ping_status":"closed","template":"","meta":[],"_links":{"self":[{"href":"https:\/\/seacare.com\/lt\/wp-json\/wp\/v2\/product\/4549"}],"collection":[{"href":"https:\/\/seacare.com\/lt\/wp-json\/wp\/v2\/product"}],"about":[{"href":"https:\/\/seacare.com\/lt\/wp-json\/wp\/v2\/types\/product"}],"replies":[{"embeddable":true,"href":"https:\/\/seacare.com\/lt\/wp-json\/wp\/v2\/comments?post=4549"}],"wp:featuredmedia":[{"embeddable":true,"href":"https:\/\/seacare.com\/lt\/wp-json\/wp\/v2\/media\/31050"}],"wp:attachment":[{"href":"https:\/\/seacare.com\/lt\/wp-json\/wp\/v2\/media?parent=4549"}],"curies":[{"name":"wp","href":"https:\/\/api.w.org\/{rel}","templated":true}]}}