{"id":4559,"date":"2017-03-01T18:21:40","date_gmt":"2017-03-01T15:21:40","guid":{"rendered":"http:\/\/800forlady.com\/lt\/product\/purvo-sampunas\/"},"modified":"2021-02-18T12:03:47","modified_gmt":"2021-02-18T09:03:47","slug":"vyriskas-purvo-sampunas","status":"publish","type":"product","link":"https:\/\/seacare.com\/lt\/product\/vyriskas-purvo-sampunas\/","title":{"rendered":"Vyri\u0161kas Purvo \u0160amp\u016bnas"},"content":{"rendered":"<p>SeaCare Vyri\u0161kas Purvo \u0160amp\u016bnas buvo sukurtas kasdienei plauk\u0173 prie\u017ei\u016brai. \u0160i, unikali, Negyvosios J\u016bros purvu bei augaliniais ekstraktais praturtinta formul\u0117 atitinka visus Izraelio kosmetikos pramon\u0117s asociacijos standartus. Plauna bei maitina plauk\u0173 \u0161aknis. Kasdieniam naudojimui skirtas \u0161amp\u016bnas stiprina ir \u0161velnina plaukus, bei suteikia jiems malonaus, subtilaus aromato.<\/p>\n<p><strong>SUD\u0116TYJE N\u0116RA:<\/strong> Paraben\u0173, propileno glikolio, mineralini\u0173 aliej\u0173, petrolatumo ir SLS<\/p>\n<p><strong>NAUDOJIMAS:<\/strong> Pir\u0161t\u0173 galiukais \u0161amp\u016bno \u012ftrinkite \u012f sudr\u0117kintus plaukus bei galvos od\u0105, ir pilnai i\u0161skalaukite vandeniu<\/p>\n<h3>Pagrindiniai ingredientai<\/h3>\n<hr \/>\n<div class=\"row\"  id=\"row-1723324481\">\n<p>\n<div class=\"col medium-6 small-12 large-6\"  ><div class=\"col-inner\"  >\n<p>\n<div class=\"row\"  id=\"row-223561166\">\n<p>\n<div class=\"col medium-3 small-12 large-3\"  ><div class=\"col-inner\"  >\n<p>\n    <div class=\"img has-hover x md-x lg-x y md-y lg-y\" id=\"image_833199335\">\n                <div class=\"img-inner dark\" >\n        <img loading=\"lazy\" decoding=\"async\" width=\"500\" height=\"500\" src=\"https:\/\/seacare.com\/wp-content\/uploads\/2017\/03\/minerals-1.png\" class=\"attachment-large size-large\" alt=\"\" srcset=\"https:\/\/seacare.com\/wp-content\/uploads\/2017\/03\/minerals-1.png 500w, https:\/\/seacare.com\/wp-content\/uploads\/2017\/03\/minerals-1-280x280.png 280w, https:\/\/seacare.com\/wp-content\/uploads\/2017\/03\/minerals-1-400x400.png 400w, https:\/\/seacare.com\/wp-content\/uploads\/2017\/03\/minerals-1-180x180.png 180w, https:\/\/seacare.com\/wp-content\/uploads\/2017\/03\/minerals-1-300x300.png 300w\" sizes=\"(max-width: 500px) 100vw, 500px\" \/>                \n            <\/div>\n                   \n<style scope=\"scope\">\n\n<\/style>\n    <\/div>\n    \n<\/div><\/div>\n<\/p>\n<div class=\"col medium-9 small-12 large-9\"  ><div class=\"col-inner\"  >\n<h4>Negyvosios j\u016bros mineralai<\/h4>\n<p>Negyvojoje j\u016broje i\u0161 viso randama daugiau, nei 20 mineral\u0173, kurie palaiko odos b\u016bkl\u0119, j\u0105 dailina ir atjaunina. Daug vitamin\u0173, mineral\u0173 ir nauding\u0173j\u0173 riebal\u0173, naudojam\u0173 dermatologin\u0117je kosmetikoje bei<br \/><a href=\"\/lt\/negyvosios-juros-mineralai\/\">Daugiau&#8230;<\/a><\/p>\n<\/div><\/div>\n<\/p>\n<\/div>\n<\/p>\n<\/div><\/div>\n<\/p>\n<div class=\"col medium-6 small-12 large-6\"  ><div class=\"col-inner\"  >\n<p>\n<div class=\"row\"  id=\"row-526634350\">\n<p>\n<div class=\"col medium-3 small-12 large-3\"  ><div class=\"col-inner\"  >\n<p>\n    <div class=\"img has-hover x md-x lg-x y md-y lg-y\" id=\"image_2037072181\">\n                <div class=\"img-inner dark\" >\n        <img loading=\"lazy\" decoding=\"async\" width=\"500\" height=\"500\" src=\"https:\/\/seacare.com\/wp-content\/uploads\/2017\/03\/ABIL-Soft-200.png\" class=\"attachment-large size-large\" alt=\"\" srcset=\"https:\/\/seacare.com\/wp-content\/uploads\/2017\/03\/ABIL-Soft-200.png 500w, https:\/\/seacare.com\/wp-content\/uploads\/2017\/03\/ABIL-Soft-200-280x280.png 280w, https:\/\/seacare.com\/wp-content\/uploads\/2017\/03\/ABIL-Soft-200-400x400.png 400w, https:\/\/seacare.com\/wp-content\/uploads\/2017\/03\/ABIL-Soft-200-180x180.png 180w, https:\/\/seacare.com\/wp-content\/uploads\/2017\/03\/ABIL-Soft-200-300x300.png 300w\" sizes=\"(max-width: 500px) 100vw, 500px\" \/>                \n            <\/div>\n                   \n<style scope=\"scope\">\n\n<\/style>\n    <\/div>\n    \n<\/div><\/div>\n<\/p>\n<div class=\"col medium-9 small-12 large-9\"  ><div class=\"col-inner\"  >\n<h4 class=\"text-head\">ABIL\u00ae Soft AF 200<\/h4>\n<p>ABIL\u00ae Soft AF 200 yra naujas aminopropilio dimetikono turintis produktas, skirtas efektyviam bei nebrangiam plauk\u0173 kondicionavimui. \u0160amp\u016bnuose naudojamas ABIL\u00ae Soft AF 200 yra optimizuotas itin<br \/><a href=\"\/lt\/abil-soft-af-200\/\">Daugiau&#8230;<\/a><\/p>\n<\/div><\/div>\n<\/p>\n<\/div>\n<\/p>\n<\/div><\/div>\n<\/p>\n<\/div>\n<h3>Susijusios prek\u0117s<\/h3>\n\n  \n    <div class=\"row large-columns-4 medium-columns- small-columns-2 row-small slider row-slider slider-nav-reveal slider-nav-push\"  data-flickity-options='{\"imagesLoaded\": true, \"groupCells\": \"100%\", \"dragThreshold\" : 5, \"cellAlign\": \"left\",\"wrapAround\": true,\"prevNextButtons\": true,\"percentPosition\": true,\"pageDots\": false, \"rightToLeft\": false, \"autoPlay\" : false}'>\n\n  \t<\/div>\n<h3>Alternatyvios prek\u0117s<\/h3>\n\n  \n    <div class=\"row large-columns-4 medium-columns- small-columns-2 row-small slider row-slider slider-nav-reveal slider-nav-push\"  data-flickity-options='{\"imagesLoaded\": true, \"groupCells\": \"100%\", \"dragThreshold\" : 5, \"cellAlign\": \"left\",\"wrapAround\": true,\"prevNextButtons\": true,\"percentPosition\": true,\"pageDots\": false, \"rightToLeft\": false, \"autoPlay\" : false}'>\n\n  \t\n\t            \t\t\t\t\t\n<div class=\"product-small col has-hover post-4473 product type-product status-publish has-post-thumbnail product_cat-spa-linija first instock shipping-taxable purchasable product-type-simple\">\n\t<div class=\"col-inner\">\t\n\t\n<div class=\"badge-container absolute left top z-1\">\n<\/div>\t<div class=\"product-small box \">\n\t\t<div class=\"box-image\">\n\t\t\t<div class=\"image-none\">\n\t\t\t\t<a href=\"https:\/\/seacare.com\/lt\/product\/negyvosios-juros-purvo-sampunas\/\">\n\t\t\t\t\t<img loading=\"lazy\" decoding=\"async\" width=\"247\" height=\"300\" src=\"https:\/\/seacare.com\/wp-content\/uploads\/2017\/03\/1.-Mud-Shampoo-\u043a\u043e\u043f\u0438\u044f-247x300.jpg\" class=\"attachment-shop_catalog size-shop_catalog wp-post-image\" alt=\"1. Mud Shampoo \u043a\u043e\u043f\u0438\u044f\" title=\"1. Mud Shampoo \u043a\u043e\u043f\u0438\u044f\" \/>\t\t\t\t<\/a>\n\t\t\t<\/div>\n\t\t\t<div class=\"image-tools is-small top right show-on-hover\">\n\t\t\t\t\t\t\t<\/div>\n\t\t\t<div class=\"image-tools is-small hide-for-small bottom left show-on-hover\">\n\t\t\t\t\t\t\t<\/div>\n\t\t\t<div class=\"image-tools grid-tools text-center hide-for-small bottom hover-slide-in show-on-hover\">\n\t\t\t\t  <a class=\"quick-view\" data-prod=\"4473\" href=\"#quick-view\">Quick View<\/a>\t\t\t<\/div>\n\t\t\t\t\t<\/div><!-- box-image -->\n\n\t\t<div class=\"box-text box-text-products\">\n\t\t\t<div class=\"title-wrapper\">  <p class=\"category uppercase is-smaller no-text-overflow product-cat op-7\">\n        SPA linija   <\/p> <p class=\"name product-title\"><a href=\"https:\/\/seacare.com\/lt\/product\/negyvosios-juros-purvo-sampunas\/\">Negyvosios J\u016bros Purvo \u0160amp\u016bnas<\/a><\/p><\/div><div class=\"price-wrapper\"><div class=\"star-rating\" title=\"Rated 5.00 out of 5\"><span style=\"width:100%\"><strong class=\"rating\">5.00<\/strong> out of 5<\/span><\/div>\n\t<span class=\"price\"><span class=\"woocommerce-Price-amount amount\"><span class=\"woocommerce-Price-currencySymbol\">&#36;<\/span>&nbsp;44.90<\/span><\/span>\n<\/div>\t\t<\/div><!-- box-text -->\n\t<\/div><!-- box -->\n\t\t<\/div><!-- .col-inner -->\n<\/div><!-- col -->\t            \t\t\t\t\t\n<div class=\"product-small col has-hover post-4482 product type-product status-publish has-post-thumbnail product_cat-spa-linija  instock shipping-taxable purchasable product-type-simple\">\n\t<div class=\"col-inner\">\t\n\t\n<div class=\"badge-container absolute left top z-1\">\n<\/div>\t<div class=\"product-small box \">\n\t\t<div class=\"box-image\">\n\t\t\t<div class=\"image-none\">\n\t\t\t\t<a href=\"https:\/\/seacare.com\/lt\/product\/negyvosios-juros-purvo-kondicionierius\/\">\n\t\t\t\t\t<img loading=\"lazy\" decoding=\"async\" width=\"247\" height=\"300\" src=\"https:\/\/seacare.com\/wp-content\/uploads\/2017\/03\/1.-Mud-Condicioner-1-247x300.jpg\" class=\"attachment-shop_catalog size-shop_catalog wp-post-image\" alt=\"1. Mud Condicioner\" title=\"1. Mud Condicioner\" \/>\t\t\t\t<\/a>\n\t\t\t<\/div>\n\t\t\t<div class=\"image-tools is-small top right show-on-hover\">\n\t\t\t\t\t\t\t<\/div>\n\t\t\t<div class=\"image-tools is-small hide-for-small bottom left show-on-hover\">\n\t\t\t\t\t\t\t<\/div>\n\t\t\t<div class=\"image-tools grid-tools text-center hide-for-small bottom hover-slide-in show-on-hover\">\n\t\t\t\t  <a class=\"quick-view\" data-prod=\"4482\" href=\"#quick-view\">Quick View<\/a>\t\t\t<\/div>\n\t\t\t\t\t<\/div><!-- box-image -->\n\n\t\t<div class=\"box-text box-text-products\">\n\t\t\t<div class=\"title-wrapper\">  <p class=\"category uppercase is-smaller no-text-overflow product-cat op-7\">\n        SPA linija   <\/p> <p class=\"name product-title\"><a href=\"https:\/\/seacare.com\/lt\/product\/negyvosios-juros-purvo-kondicionierius\/\">Negyvosios J\u016bros Purvo Kondicionierius<\/a><\/p><\/div><div class=\"price-wrapper\"><div class=\"star-rating\" title=\"Rated 5.00 out of 5\"><span style=\"width:100%\"><strong class=\"rating\">5.00<\/strong> out of 5<\/span><\/div>\n\t<span class=\"price\"><span class=\"woocommerce-Price-amount amount\"><span class=\"woocommerce-Price-currencySymbol\">&#36;<\/span>&nbsp;47.90<\/span><\/span>\n<\/div>\t\t<\/div><!-- box-text -->\n\t<\/div><!-- box -->\n\t\t<\/div><!-- .col-inner -->\n<\/div><!-- col -->\t            \t\t\t\t\t\n<div class=\"product-small col has-hover post-4495 product type-product status-publish has-post-thumbnail product_cat-kaukes product_cat-spa-linija  instock shipping-taxable purchasable product-type-simple\">\n\t<div class=\"col-inner\">\t\n\t\n<div class=\"badge-container absolute left top z-1\">\n<\/div>\t<div class=\"product-small box \">\n\t\t<div class=\"box-image\">\n\t\t\t<div class=\"image-none\">\n\t\t\t\t<a href=\"https:\/\/seacare.com\/lt\/product\/negyvosios-juros-purvo-kauke-plaukams\/\">\n\t\t\t\t\t<img loading=\"lazy\" decoding=\"async\" width=\"247\" height=\"300\" src=\"https:\/\/seacare.com\/wp-content\/uploads\/2017\/03\/1.Hair_Mud_Mask_1-\u043a\u043e\u043f\u0438\u044f-247x300.jpg\" class=\"attachment-shop_catalog size-shop_catalog wp-post-image\" alt=\"1.Hair_Mud_Mask_1 \u043a\u043e\u043f\u0438\u044f\" title=\"1.Hair_Mud_Mask_1 \u043a\u043e\u043f\u0438\u044f\" \/>\t\t\t\t<\/a>\n\t\t\t<\/div>\n\t\t\t<div class=\"image-tools is-small top right show-on-hover\">\n\t\t\t\t\t\t\t<\/div>\n\t\t\t<div class=\"image-tools is-small hide-for-small bottom left show-on-hover\">\n\t\t\t\t\t\t\t<\/div>\n\t\t\t<div class=\"image-tools grid-tools text-center hide-for-small bottom hover-slide-in show-on-hover\">\n\t\t\t\t  <a class=\"quick-view\" data-prod=\"4495\" href=\"#quick-view\">Quick View<\/a>\t\t\t<\/div>\n\t\t\t\t\t<\/div><!-- box-image -->\n\n\t\t<div class=\"box-text box-text-products\">\n\t\t\t<div class=\"title-wrapper\">  <p class=\"category uppercase is-smaller no-text-overflow product-cat op-7\">\n        Kauk\u0117s   <\/p> <p class=\"name product-title\"><a href=\"https:\/\/seacare.com\/lt\/product\/negyvosios-juros-purvo-kauke-plaukams\/\">Negyvosios J\u016bros Purvo Kauk\u0117 Plaukams<\/a><\/p><\/div><div class=\"price-wrapper\"><div class=\"star-rating\" title=\"Rated 5.00 out of 5\"><span style=\"width:100%\"><strong class=\"rating\">5.00<\/strong> out of 5<\/span><\/div>\n\t<span class=\"price\"><span class=\"woocommerce-Price-amount amount\"><span class=\"woocommerce-Price-currencySymbol\">&#36;<\/span>&nbsp;45.90<\/span><\/span>\n<\/div>\t\t<\/div><!-- box-text -->\n\t<\/div><!-- box -->\n\t\t<\/div><!-- .col-inner -->\n<\/div><!-- col -->\t            \n\t        <\/div>\n","protected":false},"excerpt":{"rendered":"<p>visiems plauk\u0173 tipamsbr \/><br \/>\n400 ml &#8211; 13.52 fl.oz.<\/p>\n","protected":false},"featured_media":30875,"comment_status":"open","ping_status":"closed","template":"","meta":[],"_links":{"self":[{"href":"https:\/\/seacare.com\/lt\/wp-json\/wp\/v2\/product\/4559"}],"collection":[{"href":"https:\/\/seacare.com\/lt\/wp-json\/wp\/v2\/product"}],"about":[{"href":"https:\/\/seacare.com\/lt\/wp-json\/wp\/v2\/types\/product"}],"replies":[{"embeddable":true,"href":"https:\/\/seacare.com\/lt\/wp-json\/wp\/v2\/comments?post=4559"}],"wp:featuredmedia":[{"embeddable":true,"href":"https:\/\/seacare.com\/lt\/wp-json\/wp\/v2\/media\/30875"}],"wp:attachment":[{"href":"https:\/\/seacare.com\/lt\/wp-json\/wp\/v2\/media?parent=4559"}],"curies":[{"name":"wp","href":"https:\/\/api.w.org\/{rel}","templated":true}]}}