{"id":39059,"date":"2021-05-28T14:00:41","date_gmt":"2021-05-28T11:00:41","guid":{"rendered":"https:\/\/seacare.com\/pl\/?page_id=39059"},"modified":"2021-06-03T13:33:07","modified_gmt":"2021-06-03T10:33:07","slug":"matrixyl","status":"publish","type":"page","link":"https:\/\/seacare.com\/pl\/matrixyl\/","title":{"rendered":"Matrixyl\u00ae"},"content":{"rendered":"<h1 style=\"text-align: center;\"><span data-text-color=\"primary\">Matrixyl\u00ae<\/span><\/h1>\n<p>Sederma reprezentuje nowy \u015brodek Matrixyl\u00ae Synthe&#8217;6\u00ae, kt\u00f3re wykonuje \u017cyczenia dla kobiet: wype\u0142nia zmarszczki od wewn\u0105trz, zar\u00f3wno na czole, jak i wok\u00f3\u0142 oczu (&#8220;g\u0119sie \u0142apy&#8221;) i sprawia, \u017ce sk\u00f3ra staje si\u0119 wyra\u017anie g\u0142adsza i elastyczna. Dzi\u0119ki efektowi matrycy Matrixyl\u00ae Synthe&#8217;6\u00ae stymuluje 6 g\u0142\u00f3wnych element\u00f3w sk\u00f3ry i nask\u00f3rka (DEJ) i zapewnia optymaln\u0105 architektur\u0119 sk\u00f3ry.<\/p>\n","protected":false},"excerpt":{"rendered":"<p>Matrixyl\u00ae Sederma reprezentuje nowy \u015brodek Matrixyl\u00ae Synthe&#8217;6\u00ae, kt\u00f3re wykonuje \u017cyczenia dla kobiet: wype\u0142nia zmarszczki od wewn\u0105trz, zar\u00f3wno na czole, jak i wok\u00f3\u0142 oczu (&#8220;g\u0119sie \u0142apy&#8221;) i sprawia, \u017ce sk\u00f3ra staje si\u0119 wyra\u017anie g\u0142adsza i elastyczna. Dzi\u0119ki efektowi matrycy Matrixyl\u00ae Synthe&#8217;6\u00ae stymuluje 6 g\u0142\u00f3wnych element\u00f3w sk\u00f3ry i nask\u00f3rka (DEJ) i zapewnia optymaln\u0105 architektur\u0119 sk\u00f3ry.<\/p>\n","protected":false},"author":1,"featured_media":0,"parent":0,"menu_order":0,"comment_status":"closed","ping_status":"closed","template":"","meta":{"footnotes":""},"_links":{"self":[{"href":"https:\/\/seacare.com\/pl\/wp-json\/wp\/v2\/pages\/39059"}],"collection":[{"href":"https:\/\/seacare.com\/pl\/wp-json\/wp\/v2\/pages"}],"about":[{"href":"https:\/\/seacare.com\/pl\/wp-json\/wp\/v2\/types\/page"}],"author":[{"embeddable":true,"href":"https:\/\/seacare.com\/pl\/wp-json\/wp\/v2\/users\/1"}],"replies":[{"embeddable":true,"href":"https:\/\/seacare.com\/pl\/wp-json\/wp\/v2\/comments?post=39059"}],"version-history":[{"count":1,"href":"https:\/\/seacare.com\/pl\/wp-json\/wp\/v2\/pages\/39059\/revisions"}],"predecessor-version":[{"id":39060,"href":"https:\/\/seacare.com\/pl\/wp-json\/wp\/v2\/pages\/39059\/revisions\/39060"}],"wp:attachment":[{"href":"https:\/\/seacare.com\/pl\/wp-json\/wp\/v2\/media?parent=39059"}],"curies":[{"name":"wp","href":"https:\/\/api.w.org\/{rel}","templated":true}]}}