{"id":39061,"date":"2021-05-28T14:02:06","date_gmt":"2021-05-28T11:02:06","guid":{"rendered":"https:\/\/seacare.com\/pl\/?page_id=39061"},"modified":"2021-06-03T13:33:09","modified_gmt":"2021-06-03T10:33:09","slug":"matrixyl-3000","status":"publish","type":"page","link":"https:\/\/seacare.com\/pl\/matrixyl-3000\/","title":{"rendered":"Matrixyl\u00ae 3000"},"content":{"rendered":"<h1 class=\"text-head\" style=\"text-align: center;\"><span data-text-color=\"primary\">Matrixyl<strong><sup>\u00ae<\/sup><\/strong> 3000<\/span><\/h1>\n<p>Matrixyl\u00ae 3000 jest innowacyjnym \u015brodkiem pochodzenia peptydowego przeciwko zmarszczkom. Matrixyl sk\u0142ada si\u0119 z okre\u015blonych element\u00f3w &#8211; &#8220;matriksin\u00f3w&#8221;, kt\u00f3re po zastosowaniu wpadaj\u0105 do niezb\u0119dnego celu i aktywuj\u0105 procesy regeneracji blakn\u0105cych kom\u00f3rek sk\u00f3ry. Ze wzgl\u0119du na ten mechanizm dzia\u0142ania jest osi\u0105gany efekt odm\u0142adzania.<\/p>\n","protected":false},"excerpt":{"rendered":"<p>Matrixyl\u00ae 3000 Matrixyl\u00ae 3000 jest innowacyjnym \u015brodkiem pochodzenia peptydowego przeciwko zmarszczkom. Matrixyl sk\u0142ada si\u0119 z okre\u015blonych element\u00f3w &#8211; &#8220;matriksin\u00f3w&#8221;, kt\u00f3re po zastosowaniu wpadaj\u0105 do niezb\u0119dnego celu i aktywuj\u0105 procesy regeneracji blakn\u0105cych kom\u00f3rek sk\u00f3ry. Ze wzgl\u0119du na ten mechanizm dzia\u0142ania jest osi\u0105gany efekt odm\u0142adzania.<\/p>\n","protected":false},"author":1,"featured_media":0,"parent":0,"menu_order":0,"comment_status":"closed","ping_status":"closed","template":"","meta":{"footnotes":""},"_links":{"self":[{"href":"https:\/\/seacare.com\/pl\/wp-json\/wp\/v2\/pages\/39061"}],"collection":[{"href":"https:\/\/seacare.com\/pl\/wp-json\/wp\/v2\/pages"}],"about":[{"href":"https:\/\/seacare.com\/pl\/wp-json\/wp\/v2\/types\/page"}],"author":[{"embeddable":true,"href":"https:\/\/seacare.com\/pl\/wp-json\/wp\/v2\/users\/1"}],"replies":[{"embeddable":true,"href":"https:\/\/seacare.com\/pl\/wp-json\/wp\/v2\/comments?post=39061"}],"version-history":[{"count":1,"href":"https:\/\/seacare.com\/pl\/wp-json\/wp\/v2\/pages\/39061\/revisions"}],"predecessor-version":[{"id":39062,"href":"https:\/\/seacare.com\/pl\/wp-json\/wp\/v2\/pages\/39061\/revisions\/39062"}],"wp:attachment":[{"href":"https:\/\/seacare.com\/pl\/wp-json\/wp\/v2\/media?parent=39061"}],"curies":[{"name":"wp","href":"https:\/\/api.w.org\/{rel}","templated":true}]}}