{"id":39063,"date":"2021-05-28T14:02:49","date_gmt":"2021-05-28T11:02:49","guid":{"rendered":"https:\/\/seacare.com\/pl\/?page_id=39063"},"modified":"2021-06-03T13:34:14","modified_gmt":"2021-06-03T10:34:14","slug":"renovage","status":"publish","type":"page","link":"https:\/\/seacare.com\/pl\/renovage\/","title":{"rendered":"Renovage\u2122"},"content":{"rendered":"<h1 class=\"text-head\" style=\"text-align: center;\"><span data-text-color=\"primary\">Renovage\u2122<\/span><\/h1>\n<p>Renovage \u2122 (Renowa\u017c) jest francuskim kompleksem przeciwstarzeniowym od Sederma, producenta matryksylowych i innych doskona\u0142ych sk\u0142adnik\u00f3w do piel\u0119gnacji sk\u00f3ry. Renowa\u017c naukowo udowodniono w badaniach klinicznych, \u017ce mo\u017ce zaskakuj\u0105co zmniejszy\u0107 wygl\u0105d objaw\u00f3w starzenia si\u0119 sk\u00f3ry. Renowa\u017c to robi, zwi\u0119kszaj\u0105c rzeczywist\u0105 d\u0142ugo\u015b\u0107 \u017cycia kom\u00f3rek!<\/p>\n","protected":false},"excerpt":{"rendered":"<p>Renovage\u2122 Renovage \u2122 (Renowa\u017c) jest francuskim kompleksem przeciwstarzeniowym od Sederma, producenta matryksylowych i innych doskona\u0142ych sk\u0142adnik\u00f3w do piel\u0119gnacji sk\u00f3ry. Renowa\u017c naukowo udowodniono w badaniach klinicznych, \u017ce mo\u017ce zaskakuj\u0105co zmniejszy\u0107 wygl\u0105d objaw\u00f3w starzenia si\u0119 sk\u00f3ry. Renowa\u017c to robi, zwi\u0119kszaj\u0105c rzeczywist\u0105 d\u0142ugo\u015b\u0107 \u017cycia kom\u00f3rek!<\/p>\n","protected":false},"author":1,"featured_media":0,"parent":0,"menu_order":0,"comment_status":"closed","ping_status":"closed","template":"","meta":{"footnotes":""},"_links":{"self":[{"href":"https:\/\/seacare.com\/pl\/wp-json\/wp\/v2\/pages\/39063"}],"collection":[{"href":"https:\/\/seacare.com\/pl\/wp-json\/wp\/v2\/pages"}],"about":[{"href":"https:\/\/seacare.com\/pl\/wp-json\/wp\/v2\/types\/page"}],"author":[{"embeddable":true,"href":"https:\/\/seacare.com\/pl\/wp-json\/wp\/v2\/users\/1"}],"replies":[{"embeddable":true,"href":"https:\/\/seacare.com\/pl\/wp-json\/wp\/v2\/comments?post=39063"}],"version-history":[{"count":1,"href":"https:\/\/seacare.com\/pl\/wp-json\/wp\/v2\/pages\/39063\/revisions"}],"predecessor-version":[{"id":39064,"href":"https:\/\/seacare.com\/pl\/wp-json\/wp\/v2\/pages\/39063\/revisions\/39064"}],"wp:attachment":[{"href":"https:\/\/seacare.com\/pl\/wp-json\/wp\/v2\/media?parent=39063"}],"curies":[{"name":"wp","href":"https:\/\/api.w.org\/{rel}","templated":true}]}}